{"id":19132,"date":"2024-12-16T06:48:26","date_gmt":"2024-12-16T09:48:26","guid":{"rendered":"https:\/\/hificlub.com.br\/loja\/?post_type=product&#038;p=19132"},"modified":"2024-12-16T06:48:26","modified_gmt":"2024-12-16T09:48:26","slug":"bw-cm-centre","status":"publish","type":"product","link":"https:\/\/hificlub.com.br\/loja\/produto\/bw-cm-centre\/","title":{"rendered":"B&#038;W CM Centre"},"content":{"rendered":"<p>ESTADO 9\/10<\/p>\n<p>Assim como seu irm\u00e3o mini-monitor CM1, o alto-falante de canal CM Centre toma emprestado recursos de design e desenvolvimento do 800 Series 805S e, de forma semelhante, compartilha a not\u00e1vel capacidade sonora e musical desse modelo. Trabalhando juntos, o CM Centre e o CM1 t\u00eam poucos iguais quando se trata de sistemas multicanais compactos que fazem m\u00fasica t\u00e3o habilmente quanto reproduzem \u00e1udio de home theater.<\/p>\n<p>A linha de drivers simetricamente organizada do CM Centre de unidades de graves\/m\u00e9dios de cone Kevlar de 130 mm e um tweeter de alum\u00ednio com tubo NautilusTM de 25 mm s\u00e3o integrados por uma rede minimalista, de primeira ordem, ajustada ao ouvido, possibilitada pela largura de banda notavelmente ampla dos drivers. O CM Centre faz m\u00fasica como um todo coeso e uniforme, e exibe uma capacidade impressionante de resolver detalhes finos.<\/p>\n<p>Os alto-falantes do canal central AV precisam de reservas surpreendentes de pot\u00eancia de baixa frequ\u00eancia e largura de banda, e apesar de seu tamanho compacto, o CM Centre oferece ambos. Tecnologia Flowport para minimizar a turbul\u00eancia e drivers de graves duplos com tecnologia de sistema magn\u00e9tico que reduz a distor\u00e7\u00e3o, significam que o baixo do CM Centre \u00e9 profundo, r\u00e1pido, afinado e sempre pronto para dar mais. Uma luva de porta opcional que modifica o formato de resposta de baixa frequ\u00eancia permite o posicionamento do alto-falante bem pr\u00f3ximo aos limites da sala sem comprometer.<\/p>\n<p>Especifica\u00e7\u00f5es:<br \/>\nDescri\u00e7\u00e3o<br \/>\nSistema de alto-falante de caixa ventilada com blindagem magn\u00e9tica de 2 vias<\/p>\n<p>Faixa de frequ\u00eancia<br \/>\n-6dB a 45Hz e 50kHz<\/p>\n<p>Resposta de frequ\u00eancia<br \/>\n55Hz &#8211; 22kHz \u00b13dB no eixo de refer\u00eancia<\/p>\n<p>Sensibilidade<br \/>\n85 dB de ru\u00eddo (2,83 V, 1 m)<\/p>\n<p>Imped\u00e2ncia nominal<br \/>\n8\u03a9 (m\u00ednimo 4,3\u03a9)<\/p>\n<p>Manuseio de energia<br \/>\n30W &#8211; 120W em 8\u03a9 em programa n\u00e3o cortado<\/p>\n<p>Unidades de acionamento<br \/>\n1x tweeter de domo de alum\u00ednio com tubo de \u00f825 mm (1 pol.)<br \/>\n2x unidade de graves\/m\u00e9dios de cone Kevlar\u00ae de \u00f8130 mm (5 pol.)<\/p>\n<p>Dimens\u00f5es<br \/>\nAltura: 166,5 mm (6,6 pol.)<br \/>\nLargura: 480 mm (18,9 pol.)<br \/>\nProfundidade: 275 mm (10,8 pol.) (incluindo grade e terminais)<\/p>\n<p>Peso<br \/>\n11,5 kg (25,35 lbs)<\/p>\n","protected":false},"excerpt":{"rendered":"<p>ESTADO 9\/10 Assim como seu irm\u00e3o mini-monitor CM1, o alto-falante de canal CM Centre toma emprestado recursos de design e desenvolvimento do 800 Series 805S e, de forma semelhante, compartilha a not\u00e1vel capacidade sonora e musical desse modelo. Trabalhando juntos, o CM Centre e o CM1 t\u00eam poucos iguais quando se trata de sistemas multicanais [&hellip;]<\/p>\n","protected":false},"featured_media":19133,"template":"","meta":{"_acf_changed":false},"product_brand":[],"product_cat":[19,35,17],"product_tag":[],"class_list":{"0":"post-19132","1":"product","2":"type-product","3":"status-publish","4":"has-post-thumbnail","6":"product_cat-bw","7":"product_cat-caixas-centrais","8":"product_cat-caixas","10":"first","11":"instock","12":"sold-individually","13":"shipping-taxable","14":"purchasable","15":"product-type-simple"},"acf":[],"aioseo_notices":[],"_links":{"self":[{"href":"https:\/\/hificlub.com.br\/loja\/wp-json\/wp\/v2\/product\/19132","targetHints":{"allow":["GET"]}}],"collection":[{"href":"https:\/\/hificlub.com.br\/loja\/wp-json\/wp\/v2\/product"}],"about":[{"href":"https:\/\/hificlub.com.br\/loja\/wp-json\/wp\/v2\/types\/product"}],"wp:featuredmedia":[{"embeddable":true,"href":"https:\/\/hificlub.com.br\/loja\/wp-json\/wp\/v2\/media\/19133"}],"wp:attachment":[{"href":"https:\/\/hificlub.com.br\/loja\/wp-json\/wp\/v2\/media?parent=19132"}],"wp:term":[{"taxonomy":"product_brand","embeddable":true,"href":"https:\/\/hificlub.com.br\/loja\/wp-json\/wp\/v2\/product_brand?post=19132"},{"taxonomy":"product_cat","embeddable":true,"href":"https:\/\/hificlub.com.br\/loja\/wp-json\/wp\/v2\/product_cat?post=19132"},{"taxonomy":"product_tag","embeddable":true,"href":"https:\/\/hificlub.com.br\/loja\/wp-json\/wp\/v2\/product_tag?post=19132"}],"curies":[{"name":"wp","href":"https:\/\/api.w.org\/{rel}","templated":true}]}}