{"id":1911,"date":"2023-10-17T19:58:16","date_gmt":"2023-10-17T22:58:16","guid":{"rendered":"https:\/\/hificlub.com.br\/loja2\/produto\/gamut-di150-le-single-mosfet-dual-mono-180-watts\/"},"modified":"2025-12-11T06:15:55","modified_gmt":"2025-12-11T09:15:55","slug":"gamut-di150-le-single-mosfet-dual-mono-180-watts","status":"publish","type":"product","link":"https:\/\/hificlub.com.br\/loja\/produto\/gamut-di150-le-single-mosfet-dual-mono-180-watts\/","title":{"rendered":"GAMUT Di150 Amplificador Integrado Single MOSFET Dual Mono 180 watts"},"content":{"rendered":"<p>O amplificador integrado DI 150 \u00e9 o primeiro componente eletr\u00f4nico da linha GamuT a incorporar as novas dicas de design, e \u00e9 um grande avan\u00e7o em rela\u00e7\u00e3o \u00e0 apar\u00eancia simples anterior do amplificador de pot\u00eancia D200 ou do pr\u00e9-amplificador D3 no qual \u00e9 baseado. O visual \u00e9 limpo, moderno, luxuoso e sim\u00e9trico. Ele exala qualidade e \u00e9, de fato, um prazer de usar na pr\u00e1tica, com um grande display de f\u00e1cil leitura. O exterior \u00e9 constru\u00eddo em a\u00e7o inoxid\u00e1vel e alum\u00ednio, enquanto internamente apresenta um chassi pesado n\u00e3o magn\u00e9tico para estabilidade. Este \u00e9 um verdadeiro design dual-mono. Cada um dos dois transformadores massivos tem enrolamentos separados para circuitos de pr\u00e9 e amplificador de pot\u00eancia. O GamuT usa um buffer de entrada h\u00edbrido dual-FET, um \u00fanico circuito de sa\u00edda Power MOSFET e uma fonte de alimenta\u00e7\u00e3o extremamente potente com alta largura de banda e baixa imped\u00e2ncia. Eles tamb\u00e9m incorporam um circuito de prote\u00e7\u00e3o de a\u00e7\u00e3o r\u00e1pida para evitar danos aos componentes eletr\u00f4nicos ou aos alto-falantes. H\u00e1 quatro entradas desbalanceadas e duas balanceadas, um recurso bem-vindo incomum em amplificadores integrados. O pino 2 \u00e9 positivo para os conectores balanceados. Infelizmente, n\u00e3o h\u00e1 est\u00e1gio phono; voc\u00ea ter\u00e1 que criar o seu pr\u00f3prio se gostar do som do vinil. Al\u00e9m dos terminais de alto-falante, voc\u00ea encontrar\u00e1 conectores de sa\u00edda de linha balanceados e desbalanceados, al\u00e9m de uma sa\u00edda de fita com buffer de n\u00edvel fixo.<\/p>\n<p>O grande controle de volume central esconde um potenci\u00f4metro logar\u00edtmico duplo ALPS, muito suave e silencioso em opera\u00e7\u00e3o. Para selecionar a fonte, pressione um dos bot\u00f5es laterais. Voc\u00ea pode ler o texto de entrada quando estiver perto da unidade, mas \u00e9 muito pequeno para ler da sua cadeira. \u00c9 a\u00ed que entra o controle remoto. Os outros dois bot\u00f5es s\u00e3o para Dim e Mute. Quando Mute \u00e9 pressionado, um LED acende ao lado do interruptor Mute. Em todos os outros momentos, um LED acende para mostrar qual entrada est\u00e1 selecionada. Agora, isso pode ser um problema para interpretar \u00e0 dist\u00e2ncia. Uma das entradas \u00e9 rotulada Direct \/ HTH, projetada para uso em Home Theater. Uma chave seletora ao lado dos conectores de entrada HTH habilita ou desabilita o circuito de controle de volume na entrada para que voc\u00ea possa usar o DI 150 como um amplificador de pot\u00eancia para os dois canais frontais quando voc\u00ea j\u00e1 tem um processador de som surround. Onde est\u00e1 o interruptor de energia? Tente sob o painel frontal. Isso mostra que o DI 150 deve permanecer ligado o tempo todo. O DI 150 vem com um controle remoto bonito e substancial que inclui controle direto de um CD player, volume e silenciamento, mas s\u00f3 pode mudar as entradas para a pr\u00f3xima ou anterior. Eu preferiria muito mais a sele\u00e7\u00e3o direta de entrada, j\u00e1 que nunca consigo lembrar qual entrada vem a seguir na sequ\u00eancia. Os bot\u00f5es s\u00e3o claramente marcados, mas todos t\u00eam o mesmo formato e tamanho. H\u00e1 tamb\u00e9m um bot\u00e3o de fase e um bot\u00e3o de espera, que o manual revela estarem inoperantes no momento. Cavalheiros, voc\u00eas podem fazer mais alguma m\u00e1gica nisso, por favor? D\u00ea uma olhada no controle remoto dos componentes da Meridian G Series para se inspirar.<\/p>\n<p>Especifica\u00e7\u00f5es<br \/>\nEntradas: 2 pares XLR, 4 pares RCA<br \/>\nSa\u00edda de grava\u00e7\u00e3o: 1 par RCA<br \/>\nSa\u00edda de linha: Balanceada e desbalanceada<br \/>\nPostes de alto-falante: Bornes de liga\u00e7\u00e3o banhados a ouro WBT<br \/>\nPot\u00eancia de sa\u00edda nominal: 180 wpc a 8 Ohms (360 @ em 4)<br \/>\nImped\u00e2ncia de entrada: 20 kOhms (termina\u00e7\u00e3o simples) \/ 40 K Ohms (balanceado)<br \/>\nResposta de frequ\u00eancia: 20 Hz a 22 kHz (\u00b1 0,1 dB)<br \/>\nTHD: 100 dBA abaixo de 100 W \/ 8<br \/>\nO Consumo de energia: 100 watts em modo inativo, 1000 watts m\u00e1x.<br \/>\nPeso de envio: 66 lbs<br \/>\nDimens\u00f5es: 16,9 x 6,1 x 16,1 (L x A x P em polegadas)<\/p>\n","protected":false},"excerpt":{"rendered":"<p>O amplificador integrado DI 150 \u00e9 o primeiro componente eletr\u00f4nico da linha GamuT a incorporar as novas dicas de design, e \u00e9 um grande avan\u00e7o em rela\u00e7\u00e3o \u00e0 apar\u00eancia simples anterior do amplificador de pot\u00eancia D200 ou do pr\u00e9-amplificador D3 no qual \u00e9 baseado. O visual \u00e9 limpo, moderno, luxuoso e sim\u00e9trico. Ele exala qualidade [&hellip;]<\/p>\n","protected":false},"featured_media":19899,"template":"","meta":{"_acf_changed":false},"product_brand":[],"product_cat":[27,91,51],"product_tag":[],"class_list":{"0":"post-1911","1":"product","2":"type-product","3":"status-publish","4":"has-post-thumbnail","6":"product_cat-amplificador","7":"product_cat-gamut","8":"product_cat-integrado","10":"first","11":"instock","12":"sold-individually","13":"shipping-taxable","14":"purchasable","15":"product-type-simple"},"acf":[],"aioseo_notices":[],"_links":{"self":[{"href":"https:\/\/hificlub.com.br\/loja\/wp-json\/wp\/v2\/product\/1911","targetHints":{"allow":["GET"]}}],"collection":[{"href":"https:\/\/hificlub.com.br\/loja\/wp-json\/wp\/v2\/product"}],"about":[{"href":"https:\/\/hificlub.com.br\/loja\/wp-json\/wp\/v2\/types\/product"}],"wp:featuredmedia":[{"embeddable":true,"href":"https:\/\/hificlub.com.br\/loja\/wp-json\/wp\/v2\/media\/19899"}],"wp:attachment":[{"href":"https:\/\/hificlub.com.br\/loja\/wp-json\/wp\/v2\/media?parent=1911"}],"wp:term":[{"taxonomy":"product_brand","embeddable":true,"href":"https:\/\/hificlub.com.br\/loja\/wp-json\/wp\/v2\/product_brand?post=1911"},{"taxonomy":"product_cat","embeddable":true,"href":"https:\/\/hificlub.com.br\/loja\/wp-json\/wp\/v2\/product_cat?post=1911"},{"taxonomy":"product_tag","embeddable":true,"href":"https:\/\/hificlub.com.br\/loja\/wp-json\/wp\/v2\/product_tag?post=1911"}],"curies":[{"name":"wp","href":"https:\/\/api.w.org\/{rel}","templated":true}]}}