{"id":19098,"date":"2024-12-12T06:05:01","date_gmt":"2024-12-12T09:05:01","guid":{"rendered":"https:\/\/hificlub.com.br\/loja\/?post_type=product&#038;p=19098"},"modified":"2026-04-28T08:08:28","modified_gmt":"2026-04-28T11:08:28","slug":"mcintosh-ma8900-com-dac-mm-mc-phono-200-watts","status":"publish","type":"product","link":"https:\/\/hificlub.com.br\/loja\/produto\/mcintosh-ma8900-com-dac-mm-mc-phono-200-watts\/","title":{"rendered":"MCINTOSH MA8900  Amplificador com DAC, MM MC Phono  200 watts"},"content":{"rendered":"<p>&nbsp;<\/p>\n<p>D\u00ea vida a toda a sua m\u00fasica com o Amplificador Integrado MA8900. Ele oferece 200 Watts por canal e combina muitos recursos novos com nossa lend\u00e1ria proeza de amplifica\u00e7\u00e3o e capacidades de pr\u00e9-amplificador em uma unidade abrangente.<\/p>\n<p>&#8220;O amplificador integrado McIntosh MA8900 \u00e9 tudo o que um audi\u00f3filo pode desejar, tanto sonoramente quanto em durabilidade&#8230; O som \u00e9 din\u00e2mico sem ser \u00e1spero, controlado sem ser sem vida, detalhado sem se tornar estridente e absolutamente realista&#8230; [ele] pode ajudar voc\u00ea a aproveitar ao m\u00e1ximo sua m\u00fasica, seus alto-falantes e seu ambiente.&#8221; &#8211; SEGREDOS do Home Theater e Alta Fidelidade<\/p>\n<p>O MA8900 \u00e9 o primeiro produto a apresentar nossos novos McIntosh Monogrammed Heatsinks\u2122. Eles s\u00e3o feitos de materiais de alta qualidade com excelentes propriedades de condutividade t\u00e9rmica e s\u00e3o t\u00e3o eficientes na dissipa\u00e7\u00e3o de calor que garantem o logotipo McIntosh \u201cMc\u201d. Al\u00e9m de ajudar seu MA8900 a funcionar frio, eles tamb\u00e9m o ajudar\u00e3o a ter uma apar\u00eancia fria gra\u00e7as ao nosso novo processo de acabamento que resulta em uma apar\u00eancia de qualidade superior. Eles s\u00e3o conectados a avan\u00e7ados transistores de sa\u00edda de alta corrente que eliminam o tempo de atraso do equil\u00edbrio t\u00e9rmico (ou tempo de aquecimento) para que a primeira nota musical tocada soe t\u00e3o bem quanto as m\u00fasicas tocadas posteriormente em sua sess\u00e3o de audi\u00e7\u00e3o.<\/p>\n<p>&#8220;O car\u00e1ter sonoro do McIntosh MA8900 \u00e9 lindamente equilibrado e detalhado, e tenho que admitir que estou muito apaixonado.&#8221; Premiado com 5 estrelas. &#8211; Stereo+<\/p>\n<p>Para acompanhar o mundo em constante mudan\u00e7a do \u00e1udio digital, todas as entradas digitais est\u00e3o alojadas em nosso novo M\u00f3dulo de \u00c1udio Digital DA1. O M\u00f3dulo de \u00c1udio Digital DA1 pode ser substitu\u00eddo por m\u00f3dulos futuros para manter facilmente seu MA8900 atualizado com todos os formatos e tecnologias de \u00e1udio digital mais recentes. (AGORA DISPON\u00cdVEL: atualiza\u00e7\u00e3o opcional instalada pelo revendedor para o M\u00f3dulo de \u00c1udio Digital DA2.) O DA1 vem com um Conversor Digital para Anal\u00f3gico (DAC) de 8 canais e 32 bits atualizado usado no modo Quad Balanced; ele tem 6 entradas digitais consistindo de 2 coaxiais, 2 \u00f3pticas, 1 USB e 1 MCT para uso com nosso Transporte SACD\/CD MCT500. As entradas coaxiais e \u00f3pticas decodificar\u00e3o m\u00fasica de at\u00e9 24 bits\/192 kHz para reprodu\u00e7\u00e3o de \u00e1udio de alta resolu\u00e7\u00e3o; a entrada USB aceita sinais PCM ainda mais altos de at\u00e9 32 bits\/384 kHz e suporta at\u00e9 DSD256 e DXD 384 kHz. As entradas est\u00e9reo anal\u00f3gicas incluem 1 balanceada e 6 desbalanceadas, mais 1 de Moving Coil e Moving Magnet para conectividade de toca-discos. Todas as entradas podem receber nomes personalizados para controle e configura\u00e7\u00e3o de sistema f\u00e1ceis de usar. Ao contr\u00e1rio de nossos amplificadores integrados anteriores, cada entrada agora funciona independentemente uma da outra e todas est\u00e3o sempre dispon\u00edveis para uso, independentemente de como voc\u00ea conecta suas fontes.<\/p>\n<p>Com &#8220;um som fluido&#8221; que \u00e9 &#8220;sem dureza&#8221;, o MA8900 pode &#8220;lidar com os alto-falantes mais dif\u00edceis&#8221;. Ao contr\u00e1rio de muitos amplificadores de estado s\u00f3lido, o MA8900 &#8220;n\u00e3o cria cansa\u00e7o&#8221; ao ouvir e faz isso &#8220;sem sacrificar a velocidade ou a nitidez \u00e0s vezes necess\u00e1rias&#8221; para certos tipos de m\u00fasica, ao mesmo tempo em que pode fazer &#8220;justi\u00e7a ao volume de uma orquestra sinf\u00f4nica&#8221; e exibir &#8220;refinamento extremo quando a m\u00fasica exige&#8221;. Premiado com o pr\u00eamio d&#8217;Or 2017 Hi-Fi Award &#8211; Diapason<\/p>\n<p>Al\u00e9m de novos dissipadores de calor e recursos avan\u00e7ados de \u00e1udio digital, o MA8900 inclui muitas outras atualiza\u00e7\u00f5es. Nossos engenheiros usaram novos e mais poderosos microprocessadores de controle para melhorar a opera\u00e7\u00e3o geral do sistema. Eles tamb\u00e9m incorporaram alguns dos mais recentes componentes de circuito de n\u00edvel de \u00e1udio para permitir que o MA8900 forne\u00e7a o melhor som poss\u00edvel.<\/p>\n<p>&#8220;O MA8900 n\u00e3o soa bem &#8211; soa maravilhoso, em todos os tipos de m\u00fasica. Ele gera um senso de orgulho de propriedade, tem qualidade de constru\u00e7\u00e3o Cadillac, [e] recursos de usu\u00e1rio inteligentes.&#8221; &#8211; StereoNET<\/p>\n<p>Com 200 Watts por canal, o MA8900 tem pot\u00eancia suficiente para acionar corretamente praticamente todos os alto-falantes. E o renomado McIntosh Autoformer\u2122 garante que seus alto-falantes sempre receber\u00e3o os 200 Watts completos, independentemente de terem imped\u00e2ncia de 2, 4 ou 8 Ohm. Outros recursos McIntosh inclu\u00eddos no MA8900 s\u00e3o:<br \/>\nGuard\u00ae que monitora e ajusta a onda sonora na velocidade da luz para evitar distor\u00e7\u00f5es e cortes de som severos que podem danificar seus alto-falantes<br \/>\nSentry Monitor\u2122 \u00e9 nosso circuito de prote\u00e7\u00e3o contra curto-circuito sem fus\u00edvel que desengata o est\u00e1gio de sa\u00edda antes que a corrente exceda os n\u00edveis operacionais seguros e, em seguida, reinicia automaticamente quando as condi\u00e7\u00f5es operacionais retornam ao normal<br \/>\nHome Theater PassThru que permite integra\u00e7\u00e3o perfeita em um sistema de home theater<br \/>\nAmplificador de fone de ouvido High Drive com Headphone Crossfeed Director (HXD\u00ae) que pode trazer uma dimens\u00e3o adicional \u00e0 audi\u00e7\u00e3o com fones de ouvido<br \/>\nUm controle de tom discreto de cinco bandas que permite o ajuste anal\u00f3gico manual de suas grava\u00e7\u00f5es favoritas<br \/>\nControle de energia para enviar sinais de ligar\/desligar para componentes McIntosh conectados para f\u00e1cil inicializa\u00e7\u00e3o e desligamento do sistema<br \/>\nBornes de liga\u00e7\u00e3o de alto-falante banhados a ouro que evitam a corros\u00e3o para garantir que um sinal de qualidade seja enviado pelos cabos do alto-falante para os alto-falantes<\/p>\n<p>O MA8900 \u00e9 um dos muitos produtos McIntosh a receber a designa\u00e7\u00e3o Roon Tested da Roon Labs. Como parceira da Roon Tested, a McIntosh forneceu equipamentos para a Roon para testes com uma variedade de sistemas operacionais e computadores diferentes, e compartilhou informa\u00e7\u00f5es sobre seu design e capacidades. A unidade inteira \u00e9 envolta na est\u00e9tica atemporal da McIntosh com medidores de watt azuis, um painel frontal de vidro preto, bot\u00f5es de controle, logotipo iluminado, tampas de extremidade de alum\u00ednio e um lindo chassi de a\u00e7o inoxid\u00e1vel polido.<\/p>\n<p>Especifica\u00e7\u00f5es<br \/>\nPot\u00eancia de sa\u00edda por canal: 200 Watts<br \/>\nN\u00famero de canais: 2<br \/>\nImped\u00e2ncia do alto-falante: 2, 4 ou 8 Ohms<br \/>\nFaixa de pot\u00eancia nominal: 20 Hz a 20 kHz<br \/>\nDistor\u00e7\u00e3o harm\u00f4nica total: 0,005%<br \/>\nHeadroom din\u00e2mico: 2,0 dB<br \/>\nResposta de frequ\u00eancia +0,-0,5dB: 20Hz a 20kHz<br \/>\nResposta de frequ\u00eancia, +0, -3dB: 10Hz a 100kHz<br \/>\nSensibilidade Phono (MC): 0,25 mV<br \/>\nSensibilidade Phono (MM): 2,5 mV<br \/>\nSensibilidade Alto N\u00edvel (Balanceado \/ Desbalanceado): 0,5 V\/0,25 V<br \/>\nSensibilidade (entrada do amplificador de pot\u00eancia): 1,4 V<br \/>\nRela\u00e7\u00e3o sinal-ru\u00eddo (bobina m\u00f3vel): 80dB<br \/>\nRela\u00e7\u00e3o sinal-ru\u00eddo (\u00edm\u00e3 em movimento): 82dB<br \/>\nRela\u00e7\u00e3o sinal-ru\u00eddo (alto n\u00edvel): 95dB<br \/>\nRela\u00e7\u00e3o sinal-ru\u00eddo (entrada do amplificador de pot\u00eancia): 113dB<br \/>\nImped\u00e2ncia de entrada (balanceada\/desbalanceada): 20K\/20K<br \/>\nFator de amortecimento: &gt;40<br \/>\nSa\u00edda m\u00e1xima (balanceada\/desbalanceada): 8 V desbalanceada<br \/>\nSa\u00edda: 1,4 V (pr\u00e9-sa\u00edda)<br \/>\nImped\u00e2ncia de carga do alto-falante: 2\u03a9 a 8\u03a9<br \/>\nEntradas digitais: coaxial, \u00f3ptica, MCT, USB<br \/>\nDimens\u00f5es: 444,5 x 193,7 x 558,8 mm<br \/>\nPeso: 34,1 kg<br \/>\nAcess\u00f3rios: Controle remoto HR085<\/p>\n","protected":false},"excerpt":{"rendered":"<p>&nbsp; D\u00ea vida a toda a sua m\u00fasica com o Amplificador Integrado MA8900. Ele oferece 200 Watts por canal e combina muitos recursos novos com nossa lend\u00e1ria proeza de amplifica\u00e7\u00e3o e capacidades de pr\u00e9-amplificador em uma unidade abrangente. &#8220;O amplificador integrado McIntosh MA8900 \u00e9 tudo o que um audi\u00f3filo pode desejar, tanto sonoramente quanto em [&hellip;]<\/p>\n","protected":false},"featured_media":19100,"template":"","meta":{"_acf_changed":false},"product_brand":[],"product_cat":[27,51,39],"product_tag":[],"class_list":{"0":"post-19098","1":"product","2":"type-product","3":"status-publish","4":"has-post-thumbnail","6":"product_cat-amplificador","7":"product_cat-integrado","8":"product_cat-mcintosh","10":"first","11":"instock","12":"sold-individually","13":"shipping-taxable","14":"purchasable","15":"product-type-simple"},"acf":[],"aioseo_notices":[],"_links":{"self":[{"href":"https:\/\/hificlub.com.br\/loja\/wp-json\/wp\/v2\/product\/19098","targetHints":{"allow":["GET"]}}],"collection":[{"href":"https:\/\/hificlub.com.br\/loja\/wp-json\/wp\/v2\/product"}],"about":[{"href":"https:\/\/hificlub.com.br\/loja\/wp-json\/wp\/v2\/types\/product"}],"wp:featuredmedia":[{"embeddable":true,"href":"https:\/\/hificlub.com.br\/loja\/wp-json\/wp\/v2\/media\/19100"}],"wp:attachment":[{"href":"https:\/\/hificlub.com.br\/loja\/wp-json\/wp\/v2\/media?parent=19098"}],"wp:term":[{"taxonomy":"product_brand","embeddable":true,"href":"https:\/\/hificlub.com.br\/loja\/wp-json\/wp\/v2\/product_brand?post=19098"},{"taxonomy":"product_cat","embeddable":true,"href":"https:\/\/hificlub.com.br\/loja\/wp-json\/wp\/v2\/product_cat?post=19098"},{"taxonomy":"product_tag","embeddable":true,"href":"https:\/\/hificlub.com.br\/loja\/wp-json\/wp\/v2\/product_tag?post=19098"}],"curies":[{"name":"wp","href":"https:\/\/api.w.org\/{rel}","templated":true}]}}