{"id":19046,"date":"2024-12-07T06:05:51","date_gmt":"2024-12-07T09:05:51","guid":{"rendered":"https:\/\/hificlub.com.br\/loja\/?post_type=product&#038;p=19046"},"modified":"2026-05-14T11:06:13","modified_gmt":"2026-05-14T14:06:13","slug":"zidoo-uhd3000-4k-uhd-media-play","status":"publish","type":"product","link":"https:\/\/hificlub.com.br\/loja\/produto\/zidoo-uhd3000-4k-uhd-media-play\/","title":{"rendered":"ZIDOO Z3000 PRO 8K UHD AV Media Play"},"content":{"rendered":"<p>O Zidoo Z3000 Pro \u00e9 um reprodutor multim\u00eddia de \u00faltima gera\u00e7\u00e3o, projetado para oferecer uma experi\u00eancia audiovisual imersiva e vers\u00e1til. Equipado com o processador Amlogic S928X-K de cinco n\u00facleos (Cortex-A76 e A55), ele suporta resolu\u00e7\u00f5es de at\u00e9 8K com HDR10+ e Dolby Vision, al\u00e9m de oferecer \u00e1udio de alta qualidade, incluindo Dolby Atmos e DTS X. Com um sistema operacional Android 11 otimizado, 8 GB de RAM DDR4 e 64 GB de armazenamento interno, o Z3000 Pro combina desempenho r\u00e1pido e estabilidade para aplica\u00e7\u00f5es exigentes.<\/p>\n<p>Seu design inclui um painel em alum\u00ednio escovado com tela LED, baias para HDD de at\u00e9 16 TB, conectividade avan\u00e7ada com Wi-Fi 6, Bluetooth 5.2, e uma variedade de entradas e sa\u00eddas para integra\u00e7\u00e3o com sistemas dom\u00e9sticos ou profissionais. Ele tamb\u00e9m oferece funcionalidades exclusivas como suporte a menus Blu-ray, player de m\u00fasica lossless, e controle via aplicativos m\u00f3veis.<\/p>\n<p>Vis\u00e3o geral funcional<br \/>\n*Processador multifuncional de alto desempenho Amlogic S928X-K de 64 bits penta-core A76 + A55 de nova gera\u00e7\u00e3o.<br \/>\n*8 GB de RAM DDR4 + 64 GB de armazenamento eMMC, proporcionando opera\u00e7\u00e3o suave, atende \u00e0s necessidades de instala\u00e7\u00e3o de v\u00e1rios aplicativos.<br \/>\n*A sa\u00edda separada de \u00e1udio e v\u00eddeo HDMI dupla pode desfrutar de v\u00eddeo 4K e \u00e1udio HD ao mesmo tempo sem atualizar o receptor AV.<br \/>\n*O sistema operacional Android 11 suave melhorou significativamente o desempenho e a estabilidade do sistema.<br \/>\n*Painel escovado de liga de alum\u00ednio, grande painel de exibi\u00e7\u00e3o de LED, fonte de alimenta\u00e7\u00e3o de comuta\u00e7\u00e3o de alta qualidade.<br \/>\n*O compartimento de HDD patenteado NSS oculto suporta capacidade de at\u00e9 16 TB; Wi-Fi integrado e antena BT.<br \/>\n*HDMI 2.1\u00ae suporta sa\u00edda ponto a ponto de 8K 60 Hz, suporta HDR (HDR10\/HLG\/HDR10+\/Dolby Vision).<br \/>\n*Suporta codecs de v\u00eddeo AV1\/VP9\/H.265\/AVS3\/AVS2, 12 bits, ampla faixa de cores BT.2020; suporta sa\u00edda de passagem de \u00e1udio Atmos\/DTS X.<br \/>\n*O mecanismo de qualidade de imagem VS10 integrado \u00e9 altamente personaliz\u00e1vel, melhorando significativamente a qualidade da imagem por meio do mapeamento personalizado de diferentes modos de v\u00eddeo.<br \/>\n*Processamento de metadados est\u00e1ticos HDR10 (MaxFall, MaxCll) com mais precis\u00e3o, o que mostra maior brilho e n\u00edvel de escurid\u00e3o mais profundo.<br \/>\n*Suporta aquisi\u00e7\u00e3o e processamento de metadados din\u00e2micos HDR10+, cores e brilho s\u00e3o processados \u200b\u200bquadro a quadro e cena a cena.<br \/>\n*A taxa de quadros autom\u00e1tica de 23.976 e a sa\u00edda de troca de resolu\u00e7\u00e3o garantem reprodu\u00e7\u00e3o suave de filmes sem interrup\u00e7\u00e3o (suporta reprodu\u00e7\u00e3o local e streaming online).<br \/>\n*Suporta reprodu\u00e7\u00e3o de menu Blu-ray BD\/UHD e reprodu\u00e7\u00e3o de ramifica\u00e7\u00e3o sem intervalos de Blu-rays com estrutura MPLS complexa.<br \/>\n*Suporta reprodu\u00e7\u00e3o de m\u00fasica sem perdas em formatos como DSD (SACD ISO, DSF, DFF), WAV, APE, DTS.<br \/>\n*Suporta legendas com efeitos especiais, download autom\u00e1tico de legendas de rede; Zidoo \u00e9 o \u00fanico no campo a suportar legendas duplas for\u00e7adas Blu-ray e MKV.<br \/>\n*Suporta v\u00e1rios m\u00e9todos de streaming de m\u00fasica, como DLNA, Tidal Connect, etc.<br \/>\n*O novo Poster Wall 4.0 suporta trailers de filmes e classifica\u00e7\u00e3o e gerenciamento personalizados e f\u00e1ceis de usar.<br \/>\n*Tocador de m\u00fasica 8.0 atualizado com nova interface principal UI, suporta reprodu\u00e7\u00e3o e decodifica\u00e7\u00e3o sem perdas, configura\u00e7\u00f5es personalizadas, correspond\u00eancia de dados de m\u00fasica.<br \/>\n*Suporta controle HDMI\u00ae CEC, controle RS232, Control 4, integra\u00e7\u00e3o perfeita com casa inteligente.<br \/>\n*Suporta o exclusivo aplicativo Zidoo Controller para celulares iOS e Android, modo paisagem para iPad e modo paisagem para tablet Android, que pode reproduzir e controlar perfeitamente os tocadores de m\u00eddia Zidoo.<br \/>\n*Suporta acesso a protocolos de rede como NFS, SMB v1\/v2\/v3, UPnP, Web DAV e servi\u00e7o SMB integrado.<\/p>\n<p>Dimens\u00f5es e Peso:<\/p>\n<p>Dimens\u00f5es do Produto (AxLxC): 6 cm x 24,1 cm x 35 cm<br \/>\nPeso do Produto (excluindo acess\u00f3rios): 2,9 kg<br \/>\nAcess\u00f3rios Inclusos:<\/p>\n<p>Controle remoto<br \/>\nFonte de alimenta\u00e7\u00e3o<br \/>\nCabo SATA<br \/>\nCabo HDMI<br \/>\nManual do usu\u00e1rio<\/p>\n<p>O Zidoo Z3000 Pro \u00e9 ideal para cin\u00e9filos, audi\u00f3filos e entusiastas de tecnologia que buscam o melhor desempenho em reprodu\u00e7\u00e3o multim\u00eddia, qualidade de imagem e \u00e1udio sem comprometer a facilidade de uso e a integra\u00e7\u00e3o com sistemas modernos.<\/p>\n","protected":false},"excerpt":{"rendered":"<p>O Zidoo Z3000 Pro \u00e9 um reprodutor multim\u00eddia de \u00faltima gera\u00e7\u00e3o, projetado para oferecer uma experi\u00eancia audiovisual imersiva e vers\u00e1til. Equipado com o processador Amlogic S928X-K de cinco n\u00facleos (Cortex-A76 e A55), ele suporta resolu\u00e7\u00f5es de at\u00e9 8K com HDR10+ e Dolby Vision, al\u00e9m de oferecer \u00e1udio de alta qualidade, incluindo Dolby Atmos e DTS [&hellip;]<\/p>\n","protected":false},"featured_media":20126,"template":"","meta":{"_acf_changed":false},"product_brand":[],"product_cat":[41,21,102,50,142,248],"product_tag":[],"class_list":{"0":"post-19046","1":"product","2":"type-product","3":"status-publish","4":"has-post-thumbnail","6":"product_cat-digital","7":"product_cat-home-theater","8":"product_cat-media-center","9":"product_cat-music-server","10":"product_cat-streamers","11":"product_cat-zidoo","13":"first","14":"instock","15":"sold-individually","16":"shipping-taxable","17":"purchasable","18":"product-type-simple"},"acf":[],"aioseo_notices":[],"_links":{"self":[{"href":"https:\/\/hificlub.com.br\/loja\/wp-json\/wp\/v2\/product\/19046","targetHints":{"allow":["GET"]}}],"collection":[{"href":"https:\/\/hificlub.com.br\/loja\/wp-json\/wp\/v2\/product"}],"about":[{"href":"https:\/\/hificlub.com.br\/loja\/wp-json\/wp\/v2\/types\/product"}],"wp:featuredmedia":[{"embeddable":true,"href":"https:\/\/hificlub.com.br\/loja\/wp-json\/wp\/v2\/media\/20126"}],"wp:attachment":[{"href":"https:\/\/hificlub.com.br\/loja\/wp-json\/wp\/v2\/media?parent=19046"}],"wp:term":[{"taxonomy":"product_brand","embeddable":true,"href":"https:\/\/hificlub.com.br\/loja\/wp-json\/wp\/v2\/product_brand?post=19046"},{"taxonomy":"product_cat","embeddable":true,"href":"https:\/\/hificlub.com.br\/loja\/wp-json\/wp\/v2\/product_cat?post=19046"},{"taxonomy":"product_tag","embeddable":true,"href":"https:\/\/hificlub.com.br\/loja\/wp-json\/wp\/v2\/product_tag?post=19046"}],"curies":[{"name":"wp","href":"https:\/\/api.w.org\/{rel}","templated":true}]}}