{"id":1893,"date":"2023-10-17T19:58:12","date_gmt":"2023-10-17T22:58:12","guid":{"rendered":"https:\/\/hificlub.com.br\/loja2\/produto\/kef-blade\/"},"modified":"2026-03-03T22:20:58","modified_gmt":"2026-03-04T01:20:58","slug":"kef-blade","status":"publish","type":"product","link":"https:\/\/hificlub.com.br\/loja\/produto\/kef-blade\/","title":{"rendered":"KEF BLADE ONE META Charcoal Grey Red"},"content":{"rendered":"<p>O primeiro alto-falante de fonte aparente \u00fanica do mundo, agora com Uni-Q \u00ae de 12\u00aa gera\u00e7\u00e3o com MAT\u2122. Um conjunto de drivers personalizado projetado para oferecer desempenho impec\u00e1vel e capaz de elevar o Blade a novos patamares de desempenho. Apresentando quatro drivers de graves com cancelamento de for\u00e7a de 225 mm (9 pol.), Blade One Meta \u00e9 o modelo top da s\u00e9rie Blade.<br \/>\nInova\u00e7\u00e3o descomprometida<br \/>\nObcecados pela qualidade do som e comprometidos em proporcionar uma experi\u00eancia auditiva superior, nossos engenheiros criaram o revolucion\u00e1rio Concept Blade para mostrar a lideran\u00e7a tecnol\u00f3gica e os poderes de inova\u00e7\u00e3o da KEF, sem preconceitos e restri\u00e7\u00f5es. Desde ent\u00e3o, continuamos a ultrapassar os limites do HiFi para criar altifalantes com o melhor som poss\u00edvel.<br \/>\nExclusivamente KEF. Excepcionalmente coerente.<br \/>\nNo cora\u00e7\u00e3o do Blade est\u00e1 a tecnologia Single Appparent Source; uma tecnologia \u00fanica que torna o Blade incrivelmente coerente, com imagens visivelmente mais precisas. A vers\u00e3o mais recente do Blade se beneficia de nossa mais recente inova\u00e7\u00e3o ac\u00fastica da 12\u00aa gera\u00e7\u00e3o Uni-Q \u00ae com Tecnologia de Absor\u00e7\u00e3o de Metamateriais (MAT\u2122).<\/p>\n<p>Projetado e feito \u00e0 m\u00e3o no Reino Unido<br \/>\nDesde 1961, criamos alto-falantes not\u00e1veis \u200b\u200be premiados em nossa casa no Reino Unido, em Maidstone, Kent. Como nossos principais alto-falantes HiFi, o Blade ainda est\u00e1 sendo projetado, desenvolvido e fabricado \u00e0 m\u00e3o em Maidstone.<\/p>\n<p>ESPECIFICA\u00c7\u00d5ES<br \/>\naccordion close<br \/>\nProjeto<br \/>\nBass reflex de tr\u00eas vias<br \/>\nFonte aparente \u00fanica<br \/>\nUnidades de acionamento<br \/>\n\u200b\u200bMatriz de driver Uni-Q:<br \/>\nHF: c\u00fapula de alum\u00ednio de 25 mm (1 pol.) com MAT<br \/>\nMF: cone de alum\u00ednio de 125 mm (5 pol.)<\/p>\n<p>Unidades de baixo:<br \/>\nLF: cone de alum\u00ednio de 4 x 225 mm (9 pol.),<br \/>\nfor\u00e7a cancelando<br \/>\nCampo livre de faixa de frequ\u00eancia (-6dB)<br \/>\n27Hz &#8211; 45kHz<br \/>\nFaixa de frequ\u00eancia t\u00edpica na<br \/>\nresposta de graves da sala (-6dB)<br \/>\n20Hz<br \/>\nFrequencia cruzada<br \/>\n350Hz, 2kHz<br \/>\nResposta de frequ\u00eancia (\u00b13dB)<br \/>\n35Hz &#8211; 35kHz<br \/>\nRequisitos do amplificador<br \/>\n50-400W<br \/>\nSensibilidade (2,83V\/1m)<br \/>\n88dB<br \/>\nDistor\u00e7\u00e3o harm\u00f4nica de 2\u00ba e<br \/>\n3\u00ba harm\u00f4nicos (90dB, 1m)<br \/>\n&lt;0,5% 40Hz &#8211; 100kHz<br \/>\n&lt;0,2% 200Hz &#8211; 2kHz<br \/>\n&lt;0,1% 2kHz &#8211; 20kHz<br \/>\nSa\u00edda m\u00e1xima (SPL)<br \/>\n(n\u00edvel m\u00e1ximo de press\u00e3o sonora a 1m<br \/>\ncom ru\u00eddo rosa)<br \/>\n117dB<br \/>\nImped\u00e2ncia<br \/>\n4\u03a9 (m\u00edn. 2,8\u03a9)<br \/>\nPeso<br \/>\n57,2 kg (126 libras)<br \/>\nDimens\u00f5es &#8211; com rodap\u00e9 (A x L x P)<br \/>\n1590 x 363 x 540 mm (62,5 x 14,3 x 21,2 pol.)<br \/>\nAcabamentos padr\u00e3o<br \/>\nPiano Preto\/Cobre, Piano Preto\/Cinza, Azul Fosco\/Azul, Azul Fosco\/Bronze, Cinza Carv\u00e3o\/Vermelho, Cinza Carv\u00e3o\/Bronze, Vermelho Racing\/Cinza, Branco \u00c1rtico\/Champanhe<\/p>\n","protected":false},"excerpt":{"rendered":"<p>O primeiro alto-falante de fonte aparente \u00fanica do mundo, agora com Uni-Q \u00ae de 12\u00aa gera\u00e7\u00e3o com MAT\u2122. Um conjunto de drivers personalizado projetado para oferecer desempenho impec\u00e1vel e capaz de elevar o Blade a novos patamares de desempenho. Apresentando quatro drivers de graves com cancelamento de for\u00e7a de 225 mm (9 pol.), Blade One [&hellip;]<\/p>\n","protected":false},"featured_media":15163,"template":"","meta":{"_acf_changed":false},"product_brand":[],"product_cat":[17,56,18],"product_tag":[],"class_list":{"0":"post-1893","1":"product","2":"type-product","3":"status-publish","4":"has-post-thumbnail","6":"product_cat-caixas","7":"product_cat-kef","8":"product_cat-torres","10":"first","11":"instock","12":"sold-individually","13":"shipping-taxable","14":"purchasable","15":"product-type-simple"},"acf":[],"aioseo_notices":[],"_links":{"self":[{"href":"https:\/\/hificlub.com.br\/loja\/wp-json\/wp\/v2\/product\/1893","targetHints":{"allow":["GET"]}}],"collection":[{"href":"https:\/\/hificlub.com.br\/loja\/wp-json\/wp\/v2\/product"}],"about":[{"href":"https:\/\/hificlub.com.br\/loja\/wp-json\/wp\/v2\/types\/product"}],"wp:featuredmedia":[{"embeddable":true,"href":"https:\/\/hificlub.com.br\/loja\/wp-json\/wp\/v2\/media\/15163"}],"wp:attachment":[{"href":"https:\/\/hificlub.com.br\/loja\/wp-json\/wp\/v2\/media?parent=1893"}],"wp:term":[{"taxonomy":"product_brand","embeddable":true,"href":"https:\/\/hificlub.com.br\/loja\/wp-json\/wp\/v2\/product_brand?post=1893"},{"taxonomy":"product_cat","embeddable":true,"href":"https:\/\/hificlub.com.br\/loja\/wp-json\/wp\/v2\/product_cat?post=1893"},{"taxonomy":"product_tag","embeddable":true,"href":"https:\/\/hificlub.com.br\/loja\/wp-json\/wp\/v2\/product_tag?post=1893"}],"curies":[{"name":"wp","href":"https:\/\/api.w.org\/{rel}","templated":true}]}}