{"id":18830,"date":"2024-11-17T10:36:17","date_gmt":"2024-11-17T13:36:17","guid":{"rendered":"https:\/\/hificlub.com.br\/loja\/?post_type=product&#038;p=18830"},"modified":"2026-03-03T22:18:17","modified_gmt":"2026-03-04T01:18:17","slug":"velodyne-impact-x-12-12-600-watts","status":"publish","type":"product","link":"https:\/\/hificlub.com.br\/loja\/produto\/velodyne-impact-x-12-12-600-watts\/","title":{"rendered":"VELODYNE IMPACT X 12  12&#8243;  600 watts"},"content":{"rendered":"<p>Impacto X da Velodyne Acoustics<br \/>\nEsses potentes subwoofers combinam drivers frontais eficientes com uma porta bass reflex de disparo para baixo ou para tr\u00e1s.<br \/>\nA s\u00e9rie Impact X cria uma impress\u00e3o duradoura com som de baixa frequ\u00eancia incr\u00edvel. O atraente gabinete de MDF dos subwoofers com acabamento em preto e branco tamb\u00e9m combina perfeitamente com interiores modernos. A experi\u00eancia musical e de home theater em espec\u00edfico do menor pacote poss\u00edvel se beneficia enormemente dos drivers de 10 e 12 polegadas completamente redesenhados, que definem novos padr\u00f5es nessa faixa de pre\u00e7o. Um amplificador Classe D altamente eficiente, junto com as principais tecnologias da Velodyne Acoustics, minimiza a distor\u00e7\u00e3o e torna poss\u00edvel um desempenho de graves incr\u00edvel.<\/p>\n<p>Agora, um subwoofer de 15 polegadas tamb\u00e9m expande a linha Impact X. Ele apresenta um design especial de slot traseiro otimizado para fluxo que \u00e9 usado como um bass reflex. Com um limite de frequ\u00eancia inferior de 19 Hertz e 9 modos DSP que tamb\u00e9m controlam os modos de ambiente, ele \u00e9 especialmente projetado para aplica\u00e7\u00f5es exigentes de home theater e grandes salas de estar.<\/p>\n<p>Caracter\u00edsticas<br \/>\nOs drivers ativos de 10, 12 e 15 polegadas dos tr\u00eas modelos oferecem um som potente de baixa frequ\u00eancia com a porta bass reflex na parte inferior ou traseira.<br \/>\nNove predefini\u00e7\u00f5es de DSP ajust\u00e1veis \u200b\u200bvia controle remoto no modelo de 15 polegadas (quatro no Impact X de 10 e 12 polegadas).<br \/>\nCom 600 watts de pot\u00eancia m\u00e1xima (1.000 watts no modelo de 15 polegadas), o amplificador cl\u00e1ssico Classe D fornece pot\u00eancia suficiente para uma grande experi\u00eancia de home theater.<br \/>\nCircuito anti-clipping para limitar a distor\u00e7\u00e3o do amplificador.<\/p>\n<p>Driver de disparo frontal de 12\u2033<br \/>\nAmplificador Classe D\t600 watts din\u00e2micos<br \/>\n300 watts RMS<br \/>\nResposta de frequ\u00eancia geral: (\u00b1 3 dB)\t29 \u2013 180 Hz<br \/>\nResposta de frequ\u00eancia geral: (\u00b1 10 dB)\t23 \u2013 250 Hz<br \/>\nCrossover passa-baixo\t50 Hz a 180 Hz (12 dB\/oitava)<br \/>\nFase\t0 \/ 180 graus<br \/>\nDesign de Gabinete\tMDF 20mm<br \/>\nEstrutura do \u00edm\u00e3\tMotor de \u00edm\u00e3 de ferrite duplo<br \/>\nAlto-falante\tDriver de cesta dupla ventilada de excurs\u00e3o alta de 12\u2033 com membrana de papel refor\u00e7ada<br \/>\nBobina de voz\tBobina de voz de quatro camadas de 2\u2033 \/ 52 mm<br \/>\nEntrada\tRCA est\u00e9reo\/LFE banhado a ouro, alto n\u00edvel banhado a n\u00edquel<br \/>\nSa\u00edda\tRCA est\u00e9reo\/LFE banhado a ouro<br \/>\nSeletor de energia\tDesligado \/ Autom\u00e1tico \/ Ligado<br \/>\nAcabamentos\tPreto\/branco<br \/>\nDimens\u00f5es (L\/A\/P) (inclui p\u00e9s e conectores)\t36 cm x 42 cm x 51 cm<br \/>\nPeso (aprox.)\t18 kg<br \/>\nPeso de envio (aprox.)\t20 kg<\/p>\n","protected":false},"excerpt":{"rendered":"<p>Impacto X da Velodyne Acoustics Esses potentes subwoofers combinam drivers frontais eficientes com uma porta bass reflex de disparo para baixo ou para tr\u00e1s. A s\u00e9rie Impact X cria uma impress\u00e3o duradoura com som de baixa frequ\u00eancia incr\u00edvel. O atraente gabinete de MDF dos subwoofers com acabamento em preto e branco tamb\u00e9m combina perfeitamente com [&hellip;]<\/p>\n","protected":false},"featured_media":18831,"template":"","meta":{"_acf_changed":false},"product_brand":[],"product_cat":[17,36,143],"product_tag":[],"class_list":{"0":"post-18830","1":"product","2":"type-product","3":"status-publish","4":"has-post-thumbnail","6":"product_cat-caixas","7":"product_cat-subwoofer","8":"product_cat-velodyne","10":"first","11":"instock","12":"sold-individually","13":"shipping-taxable","14":"purchasable","15":"product-type-simple"},"acf":[],"aioseo_notices":[],"_links":{"self":[{"href":"https:\/\/hificlub.com.br\/loja\/wp-json\/wp\/v2\/product\/18830","targetHints":{"allow":["GET"]}}],"collection":[{"href":"https:\/\/hificlub.com.br\/loja\/wp-json\/wp\/v2\/product"}],"about":[{"href":"https:\/\/hificlub.com.br\/loja\/wp-json\/wp\/v2\/types\/product"}],"wp:featuredmedia":[{"embeddable":true,"href":"https:\/\/hificlub.com.br\/loja\/wp-json\/wp\/v2\/media\/18831"}],"wp:attachment":[{"href":"https:\/\/hificlub.com.br\/loja\/wp-json\/wp\/v2\/media?parent=18830"}],"wp:term":[{"taxonomy":"product_brand","embeddable":true,"href":"https:\/\/hificlub.com.br\/loja\/wp-json\/wp\/v2\/product_brand?post=18830"},{"taxonomy":"product_cat","embeddable":true,"href":"https:\/\/hificlub.com.br\/loja\/wp-json\/wp\/v2\/product_cat?post=18830"},{"taxonomy":"product_tag","embeddable":true,"href":"https:\/\/hificlub.com.br\/loja\/wp-json\/wp\/v2\/product_tag?post=18830"}],"curies":[{"name":"wp","href":"https:\/\/api.w.org\/{rel}","templated":true}]}}