{"id":18789,"date":"2024-11-13T03:34:08","date_gmt":"2024-11-13T06:34:08","guid":{"rendered":"https:\/\/hificlub.com.br\/loja\/?post_type=product&#038;p=18789"},"modified":"2024-11-13T03:34:08","modified_gmt":"2024-11-13T06:34:08","slug":"dynaudio-contour-30i-black-gloss","status":"publish","type":"product","link":"https:\/\/hificlub.com.br\/loja\/produto\/dynaudio-contour-30i-black-gloss\/","title":{"rendered":"DYNAUDIO CONTOUR 30i Black Gloss"},"content":{"rendered":"<p>Descri\u00e7\u00e3o do produto<\/p>\n<p>Volte para uma \u00e9poca em que tudo o que importava era a pr\u00f3xima faixa do \u00e1lbum. O Contour 30i est\u00e1 um degrau acima do 20i. Claro, ainda segue o mesmo caminho \u2013 de honestidade, transpar\u00eancia e puro entretenimento, mas coloca tudo num pacote maior. <\/p>\n<p>Como o resto da fam\u00edlia Contour i, o 30i tem o tweeter Esotar 2i \u2013 completo com a c\u00fapula interna Hexis encontrada em toda a nossa linha principal Confidence e tamb\u00e9m na s\u00e9rie Core de monitores de refer\u00eancia de est\u00fadio profissional (a tecnologia trickle-down \u00e9 uma coisa incr\u00edvel, n\u00e3o \u00e9\u2026). O Esotar 2i tamb\u00e9m recebe uma c\u00e2mara traseira maior. Isso, junto com o Hexis, ajuda a reduzir resson\u00e2ncias indesejadas e suavizar a resposta de frequ\u00eancia para frequ\u00eancias altas ainda mais claras e suaves.<\/p>\n<p>O gabinete curvo multicamadas  e o defletor de alum\u00ednio elegante, mas s\u00f3lido, fornecem \u00e0 sua m\u00fasica (que provavelmente tamb\u00e9m foi mixada usando alto-falantes de est\u00fadio Dynaudio) uma base ac\u00fastica robusta e definida. Tanto que, se tivermos feito nosso trabalho direito, voc\u00ea vai esquecer que eles est\u00e3o l\u00e1 e apenas&#8230; escute.<\/p>\n<p>Por tr\u00e1s das cenas<\/p>\n<p>Dotamos o Contour 30i com dois drivers MSP de 18 cm , al\u00e9m de duplicarmos as portas traseiras. Nos bastidores, ajustamos a suspens\u00e3o em forma de aranha (o anel el\u00e1stico que mant\u00e9m o woofer no lugar certo quando est\u00e1 em repouso e o controla da maneira certa quando est\u00e1 em movimento). Este \u00e9 feito de fibras de aramida e mant\u00e9m as propriedades estruturais engenhosas de antes (as nervuras t\u00eam larguras variadas para dar um controle ainda mais preciso sobre a excurs\u00e3o do cone).<\/p>\n<p>O Contour 30i tamb\u00e9m continua a usar bobinas de voz de alum\u00ednio. Podemos torn\u00e1-las extremamente leves \u2013 mas tamb\u00e9m maiores do que as unidades de cobre antigas que voc\u00ea encontrar\u00e1 em outros lugares. O peso mais leve permite di\u00e2metros maiores com mais enrolamentos, mas com baixo peso, o que significa que temos mais controle sobre o movimento do cone. E isso significa mais controle sobre o som \u2013 especialmente em altas frequ\u00eancias e volumes altos \u2013 exatamente o que voc\u00ea precisa em um driver de m\u00e9dios\/graves. <\/p>\n<p>E, tal como acontece com o Contour 20i, a resposta de frequ\u00eancia mais plana do tweeter melhorado e dos drivers m\u00e9dios\/graves significa que conseguimos simplificar o crossover. N\u00e3o que n\u00e3o fosse elegante antes \u2013 mas agora\u2026 bem, vamos deixar voc\u00ea julgar.<\/p>\n<p>Crossover aprimorado<\/p>\n<p>O crossover aprimorado n\u00e3o precisa mais de circuitos de corre\u00e7\u00e3o de imped\u00e2ncia para otimizar seu desempenho \u2013 tudo isso agora \u00e9 feito no pr\u00f3prio driver, simplesmente nas propriedades f\u00edsicas dos materiais que usamos. Menos componentes, caminho de sinal mais limpo, melhor desempenho.<\/p>\n<p>Enquanto nossos engenheiros e designers estavam concentrados ouvindo de tudo, desde jazz, m\u00fasica cl\u00e1ssica, metal e eletr\u00f4nica, a equipe em nossa f\u00e1brica no local vasculhava fontes sustent\u00e1veis \u200b\u200bem busca de materiais e acabamentos de alta qualidade. Eles garantem que todos os Contour i sejam adequados para m\u00f3veis: perfeitamente constru\u00eddos, perfeitamente acabados e perfeitamente embalados.<\/p>\n<p>Sensibilidade: 87dB (2,83V \/ 1m)<br \/>\nPotencia: 300W<br \/>\nImped\u00e2ncia: 4 Ohms<br \/>\nResposta de frequ\u00eancia (\u00b1 3 dB): 32Hz &#8211; 23kHz<br \/>\nPrinc\u00edpio da caixa: Bass Reflex Rear Ported<br \/>\nCrossover: 2 \u00bd vias<br \/>\nFreq\u00fc\u00eancia de cruzamento: (300) \/ 2200Hz<br \/>\nTopologia Crossover: 2\u00aa ordem<br \/>\nFolha de especifica\u00e7\u00f5es para Contour part 1 Woofer: 2 x 18cm de cone MSP<br \/>\nTweeter: 28mm Esotar2<br \/>\nPeso: 34,4 kg<br \/>\nDimens\u00f5es (L x H x D): 215 x 1140 x 360 mm<br \/>\nDimens\u00f5es com p\u00e9s \/ grelha (L x H x D): 256 x 1170 x 396mm<\/p>\n","protected":false},"excerpt":{"rendered":"<p>Descri\u00e7\u00e3o do produto Volte para uma \u00e9poca em que tudo o que importava era a pr\u00f3xima faixa do \u00e1lbum. O Contour 30i est\u00e1 um degrau acima do 20i. Claro, ainda segue o mesmo caminho \u2013 de honestidade, transpar\u00eancia e puro entretenimento, mas coloca tudo num pacote maior. Como o resto da fam\u00edlia Contour i, o [&hellip;]<\/p>\n","protected":false},"featured_media":18790,"template":"","meta":{"_acf_changed":false},"product_brand":[],"product_cat":[17,44,18],"product_tag":[],"class_list":{"0":"post-18789","1":"product","2":"type-product","3":"status-publish","4":"has-post-thumbnail","6":"product_cat-caixas","7":"product_cat-dynaudio","8":"product_cat-torres","10":"first","11":"instock","12":"sold-individually","13":"shipping-taxable","14":"purchasable","15":"product-type-simple"},"acf":[],"aioseo_notices":[],"_links":{"self":[{"href":"https:\/\/hificlub.com.br\/loja\/wp-json\/wp\/v2\/product\/18789","targetHints":{"allow":["GET"]}}],"collection":[{"href":"https:\/\/hificlub.com.br\/loja\/wp-json\/wp\/v2\/product"}],"about":[{"href":"https:\/\/hificlub.com.br\/loja\/wp-json\/wp\/v2\/types\/product"}],"wp:featuredmedia":[{"embeddable":true,"href":"https:\/\/hificlub.com.br\/loja\/wp-json\/wp\/v2\/media\/18790"}],"wp:attachment":[{"href":"https:\/\/hificlub.com.br\/loja\/wp-json\/wp\/v2\/media?parent=18789"}],"wp:term":[{"taxonomy":"product_brand","embeddable":true,"href":"https:\/\/hificlub.com.br\/loja\/wp-json\/wp\/v2\/product_brand?post=18789"},{"taxonomy":"product_cat","embeddable":true,"href":"https:\/\/hificlub.com.br\/loja\/wp-json\/wp\/v2\/product_cat?post=18789"},{"taxonomy":"product_tag","embeddable":true,"href":"https:\/\/hificlub.com.br\/loja\/wp-json\/wp\/v2\/product_tag?post=18789"}],"curies":[{"name":"wp","href":"https:\/\/api.w.org\/{rel}","templated":true}]}}