{"id":1877,"date":"2023-10-17T19:58:09","date_gmt":"2023-10-17T22:58:09","guid":{"rendered":"https:\/\/hificlub.com.br\/loja2\/produto\/norstone-slender-gunmetal-rack-hiend\/"},"modified":"2026-04-22T04:45:50","modified_gmt":"2026-04-22T07:45:50","slug":"norstone-slender-gunmetal-rack-hiend","status":"publish","type":"product","link":"https:\/\/hificlub.com.br\/loja\/produto\/norstone-slender-gunmetal-rack-hiend\/","title":{"rendered":"NORSTONE SLENDER GUNMETAL  Rack HiEnd"},"content":{"rendered":"<p>O NorStone Slender faz jus ao seu nome.\u00a0\u00c9 um m\u00f3vel de \u00e1udio de design muito fino em metal cinza escuro Gunmetal.<br \/>\nO NorStone Slender parece muito fino, mas \u00e9 pesado e robusto.\u00a0Os tubos de metal r\u00edgidos c\u00f4nicos garantem que muito peso possa ser colocado.\u00a0Por exemplo, voc\u00ea pode estacionar seu amplificador com at\u00e9 50 kg de peso na camada inferior.\u00a0As outras camadas podem suportar individualmente 25 kg.<\/p>\n<p>Desacoplamento<br \/>\nCom tiras de PVC absorventes especiais, as placas de vidro s\u00e3o bem desacopladas da moldura em forma de cruz.\u00a0\u00c9 claro que \u00e9 poss\u00edvel desacoplar os produtos nas placas de vidro novamente, por exemplo, usando o Damp 50 ou em um n\u00edvel superior usando absorvedores Cold Ray.<\/p>\n<h4>Detalhes do produto<\/h4>\n<div class=\"rte\">\n<p>Os m\u00f3veis SLENDER atendem aos requisitos dos especialistas HIFI.\u00a0Cada uma das prateleiras de vidro fum\u00ea cinza \u00e9 suportada por uma tira de PVC absorvente desenvolvida especificamente para este m\u00f3vel.\u00a0Mantendo um design fino e elegante, o Slender oferece estabilidade perfeita gra\u00e7as \u00e0 sua estrutura feita de tubos met\u00e1licos c\u00f4nicos muito espessos.<\/p>\n<p>Tiras de PVC antivibra\u00e7\u00e3o especialmente desenvolvidas para este m\u00f3vel.<\/p>\n<h3>ESPECIFICA\u00c7\u00d5ES:<\/h3>\n<h3>PROJETO:<\/h3>\n<ul>\n<li>Finition : Tube metallique effile<\/li>\n<li>Cor: cinza escuro fosco<\/li>\n<\/ul>\n<h3>CARGA M\u00c1XIMA:<\/h3>\n<ul>\n<li>Prateleira superior: 25 kg<\/li>\n<li>Prateleiras internas: 50kg<\/li>\n<\/ul>\n<h3>DIMENS\u00d5ES \u00daTEIS:<\/h3>\n<ul>\n<li>Dimens\u00f5es totais (L x A x P): 653 x 897 x 603 mm<\/li>\n<li>Prateleira superior (L x P): 548 x 498 mm<\/li>\n<li>Prateleiras internas (L x P): 548 x 498 mm<\/li>\n<li>Altura entre prateleiras: 265\/192\/192 mm<\/li>\n<li>Espessura da prateleira: 12 mm<\/li>\n<li>Peso: 48,3kg<\/li>\n<\/ul>\n<\/div>\n","protected":false},"excerpt":{"rendered":"<p>O NorStone Slender faz jus ao seu nome.\u00a0\u00c9 um m\u00f3vel de \u00e1udio de design muito fino em metal cinza escuro Gunmetal. O NorStone Slender parece muito fino, mas \u00e9 pesado e robusto.\u00a0Os tubos de metal r\u00edgidos c\u00f4nicos garantem que muito peso possa ser colocado.\u00a0Por exemplo, voc\u00ea pode estacionar seu amplificador com at\u00e9 50 kg de [&hellip;]<\/p>\n","protected":false},"featured_media":42457,"template":"","meta":{"_acf_changed":false},"product_brand":[],"product_cat":[89,321,104],"product_tag":[],"class_list":{"0":"post-1877","1":"product","2":"type-product","3":"status-publish","4":"has-post-thumbnail","6":"product_cat-acessorios","7":"product_cat-norstone","8":"product_cat-racks-e-pedestais","10":"first","11":"instock","12":"sold-individually","13":"shipping-taxable","14":"purchasable","15":"product-type-simple"},"acf":[],"aioseo_notices":[],"_links":{"self":[{"href":"https:\/\/hificlub.com.br\/loja\/wp-json\/wp\/v2\/product\/1877","targetHints":{"allow":["GET"]}}],"collection":[{"href":"https:\/\/hificlub.com.br\/loja\/wp-json\/wp\/v2\/product"}],"about":[{"href":"https:\/\/hificlub.com.br\/loja\/wp-json\/wp\/v2\/types\/product"}],"wp:featuredmedia":[{"embeddable":true,"href":"https:\/\/hificlub.com.br\/loja\/wp-json\/wp\/v2\/media\/42457"}],"wp:attachment":[{"href":"https:\/\/hificlub.com.br\/loja\/wp-json\/wp\/v2\/media?parent=1877"}],"wp:term":[{"taxonomy":"product_brand","embeddable":true,"href":"https:\/\/hificlub.com.br\/loja\/wp-json\/wp\/v2\/product_brand?post=1877"},{"taxonomy":"product_cat","embeddable":true,"href":"https:\/\/hificlub.com.br\/loja\/wp-json\/wp\/v2\/product_cat?post=1877"},{"taxonomy":"product_tag","embeddable":true,"href":"https:\/\/hificlub.com.br\/loja\/wp-json\/wp\/v2\/product_tag?post=1877"}],"curies":[{"name":"wp","href":"https:\/\/api.w.org\/{rel}","templated":true}]}}