{"id":18678,"date":"2024-11-04T07:16:37","date_gmt":"2024-11-04T10:16:37","guid":{"rendered":"https:\/\/hificlub.com.br\/loja\/?post_type=product&#038;p=18678"},"modified":"2026-03-03T22:18:18","modified_gmt":"2026-03-04T01:18:18","slug":"marantz-m4-amplificador-integrado-4-zonas-8-canais-x-100-watts-heos-dolby-digital-bluetooth-airplay2","status":"publish","type":"product","link":"https:\/\/hificlub.com.br\/loja\/produto\/marantz-m4-amplificador-integrado-4-zonas-8-canais-x-100-watts-heos-dolby-digital-bluetooth-airplay2\/","title":{"rendered":"MARANTZ M4 Amplificador Integrado 4 Zonas, 8 Canais x 100 watts, HEOS, Dolby Digital, Bluetooth, AirPlay2"},"content":{"rendered":"<p>Amplificador Marantz MODELO M4 de quatro zonas<br \/>\nUm amplificador multizona de 100 Wpc com Dolby Digital e HEOS<br \/>\nO MODELO M4 \u00e9 um amplificador de distribui\u00e7\u00e3o de quatro zonas, mont\u00e1vel em rack, projetado para oferecer um som Marantz excelente a partir de uma ampla variedade de servi\u00e7os de m\u00fasica transmitidos, fontes de m\u00fasica conectadas localmente e sua TV.<\/p>\n<p>Caracter\u00edsticas Principais:<br \/>\nPot\u00eancia do Amplificador: 8 x 100 W em 8 Ohms (20 Hz a 20 kHz, T.H.D. 0,05%) ou 8 x 125 W em 4 Ohms (1 kHz, T.H.D. 0,1%).<br \/>\nResposta de Frequ\u00eancia: 20 Hz a 20 kHz (\u00b11 dB) para m\u00e1xima fidelidade sonora.<br \/>\nImped\u00e2ncia do Alto-falante: Suporta de 4 a 16 Ohms, garantindo compatibilidade com diversos sistemas.<br \/>\nConectividade Completa: Inclui 4 entradas RCA L\/R anal\u00f3gicas, 4 sa\u00eddas pr\u00e9-out RCA e 4 sa\u00eddas mono para subwoofer.<br \/>\nTecnologias de Streaming: Integra\u00e7\u00e3o com HEOS para reprodu\u00e7\u00e3o via Spotify, Pandora, Tidal, Amazon Music e muito mais.<br \/>\nControles Avan\u00e7ados: Ajuste de filtros High Pass\/Low Pass, modos de som Stereo, Direct, Virtual, entre outros.<br \/>\nConex\u00f5es e Controles:<\/p>\n<p>Entradas de \u00c1udio: 4 entradas RCA L\/R anal\u00f3gicas.<br \/>\nSa\u00eddas de Subwoofer: 4 sa\u00eddas RCA mono ajust\u00e1veis.<br \/>\nEntradas Digitais: 2 TOSLINK para \u00e1udio digital.<br \/>\nControle de Volume: De 80% a 100%, balance ajust\u00e1vel de -15dB a +15dB.<br \/>\nModos de Som: Inclui Stereo, Direct, Virtual, Night Mode e Dialog Enhancer.<br \/>\nFormatos de \u00c1udio Suportados: WMA, MP3, AAC, FLAC (at\u00e9 24-bit\/192kHz), DSD (2.8 MHz e 5.6 MHz).<br \/>\nConectividade de Rede: Compat\u00edvel com AirPlay 2 e Spotify Connect via HEOS, al\u00e9m de controle integrado via apps para iOS, Android e Kindle Fire.<br \/>\nDimens\u00f5es e Peso do Produto:<br \/>\nLargura: 415 mm<br \/>\nProfundidade: 442 mm<br \/>\nAltura: 106 mm<br \/>\nPeso: Aproximadamente 10Kg<\/p>\n","protected":false},"excerpt":{"rendered":"<p>Amplificador Marantz MODELO M4 de quatro zonas Um amplificador multizona de 100 Wpc com Dolby Digital e HEOS O MODELO M4 \u00e9 um amplificador de distribui\u00e7\u00e3o de quatro zonas, mont\u00e1vel em rack, projetado para oferecer um som Marantz excelente a partir de uma ampla variedade de servi\u00e7os de m\u00fasica transmitidos, fontes de m\u00fasica conectadas localmente [&hellip;]<\/p>\n","protected":false},"featured_media":18679,"template":"","meta":{"_acf_changed":false},"product_brand":[],"product_cat":[27,51,92],"product_tag":[],"class_list":{"0":"post-18678","1":"product","2":"type-product","3":"status-publish","4":"has-post-thumbnail","6":"product_cat-amplificador","7":"product_cat-integrado","8":"product_cat-marantz","10":"first","11":"instock","12":"sold-individually","13":"shipping-taxable","14":"purchasable","15":"product-type-simple"},"acf":[],"aioseo_notices":[],"_links":{"self":[{"href":"https:\/\/hificlub.com.br\/loja\/wp-json\/wp\/v2\/product\/18678","targetHints":{"allow":["GET"]}}],"collection":[{"href":"https:\/\/hificlub.com.br\/loja\/wp-json\/wp\/v2\/product"}],"about":[{"href":"https:\/\/hificlub.com.br\/loja\/wp-json\/wp\/v2\/types\/product"}],"wp:featuredmedia":[{"embeddable":true,"href":"https:\/\/hificlub.com.br\/loja\/wp-json\/wp\/v2\/media\/18679"}],"wp:attachment":[{"href":"https:\/\/hificlub.com.br\/loja\/wp-json\/wp\/v2\/media?parent=18678"}],"wp:term":[{"taxonomy":"product_brand","embeddable":true,"href":"https:\/\/hificlub.com.br\/loja\/wp-json\/wp\/v2\/product_brand?post=18678"},{"taxonomy":"product_cat","embeddable":true,"href":"https:\/\/hificlub.com.br\/loja\/wp-json\/wp\/v2\/product_cat?post=18678"},{"taxonomy":"product_tag","embeddable":true,"href":"https:\/\/hificlub.com.br\/loja\/wp-json\/wp\/v2\/product_tag?post=18678"}],"curies":[{"name":"wp","href":"https:\/\/api.w.org\/{rel}","templated":true}]}}