{"id":18669,"date":"2024-11-04T06:49:48","date_gmt":"2024-11-04T09:49:48","guid":{"rendered":"https:\/\/hificlub.com.br\/loja\/?post_type=product&#038;p=18669"},"modified":"2026-04-08T07:23:36","modified_gmt":"2026-04-08T10:23:36","slug":"cambridge-cxn100-streamer-dac","status":"publish","type":"product","link":"https:\/\/hificlub.com.br\/loja\/produto\/cambridge-cxn100-streamer-dac\/","title":{"rendered":"CAMBRIDGE CXN100 &#8211; Radio Network \/ Streamer \/ DAC \/ Preamp"},"content":{"rendered":"<p>Reprodutor de \u00e1udio de rede Cambridge Audio CXN100<br \/>\nUm streamer sem fio de at\u00e9 768-32 com sa\u00edda balanceada e pronto para Roon<br \/>\nO nov\u00edssimo CXN100 para 2024 mant\u00e9m o som caracter\u00edstico do CXN enquanto oferece uma experi\u00eancia de \u00e1udio mais refinada em compara\u00e7\u00e3o ao CXN V2, oferecendo controle aprimorado, precis\u00e3o, detalhes, tempo e brilho de ponta. Ele \u00e9 particularmente conhecido por seu desempenho r\u00edtmico, preciso e revelador, especialmente com arquivos de alta resolu\u00e7\u00e3o.<\/p>\n<p>A atualiza\u00e7\u00e3o do CXN V2 para o CXN100 n\u00e3o \u00e9 apenas uma mudan\u00e7a sutil, \u00e9 um redesenho mec\u00e2nico completo, com mudan\u00e7as significativas feitas no est\u00e1gio anal\u00f3gico. H\u00e1 novos capacitores e amplificadores operacionais mais eficientes, oferecendo uma melhor rela\u00e7\u00e3o sinal-ru\u00eddo e n\u00fameros de distor\u00e7\u00e3o reduzidos.<\/p>\n<p>Charlie Crossley, um dos principais engenheiros da Cambridge Audio, passou centenas de horas trocando e ouvindo componentes cr\u00edticos de \u00e1udio para ajustar todo o est\u00e1gio de \u00e1udio.<\/p>\n<p>O CXN100 usa um DAC ESS 9028Q2M, que \u00e9 t\u00e3o bom que s\u00f3 \u00e9 necess\u00e1rio um, e tamb\u00e9m, seu filtro de temporiza\u00e7\u00e3o on-board \u00e9 t\u00e3o avan\u00e7ado que n\u00e3o h\u00e1 necessidade de um filtro p\u00f3s-DAC, simplificando o caminho do sinal. O firmware do CXN100 pode ser atualizado remotamente, por meio do aplicativo StreamMagic da Cambridge Audio.<\/p>\n<p>Caracter\u00edsticas<br \/>\nQualidade de som impressionante de um DAC de refer\u00eancia ESS ES9028Q2M SABRE32<br \/>\nM\u00f3dulo StreamMagic Gen4 para recursos completos de streaming, incluindo MQA<br \/>\nSpotify Connect, TIDAL Connect, Qobuz e Deezer integrados<br \/>\nR\u00e1dio de Internet de alta resolu\u00e7\u00e3o<br \/>\nRoon pronto<br \/>\nCompat\u00edvel com os sistemas multiroom Google Home, Apple Airplay e Roon<br \/>\nOferece \u00e1udio USB, coaxial e \u00f3ptico<br \/>\nAs op\u00e7\u00f5es sem fio s\u00e3o Chromecast integrado, Apple AirPlay 2 e Bluetooth<br \/>\nGrande tela colorida de alta resolu\u00e7\u00e3o<\/p>\n<p>O Cambridge Audio CXN100 Lunar Grey \u00e9 um streamer digital premium, ideal para quem busca a melhor experi\u00eancia de \u00e1udio em streaming. Este dispositivo suporta arquivos de \u00e1udio de alta resolu\u00e7\u00e3o, at\u00e9 24-bit\/192kHz, e DSD64, al\u00e9m de integrar com servi\u00e7os populares como Spotify Connect, TIDAL, Qobuz e outros. Equipado com um sistema de DAC de alta precis\u00e3o e conectividade robusta, incluindo Wi-Fi, Ethernet e USB, o CXN100 oferece uma performance de \u00e1udio n\u00edtida, com todas as nuances e detalhes que os entusiastas de som exigem. Seu design elegante e discreto complementa qualquer sistema de \u00e1udio.<\/p>\n","protected":false},"excerpt":{"rendered":"<p>Reprodutor de \u00e1udio de rede Cambridge Audio CXN100 Um streamer sem fio de at\u00e9 768-32 com sa\u00edda balanceada e pronto para Roon O nov\u00edssimo CXN100 para 2024 mant\u00e9m o som caracter\u00edstico do CXN enquanto oferece uma experi\u00eancia de \u00e1udio mais refinada em compara\u00e7\u00e3o ao CXN V2, oferecendo controle aprimorado, precis\u00e3o, detalhes, tempo e brilho de [&hellip;]<\/p>\n","protected":false},"featured_media":18671,"template":"","meta":{"_acf_changed":false},"product_brand":[],"product_cat":[52,43,41,142],"product_tag":[],"class_list":{"0":"post-18669","1":"product","2":"type-product","3":"status-publish","4":"has-post-thumbnail","6":"product_cat-cambridge","7":"product_cat-dac","8":"product_cat-digital","9":"product_cat-streamers","11":"first","12":"instock","13":"sold-individually","14":"shipping-taxable","15":"purchasable","16":"product-type-simple"},"acf":[],"aioseo_notices":[],"_links":{"self":[{"href":"https:\/\/hificlub.com.br\/loja\/wp-json\/wp\/v2\/product\/18669","targetHints":{"allow":["GET"]}}],"collection":[{"href":"https:\/\/hificlub.com.br\/loja\/wp-json\/wp\/v2\/product"}],"about":[{"href":"https:\/\/hificlub.com.br\/loja\/wp-json\/wp\/v2\/types\/product"}],"wp:featuredmedia":[{"embeddable":true,"href":"https:\/\/hificlub.com.br\/loja\/wp-json\/wp\/v2\/media\/18671"}],"wp:attachment":[{"href":"https:\/\/hificlub.com.br\/loja\/wp-json\/wp\/v2\/media?parent=18669"}],"wp:term":[{"taxonomy":"product_brand","embeddable":true,"href":"https:\/\/hificlub.com.br\/loja\/wp-json\/wp\/v2\/product_brand?post=18669"},{"taxonomy":"product_cat","embeddable":true,"href":"https:\/\/hificlub.com.br\/loja\/wp-json\/wp\/v2\/product_cat?post=18669"},{"taxonomy":"product_tag","embeddable":true,"href":"https:\/\/hificlub.com.br\/loja\/wp-json\/wp\/v2\/product_tag?post=18669"}],"curies":[{"name":"wp","href":"https:\/\/api.w.org\/{rel}","templated":true}]}}