{"id":18657,"date":"2024-11-04T06:07:11","date_gmt":"2024-11-04T09:07:11","guid":{"rendered":"https:\/\/hificlub.com.br\/loja\/?post_type=product&#038;p=18657"},"modified":"2026-03-03T22:18:18","modified_gmt":"2026-03-04T01:18:18","slug":"zidoo-uhd8000-media-player-8k-dolby-vision-e-hdr10","status":"publish","type":"product","link":"https:\/\/hificlub.com.br\/loja\/produto\/zidoo-uhd8000-media-player-8k-dolby-vision-e-hdr10\/","title":{"rendered":"ZIDOO UHD8000 Media Player 8K Dolby Vision e HDR10+"},"content":{"rendered":"<p>Descri\u00e7\u00e3o do produto<br \/>\nO Zidoo UHD8000 \u00e9 um reprodutor de m\u00eddia de \u00faltima gera\u00e7\u00e3o projetado para transformar sua experi\u00eancia de entretenimento em casa. Este dispositivo de ponta suporta resolu\u00e7\u00e3o 8K UHD, Dolby Vision e HDR10+, garantindo qualidade de imagem de tirar o f\u00f4lego com cores vibrantes e clareza excepcional. Seja voc\u00ea um entusiasta de filmes ou um audi\u00f3filo, o UHD8000 oferece amplo suporte para os formatos de \u00e1udio e v\u00eddeo mais recentes, tornando-o o complemento perfeito para qualquer configura\u00e7\u00e3o de home theater.<\/p>\n<p>O UHD8000 \u00e9 alimentado pela avan\u00e7ada CPU Amlogic S928X-K ARM Cortex-A76 + Cortex-A55 (Quad-core) e GPU ARM Mali-G57 MC2, proporcionando desempenho perfeito para todas as suas necessidades de m\u00eddia. Com 8 GB de RAM DDR4 e 64 GB de armazenamento interno eMMC, este reprodutor de m\u00eddia garante uma opera\u00e7\u00e3o suave e amplo espa\u00e7o para seu conte\u00fado. O WiFi de banda dupla (2,4 G + 5 G) e a conectividade Ethernet fornecem conex\u00f5es de internet r\u00e1pidas e est\u00e1veis, permitindo que voc\u00ea transmita seu conte\u00fado favorito sem interrup\u00e7\u00f5es.<\/p>\n<p>Um dos recursos de destaque do UHD8000 \u00e9 seu suporte abrangente de \u00e1udio. Ele suporta Dolby Atmos e DTS:X audio pass-through, proporcionando uma experi\u00eancia de som envolvente que d\u00e1 vida aos seus filmes e m\u00fasicas. O dispositivo tamb\u00e9m \u00e9 equipado com XMOS+ESS9069Q para decodifica\u00e7\u00e3o de \u00e1udio de alta qualidade, suportando at\u00e9 PCM 768kHz@32Bit e decodifica\u00e7\u00e3o DSD 512. Al\u00e9m disso, o UHD8000 integra uma ampla gama de servi\u00e7os de streaming de m\u00fasica, incluindo DLNA, Squeeze lite e TIDAL Connect, tornando-o uma escolha vers\u00e1til para os amantes da m\u00fasica.<\/p>\n<p>A interface amig\u00e1vel do UHD8000, rodando no Android 11, oferece uma experi\u00eancia intuitiva e responsiva. O aplicativo Zidoo Home Theatre aprimora seu gerenciamento de m\u00eddia, permitindo que voc\u00ea organize e acesse seu conte\u00fado sem esfor\u00e7o. O dispositivo tamb\u00e9m possui op\u00e7\u00f5es de controle inteligentes, incluindo controle de aplicativo para iPhone, iPad, telefones Android e tablets, bem como controle RS-232 e TCP\/IP com suporte Wake-on-LAN (WOL).<\/p>\n<p>*Tamanho padr\u00e3o de 430 mm, excelente textura com painel escovado de liga de alum\u00ednio, tampa superior fosca, fundo espesso e almofada de p\u00e9 \u00e0 prova de choque.<br \/>\n*Processador multifuncional de alto desempenho Amlogic S928X-K de 64 bits penta-core A76 + A55 de nova gera\u00e7\u00e3o.<br \/>\n*8 GB de RAM DDR4 + 64 GB de armazenamento eMMC, largura de banda de mem\u00f3ria de 64 bits, proporcionando suavidade excepcional do sistema.<br \/>\n*XMOS + ESS9069Q DAC, suporta decodifica\u00e7\u00e3o DSD512\/PCM768KHz 32 bits.<br \/>\n*Suporta SACD ISO, DSF, DFF, WAV, FLAC, etc.; suporta reprodu\u00e7\u00e3o sem intervalos e reprodu\u00e7\u00e3o de trilhas CUE.<br \/>\n*Suporta entrada USB DAC (boa como decodificadores de ponta), compat\u00edvel com sistemas Windows 10\/11, MAC OS e Android.<br \/>\n* Fonte de alimenta\u00e7\u00e3o de comuta\u00e7\u00e3o de alta qualidade + grande fonte de alimenta\u00e7\u00e3o linear toroidal, especialmente projetada para circuitos de \u00e1udio e v\u00eddeo de forma independente para garantir uma fonte de alimenta\u00e7\u00e3o forte e uma boa sa\u00edda de sinal.<br \/>\n*Sa\u00edda de decodifica\u00e7\u00e3o de \u00e1udio de alta fidelidade por meio de porta de \u00e1udio anal\u00f3gica XLR totalmente balanceada e RCA.<br \/>\n*A sa\u00edda separada de \u00e1udio e v\u00eddeo HDMI dupla pode desfrutar de v\u00eddeo 4K e \u00e1udio HD ao mesmo tempo sem atualizar o receptor AV.<br \/>\n*O sistema operacional Android 11 suave melhorou significativamente o desempenho e a estabilidade do sistema.<br \/>\n*Grande painel de exibi\u00e7\u00e3o de LED, dois compartimentos de HDD patenteados NSS ocultos e cada compartimento de HDD suporta capacidade de at\u00e9 16 TB.<br \/>\n*HDMI 2.1\u00ae suporta sa\u00edda ponto a ponto de 8K 60 Hz, suporta HDR (HDR10\/HLG\/HDR10+\/Dolby Vision).<br \/>\n*Suporta codecs de v\u00eddeo AV1\/VP9\/H.265\/AVS3\/AVS2, 12 bits, ampla faixa de cores BT.2020; suporta sa\u00edda de passagem de \u00e1udio Atmos\/DTS X.<br \/>\n*O mecanismo de qualidade de imagem VS10 integrado \u00e9 altamente personaliz\u00e1vel, melhorando significativamente a qualidade da imagem por meio do mapeamento personalizado de diferentes modos de v\u00eddeo.<br \/>\n*Processamento de metadados est\u00e1ticos HDR10 (MaxFall, MaxCll) com mais precis\u00e3o, o que mostra maior brilho e n\u00edvel de escurid\u00e3o mais profundo.<br \/>\n*Suporta aquisi\u00e7\u00e3o e processamento de metadados din\u00e2micos HDR10+, cores e brilho s\u00e3o processados \u200b\u200bquadro a quadro e cena a cena.<br \/>\n*A taxa de quadros autom\u00e1tica de 23.976 e a sa\u00edda de troca de resolu\u00e7\u00e3o garantem uma reprodu\u00e7\u00e3o suave do filme sem interrup\u00e7\u00e3o (suporta reprodu\u00e7\u00e3o local e streaming online).<br \/>\n*Suporta reprodu\u00e7\u00e3o de discos BD\/DVD (n\u00e3o criptografados)\/CD externos e extra\u00e7\u00e3o de CD.<br \/>\n*Suporta reprodu\u00e7\u00e3o de menu Blu-ray BD\/UHD e reprodu\u00e7\u00e3o de ramifica\u00e7\u00e3o sem intervalos de Blu-rays com estrutura MPLS complexa.<br \/>\n*Legendas de efeitos especiais gr\u00e1ficos s\u00e3o suportadas e o brilho das legendas pode ser ajustado. As legendas podem ser baixadas. O Zidoo \u00e9 o \u00fanico no campo a oferecer suporte a legendas duplas for\u00e7adas Blu-ray e MKV.<br \/>\n*Suporta v\u00e1rios m\u00e9todos de streaming de m\u00fasica, como DLNA, Tidal Connect, etc.<br \/>\n*O novo Poster Wall 4.0 suporta trailers de filmes e classifica\u00e7\u00e3o e gerenciamento personalizados e f\u00e1ceis de usar.<br \/>\n*Tocador de m\u00fasica 8.0 atualizado com nova interface principal UI, suporta reprodu\u00e7\u00e3o e decodifica\u00e7\u00e3o sem perdas, configura\u00e7\u00f5es personalizadas, correspond\u00eancia de dados de m\u00fasica.<br \/>\n*Suporta controle HDMI\u00ae CEC, controle RS232, Control 4, integra\u00e7\u00e3o perfeita em casa inteligente.<br \/>\n*Suporta o aplicativo exclusivo Zidoo Controller para celulares iOS e Android, modo paisagem do iPad e modo paisagem do tablet Android, que pode reproduzir e controlar perfeitamente os tocadores de m\u00eddia Zidoo.<br \/>\n*Suporta acesso a protocolos de rede como NFS, SMB v1\/v2\/v3, UPnP, Web DAV e servi\u00e7o SMB integrado.<\/p>\n<p>CHIPSET DE M\u00cdDIA 8K DE ALTO DESEMPENHO Amlogic S928X-K Chipset multifuncional de alto desempenho 8K de 64 bits. Grande salto de desempenho em rela\u00e7\u00e3o \u00e0 gera\u00e7\u00e3o anterior.<br \/>\nXMOS316 + ESS9069 DAC Novo modelo audi\u00f3filo ESS9069 DAC com suporte para decodifica\u00e7\u00e3o de hardware de DSD512\/768kHz@32 bits. Entrada USB DAC para uso como decodificador. Sa\u00edda anal\u00f3gica balanceada XLR e RCA.<br \/>\nBA\u00cdAS DE HDD INTERNAS DUAS DE 3,5&#8243; Duas baias de disco r\u00edgido NSS SATA 3.0 plug and play de 3,5&#8243;. Acesso oculto, integrado ao painel frontal.<br \/>\nPORTAS HDMI DUAS Porta HDMI 2.1 para v\u00eddeo 8K. Porta HDMI 1.4a para \u00e1udio. A segunda porta HDMI permite atualiza\u00e7\u00e3o para v\u00eddeo 8K\/4K, mantendo HDMI 1.4 AVR para \u00e1udio.<br \/>\nZIDOO HOME THEATRE 5.0 A Zidoo desenvolveu o navegador de m\u00eddia Zidoo Home Theatre ao longo de quase uma d\u00e9cada. No novo chipset Amlogic, ele roda significativamente mais r\u00e1pido do que antes. O Zidoo Home Theatre suporta raspagem de m\u00eddia autom\u00e1tica completa e precisa (multil\u00edngue), miniaturas, p\u00f4steres, sinopse, pesquisa, categorias e suporte para an\u00e1lise NFO (Kodi). Integra\u00e7\u00e3o com o novo aplicativo de controle Zidoo Android\/iOS. Suporte para protocolos de rede SMBv1, SMBv2, SMBv3, NFS e DLNA. Interface atualizada. O Zidoo Home Theatre \u00e9 a melhor maneira de navegar em uma cole\u00e7\u00e3o de m\u00eddia de v\u00eddeo digital.<br \/>\nZIDOO MUSIC PLAYER 8.0 Zidoo Music Player 8.0 aprimorado tirado dos bem-sucedidos streamers de \u00e1udio Eversolo. Interface de biblioteca de m\u00fasica abrangente com scraping aprimorado, busca autom\u00e1tica de letras e informa\u00e7\u00f5es sobre artista\/\u00e1lbum. Integra\u00e7\u00e3o com o novo aplicativo de controle Zidoo para Android\/iOS. Suporte a formatos de \u00e1udio, incluindo passagem DSD nativa, DSD512, PCM 768 KHz a 32 bits, sa\u00edda de CD a 44,1 KHz, SACD, DFF, DSF, FLAC, listas CUE, MP3, OGG.<br \/>\nSTREAMING DE \u00c1UDIO Suporte integrado para aplicativos de streaming como Tidal Connect, Qobuz, Deezer, Squeeze Lite*.<br \/>\nZIDOO VIDEO PLAYER Zidoo Video Player moderno e f\u00e1cil de usar. Suporte a formatos incluindo Dolby Vision, HDR10+, HDR10, HLG, AV1, VP9, \u200b\u200bAVS3, AVS2, HEVC, H.265, @23.976Hz, HDR&gt;SDR e SDR&gt;HDR, ATMOS, DTS:X. Mecanismo de qualidade de imagem VS10 opcional para melhorar a qualidade da imagem. Processamento de metadados din\u00e2micos HDR10+ com metadados HDR10 precisos (MaxFall, MaxCll). F\u00e1cil acesso \u00e0s configura\u00e7\u00f5es de imagem.<br \/>\nLEGENDAS MELHORADAS Fun\u00e7\u00e3o de legendas em v\u00e1rios idiomas com fontes personaliz\u00e1veis, download de legendas, legendas for\u00e7adas, legendas com efeitos especiais gr\u00e1ficos e legendas for\u00e7adas duplas Blu-ray\/MKV.<br \/>\nDESENVOLVIMENTO DE FIRMWARE ZIDOO A Zidoo fabrica tocadores de m\u00eddia h\u00e1 mais de uma d\u00e9cada e tem um compromisso comprovado com a melhoria cont\u00ednua do software. O ecossistema de reprodu\u00e7\u00e3o de m\u00eddia da Zidoo \u00e9 o \u00e1pice de muitos anos de trabalho, \u00e9 est\u00e1vel, totalmente equipado e representa a melhor maneira poss\u00edvel de aproveitar sua m\u00eddia. A Zidoo tem um f\u00f3rum da web popular onde os usu\u00e1rios s\u00e3o bem-vindos para postar feedback, resultando em um firmware desenvolvido de forma reativa de acordo com as necessidades do usu\u00e1rio.<br \/>\nATUALIZA\u00c7\u00c3O AUTOM\u00c1TICA E ALTERN\u00c2NCIA DE RESOLU\u00c7\u00c3O Resolu\u00e7\u00e3o autom\u00e1tica totalmente configur\u00e1vel e altera\u00e7\u00e3o da taxa de atualiza\u00e7\u00e3o de acordo com a entrada.<br \/>\nREPRODU\u00c7\u00c3O ISO Reprodu\u00e7\u00e3o ISO melhorada em compara\u00e7\u00e3o \u00e0 gera\u00e7\u00e3o anterior. Reprodu\u00e7\u00e3o de DVD\/BD\/UHD-BD incluindo suporte total para resolu\u00e7\u00e3o\/atualiza\u00e7\u00e3o autom\u00e1tica e ramifica\u00e7\u00e3o cont\u00ednua. Menu completo de Blu-Ray\/Blu-Ray\/DVD ISO em aproximadamente 90% dos ISOs, o restante reproduz com menu Zidoo personalizado.<br \/>\nQUALIDADE DE HARDWARE ZIDOO Chassi de alum\u00ednio preto de alta qualidade com largura padr\u00e3o de 430 mm, com tampa superior fosca, fundo espesso e apoio para os p\u00e9s \u00e0 prova de choque. Mont\u00e1vel em rack com acess\u00f3rios de montagem em rack inclu\u00eddos.<br \/>\n8 GB de RAM e 64 GB de ARMAZENAMENTO 8 GB de RAM DDR4 de alta especifica\u00e7\u00e3o. 64 GB de armazenamento eMMC integrado. Largura de banda de mem\u00f3ria de 64 bits.<br \/>\nREDE R\u00c1PIDA Wi-Fi 6 MIMO de banda dupla 2.4G + 5G com antena externa de alto ganho. Gigabit Ethernet. Bluetooth 5.2.<br \/>\nCOMUTA\u00c7\u00c3O DE ALTA QUALIDADE + FONTE DE ALIMENTA\u00c7\u00c3O LINEAR Fonte de alimenta\u00e7\u00e3o de comuta\u00e7\u00e3o interna de alta qualidade para circuitos principais\/de v\u00eddeo, al\u00e9m de fonte de alimenta\u00e7\u00e3o linear toroidal grande separada para circuitos de \u00e1udio.<br \/>\nNOVO APLICATIVO REMOTO Novo e muito melhorado aplicativo remoto Zidoo Android\/iOS com controle total do Zidoo Home Theatre e do Zidoo Music Player. Desenvolvido a partir do altamente respeitado aplicativo de controle de \u00e1udio Eversolo.<br \/>\nCONTROLE REMOTO BLUETOOTH Controle remoto retroiluminado de tamanho completo com Bluetooth para opera\u00e7\u00e3o sem linha de vis\u00e3o. Fun\u00e7\u00e3o de aprendizado para replicar controles remotos existentes.<br \/>\nSMART HOME Suporta controle HDMI CEC, controle RS232, Controle 4, TCP\/IP (WOL).<br \/>\nCONTE\u00daDO DA CAIXA Zidoo UHD8000, controle remoto Bluetooth e IR de tamanho normal com ilumina\u00e7\u00e3o de fundo Zidoo V12, kit de montagem em rack, cabo de alimenta\u00e7\u00e3o IEC C13 (consulte as perguntas frequentes), antena 2x2T2R, cabo HDMI, guia do usu\u00e1rio. Peso da embalagem: 8 kg.<br \/>\n*O suporte para aplicativos de terceiros pode e ir\u00e1 mudar ao longo do tempo.<\/p>\n<p>ESPECIFICA\u00c7\u00c3O DETALHADA<br \/>\nChipset<br \/>\nAmlogic S928X-K ARM Cortex-A76+Cortex-A55 (Quad-core)<br \/>\nChipset gr\u00e1fico<br \/>\nARM Mali-G57 MC2<br \/>\nBATER<br \/>\n8 GB DDR4<br \/>\nArmazenamento interno<br \/>\n64 GB<br \/>\nHDD interno<br \/>\n2x baias SATA3 NSS ocultas de 3,5&#8243;. Troca a quente<br \/>\nArmazenamento externo<br \/>\n2x USB 3.0, 1x USB 2.0<br \/>\nRede sem fio<br \/>\nWiFi de banda dupla 2.4G + 5G, 802.11 a\/b\/g\/n\/AC\/AX 2T2R, 802.11ax MIMO OFDM. Antena externa de alto ganho<br \/>\nRede com fio<br \/>\nRJ-45 10\/100\/1000Mbps Gigabit Ethernet<br \/>\nBluetooth<br \/>\nSim. Vers\u00e3o 5.2<br \/>\nSa\u00edda HDMI<br \/>\n\u00c1udio\/v\u00eddeo HDMI 2.1. \u00c1udio HDMI 1.4<br \/>\nSO<br \/>\nAndroid 11.0<br \/>\nResolu\u00e7\u00f5es Suportadas<br \/>\nSistemas de arquivos<br \/>\nNTFS, FAT32, EXFAT, EXT2, EXT3, EXT4<br \/>\nOutras sa\u00eddas de v\u00eddeo<br \/>\nOutras sa\u00eddas de \u00e1udio<br \/>\nAnal\u00f3gico: XLR balanceado, RCA 3,5&#8243; est\u00e9reo. Digital: USB, TOSLINK S\/PDIF, coaxial S\/PDIF<br \/>\nAtualizar troca<br \/>\nSim<br \/>\nTroca de resolu\u00e7\u00e3o<br \/>\nSim<br \/>\n3D<br \/>\nSBS, superior e inferior<br \/>\nReprodu\u00e7\u00e3o ISO<br \/>\nUHD BD-ISO com menus completos, BD-ISO com menus completos, DVD ISO com menus completos<br \/>\nRede<br \/>\nCliente: NFS, SMB v1\/v2\/v3, UPnP, Web DAV. Servidor: SMB. Wake on LAN.<br \/>\nHDR<br \/>\nDolby Vision, HDR10+, HDR10<br \/>\nFormatos de v\u00eddeo<br \/>\nHDR10, HDR10+, HLG, Dolby Vision. 8K a 60p AV1\/VP9\/H.265\/AVS3\/AVS2; HDR10, HDR10+, HLG, Dolby Vision<br \/>\nFormatos de \u00e1udio<br \/>\nPassagem\/fluxo de bits multicanal de \u00e1udio HD e decodifica\u00e7\u00e3o. Dolby ATMOS, True-HD, Digital AC3 etc. DTS:X, HD-MA, DTS etc. SACD ISO, DFF, DSF, APE, FLAC, WAV, DTS, MP3, AAC, M4A, OGG, WMA, AIF, M4R, MP2, AMR e trilha CUE.<br \/>\n\u00c1udio HD (v\u00eddeo)<br \/>\nPassagem de \u00e1udio Dolby Atmos e DTS X, bem como sa\u00edda PCM e DSD multicanal<br \/>\n\u00c1udio HD (\u00e1udio)<br \/>\nXMOS+ESS9069Q, suporta at\u00e9 PCM 768kHz@32Bit, decodifica\u00e7\u00e3o DSD 512. Faixa de frequ\u00eancia: 20Hz-20KHz +\/-0,15dB; SNR: &gt;123dBrA THD+N:123dB; Diafonia:135dBrA<br \/>\nTecnologia de aprimoramento de imagem Dolby VS10<br \/>\nO mecanismo de processamento de imagem Dolby Vision VS10 em n\u00edvel de sistema pode mapear conte\u00fado (SDR, HDR10 etc.) para Dolby Vision para melhorias significativas na qualidade da imagem<br \/>\nRamifica\u00e7\u00e3o Cont\u00ednua<br \/>\nSuporta estrutura MPLS complexa com m\u00faltiplas termina\u00e7\u00f5es e reprodu\u00e7\u00e3o cont\u00ednua de Blu-ray<br \/>\nInterface de m\u00eddia<br \/>\nZidoo Android launcher. Zidoo Home Theatre 4.0 com parede de p\u00f4ster, raspagem autom\u00e1tica de dados, categoria autom\u00e1tica, bloqueio para crian\u00e7as, layouts personalizados. Suporte para Trakt TV. Zidoo Music Player 8.0 com reprodu\u00e7\u00e3o sem perdas, biblioteca, listas de reprodu\u00e7\u00e3o e letras<br \/>\nTransmiss\u00e3o<br \/>\nSuporta streaming DLNA\/Squeeze lite\/TIDAL connect (suporta streaming TIDAL Connect ATMOS) integra uma ampla gama de servi\u00e7os de streaming de m\u00fasica<br \/>\nLegendas<br \/>\nDownload autom\u00e1tico de legendas, posi\u00e7\u00e3o vertical, espa\u00e7amento entre linhas, tamanho da fonte, cor\/tamanho do contorno do tra\u00e7o da fonte, negrito, sombra, codifica\u00e7\u00e3o, deslocamento, adicionar fonte personalizada. Suporta efeitos especiais SUP e ASS<br \/>\nKodi<br \/>\nLoja de jogos<br \/>\nF\u00e3<br \/>\nSim. Velocidade autom\u00e1tica ou personalizada controlada por software<br \/>\nFonte de alimenta\u00e7\u00e3o<br \/>\nComuta\u00e7\u00e3o interna de 12 V 5 A para v\u00eddeo. PSU toroidal linear grande para circuitos de \u00e1udio. Multivoltagem de 100-240 V. Soquete IEC C14<br \/>\nMaterial<br \/>\nLiga de alum\u00ednio de avia\u00e7\u00e3o preta. Mont\u00e1vel em rack padr\u00e3o de 19 polegadas com acess\u00f3rios de montagem inclu\u00eddos<br \/>\nDimens\u00f5es<br \/>\n430x303x80mm<br \/>\nRemoto<br \/>\nZidoo V12 retroiluminado Bluetooth+IR de tamanho normal com fun\u00e7\u00e3o de aprendizagem<br \/>\nAplicativo remoto<br \/>\nO software remoto Zidoo est\u00e1 dispon\u00edvel para Apple\/Android e permite o controle do jogador por telefone\/tablet<br \/>\nCasa inteligente<br \/>\nHDMI CEC, 3,5&#8243; RS232, Controle 4<\/p>\n<p>Especifica\u00e7\u00f5es<br \/>\nModeloUHD8000Tela de exibi\u00e7\u00e3oLIDERADOMaterial do chassiLiga de alum\u00ednioSOAndroide 11CPUAmlogic S928X-K ARM Cortex-A76+Cortex-A55 (Penta-core)GPUARM Mali-G57 MC2Armazenar8 GB DDR4 + 64 GB eMMCBluetoothBT 5.2Wi-Fi 6Wi-Fi de banda dupla 2.4G + 5G, 802.11 a\/b\/g\/n\/ac\/ax 2T2R, 802.11ax MIMO OFDMEthernetConector Ethernet RJ-45 (10\/100\/1000 Mbps) * 1Sa\u00edda HDMI (Principal)HDMl 2.1a, suporta at\u00e9 8K@60p, HDR10+, profundidade de cor de 12 bits, ampla faixa de cores BT2020; Suporta HDR10, HDR10+, HLG, Dolby Vision; Suporta Dolby Atmos e passagem de \u00e1udio DTS XSa\u00edda HDMI (somente \u00e1udio)Sa\u00edda de \u00e1udio e v\u00eddeo HDMI separada, suporta passagem de \u00e1udio Dolby Atmos e DTS X, bem como sa\u00edda PCM e DSD multicanalDecodifica\u00e7\u00e3o de v\u00eddeo8K a 60p AV1\/VP9\/H.265\/AVS3\/AVS2; HDR10, HDR10+, HLG, Dolby VisionDecodifica\u00e7\u00e3o de \u00e1udioSuporta decodifica\u00e7\u00e3o no formato Dolby\/DTS (at\u00e9 Dolby TrueHD Atmos e DTS X), equipado com XMOS+ESS9069Q, suporta at\u00e9 PCM 768kHz@32Bit, decodifica\u00e7\u00e3o DSD 512Transmiss\u00e3oSuporta streaming DLNA\/Squeeze lite\/TIDAL connect (suporta streaming TIDAL Connect ATMOS) integra uma ampla gama de servi\u00e7os de streaming de m\u00fasicaEntrada de \u00e1udio USBSuporta Windows 10\/11, sistema Mac, sistema Android, suporta at\u00e9 2 canais DSD512, decodifica\u00e7\u00e3o PCM 768KHz@32bit PCMSa\u00edda de \u00e1udioSa\u00edda USB, Sa\u00edda \u00f3ptica*1, Sa\u00edda coaxial*1, Sa\u00edda de canal RCA L\/R*1, Sa\u00edda balanceada de canal XLR L\/R*1Caracter\u00edsticas do \u00e1udio anal\u00f3gicoFaixa de frequ\u00eancia: 20Hz-20KHz +\/-0,15dB; SNR: &gt;123dBrA THD+N:123dB; Diafonia:135dBrAControle InteligenteControle de APP para iPhone, modo paisagem iPad, telefone Android, modo paisagem tablet Android, RS-232, controle TCP\/IP (suporta WOL)SATADuas baias de HDD de 3,5&#8221; integradas com especifica\u00e7\u00e3o SATA 3.0 (HDDs n\u00e3o inclu\u00eddos)USBUSB 3.0 * 2, USB 2.0 * 1Fonte de energiaCA 110~120\/220~240V 50\/60HzOutras InterfacesReceptor infravermelho*1, RS232*1, Trigger Out 3.5 conector de fone de ouvido*1, IR IN 3.5 conector de fone de ouvido*1Acess\u00f3riosControle remoto * 1 Adaptador de energia * 1 Cabo SATA * 1 Cabo HDMI * 1 Antenas de alto ganho * 3 Manual do usu\u00e1rio * 1Dimens\u00f5es430 mm x 312 mm x 80 mmPeso do produto (excluindo acess\u00f3rios):5,9 kg<\/p>\n","protected":false},"excerpt":{"rendered":"<p>Descri\u00e7\u00e3o do produto O Zidoo UHD8000 \u00e9 um reprodutor de m\u00eddia de \u00faltima gera\u00e7\u00e3o projetado para transformar sua experi\u00eancia de entretenimento em casa. Este dispositivo de ponta suporta resolu\u00e7\u00e3o 8K UHD, Dolby Vision e HDR10+, garantindo qualidade de imagem de tirar o f\u00f4lego com cores vibrantes e clareza excepcional. Seja voc\u00ea um entusiasta de filmes [&hellip;]<\/p>\n","protected":false},"featured_media":18659,"template":"","meta":{"_acf_changed":false},"product_brand":[],"product_cat":[41,21,102,50,142,248],"product_tag":[],"class_list":{"0":"post-18657","1":"product","2":"type-product","3":"status-publish","4":"has-post-thumbnail","6":"product_cat-digital","7":"product_cat-home-theater","8":"product_cat-media-center","9":"product_cat-music-server","10":"product_cat-streamers","11":"product_cat-zidoo","13":"first","14":"instock","15":"sold-individually","16":"shipping-taxable","17":"purchasable","18":"product-type-simple"},"acf":[],"aioseo_notices":[],"_links":{"self":[{"href":"https:\/\/hificlub.com.br\/loja\/wp-json\/wp\/v2\/product\/18657","targetHints":{"allow":["GET"]}}],"collection":[{"href":"https:\/\/hificlub.com.br\/loja\/wp-json\/wp\/v2\/product"}],"about":[{"href":"https:\/\/hificlub.com.br\/loja\/wp-json\/wp\/v2\/types\/product"}],"wp:featuredmedia":[{"embeddable":true,"href":"https:\/\/hificlub.com.br\/loja\/wp-json\/wp\/v2\/media\/18659"}],"wp:attachment":[{"href":"https:\/\/hificlub.com.br\/loja\/wp-json\/wp\/v2\/media?parent=18657"}],"wp:term":[{"taxonomy":"product_brand","embeddable":true,"href":"https:\/\/hificlub.com.br\/loja\/wp-json\/wp\/v2\/product_brand?post=18657"},{"taxonomy":"product_cat","embeddable":true,"href":"https:\/\/hificlub.com.br\/loja\/wp-json\/wp\/v2\/product_cat?post=18657"},{"taxonomy":"product_tag","embeddable":true,"href":"https:\/\/hificlub.com.br\/loja\/wp-json\/wp\/v2\/product_tag?post=18657"}],"curies":[{"name":"wp","href":"https:\/\/api.w.org\/{rel}","templated":true}]}}