{"id":18647,"date":"2024-11-02T05:49:53","date_gmt":"2024-11-02T08:49:53","guid":{"rendered":"https:\/\/hificlub.com.br\/loja\/?post_type=product&#038;p=18647"},"modified":"2026-03-03T22:18:19","modified_gmt":"2026-03-04T01:18:19","slug":"luxman-l-509z-amplificador-integrado-mm-mc-100-watts","status":"publish","type":"product","link":"https:\/\/hificlub.com.br\/loja\/produto\/luxman-l-509z-amplificador-integrado-mm-mc-100-watts\/","title":{"rendered":"LUXMAN L-509Z Amplificador Integrado MM MC 120 watts"},"content":{"rendered":"<p>Se voc\u00ea nunca ouviu um amplificador integrado Luxman, n\u00e3o h\u00e1 realmente um lugar melhor para come\u00e7ar do que com o L-509Z. Feito \u00e0 m\u00e3o no Jap\u00e3o em graus febris, este componente de 64,8 libras produz verdadeiros 120 Wpc (em oito ohms) e aciona a maioria dos alto-falantes de ponta com facilidade sem esfor\u00e7o. O L-509Z de 7,6 x 17,3 x 18,2 polegadas toca com n\u00edveis raros de naturalismo e musicalidade elevados, apresentando m\u00fasica com detalhes v\u00edvidos, cor, tons e din\u00e2mica \u2014 exatamente como voc\u00ea experimentaria em um ambiente ao vivo ou de est\u00fadio. Com o L-509Z, o debate sobre abordagens separadas versus uma caixa se torna irrelevante. V\u00e1 em frente e chame o L-509Z de &#8220;separado de chassi \u00fanico&#8221;.<\/p>\n<p>Equipado com um pr\u00e9-amplificador phono MM\/MC integrado que deixa a maioria envergonhada, controle de tom de tr\u00eas bandas, duas sa\u00eddas de fone de ouvido e quatro entradas de n\u00edvel de linha, o L-509Z convida voc\u00ea a conectar as fontes que desejar. Duas entradas XLR balanceadas garantem a mais alta qualidade de sinal poss\u00edvel. Um par de pr\u00e9-sa\u00eddas significa que voc\u00ea pode conectar um pr\u00e9-amplificador externo agora ou no futuro, se assim escolher. Dois pares de postes de liga\u00e7\u00e3o de alto-falante Y-lug robustos e bi-fi\u00e1veis \u200b\u200be um gatilho e entradas\/sa\u00eddas de controle para configura\u00e7\u00f5es personalizadas tamb\u00e9m est\u00e3o aqui. <\/p>\n<p>Por dentro, o L-509Z joga seu peso ao redor. Tanto a se\u00e7\u00e3o do pr\u00e9-amplificador quanto a do amplificador de pot\u00eancia usam simultaneamente o mecanismo de feedback de amplifica\u00e7\u00e3o LIFES de nova gera\u00e7\u00e3o da Luxman. Especificamente, a se\u00e7\u00e3o de sa\u00edda utiliza transistores bipolares Darlington de tr\u00eas est\u00e1gios em configura\u00e7\u00e3o push-pull qu\u00e1drupla-paralela para atingir pot\u00eancia excepcional e linearidade quase perfeita que \u00e9 compar\u00e1vel a um amplificador de pot\u00eancia aut\u00f4nomo de n\u00edvel de refer\u00eancia. Quanto \u00e0 fonte de alimenta\u00e7\u00e3o: Um transformador EI de 600 VA altamente regulado e personalizado auxiliado por capacitores de filtro de grande capacidade (10.000 \u03bcFx 8). <\/p>\n<p>A engenharia de \u00e1udio em primeiro lugar se estende ao controle de volume, que recebe suporte de um novo sistema atenuador LECUA-EX que suprime a deteriora\u00e7\u00e3o sonora e realiza precis\u00e3o de rachadura. O L-509Z combina um codificador rotativo altamente preciso com um mecanismo de rota\u00e7\u00e3o ponderado para criar o LECUA-EX, que oferece confiabilidade inabal\u00e1vel e uma sensa\u00e7\u00e3o operacional t\u00e1til. Aproveite 88 passos finos de 0 a 87 dB e uma configura\u00e7\u00e3o de acelera\u00e7\u00e3o para a velocidade na qual o bot\u00e3o de volume gira. Confie em n\u00f3s: voc\u00ea vai querer tocar e sentir os bot\u00f5es e interruptores do L-509Z, mas para facilitar, ele tamb\u00e9m vem com um controle remoto de alum\u00ednio. <\/p>\n<p>Nada \u00e9 esquecido. Placas de circuito peel-coat s\u00e3o usadas para o caminho principal do sinal de \u00e1udio, eliminando os efeitos negativos do filme de revestimento que podem afetar adversamente o som. A constru\u00e7\u00e3o Beeline, que configura os circuitos para tomar a rota mais curta poss\u00edvel, e um padr\u00e3o de fia\u00e7\u00e3o n\u00e3o angular para transmiss\u00e3o suave do sinal distinguem ainda mais o L-509Z. Rel\u00e9s de alto-falante grandes e de baixa resist\u00eancia s\u00e3o conectados em paralelo para transmitir a for\u00e7a motriz do substancial circuito de alimenta\u00e7\u00e3o e sa\u00edda. Al\u00e9m disso, um cabo ultragrosso \u00e9 conectado diretamente aos terminais do alto-falante para garantir transmiss\u00e3o de baixa imped\u00e2ncia, alcan\u00e7ando um fator de amortecimento de 330.<\/p>\n<p>Visualmente, o L-509Z \u00e9 um atordoamento. O painel superior de alum\u00ednio espesso ostenta um acabamento de linha fina requintado. Usinados um por um, grandes orif\u00edcios de ventila\u00e7\u00e3o fornecem dissipa\u00e7\u00e3o de calor eficiente. Quatro grandes p\u00e9s isolantes de ferro fundido aproveitam seu gradiente de densidade para proteger o chassi principal de vibra\u00e7\u00f5es indesejadas. E o elefante na sala \u2014 dois grandes medidores VU, brilhantemente iluminados por LEDs, fornecem um toque final que atrai os olhos para a a\u00e7\u00e3o. <\/p>\n<p>*LECUA-EX significa Luxman Electronically Controlled Ultimate Attenuator \u2013 Excelente experi\u00eancia<br \/>\nFonte de alimenta\u00e7\u00e3o altamente regulada<br \/>\nFonte de alimenta\u00e7\u00e3o altamente regulada<br \/>\nO L-509Z \u00e9 equipado com o circuito de alimenta\u00e7\u00e3o de energia tradicional e altamente est\u00e1vel da LUXMAN, apresentando um transformador El de 600 VA altamente regulado e personalizado e capacitores de filtro de grande capacidade recentemente desenvolvidos (10.000 \u03bcFx 8).<\/p>\n<p>Equalizador phono de alta qualidade<br \/>\nO circuito equalizador phono de alta qualidade integrado, que suporta cartuchos MM e MC, apresenta um novo interruptor de ganho de dois passos para selecionar entre configura\u00e7\u00f5es MC altas e baixas para acomodar uma gama mais ampla de cartuchos MC, enriquecendo a reprodu\u00e7\u00e3o de vinil de qualidade em termos de opera\u00e7\u00e3o e qualidade de som. E um bot\u00e3o Mute agora \u00e9 apresentado no painel frontal.<\/p>\n<p>Controle de tom de 3 bandas<br \/>\nAl\u00e9m de BASS e TREBLE, um novo controle MIDDLE eficaz na largura de banda de frequ\u00eancias de instrumentos vocais e principais foi inclu\u00eddo. Balan\u00e7o LR, linha reta, loudness e outras fun\u00e7\u00f5es tamb\u00e9m est\u00e3o convenientemente ao seu alcance.<\/p>\n<p>Tecnologia original, aten\u00e7\u00e3o especial<br \/>\nPlacas de circuito peel-coat s\u00e3o usadas para o caminho principal do sinal de \u00e1udio, eliminando os efeitos negativos do filme de revestimento que podem afetar adversamente a qualidade do som. Aten\u00e7\u00e3o \u00fanica foi dada a cada detalhe, como a constru\u00e7\u00e3o em linha reta, que configura os circuitos para tomar a rota mais curta poss\u00edvel, e um padr\u00e3o de fia\u00e7\u00e3o n\u00e3o angular para transmiss\u00e3o suave do sinal.<\/p>\n<p>Transmiss\u00e3o de baixa imped\u00e2ncia<br \/>\nRel\u00e9s de alto-falante grandes e de baixa resist\u00eancia s\u00e3o conectados em paralelo para transmitir a for\u00e7a motriz do circuito substancial de alimenta\u00e7\u00e3o e sa\u00edda. O cabo ultra-grosso interno de 3,5 mm2 \u00e9 conectado diretamente aos terminais do alto-falante para garantir transmiss\u00e3o de baixa imped\u00e2ncia, alcan\u00e7ando um fator de amortecimento de 330 (m\u00e9todo de inje\u00e7\u00e3o de corrente).<\/p>\n<p>Painel superior com acabamento em couro cabeludo de alta qualidade<br \/>\nO painel superior \u00e9 feito de alum\u00ednio ultra-grosso com um acabamento de linha fina requintado. Grandes furos de ventila\u00e7\u00e3o s\u00e3o cuidadosamente usinados um por um para garantir dissipa\u00e7\u00e3o de calor eficiente. Apoiando a unidade est\u00e3o quatro grandes p\u00e9s isolantes feitos de ferro fundido, seu gradiente de densidade protegendo o chassi principal de vibra\u00e7\u00f5es externas indesejadas.<\/p>\n<p>Medidor de n\u00edvel VU com movimento de agulha grande e LED de 7 segmentos<br \/>\nOs medidores VU anal\u00f3gicos do tipo movimento de agulha s\u00e3o uma declara\u00e7\u00e3o de design tradicional, caracterizando orgulhosamente os amplificadores integrados de estado s\u00f3lido da LUXMAN. O L-509Z \u00e9 equipado com dois medidores grandes, brilhantemente retroiluminados por LEDs, com caracter\u00edsticas de resposta sens\u00edveis. O display LED de 7 segmentos recentemente inclu\u00eddo entre os medidores de n\u00edvel esquerdo e direito exibe a quantidade de atenua\u00e7\u00e3o atual e \u00e9 facilmente vis\u00edvel da posi\u00e7\u00e3o de audi\u00e7\u00e3o.<\/p>\n<p>Sa\u00eddas de fones de ouvido com isolamento de aterramento<br \/>\nAl\u00e9m do terminal padr\u00e3o de \u03c66,3 mm, um terminal de \u03c64,4 mm com aterramento esquerdo e direito independente foi adicionado para um prazeroso uso do fone de ouvido. O uso de fones de ouvido equipados com cabo balanceado melhora a separa\u00e7\u00e3o e a localiza\u00e7\u00e3o do LR, envolvendo o ouvinte com um som tridimensional maravilhoso.<\/p>\n<p>Terminais de entrada\/sa\u00edda de alta qualidade<br \/>\nTerminais RCA de alta rigidez originais s\u00e3o usados \u200b\u200bpara LINE-1 e 2. Entradas e sa\u00eddas separadas para expans\u00e3o do sistema s\u00e3o fornecidas com duas pr\u00e9-sa\u00eddas. Dois terminais de sa\u00edda de alto-falante grandes com comuta\u00e7\u00e3o liga\/desliga independente permitem conectividade bi-wire.<\/p>\n<p>Controle remoto ergon\u00f4mico de alum\u00ednio<br \/>\nO controle remoto ergon\u00f4mico e substancial em liga de alum\u00ednio tamb\u00e9m pode operar tocadores de CD LUXMAN compat\u00edveis lan\u00e7ados ap\u00f3s 1996.<\/p>\n<p>&#8220;Sua mensagem \u00e9 clareza, equil\u00edbrio, coer\u00eancia, perfei\u00e7\u00e3o, quietude e uma certa invisibilidade \u2014 em sintonia, acredito, com uma est\u00e9tica de \u00e1udio japonesa de entregar m\u00fasica livre de artefatos, acima de tudo. \u00c0 medida que as tecnologias de supress\u00e3o de [distor\u00e7\u00e3o] em evolu\u00e7\u00e3o da Luxman tornam os amplificadores da empresa mais silenciosos, o que fica para tr\u00e1s \u00e9 pureza e foco.&#8221;<br \/>\n\u2014 Ken Micallef, Stereophile , Componente recomendado de Classe A<\/p>\n<p>ESPECIFICA\u00c7\u00d5ES<br \/>\nPot\u00eancia nominal de sa\u00edda: 120 W + 120 W (8\u03a9) \/ 220 W + 220 W (4\u03a9)<br \/>\nSensibilidade de entrada\/imped\u00e2ncia de entrada: PHONO (MM): 2,5 mV\/47 k\u03a9; PHONO (MC-H): 0,3 mV\/100 \u03a9; PHONO (MC-L): 0,1 mV\/40 \u03a9; LINHA: 180 mV\/47 k\u03a9; LINHA DE BALANCEAMENTO: 180 mV\/79 k\u03a9; ENTRADA PRINCIPAL: 1,1 V\/47 k\u03a9<br \/>\nTens\u00e3o de sa\u00edda: PRE OUT &#8211; 1V<br \/>\nResposta de frequ\u00eancia &#8211; PHONO: 20Hz a 20kHz (\u00b10,5dB); LINE: 20Hz a 100kHz (dentro de -3dB)<br \/>\nDistor\u00e7\u00e3o harm\u00f4nica total: 0,007% ou menos (8\u03a9, 1kHz); 0,03% ou menos (8\u03a9, 20Hz a 20kHz)<br \/>\nRela\u00e7\u00e3o S\/N (IHF-A) &#8211; PHONO (MM): 87dB ou mais; PHONO (MC-H): 70dB ou mais; PHONO (MC-L): 62dB ou mais; LINE: 106dB ou mais<br \/>\nAjuste de volume: LECUA-EX<br \/>\nCircuito de feedback de amplifica\u00e7\u00e3o: LIFES 1.0<br \/>\nConfigura\u00e7\u00e3o de sa\u00edda: Bipolar 4-paralelo push-pull<br \/>\nFator de amortecimento: 330<br \/>\nQuantidade m\u00e1xima de controle de tom: GRAVES: \u00b18dB a 100Hz; AGUDOS: \u00b18dB a 760Hz; AGUDOS: \u00b18dB a 10kHz<br \/>\nFonte de alimenta\u00e7\u00e3o: 230V~(50Hz) \/ 115V~(60Hz)<br \/>\nConsumo de energia: 390 W; 150 W (sem sinal), 0,5 W (em espera)<br \/>\nDimens\u00f5es externas: 440 (L) x 193 (A) x 463 (P) mm, bot\u00e3o frontal de 20 mm e terminal traseiro de 37 mm inclu\u00eddo na profundidade<br \/>\nPeso l\u00edquido: 29,4 kg (unidade principal)<br \/>\nAcess\u00f3rios: Controle remoto (RA-17A), Cabo de alimenta\u00e7\u00e3o<\/p>\n","protected":false},"excerpt":{"rendered":"<p>Se voc\u00ea nunca ouviu um amplificador integrado Luxman, n\u00e3o h\u00e1 realmente um lugar melhor para come\u00e7ar do que com o L-509Z. Feito \u00e0 m\u00e3o no Jap\u00e3o em graus febris, este componente de 64,8 libras produz verdadeiros 120 Wpc (em oito ohms) e aciona a maioria dos alto-falantes de ponta com facilidade sem esfor\u00e7o. O L-509Z [&hellip;]<\/p>\n","protected":false},"featured_media":18648,"template":"","meta":{"_acf_changed":false},"product_brand":[],"product_cat":[27,51,192],"product_tag":[],"class_list":{"0":"post-18647","1":"product","2":"type-product","3":"status-publish","4":"has-post-thumbnail","6":"product_cat-amplificador","7":"product_cat-integrado","8":"product_cat-luxman","10":"first","11":"instock","12":"sold-individually","13":"shipping-taxable","14":"purchasable","15":"product-type-simple"},"acf":[],"aioseo_notices":[],"_links":{"self":[{"href":"https:\/\/hificlub.com.br\/loja\/wp-json\/wp\/v2\/product\/18647","targetHints":{"allow":["GET"]}}],"collection":[{"href":"https:\/\/hificlub.com.br\/loja\/wp-json\/wp\/v2\/product"}],"about":[{"href":"https:\/\/hificlub.com.br\/loja\/wp-json\/wp\/v2\/types\/product"}],"wp:featuredmedia":[{"embeddable":true,"href":"https:\/\/hificlub.com.br\/loja\/wp-json\/wp\/v2\/media\/18648"}],"wp:attachment":[{"href":"https:\/\/hificlub.com.br\/loja\/wp-json\/wp\/v2\/media?parent=18647"}],"wp:term":[{"taxonomy":"product_brand","embeddable":true,"href":"https:\/\/hificlub.com.br\/loja\/wp-json\/wp\/v2\/product_brand?post=18647"},{"taxonomy":"product_cat","embeddable":true,"href":"https:\/\/hificlub.com.br\/loja\/wp-json\/wp\/v2\/product_cat?post=18647"},{"taxonomy":"product_tag","embeddable":true,"href":"https:\/\/hificlub.com.br\/loja\/wp-json\/wp\/v2\/product_tag?post=18647"}],"curies":[{"name":"wp","href":"https:\/\/api.w.org\/{rel}","templated":true}]}}