{"id":18640,"date":"2024-11-02T05:34:15","date_gmt":"2024-11-02T08:34:15","guid":{"rendered":"https:\/\/hificlub.com.br\/loja\/?post_type=product&#038;p=18640"},"modified":"2026-03-03T22:18:19","modified_gmt":"2026-03-04T01:18:19","slug":"luxman-l-505z-amplificador-integrado-mm-mc-phono-100-watts","status":"publish","type":"product","link":"https:\/\/hificlub.com.br\/loja\/produto\/luxman-l-505z-amplificador-integrado-mm-mc-phono-100-watts\/","title":{"rendered":"LUXMAN L-505Z Amplificador Integrado MM MC Phono 100 watts"},"content":{"rendered":"<p>Experimente o que fez do Luxman um destaque de ponta por dez d\u00e9cadas: o amplificador integrado L-505Z toca com pureza maravilhosa, apresenta palco fonogr\u00e1fico MM\/MC, circuito discreto, controle LECUA e muito mais<br \/>\nO que voc\u00ea faria se tivesse um 100\u00ba anivers\u00e1rio para comemorar? Se voc\u00ea \u00e9 um dos melhores fabricantes de \u00e1udio do mundo, voc\u00ea pode tentar trazer ainda mais pessoas para o grupo, fazendo um amplificador integrado que apregoa muito do desempenho, tecnologia e artesanato de assinatura pelos quais voc\u00ea \u00e9 conhecido \u2014 e precific\u00e1-lo em um n\u00edvel que o torna mais acess\u00edvel a uma gama maior de clientes.<\/p>\n<p>Foi exatamente isso que a Luxman fez com o L-505Z, o modelo de entrada da S\u00e9rie Z da empresa. Equipado com o Luxman Integrated Feedback Engine System (LIFES1.0), um controle de volume LECUA que se estende ao controle de balan\u00e7o e um excelente pr\u00e9-amplificador phono MM\/MC integrado com um primeiro est\u00e1gio paralelizado, o L-505Z oferece aos amantes da m\u00fasica uma solu\u00e7\u00e3o \u00fanica e sonoramente astuta para acionar alto-falantes e conectar componentes de fonte \u2014 bem como um componente com o qual voc\u00ea ficar\u00e1 feliz em conviver por muitos anos.<\/p>\n<p>Constru\u00eddo com especifica\u00e7\u00f5es rigorosas no Jap\u00e3o, o conservadoramente classificado 100Wpc L-505Z vem com circuito de buffer discreto e capacidade de alta corrente para o est\u00e1gio do pr\u00e9-amplificador para preservar a veracidade dos sinais delicados ao mesmo tempo em que fornece ampla energia e sa\u00edda na se\u00e7\u00e3o do amplificador de pot\u00eancia. Tamb\u00e9m dentro: Um transformador de pot\u00eancia tipo EI de 540VA incrivelmente est\u00e1vel combina com quatro capacitores de filtro personalizados de 10.000uF para fornecer capacidade de resposta instant\u00e2nea at\u00e9 mesmo para as din\u00e2micas mais desafiadoras em suas grava\u00e7\u00f5es.<\/p>\n<p>Focado na pureza, o L-505Z apregoa a topologia beeline para minimizar as passagens internas, fia\u00e7\u00e3o de cobre sem oxig\u00eanio para maior naturalismo e blindagem espiral para cada fio de n\u00facleo n\u00e3o revestido. E como pequenas varia\u00e7\u00f5es na imped\u00e2ncia de aterramento podem levar a manchas, o L-505Z adota uma estrutura de chassi sem loop que parece t\u00e3o boa quanto este amplificador soa. Mais evid\u00eancias da extens\u00e3o em que o L-505Z vai para definir novos precedentes em sua classe de pre\u00e7o: tra\u00e7os de circuito impresso assim\u00e9trico de cantos arredondados para transmiss\u00e3o suave, espa\u00e7amento de 18 mm entre terminais de entrada para acomodar interconex\u00f5es robustas e terminais de alto-falante em linha que permitem cabos de grande calibre.<\/p>\n<p>Na parte frontal do exterior, um display LED de sete segmentos e medidores VU iluminados em branco atemporais \u2014 ambos derrot\u00e1veis \u200b\u200b\u2014 adicionam toques de classe e praticidade. O elegante conjunto de bot\u00f5es e knobs se estende para ligar\/desligar, controles de tom grave e agudo (sim, voc\u00ea tamb\u00e9m os obt\u00e9m), controle de balan\u00e7o, sele\u00e7\u00e3o de alto-falante, sele\u00e7\u00e3o de cartucho e separado. N\u00e3o uma, mas duas entradas de fone de ouvido \u2014 uma de cinco condutores de 4,4 mm para aterramento independente direito\/esquerdo, a outra de um tipo padr\u00e3o de 6,3 mm \u2014 completam o painel frontal junto com os grandes e suaves bot\u00f5es de controle de volume e setor de entrada.<\/p>\n<p>Quando se trata de conectividade, a unidade robusta de 50 libras ostenta um par de entradas XLR balanceadas, quatro pares de entradas de n\u00edvel de linha RCA, uma entrada phono, inversores de fase e dois pares de terminais de alto-falante que permitem que voc\u00ea conecte dois pares de alto-falantes, se desejar. Uma entrada e sa\u00edda de gatilho de 12 volts combinam com sistemas de automa\u00e7\u00e3o residencial. A sa\u00edda do pr\u00e9-amplificador e a entrada do amplificador de pot\u00eancia permitem ainda mais flexibilidade na forma de bi-amplifica\u00e7\u00e3o e conex\u00e3o de subwoofer amplificado.<\/p>\n<p>Vendido com um controle remoto multifuncional de alum\u00ednio, o L-505Z exemplifica o que \u00e9 \u00e1udio de ponta. Voc\u00ea pode ler mais sobre a tecnologia de destaque nesta unidade abaixo. Teremos prazer em responder a quaisquer perguntas ou dar mais informa\u00e7\u00f5es sobre o L-505Z ou o pr\u00f3prio Luxman. Ligue para 312-433-0200 se quiser conversar.<\/p>\n<p>Atenuador controlado eletronicamente: LECUA<br \/>\nA se\u00e7\u00e3o de controle de volume \u00e9 crucial para a funcionalidade e o desempenho de um amplificador integrado e requer processamento de sinal dedicado. O L-505Z \u00e9 equipado com o atenuador controlado eletronicamente LECUA original e de alta clareza da Luxman, que adota uma configura\u00e7\u00e3o de circuito de estado s\u00f3lido (IC). O LECUA \u00e9 um sistema de controle de n\u00edvel ideal que minimiza as varia\u00e7\u00f5es na qualidade do \u00e1udio e permite um ajuste de volume suave e detalhado em 88 etapas. O controle de ajuste de equil\u00edbrio LR tamb\u00e9m depende da fun\u00e7\u00e3o de mudan\u00e7a de volume do LECUA. O LECUA consegue minimizar a deteriora\u00e7\u00e3o da qualidade do som em toda a faixa do controle de volume. A operabilidade intuitiva \u00e9 mantida enquanto vinculada \u00e0s opera\u00e7\u00f5es do controle remoto. Um bot\u00e3o de volume girat\u00f3rio tradicional atinge aquela resposta t\u00e1til e pesada e a sensa\u00e7\u00e3o operacional que os entusiastas apreciar\u00e3o, combinando conveni\u00eancia com operabilidade agrad\u00e1vel.<\/p>\n<p>Circuito de buffer discreto \u2014 e mais<br \/>\nO conceito de um \u201cdriver de amplificador de pot\u00eancia\u201d \u00e9 fundamental para o design de uma se\u00e7\u00e3o de pr\u00e9-amplificador, e emitir um sinal rico em energia \u00e9 seu estado ideal de opera\u00e7\u00e3o. O L-505Z \u00e9 equipado com circuito de buffer discreto e capacidade de fornecimento de alta corrente na sa\u00edda do est\u00e1gio do pr\u00e9-amplificador, mantendo a fidelidade de sinais musicais delicados enquanto melhora significativamente a energia de condu\u00e7\u00e3o e o desempenho do est\u00e1gio do amplificador de pot\u00eancia. O seletor de entrada controla um CI de comuta\u00e7\u00e3o com excelente separa\u00e7\u00e3o e baixa diafonia. O L-505Z alcan\u00e7ou um desenvolvimento dram\u00e1tico em musicalidade que supera em muito sua classe. Como a reprodu\u00e7\u00e3o de discos de vinil \u00e9 uma fonte contempor\u00e2nea importante, um circuito de amplificador EQ phono compat\u00edvel com MM\/MC de alta qualidade com um primeiro est\u00e1gio paralelizado \u00e9 fornecido para realizar a reprodu\u00e7\u00e3o anal\u00f3gica suprema.<\/p>\n<p>A comprovada tecnologia Luxman<br \/>\nL-505Z foi projetada com qualidade de som como prioridade m\u00e1xima em todos os detalhes, incluindo a fia\u00e7\u00e3o n\u00e3o angular nas placas de circuito que garante uma transmiss\u00e3o de corrente suave. A constru\u00e7\u00e3o Beeline informa a localiza\u00e7\u00e3o do componente, oferecendo a rota mais l\u00f3gica e mais curta para os sinais de \u00e1udio viajarem. Fia\u00e7\u00e3o interna usando cabo de cobre OFC que garante transmiss\u00e3o de sinal natural com blindagem espiral para cada fio central n\u00e3o revestido e uma estrutura de chassi sem loop que suprime varia\u00e7\u00f5es de imped\u00e2ncia de aterramento.<\/p>\n<p>Terminais de Fone de Ouvido com Aterramento Independente<br \/>\nAs fun\u00e7\u00f5es de reprodu\u00e7\u00e3o de fone de ouvido de alta qualidade do L-505Z suportam os ambientes de audi\u00e7\u00e3o mais \u00edntimos. Al\u00e9m de um terminal padr\u00e3o de \u03c66,3 mm, o L-505Z tem um terminal de \u03c64,4 mm com fia\u00e7\u00e3o de aterramento esquerda e direita independente e amplificadores desbalanceados separados, melhorando muito a separa\u00e7\u00e3o da esquerda para a direita. Ao conectar fones de ouvido e cabos compat\u00edveis, o ouvinte pode desfrutar de uma reprodu\u00e7\u00e3o aprimorada, tridimensional e de alta qualidade.<\/p>\n<p>ESPECIFICA\u00c7\u00d5ES<br \/>\nPot\u00eancia nominal de sa\u00edda: 100 W + 100 W (8\u03a9), 150 W + 150 W (4\u03a9)<br \/>\nSensibilidade de entrada\/imped\u00e2ncia de entrada: PHONO (MM): 2,5 mV\/47 k\u03a9, PHONO (MC): 0,3 mV\/100 \u03a9, LINE: 180 mV\/47 k\u03a9, BAL.LINE: 180 mV\/55 k\u03a9<br \/>\nENTRADA PRINCIPAL: 1V\/47k\u03a9<br \/>\nTens\u00e3o de sa\u00edda: PRE OUT 1V<br \/>\nResposta de frequ\u00eancia: PHONO 20Hz a 20kHz (\u00b10,5dB), LINE 20Hz a 100kHz (dentro de -3dB)<br \/>\nDistor\u00e7\u00e3o harm\u00f4nica total: 0,009% ou menos (8\u03a9, 1kHz), 0,09% ou menos (8\u03a9, 20Hz a 20kHz)<br \/>\nRela\u00e7\u00e3o S\/N (IHF-A): PHONO (MM) 87dB ou mais, PHONO (MC) 70dB ou mais, LINE 104dB ou mais<br \/>\nAjuste de volume: LECUA &#8220;Luxman Electronically Controlled Ultimate Attenuator&#8221;<br \/>\nCircuito de feedback de amplifica\u00e7\u00e3o: LIFES 1.0 &#8220;Luxman Integrated Feedback Engine System&#8221;<br \/>\nConfigura\u00e7\u00e3o de sa\u00edda: Push-pull paralelo bipolar<br \/>\nFator de amortecimento: 200<br \/>\nQuantidade m\u00e1xima de controle de tom: BASS \u00b18dB a 100Hz, TREBLE \u00b18dB a 10kHz<br \/>\nFonte de alimenta\u00e7\u00e3o: 230V~(50Hz) \/ 115V~(60Hz)<br \/>\nConsumo de energia: 330 W, 90 W (sem sinal), 0,5 W (em espera)<br \/>\nDimens\u00f5es externas: 440 (L) x 178 (A) x 454 (P) mm, bot\u00e3o frontal de 20 mm e terminal traseiro de 27 mm inclu\u00eddo na profundidade<br \/>\nPeso l\u00edquido: 49,6 lbs \/ 22,5 kg (unidade principal)<br \/>\nAcess\u00f3rios: Controle remoto (RA-17A), Cabo de alimenta\u00e7\u00e3o<\/p>\n","protected":false},"excerpt":{"rendered":"<p>Experimente o que fez do Luxman um destaque de ponta por dez d\u00e9cadas: o amplificador integrado L-505Z toca com pureza maravilhosa, apresenta palco fonogr\u00e1fico MM\/MC, circuito discreto, controle LECUA e muito mais O que voc\u00ea faria se tivesse um 100\u00ba anivers\u00e1rio para comemorar? Se voc\u00ea \u00e9 um dos melhores fabricantes de \u00e1udio do mundo, voc\u00ea [&hellip;]<\/p>\n","protected":false},"featured_media":18641,"template":"","meta":{"_acf_changed":false},"product_brand":[],"product_cat":[27,51,192],"product_tag":[],"class_list":{"0":"post-18640","1":"product","2":"type-product","3":"status-publish","4":"has-post-thumbnail","6":"product_cat-amplificador","7":"product_cat-integrado","8":"product_cat-luxman","10":"first","11":"instock","12":"sold-individually","13":"shipping-taxable","14":"purchasable","15":"product-type-simple"},"acf":[],"aioseo_notices":[],"_links":{"self":[{"href":"https:\/\/hificlub.com.br\/loja\/wp-json\/wp\/v2\/product\/18640","targetHints":{"allow":["GET"]}}],"collection":[{"href":"https:\/\/hificlub.com.br\/loja\/wp-json\/wp\/v2\/product"}],"about":[{"href":"https:\/\/hificlub.com.br\/loja\/wp-json\/wp\/v2\/types\/product"}],"wp:featuredmedia":[{"embeddable":true,"href":"https:\/\/hificlub.com.br\/loja\/wp-json\/wp\/v2\/media\/18641"}],"wp:attachment":[{"href":"https:\/\/hificlub.com.br\/loja\/wp-json\/wp\/v2\/media?parent=18640"}],"wp:term":[{"taxonomy":"product_brand","embeddable":true,"href":"https:\/\/hificlub.com.br\/loja\/wp-json\/wp\/v2\/product_brand?post=18640"},{"taxonomy":"product_cat","embeddable":true,"href":"https:\/\/hificlub.com.br\/loja\/wp-json\/wp\/v2\/product_cat?post=18640"},{"taxonomy":"product_tag","embeddable":true,"href":"https:\/\/hificlub.com.br\/loja\/wp-json\/wp\/v2\/product_tag?post=18640"}],"curies":[{"name":"wp","href":"https:\/\/api.w.org\/{rel}","templated":true}]}}