{"id":18508,"date":"2024-10-21T22:06:41","date_gmt":"2024-10-22T01:06:41","guid":{"rendered":"https:\/\/hificlub.com.br\/loja\/?post_type=product&#038;p=18508"},"modified":"2025-12-11T06:50:14","modified_gmt":"2025-12-11T09:50:14","slug":"rotel-rb-1590-class-ab-350-watts","status":"publish","type":"product","link":"https:\/\/hificlub.com.br\/loja\/produto\/rotel-rb-1590-class-ab-350-watts\/","title":{"rendered":"ROTEL RB-1590  Amplificador Stereo, Dual Mono, Class AB, 350 watts"},"content":{"rendered":"<p>O <strong>Rotel RB-1590<\/strong> \u00e9 um amplificador de pot\u00eancia est\u00e9reo de refer\u00eancia, representando o \u00e1pice do design de amplifica\u00e7\u00e3o da s\u00e9rie 15 da Rotel. Ele foi constru\u00eddo com a filosofia de entregar uma imensa quantidade de pot\u00eancia e corrente, combinada com a precis\u00e3o e o detalhe que a reprodu\u00e7\u00e3o de \u00e1udio de alta fidelidade exige.<\/p>\n<p>O Rotel RB-1590 \u00e9 o amplificador de pot\u00eancia est\u00e9reo <i>flagship<\/i> da s\u00e9rie 15 da Rotel, projetado para audi\u00f3filos que exigem controle e pot\u00eancia absolutos sobre suas caixas ac\u00fasticas.<\/p>\n<p><b>Algumas Caracter\u00edsticas T\u00e9cnicas<\/b><\/p>\n<ul>\n<li>Pot\u00eancia de Sa\u00edda: Entrega 350 Watts por canal em 8 Ohms.<\/li>\n<li>Topologia: Utiliza o design Classe AB para equilibrar efici\u00eancia e fidelidade sonora.<\/li>\n<li>Conectividade: Possui entradas XLR (balanceadas) e RCA (n\u00e3o-balanceadas).<\/li>\n<\/ul>\n<p><b>Conceito e Pot\u00eancia<\/b><\/p>\n<p>O principal objetivo do RB-1590 \u00e9 acionar qualquer caixa ac\u00fastica do mercado com facilidade, independentemente de qu\u00e3o dif\u00edcil seja sua carga ou qu\u00e3o baixo caia sua imped\u00e2ncia. Para atingir essa meta, a Rotel equipou o amplificador com uma fonte de alimenta\u00e7\u00e3o massiva. Isso inclui transformadores toroidais duplos, feitos sob medida e de grande porte, que garantem que o amplificador nunca fique sem a energia necess\u00e1ria para responder aos picos din\u00e2micos mais exigentes da m\u00fasica ou de trilhas sonoras de filmes.<\/p>\n<p><b>Design e Performance Sonora<\/b><\/p>\n<p>A constru\u00e7\u00e3o interna adota a topologia Classe AB, mas com componentes de alta qualidade e um design de circuito meticuloso para garantir que o som seja transparente, r\u00e1pido e extremamente detalhado. O resultado \u00e9 um som com grave profundo e bem controlado, m\u00e9dios articulados e agudos suaves. Ele possui entradas balanceadas (XLR) e n\u00e3o-balanceadas (RCA), oferecendo flexibilidade para conectar a diversos pr\u00e9-amplificadores.<\/p>\n<p>O Rotel RB-1590 \u00e9 um amplificador &#8220;<strong>muscle car<\/strong>&#8221; do \u00e1udio: ele tem for\u00e7a bruta ilimitada para controlar qualquer caixa, mas executa essa for\u00e7a com a fineza e o controle de um instrumento audi\u00f3filo.<\/p>\n<p><a href=\"https:\/\/hometheaterhifi.com\/reviews\/amplifier\/preamplifier\/rotel-rb1590-rc1590-preamplifier-power-amplifier-review\/\" target=\"_blank\" rel=\"noopener\"><img loading=\"lazy\" decoding=\"async\" class=\"alignnone wp-image-24021 \" src=\"https:\/\/hificlub.com.br\/loja\/wp-content\/uploads\/2025\/07\/Home-Theather-High-Fidelity-award.jpg\" alt=\"\" width=\"210\" height=\"88\" \/>\u00a0\u00a0\u00a0\u00a0 <\/a><a href=\"https:\/\/hometheaterreview.com\/rotel-rc-1590-stereo-preamplifier-and-rb-1590-stereo-amplifier-reviewed\/\" target=\"_blank\" rel=\"noopener\"><img loading=\"lazy\" decoding=\"async\" class=\"alignnone wp-image-22564\" src=\"https:\/\/hificlub.com.br\/loja\/wp-content\/uploads\/2023\/11\/awards-home-theater-review-A-3.png\" alt=\"\" width=\"264\" height=\"139\" srcset=\"https:\/\/hificlub.com.br\/loja\/wp-content\/uploads\/2023\/11\/awards-home-theater-review-A-3.png 310w, https:\/\/hificlub.com.br\/loja\/wp-content\/uploads\/2023\/11\/awards-home-theater-review-A-3-300x158.png 300w\" sizes=\"auto, (max-width: 264px) 100vw, 264px\" \/><\/a><\/p>\n","protected":false},"excerpt":{"rendered":"<p>O Rotel RB-1590 \u00e9 um amplificador de pot\u00eancia est\u00e9reo de refer\u00eancia, representando o \u00e1pice do design de amplifica\u00e7\u00e3o da s\u00e9rie 15 da Rotel. Ele foi constru\u00eddo com a filosofia de entregar uma imensa quantidade de pot\u00eancia e corrente, combinada com a precis\u00e3o e o detalhe que a reprodu\u00e7\u00e3o de \u00e1udio de alta fidelidade exige. O [&hellip;]<\/p>\n","protected":false},"featured_media":27238,"template":"","meta":{"_acf_changed":false},"product_brand":[],"product_cat":[27,28,24],"product_tag":[],"class_list":{"0":"post-18508","1":"product","2":"type-product","3":"status-publish","4":"has-post-thumbnail","6":"product_cat-amplificador","7":"product_cat-estereo","8":"product_cat-rotel","10":"first","11":"instock","12":"sold-individually","13":"shipping-taxable","14":"purchasable","15":"product-type-simple"},"acf":[],"aioseo_notices":[],"_links":{"self":[{"href":"https:\/\/hificlub.com.br\/loja\/wp-json\/wp\/v2\/product\/18508","targetHints":{"allow":["GET"]}}],"collection":[{"href":"https:\/\/hificlub.com.br\/loja\/wp-json\/wp\/v2\/product"}],"about":[{"href":"https:\/\/hificlub.com.br\/loja\/wp-json\/wp\/v2\/types\/product"}],"wp:featuredmedia":[{"embeddable":true,"href":"https:\/\/hificlub.com.br\/loja\/wp-json\/wp\/v2\/media\/27238"}],"wp:attachment":[{"href":"https:\/\/hificlub.com.br\/loja\/wp-json\/wp\/v2\/media?parent=18508"}],"wp:term":[{"taxonomy":"product_brand","embeddable":true,"href":"https:\/\/hificlub.com.br\/loja\/wp-json\/wp\/v2\/product_brand?post=18508"},{"taxonomy":"product_cat","embeddable":true,"href":"https:\/\/hificlub.com.br\/loja\/wp-json\/wp\/v2\/product_cat?post=18508"},{"taxonomy":"product_tag","embeddable":true,"href":"https:\/\/hificlub.com.br\/loja\/wp-json\/wp\/v2\/product_tag?post=18508"}],"curies":[{"name":"wp","href":"https:\/\/api.w.org\/{rel}","templated":true}]}}