{"id":18470,"date":"2024-10-18T05:34:03","date_gmt":"2024-10-18T08:34:03","guid":{"rendered":"https:\/\/hificlub.com.br\/loja\/?post_type=product&#038;p=18470"},"modified":"2026-03-03T22:18:19","modified_gmt":"2026-03-04T01:18:19","slug":"magico-m7","status":"publish","type":"product","link":"https:\/\/hificlub.com.br\/loja\/produto\/magico-m7\/","title":{"rendered":"MAGICO M7"},"content":{"rendered":"<p>O alto-falante Magico M7 \u00e9 um alto-falante de ch\u00e3o de quatro vias e seis drivers capaz de desempenho surpreendente. Apresentando a mais recente tecnologia de unidade de acionamento Magico, um gabinete de fibra de carbono e alum\u00ednio com formato org\u00e2nico e o mais recente Elliptical Symmetry Crossover, o M7 \u00e9 um tour de force da engenharia avan\u00e7ada de alto-falantes.<\/p>\n<p>O M7 foi concebido pelo fundador e CEO Alon Wolf como uma vers\u00e3o mais acess\u00edvel do M9 semi-ativo. A equipe de engenharia da Magico foi encarregada de criar o M7 totalmente passivo, capaz de uma qualidade de som nunca antes alcan\u00e7ada em um alto-falante de seu tamanho. A Magico alavancou ferramentas como um Klippel Near-Field Scanner e um vibr\u00f4metro Polytec Laser Doppler, entre muitas outras ferramentas avan\u00e7adas, juntamente com duas d\u00e9cadas de experi\u00eancia em design, criando os alto-falantes mais avan\u00e7ados do setor. O resultado do projeto de desenvolvimento do M7 surpreendeu os engenheiros da Magico. Na fase final de desenvolvimento na sala de audi\u00e7\u00e3o da Magico, o alto-falante Magico M7 provou ser muito mais do que a soma de sua consider\u00e1vel lista de materiais.<\/p>\n<p>Tweeter e m\u00e9dio alcance<\/p>\n<p>O M7 usa o tweeter projetado para o M9. Este driver de alta frequ\u00eancia de 28 mm utiliza um diafragma de ber\u00edlio com geometria otimizada. O diafragma \u00e9 ent\u00e3o revestido com diamante usando um processo de deposi\u00e7\u00e3o qu\u00edmica de vapor para empurrar o substrato de ber\u00edlio cada vez mais perto do ideal te\u00f3rico. Os engenheiros da Magico criaram um novo sistema de motor baseado em neod\u00edmio que resulta na menor distor\u00e7\u00e3o poss\u00edvel, capacidade din\u00e2mica massiva e manuseio de pot\u00eancia ainda maior do que os designs anteriores. Por fim, o desempenho ac\u00fastico da c\u00e2mara traseira foi aprimorado com modelagem FEA cuidadosa. O driver de m\u00e9dio alcance puro de 5\u201d no M7 apresenta um cone Nano-Tec Gen 8 formado por um n\u00facleo de favo de mel de alum\u00ednio intercalado com camadas externas e internas de fibra de carbono com infus\u00e3o de grafeno. O cone avan\u00e7ado \u00e9 suportado por um conjunto de cesta rec\u00e9m-projetado e um entorno de espuma inovador, este \u00faltimo para ajudar a atingir a integra\u00e7\u00e3o ideal de cone\/entorno. O resultado \u00e9 um tempo de estabiliza\u00e7\u00e3o mais r\u00e1pido e distor\u00e7\u00e3o impressionantemente baixa. O novo sistema de motor baseado em neod\u00edmio underhung usa dois \u00edm\u00e3s extragrandes para facilitar um campo magn\u00e9tico superestabilizado. Uma tampa de polo de cobre puro minimiza as correntes parasitas e maximiza a efici\u00eancia. Este novo desenvolvimento em tecnologia de driver de m\u00e9dio alcance define um novo padr\u00e3o para desempenho medido nos dom\u00ednios de frequ\u00eancia e tempo. Este \u00e9 o midrange de 5\u201d de mais alto desempenho j\u00e1 desenvolvido.<\/p>\n<p>M\u00e9dio e baixo<\/p>\n<p>O driver de m\u00e9dio-baixo de 9\u201d do M7 usa um conjunto de cesta rec\u00e9m-projetado junto com o cone Nano-Tec Gen 8 da Magico, consistindo de um n\u00facleo de alum\u00ednio-favo de mel intercalado com camadas externas e internas de fibra de carbono com infus\u00e3o de grafeno. Esta unidade de acionamento \u00e9 equipada com uma bobina de voz de 127 mm e um sistema de motor baseado em neod\u00edmio suspenso usando \u00edm\u00e3s extragrandes duplos. O formador de bobina de voz de tit\u00e2nio puro ventilado permite +\/-13 mm de movimento est\u00e1vel. Este driver de alta sensibilidade \u00e9 capaz de produzir 120 dB a 1 m em sua passagem de banda. Ao separar a regi\u00e3o de pot\u00eancia das oitavas mais baixas, a se\u00e7\u00e3o de m\u00e9dio-baixo do M7 d\u00e1 vida \u00e0 m\u00fasica de maneiras inigual\u00e1veis \u200b\u200bpor qualquer outro design, exceto pelo M9. O novo driver de baixo de 12\u201d do M7 usa um conjunto de cesta rec\u00e9m-projetado e um cone Nano-Tec Gen 8 Magico, que inclui um n\u00facleo de alum\u00ednio-favo de mel intercalado com camadas externas e internas de fibra de carbono refor\u00e7ada com grafeno. Esta unidade de acionamento tem uma bobina de voz de 127 mm, um sistema de motor baseado em neod\u00edmio suspenso usando um \u00edm\u00e3 extragrande e um \u00edm\u00e3 superior para obter um campo magn\u00e9tico superestabilizado. As pe\u00e7as incluem uma enorme tampa de cobre e um formador de bobina de voz de tit\u00e2nio ventilado, contribuindo para +\/-15 mm de movimento est\u00e1vel com sensibilidade muito alta. Uma nova aranha de material composto garante \u00f3tima dissipa\u00e7\u00e3o de calor sem distor\u00e7\u00e3o de balan\u00e7o. Este driver \u00e9 capaz de 120 dB SPL a 25 Hz medido a 1 m.<\/p>\n<p>Gabinete<\/p>\n<p>A pesquisa e o desenvolvimento cont\u00ednuos da Magico na elimina\u00e7\u00e3o da vibra\u00e7\u00e3o do gabinete e da energia armazenada realizaram v\u00e1rios avan\u00e7os inovadores. O design do gabinete do M7 simplesmente n\u00e3o \u00e9 poss\u00edvel usando m\u00e9todos comuns de constru\u00e7\u00e3o de estoque de chapas. O gabinete do M7 come\u00e7a com um casco monocoque de fibra de carbono concebido usando modelagem de An\u00e1lise de Elementos Finitos (FEA). Um defletor frontal de alum\u00ednio 6061-T6 m\u00faltiplo com amortecimento de camada restrita usando compostos aeroespaciais \u00e9 fixado a um defletor traseiro de alum\u00ednio com hastes de tens\u00e3o da frente para tr\u00e1s. O resultado \u00e9 um gabinete que produz resson\u00e2ncias internas insignificantes, permitindo uma quantidade m\u00ednima de amortecimento \u2014 novamente, um design otimizado conceitualmente e ent\u00e3o testado at\u00e9 ser aperfei\u00e7oado. O formato do defletor foi refinado at\u00e9 que quase nenhum efeito de difra\u00e7\u00e3o fosse mensur\u00e1vel. A estrutura geral do M7 resulta em resist\u00eancia m\u00e1xima em todos os eixos, com extrema rigidez e rigidez, juntamente com armazenamento m\u00ednimo de energia. O M7 possui, essencialmente, um gabinete silencioso.<\/p>\n<p>Crossover<\/p>\n<p>O Elliptical Symmetry Crossover (ESXO) da Magico \u00e9 usado em sua forma mais avan\u00e7ada e cara no M7. A rede de quatro vias cont\u00e9m componentes da Mundorf da Alemanha e da Duelund Coherent Audio da Dinamarca \u2014 apenas os melhores de seus tipos e valores foram selecionados. O crossover ESXO do M7 integra perfeitamente as seis unidades de acionamento em uma fonte de ponto virtual \u2014 os seis drivers soando como um todo completo. Um sistema de suporte personalizado desenvolvido especificamente para o M7 usa a tecnologia MPOD para fornecer uma pegada absolutamente est\u00e1vel, eliminando ru\u00eddos e alcan\u00e7ando acoplamento perfeito ao piso. Al\u00e9m disso, o sistema de suporte do M7 oferece um contraste visual sutil com o gabinete de fibra de carbono e alum\u00ednio. Por fim, na parte traseira de cada M7 h\u00e1 uma placa cromada com a assinatura de Alon Wolf. Isso sinaliza o endosso pessoal de Wolf a cada M7 que sai da f\u00e1brica da Magico.<\/p>\n<p>ESPECIFICA\u00c7\u00d5ES<\/p>\n<p>Complemento do driver:<br \/>\nTweeter com c\u00fapula de ber\u00edlio revestido de diamante de 1,1\u201d (2,8 cm) (x1)<br \/>\nCone Magico Nano-Tec Gen 8 de 5 polegadas com n\u00facleo de favo de mel de alum\u00ednio (x1)<br \/>\nCones Magico Nano-Tec Gen 8 de 9 polegadas com n\u00facleo de favo de mel de alum\u00ednio (x2)<br \/>\nCones Magico Nano-Tec Gen 8 de 12 polegadas com n\u00facleo de favo de mel de alum\u00ednio (x2)<\/p>\n<p>Sensibilidade: 92 dB<\/p>\n<p>Imped\u00e2ncia: 4 ohms<\/p>\n<p>Resposta de frequ\u00eancia: 18 Hz \u2013 50 kHz<\/p>\n<p>Pot\u00eancia: 50 W (m\u00edn.) a 2000 W (m\u00e1x.)<\/p>\n<p>Dimens\u00f5es: 65\u201d A x 29\u201d P x 19\u201d L (163 x 73 x 49 cm)<\/p>\n<p>Peso : 526 libras (239 kg) cada<\/p>\n","protected":false},"excerpt":{"rendered":"<p>O alto-falante Magico M7 \u00e9 um alto-falante de ch\u00e3o de quatro vias e seis drivers capaz de desempenho surpreendente. Apresentando a mais recente tecnologia de unidade de acionamento Magico, um gabinete de fibra de carbono e alum\u00ednio com formato org\u00e2nico e o mais recente Elliptical Symmetry Crossover, o M7 \u00e9 um tour de force da [&hellip;]<\/p>\n","protected":false},"featured_media":18476,"template":"","meta":{"_acf_changed":false},"product_brand":[],"product_cat":[17,139,18],"product_tag":[],"class_list":{"0":"post-18470","1":"product","2":"type-product","3":"status-publish","4":"has-post-thumbnail","6":"product_cat-caixas","7":"product_cat-magico","8":"product_cat-torres","10":"first","11":"instock","12":"sold-individually","13":"shipping-taxable","14":"product-type-simple"},"acf":[],"aioseo_notices":[],"_links":{"self":[{"href":"https:\/\/hificlub.com.br\/loja\/wp-json\/wp\/v2\/product\/18470","targetHints":{"allow":["GET"]}}],"collection":[{"href":"https:\/\/hificlub.com.br\/loja\/wp-json\/wp\/v2\/product"}],"about":[{"href":"https:\/\/hificlub.com.br\/loja\/wp-json\/wp\/v2\/types\/product"}],"wp:featuredmedia":[{"embeddable":true,"href":"https:\/\/hificlub.com.br\/loja\/wp-json\/wp\/v2\/media\/18476"}],"wp:attachment":[{"href":"https:\/\/hificlub.com.br\/loja\/wp-json\/wp\/v2\/media?parent=18470"}],"wp:term":[{"taxonomy":"product_brand","embeddable":true,"href":"https:\/\/hificlub.com.br\/loja\/wp-json\/wp\/v2\/product_brand?post=18470"},{"taxonomy":"product_cat","embeddable":true,"href":"https:\/\/hificlub.com.br\/loja\/wp-json\/wp\/v2\/product_cat?post=18470"},{"taxonomy":"product_tag","embeddable":true,"href":"https:\/\/hificlub.com.br\/loja\/wp-json\/wp\/v2\/product_tag?post=18470"}],"curies":[{"name":"wp","href":"https:\/\/api.w.org\/{rel}","templated":true}]}}