{"id":18458,"date":"2024-10-18T05:02:28","date_gmt":"2024-10-18T08:02:28","guid":{"rendered":"https:\/\/hificlub.com.br\/loja\/?post_type=product&#038;p=18458"},"modified":"2026-03-03T22:18:20","modified_gmt":"2026-03-04T01:18:20","slug":"magico-m6","status":"publish","type":"product","link":"https:\/\/hificlub.com.br\/loja\/produto\/magico-m6\/","title":{"rendered":"MAGICO M6"},"content":{"rendered":"<p>O M6 \u00e9 um alto-falante de ch\u00e3o, de tr\u00eas vias e cinco drivers, que estabelece um novo patamar de engenharia e vis\u00e3o de design na Magico.<\/p>\n<p>O novo M6 representa o \u00e1pice de tais esfor\u00e7os e um grande avan\u00e7o no design de alto-falantes. O aspecto mais atraente \u00e9 o gabinete monocoque de seis lados esculpido em fibra de carbono de \u00bd\u201d, aproveitando os mais recentes materiais e tecnologias aeroespaciais. Semelhante ao casco externo de um jato de ca\u00e7a F-35, esse m\u00e9todo de constru\u00e7\u00e3o aumenta a rela\u00e7\u00e3o resist\u00eancia-peso estrutural em um fator de 60, enquanto reduz o peso geral em 50% e produz dimens\u00f5es externas 30% menores sem comprometer o volume interno. As paredes internas e externas curvas minimizam as ondas estacion\u00e1rias internas e eliminam as difra\u00e7\u00f5es externas.<\/p>\n<p>Gabinete<br \/>\nQuatro tarugos maci\u00e7os de alum\u00ednio s\u00e3o meticulosamente usinados para produzir um exterior continuamente curvado sem \u00e2ngulos. Um defletor interno de alum\u00ednio usinado espesso suporta os drivers, enquanto dez hastes de tens\u00e3o de alum\u00ednio se estendem da frente para tr\u00e1s para enrijecer ainda mais o gabinete e eliminar a possibilidade de afrouxamento do hardware com o tempo.<\/p>\n<p>O novo gabinete M6 \u00e9 completamente selado e, em sua forma final, tem quase zero difra\u00e7\u00f5es, o que permite que as ondas sonoras propagadas pelos transdutores se dispersem naturalmente sem obstru\u00e7\u00e3o. Isso cria um campo sonoro que replica o do espa\u00e7o de grava\u00e7\u00e3o e permite que o alto-falante desapare\u00e7a completamente em seu ambiente.<\/p>\n<p>Um novo sub-gabinete em formato de corneta invertida, feito de composto patenteado de fibra de carbono, abriga o driver de m\u00e9dio alcance e fornece uma c\u00e2mara extremamente r\u00edgida, mas com amortecimento ideal, que dispersa ondas estacion\u00e1rias internas sem a necessidade de materiais de amortecimento interno abundantes.<\/p>\n<p>Uma ligeira curvatura no defletor frontal usinado melhora a integra\u00e7\u00e3o perfeita de todos os cinco drivers e fornece uma apar\u00eancia geral elegante. A base MPOD de 3 pontos rec\u00e9m-projetada fornece uma plataforma de acoplamento perfeita ao piso e suporta o M6 como se estivesse flutuando no espa\u00e7o.<\/p>\n<p>Tweeter e Drivers<br \/>\nO M6 incorpora um diafragma de ber\u00edlio revestido de diamante de 28 mm com geometria otimizada, criado usando ferramentas de modelagem de An\u00e1lise de Elementos Finitos de \u00faltima gera\u00e7\u00e3o que elevam a reprodu\u00e7\u00e3o de alta frequ\u00eancia do M6 um passo mais perto da perfei\u00e7\u00e3o. Isso foi alcan\u00e7ado alavancando habilmente as propriedades f\u00edsicas do ber\u00edlio, tornando o tweeter mais pr\u00f3ximo do ideal te\u00f3rico sem ganhar o peso extra normalmente associado \u00e0 gravidade espec\u00edfica do diamante. Combinado com um novo sistema de motor e uma nova c\u00e2mara traseira acusticamente melhorada, o tweeter M6 tem as menores medi\u00e7\u00f5es de distor\u00e7\u00e3o de qualquer transdutor de alta frequ\u00eancia.<\/p>\n<p>O driver de m\u00e9dio alcance M6 (6 polegadas) apresenta o material de cone superior \u00e0 base de grafeno da Magico, que \u00e9 30% mais leve e 300% mais r\u00edgido do que seus antecessores. Este driver utiliza um sistema de motor baseado em neod\u00edmio com estruturas de \u00edm\u00e3 duplo para garantir um campo magn\u00e9tico perfeitamente estabilizado de 1,7 Tesla em um espa\u00e7o de ar de 15 mm, culminando em uma bobina de voz de tit\u00e2nio ventilada pura. O driver de m\u00e9dio alcance tem +\/- 6 mm de capacidade de excurs\u00e3o estabilizada em sensibilidade muito alta, permitindo 120 dB \/ 1 M de desempenho de reprodu\u00e7\u00e3o sem distor\u00e7\u00e3o<\/p>\n<p>Crossover<br \/>\nTodos os cinco drivers no M6 s\u00e3o acusticamente integrados usando a topologia exclusiva Elliptical Symmetry Crossover da Magico, que utiliza componentes de \u00faltima gera\u00e7\u00e3o da Mundorf da Alemanha. A rede divis\u00f3ria maximiza a largura de banda de frequ\u00eancia, preservando a linearidade de fase e minimizando a distor\u00e7\u00e3o de intermodula\u00e7\u00e3o. O desempenho individual do driver e o alto-falante em sua forma final s\u00e3o testados e otimizados para comportamentos ac\u00fasticos, mec\u00e2nicos, eletromagn\u00e9ticos e t\u00e9rmicos usando o mais recente equipamento de teste de simula\u00e7\u00e3o de An\u00e1lise de Elementos Finitos de \u00faltima gera\u00e7\u00e3o.<\/p>\n<p>Especifica\u00e7\u00f5es<br \/>\nComplemento do driver:<\/p>\n<p>1 x 1,10&#8243; (2,794 cm) Tweeter com c\u00fapula de ber\u00edlio revestido de diamante<\/p>\n<p>1 x 6&#8243; (15,24 cm) Cone XG Nanographene Midrange<\/p>\n<p>3 x 10,5&#8243; (26,67 cm) Cone XG Nanographene Bass<\/p>\n<p>Sensibilidade: 91dB<\/p>\n<p>Imped\u00e2ncia: 4 Ohms<\/p>\n<p>Pot\u00eancia m\u00ednima recomendada:<\/p>\n<p>30 watts<br \/>\nDimens\u00f5es:<\/p>\n<p>57&#8243;A x 26&#8243;P x 20W<\/p>\n<p>(143cm x 66cm x 51\/38cm)<\/p>\n<p>Peso: 390 libras (177 kg)<\/p>\n","protected":false},"excerpt":{"rendered":"<p>O M6 \u00e9 um alto-falante de ch\u00e3o, de tr\u00eas vias e cinco drivers, que estabelece um novo patamar de engenharia e vis\u00e3o de design na Magico. O novo M6 representa o \u00e1pice de tais esfor\u00e7os e um grande avan\u00e7o no design de alto-falantes. O aspecto mais atraente \u00e9 o gabinete monocoque de seis lados esculpido [&hellip;]<\/p>\n","protected":false},"featured_media":18459,"template":"","meta":{"_acf_changed":false},"product_brand":[],"product_cat":[17,139,18],"product_tag":[],"class_list":{"0":"post-18458","1":"product","2":"type-product","3":"status-publish","4":"has-post-thumbnail","6":"product_cat-caixas","7":"product_cat-magico","8":"product_cat-torres","10":"first","11":"instock","12":"sold-individually","13":"shipping-taxable","14":"product-type-simple"},"acf":[],"aioseo_notices":[],"_links":{"self":[{"href":"https:\/\/hificlub.com.br\/loja\/wp-json\/wp\/v2\/product\/18458","targetHints":{"allow":["GET"]}}],"collection":[{"href":"https:\/\/hificlub.com.br\/loja\/wp-json\/wp\/v2\/product"}],"about":[{"href":"https:\/\/hificlub.com.br\/loja\/wp-json\/wp\/v2\/types\/product"}],"wp:featuredmedia":[{"embeddable":true,"href":"https:\/\/hificlub.com.br\/loja\/wp-json\/wp\/v2\/media\/18459"}],"wp:attachment":[{"href":"https:\/\/hificlub.com.br\/loja\/wp-json\/wp\/v2\/media?parent=18458"}],"wp:term":[{"taxonomy":"product_brand","embeddable":true,"href":"https:\/\/hificlub.com.br\/loja\/wp-json\/wp\/v2\/product_brand?post=18458"},{"taxonomy":"product_cat","embeddable":true,"href":"https:\/\/hificlub.com.br\/loja\/wp-json\/wp\/v2\/product_cat?post=18458"},{"taxonomy":"product_tag","embeddable":true,"href":"https:\/\/hificlub.com.br\/loja\/wp-json\/wp\/v2\/product_tag?post=18458"}],"curies":[{"name":"wp","href":"https:\/\/api.w.org\/{rel}","templated":true}]}}