{"id":18385,"date":"2024-10-16T06:21:32","date_gmt":"2024-10-16T09:21:32","guid":{"rendered":"https:\/\/hificlub.com.br\/loja\/?post_type=product&#038;p=18385"},"modified":"2026-03-13T06:33:58","modified_gmt":"2026-03-13T09:33:58","slug":"eversolo-dmp-a6-streamer-dac","status":"publish","type":"product","link":"https:\/\/hificlub.com.br\/loja\/produto\/eversolo-dmp-a6-streamer-dac\/","title":{"rendered":"EVERSOLO DMP-A6  Streamer DAC"},"content":{"rendered":"<p>Ap\u00f3s anos em desenvolvimento, o DMP-A6 resolveu os tradicionais problemas dos streamers, pelo que d\u00e1 in\u00edcio a uma nova era. O DMP-A6 \u00e9 um aparelho do tipo tudo-em-um, tem um processador de quatro n\u00facleos, uma enorme capacidade de mem\u00f3ria e foi afinado para a reprodu\u00e7\u00e3o de m\u00fasicas no formato lossless. Apresenta v\u00e1rias entradas e sa\u00eddas digitais, sa\u00eddas HDMI DSD em multicanal, DACs profissionais duplos ESS9038Q2M, circuitos diferenciais totalmente balanceados e uma afina\u00e7\u00e3o \u00e1udio profissional. Tudo isto contribui para um desempenho superior do DMP-A6, o que, para os amantes da m\u00fasica, significa uma experi\u00eancia sem precedentes nos servi\u00e7os de streaming, na gest\u00e3o das suas m\u00fasicas, na utiliza\u00e7\u00e3o da aplica\u00e7\u00e3o dedicada e no controlo exclusivo de todo o sistema.<\/p>\n<p>Vis\u00e3o geral de funcionamento<br \/>\nChassi s\u00f3lido em liga de alum\u00ednio, painel escovado.<br \/>\nProcessador profissional ARM Cortex-A55 quad-core.<br \/>\nGrande tela sens\u00edvel ao toque LCD colorida de 6 &#8220;, f\u00e1cil controle.<br \/>\nBaseado no Android 11, sistema profundamente personalizado .<br \/>\nGrande mem\u00f3ria 4GDDR+32GeMMC para grandes quantidades de aplica\u00e7\u00f5es.<br \/>\nSuporta SSD M.2 NVME 3.0 (n\u00e3o inclu\u00eddo), at\u00e9 4 TB.<br \/>\n2xES9038Q2M DAC para decodifica\u00e7\u00e3o est\u00e9reo independente.<br \/>\nSuporta DSD512 nativo, PCM768KHz@32Bit, decodifica\u00e7\u00e3o completa MQA.<br \/>\nA 3\u00aa gera\u00e7\u00e3o XU316 para maior desempenho e velocidade de processamento.<br \/>\nProcessamento s\u00edncrono de clock duplo de baixa instabilidade com maior precis\u00e3o.<br \/>\nCircuito totalmente balanceado, XLR balanceado e sa\u00edda pr\u00e9- amplificada RCA de alta fidelidade de termina\u00e7\u00e3o \u00fanica .<br \/>\n2 chips DOH, suportam sa\u00edda HDMI DSD Native e D2P multicanal (at\u00e9 5.1).<br \/>\nM\u00f3dulo Bluetooth 5.0 Qualcomm QCC5125.<br \/>\nBaixo ru\u00eddo, fonte de alimenta\u00e7\u00e3o de alta qualidade , fornecendo fonte de energia pura para circuitos de \u00e1udio.<br \/>\nSuporte para masteriza\u00e7\u00e3o de \u00e1udio para formatos DSD (.dsf\/.dff\/.iso\/.dst), APE, FLAC, WAV, MQA, etc.<br \/>\nSuporta reprodu\u00e7\u00e3o de 2 canais e multicanal sem intervalos (FLAC, WAV)<br \/>\nGerenciamento personalizado de m\u00fasica, correspond\u00eancia de letras e correspond\u00eancia de dados musicais.<br \/>\nMecanismo de \u00e1udio EOS desenvolvido pela Eversolo, ignorando globalmente as restri\u00e7\u00f5es SRC.<br \/>\nSuporte a \u00e1udio direto em aplicativos de terceiros (o Apple Music contrata sa\u00edda direta ) .<br \/>\nSuporte completo de decodifica\u00e7\u00e3o e renderiza\u00e7\u00e3o para MQA em entradas \u00f3pticas, coaxiais e USB, etc.<br \/>\nSuporta sa\u00edda de \u00e1udio digital USB, \u00f3ptico, coaxial e HDMI com resolu\u00e7\u00e3o Bit-perfect.<br \/>\nSuporte a unidade \u00f3ptica USB externa para reprodu\u00e7\u00e3o e extra\u00e7\u00e3o de CDs.<br \/>\nServi\u00e7os de m\u00fasica Tidal, Qobuz, Highresaudio, Amazon etc.<br \/>\nSuporte para Roon Ready, Tidal Connect, etc.<br \/>\nSuporta reprodu\u00e7\u00e3o de m\u00fasica via DLNA.<br \/>\nSuporta protocolos NFS, SMB, Web DAV, UPnP para acessar dispositivos de armazenamento compartilhados na LAN.<br \/>\nSuporte ao servi\u00e7o de compartilhamento de m\u00eddia de rede SMB integrado para f\u00e1cil compartilhamento de m\u00eddia local.<br \/>\nAplicativo m\u00f3vel exclusivo para celulares e tablets Android \/ IOS.<\/p>\n<p>ESPECIFICA\u00c7\u00d5ES:<\/p>\n<p>EVERSOLO DMP-A6<br \/>\nTela de toque LCD de 6\u2033<br \/>\nMem\u00f3ria Interna 4GDDR4 + 32GeMMC<br \/>\nProcessador de \u00e1udio DAC ES 9038Q2M 2 XMOS XU316Op-amp<br \/>\nChipOPA1642<br \/>\nFonte de alimenta\u00e7\u00e3o Fontes de alimenta\u00e7\u00e3o chaveadas de baixo ru\u00eddo e alta qualidade<br \/>\nProtocolo SSDM.2 NVME 3.0 2280, at\u00e9 4 TB<br \/>\nPorta USB-AUSB3.0 x 2<br \/>\nEthernet RJ-45 (10\/100\/1000Mbps)<br \/>\nWi-FiWiFi 2.4G+5G banda dupla<br \/>\nReprodu\u00e7\u00e3o e decodifica\u00e7\u00e3o DACSuporta at\u00e9 DSD512 est\u00e9reo, PCM 768KHz 32Bit, MQAMusic ServiceTidal, Qobuz, Highresaudio, Amazon, WebDAV, UPnPStreamingAir Play, DLNA, Spotify, Tidal Connect, Qobuz Connect etc.<br \/>\nEntrada de \u00e1udio BluetoothBLuetooth BT5.0, suporte SBC\/AAC\/aptX\/aptX LL\/aptX HD\/LDACEntrada de \u00e1udio USB-CCompatibilidade de \u00e1udio USB: Windows (7, 10), Mac, Android, IOS<br \/>\nSuporta at\u00e9 DSD512 est\u00e9reo, PCM 768KHz 32Bit, MQA<br \/>\nEntrada de \u00e1udio \u00f3ptica\/coaxialSuporta at\u00e9 PCM est\u00e9reo 192KHz 24 bits, DSD64 Dop, MQASa\u00edda de \u00e1udio \u00f3ptica\/coaxialSuporta at\u00e9 PCM est\u00e9reo 192KHz 24 bits, DSD64 Dop, MQASa\u00edda de \u00e1udio HDMIDSD64 Sa\u00edda bruta multicanal nativa\/PCM192KHz multicanal (at\u00e9 5.1)<br \/>\nM\u00e9todo de controle Aplicativo m\u00f3vel, controle de tela sens\u00edvel ao toque<br \/>\n\u00c1udio de sa\u00edda XLR<br \/>\nCaracter\u00edsticas N\u00edvel de sa\u00edda: 5,2V<br \/>\nResposta de frequ\u00eancia: 20Hz a 20KHz<br \/>\nFaixa din\u00e2mica: 128db<br \/>\nSNR 128dB<br \/>\nDTH+N 0,00009%<br \/>\nDiafonia: 125dB<br \/>\nCaracter\u00edsticas de \u00e1udio de sa\u00edda RCA N\u00edvel de sa\u00edda: 2,6V<br \/>\nFaixa din\u00e2mica: 124db<br \/>\nSNR: 124dB<br \/>\nDiafonia: 124dB<br \/>\nFonte de alimenta\u00e7\u00e3o CA 110\/240 V 50\/60 Hz<br \/>\nPot\u00eancia nominal 13W<br \/>\nDimens\u00f5es C 187 mm X L 270 mm X A 90 mm<\/p>\n<p>Lista de embalagem<br \/>\nCabo de alimenta\u00e7\u00e3o 1<br \/>\nCabo USB 1<br \/>\nChave de fenda 1<br \/>\nmanual do usu\u00e1rio 1<\/p>\n","protected":false},"excerpt":{"rendered":"<p>Ap\u00f3s anos em desenvolvimento, o DMP-A6 resolveu os tradicionais problemas dos streamers, pelo que d\u00e1 in\u00edcio a uma nova era. O DMP-A6 \u00e9 um aparelho do tipo tudo-em-um, tem um processador de quatro n\u00facleos, uma enorme capacidade de mem\u00f3ria e foi afinado para a reprodu\u00e7\u00e3o de m\u00fasicas no formato lossless. Apresenta v\u00e1rias entradas e sa\u00eddas [&hellip;]<\/p>\n","protected":false},"featured_media":18386,"template":"","meta":{"_acf_changed":false},"product_brand":[],"product_cat":[43,41,225,142],"product_tag":[],"class_list":{"0":"post-18385","1":"product","2":"type-product","3":"status-publish","4":"has-post-thumbnail","6":"product_cat-dac","7":"product_cat-digital","8":"product_cat-eversolo","9":"product_cat-streamers","11":"first","12":"instock","13":"sold-individually","14":"shipping-taxable","15":"purchasable","16":"product-type-simple"},"acf":[],"aioseo_notices":[],"_links":{"self":[{"href":"https:\/\/hificlub.com.br\/loja\/wp-json\/wp\/v2\/product\/18385","targetHints":{"allow":["GET"]}}],"collection":[{"href":"https:\/\/hificlub.com.br\/loja\/wp-json\/wp\/v2\/product"}],"about":[{"href":"https:\/\/hificlub.com.br\/loja\/wp-json\/wp\/v2\/types\/product"}],"wp:featuredmedia":[{"embeddable":true,"href":"https:\/\/hificlub.com.br\/loja\/wp-json\/wp\/v2\/media\/18386"}],"wp:attachment":[{"href":"https:\/\/hificlub.com.br\/loja\/wp-json\/wp\/v2\/media?parent=18385"}],"wp:term":[{"taxonomy":"product_brand","embeddable":true,"href":"https:\/\/hificlub.com.br\/loja\/wp-json\/wp\/v2\/product_brand?post=18385"},{"taxonomy":"product_cat","embeddable":true,"href":"https:\/\/hificlub.com.br\/loja\/wp-json\/wp\/v2\/product_cat?post=18385"},{"taxonomy":"product_tag","embeddable":true,"href":"https:\/\/hificlub.com.br\/loja\/wp-json\/wp\/v2\/product_tag?post=18385"}],"curies":[{"name":"wp","href":"https:\/\/api.w.org\/{rel}","templated":true}]}}