{"id":1832,"date":"2023-10-17T19:57:54","date_gmt":"2023-10-17T22:57:54","guid":{"rendered":"https:\/\/hificlub.com.br\/loja2\/produto\/audio-research-reference-5-valvulado\/"},"modified":"2025-06-11T06:04:55","modified_gmt":"2025-06-11T09:04:55","slug":"audio-research-reference-5-valvulado","status":"publish","type":"product","link":"https:\/\/hificlub.com.br\/loja\/produto\/audio-research-reference-5-valvulado\/","title":{"rendered":"AUDIO RESEARCH REFERENCE 5  Valvulado"},"content":{"rendered":"<p>COR: PRATA<br \/>\nCONDI\u00c7\u00c3O: 9\/10<\/p>\n<p>O REF 5 \u00e9 o modelo mais recente de uma s\u00e9rie dos melhores e mais bem-sucedidos pr\u00e9-amplificadores de est\u00e1gio de linha j\u00e1 feitos.\u00a0Do REF1 ao REF2, do REF3 ao REF5, cada um foi constru\u00eddo sobre o legado de seu antecessor como o pr\u00e9-amplificador de est\u00e1gio de linha de n\u00edvel de refer\u00eancia mais procurado.\u00a0O REF5 redefine claramente o estado da arte a um pre\u00e7o que n\u00e3o \u00e9 barato, mas representa um valor extraordin\u00e1rio.\u00a0Como todo produto da Audio Research, ele \u00e9 feito \u00e0 m\u00e3o por artes\u00e3os em nossas instala\u00e7\u00f5es em Minnesota.<\/p>\n<p>O REF3 foi um avan\u00e7o sonoro quando foi lan\u00e7ado em 2004 e permaneceu no n\u00edvel superior de pr\u00e9-amplificadores desde ent\u00e3o, e \u00e9 por isso que o REF5 vai surpreender os ouvintes com seu enorme avan\u00e7o na qualidade do som.\u00a0O REF5 possui grande largura de banda e poder de resolu\u00e7\u00e3o combinados com uma pureza e naturalidade que s\u00e3o incr\u00edveis \u2013 gr\u00e3os e artefatos eletr\u00f4nicos est\u00e3o simplesmente ausentes.\u00a0O impacto, a profundidade e o controle dos graves s\u00e3o surpreendentes, enquanto a m\u00fasica flui e reflui com uma vida din\u00e2mica que raramente \u00e9 experimentada fora da sala de concertos.\u00a0Embora as diferen\u00e7as nas grava\u00e7\u00f5es sejam imediatamente aparentes, o REF5 conecta voc\u00ea \u00e0 inten\u00e7\u00e3o dos m\u00fasicos e \u00e0 alma da performance, atraindo voc\u00ea. A m\u00fasica emerge de um fundo totalmente preto porque o REF5 &#8211; desafiando sua arquitetura de tubo de v\u00e1cuo &#8211; \u00e9 totalmente silencioso .<\/p>\n<p>Os indiv\u00edduos familiarizados com os modelos anteriores notar\u00e3o alguns refinamentos cosm\u00e9ticos no &#8220;visual&#8221; da Audio Research, incluindo al\u00e7as prateadas e v\u00e1rias outras mudan\u00e7as sutis.\u00a0O grande e leg\u00edvel visor fluorescente a v\u00e1cuo permanece inalterado em rela\u00e7\u00e3o ao seu antecessor e mant\u00e9m a capacidade de ser escurecido ou desligado.\u00a0Quando a tela est\u00e1 desligada, nove pequenos pixels permanecem acesos no centro como um lembrete discreto de que a unidade est\u00e1 ligada.\u00a0Sob o display est\u00e3o seis bot\u00f5es de controle para Power, Processor, BAL\/SE, Mono, Invert e Mute.\u00a0O controle remoto controla todas essas fun\u00e7\u00f5es, al\u00e9m de equil\u00edbrio esquerda-direita, horas de tubo e intensidade de exibi\u00e7\u00e3o.<\/p>\n<p>O REF5 \u00e9 apenas o segundo pr\u00e9-amplificador Reference a ter sua placa principal disposta horizontalmente, depois do REF Phono2, com seus transformadores fora da placa e montados nas laterais do chassi.\u00a0O novo circuito de \u00e1udio \u00e9 totalmente balanceado, puro triodo Classe A, com feedback zero.\u00a0O complemento valvulado inclui quatro 6H30s no est\u00e1gio anal\u00f3gico, com um 6550 e um 6H30 na fonte de alimenta\u00e7\u00e3o.\u00a0O armazenamento maci\u00e7o de energia, o m\u00e1ximo de qualquer pr\u00e9-amplificador de refer\u00eancia, fornece uma tremenda capacidade din\u00e2mica.\u00a0O ganho total \u00e9 de 12dB nas sa\u00eddas balanceadas e 6dB nas sa\u00eddas simples.<\/p>\n<p>Existem seis conjuntos de entradas balanceadas e de termina\u00e7\u00e3o \u00fanica, al\u00e9m de uma entrada de processador dedicada com ganho unit\u00e1rio para ser usada como passagem do processador.\u00a0Uma sa\u00edda de registro \u00e9 fornecida junto com dois conjuntos de sa\u00eddas principais.\u00a0Existem conectores de entrada\/sa\u00edda de 12 V para ligar e desligar remotamente o pr\u00e9-amplificador e outros componentes vinculados com recursos semelhantes.\u00a0Este \u00e9 um produto muito flex\u00edvel.<\/p>\n<p>Como seus predecessores, o REF5 ir\u00e1 redefinir a paisagem do pr\u00e9-amplificador.\u00a0Com seu pedigree impec\u00e1vel, grande qualidade de constru\u00e7\u00e3o e sua capacidade de transformar qualquer sistema em que seja colocado, o REF5 \u00e9 um produto que exige ser ouvido.\u00a0Audi\u00e7\u00e3o um em breve.<\/p>\n<p><strong>ESPECIFICA\u00c7\u00d5ES<\/strong><\/p>\n<div class=\"model-specifications-section__specification\">\n<div class=\"sub-label\">RESPOSTA DE FREQU\u00caNCIA<\/div>\n<div class=\"model-specifications-section__specification-value\">REF5: +0 -3dB 0,2Hz a 200kHz na sa\u00edda nominal.\u00a0(Balanceado, carga de 200k ohms).\u00a0REF55 SE: +0-3dB, 0,5Hz a 200kHz na sa\u00edda nominal (balanceado, carga de 200k ohms).<\/div>\n<\/div>\n<div class=\"model-specifications-section__specification\">\n<div class=\"sub-label\">DISTOR\u00c7\u00c3O (THD)<\/div>\n<div class=\"model-specifications-section__specification-value\">Menos de 0,01% em sa\u00edda balanceada de 2V RMS.<\/div>\n<\/div>\n<div class=\"model-specifications-section__specification\">\n<div class=\"sub-label\">RU\u00cdDO E ZUMBIDO<\/div>\n<div class=\"model-specifications-section__specification-value\">1,7\u00b5V RMS residual IHF ponderado equivalente ao ru\u00eddo de entrada balanceado com volume em 1 (109dB abaixo da sa\u00edda de 2V RMS).<\/div>\n<\/div>\n<div class=\"model-specifications-section__specification\">\n<div class=\"sub-label\">GANHO<\/div>\n<div class=\"model-specifications-section__specification-value\">REF5: Sa\u00edda principal: (entrada SE ou BAL): 12dB Sa\u00edda balanceada, 6dB Sa\u00edda simples.\u00a0Sa\u00edda de fita: 0dB.\u00a0(Entrada do processador: 0dB balanceado).\u00a0REF5 SE: Sa\u00edda principal: sa\u00edda balanceada 12dB, sa\u00edda SE 6dB.\u00a0Sa\u00edda de fita: 0dB.\u00a0(Entrada do processador: sa\u00edda 0dB SE).<\/div>\n<\/div>\n<div class=\"model-specifications-section__specification\">\n<div class=\"sub-label\">IMPED\u00c2NCIA DE ENTRADA<\/div>\n<div class=\"model-specifications-section__specification-value\">120K ohms Balanceado, 60K ohms SE<\/div>\n<\/div>\n<div class=\"model-specifications-section__specification\">\n<div class=\"sub-label\">IMPED\u00c2NCIA DE SA\u00cdDA<\/div>\n<div class=\"model-specifications-section__specification-value\">600 ohms Balanceado, 300 ohms SE principal (2), carga m\u00ednima de 20K ohms e capacit\u00e2ncia m\u00e1xima de 2000pF.<\/div>\n<\/div>\n<div class=\"model-specifications-section__specification\">\n<div class=\"sub-label\">POLARIDADE DE SA\u00cdDA<\/div>\n<div class=\"model-specifications-section__specification-value\">N\u00e3o inversora<\/div>\n<\/div>\n<div class=\"model-specifications-section__specification\">\n<div class=\"sub-label\">ENTRADAS M\u00c1XIMAS<\/div>\n<div class=\"model-specifications-section__specification-value\">20V RMS m\u00e1ximo Balanceado, 10V RMS SE.<\/div>\n<\/div>\n<div class=\"model-specifications-section__specification\">\n<div class=\"sub-label\">SA\u00cdDAS CLASSIFICADAS<\/div>\n<div class=\"model-specifications-section__specification-value\">2V RMS (1V RMS SE) em carga balanceada de 200K ohm (a capacidade m\u00e1xima de sa\u00edda balanceada \u00e9 de 30V RMS a menos de 0,5% THD a 1kHz).<\/div>\n<\/div>\n<div class=\"model-specifications-section__specification\">\n<div class=\"sub-label\">SUPRIMENTOS DE ENERGIA<\/div>\n<div class=\"model-specifications-section__specification-value\">Fontes de baixa e alta tens\u00e3o reguladas eletronicamente.\u00a0Autom\u00e1tico 40 seg.\u00a0aquecimento\/desativa\u00e7\u00e3o mudo.\u00a0Regulagem de linha melhor que 0,01%.<\/div>\n<\/div>\n<div class=\"model-specifications-section__specification\">\n<div class=\"sub-label\">COMPLEMENTO DE TUBO<\/div>\n<div class=\"model-specifications-section__specification-value\">(4) 6H30P, mais (1 cada) 6550C e 6H30P na fonte de alimenta\u00e7\u00e3o.<\/div>\n<\/div>\n<div class=\"model-specifications-section__specification\">\n<div class=\"sub-label\">REQUERIMENTOS PODEROSOS<\/div>\n<div class=\"model-specifications-section__specification-value\">100-135VAC 60Hz (200-270VAC 50\/60Hz) 130 watts.\u00a0Modo de espera: 2 watts.<\/div>\n<\/div>\n<div class=\"model-specifications-section__specification\">\n<div class=\"sub-label\">OUTRO<\/div>\n<div class=\"model-specifications-section__specification-value\">Entradas (7): CD, TUNER, VIDEO, PHONO, AUX1, AUX2, PROCESSADOR.\u00a0(conectores XLR e RCA).\u00a0Sa\u00eddas (3): 2 principais, 1 fita (conectores XLR e RCA).\u00a0Diafonia: -80dB ou melhor em 1kHz e 10kHz.\u00a0Controles: Volume (104 passos), Select Input.\u00a0Bot\u00f5es de press\u00e3o: Power, Proc, BAL\/SE, Mono, Invert, Mute.<\/div>\n<\/div>\n<div class=\"model-specifications-section__specification\">\n<div class=\"sub-label\">DIMENS\u00d5ES<\/div>\n<div class=\"model-specifications-section__specification-value\">19&#8243; (48 cm) L x 7&#8243; (17,8 cm) A (painel padr\u00e3o) x 15\u00bd&#8221; (39,4 cm) D. As al\u00e7as se estendem 1\u00bd&#8221; (3,8 cm) \u00e0 frente do painel frontal.<\/div>\n<\/div>\n<div class=\"model-specifications-section__specification\">\n<div class=\"sub-label\">PESO<\/div>\n<div class=\"model-specifications-section__specification-value\">30,4 libras.\u00a0(13,9 kg) L\u00edquido;\u00a041,6 libras.\u00a0(19 kg) Frete.<\/div>\n<\/div>\n","protected":false},"excerpt":{"rendered":"<p>COR: PRATA CONDI\u00c7\u00c3O: 9\/10 O REF 5 \u00e9 o modelo mais recente de uma s\u00e9rie dos melhores e mais bem-sucedidos pr\u00e9-amplificadores de est\u00e1gio de linha j\u00e1 feitos.\u00a0Do REF1 ao REF2, do REF3 ao REF5, cada um foi constru\u00eddo sobre o legado de seu antecessor como o pr\u00e9-amplificador de est\u00e1gio de linha de n\u00edvel de refer\u00eancia [&hellip;]<\/p>\n","protected":false},"featured_media":1825,"template":"","meta":{"_acf_changed":false},"product_brand":[],"product_cat":[29,38],"product_tag":[],"class_list":{"0":"post-1832","1":"product","2":"type-product","3":"status-publish","4":"has-post-thumbnail","6":"product_cat-audio-research","7":"product_cat-pre-amplificador","9":"first","10":"instock","11":"sold-individually","12":"shipping-taxable","13":"purchasable","14":"product-type-simple"},"acf":[],"aioseo_notices":[],"_links":{"self":[{"href":"https:\/\/hificlub.com.br\/loja\/wp-json\/wp\/v2\/product\/1832","targetHints":{"allow":["GET"]}}],"collection":[{"href":"https:\/\/hificlub.com.br\/loja\/wp-json\/wp\/v2\/product"}],"about":[{"href":"https:\/\/hificlub.com.br\/loja\/wp-json\/wp\/v2\/types\/product"}],"wp:featuredmedia":[{"embeddable":true,"href":"https:\/\/hificlub.com.br\/loja\/wp-json\/wp\/v2\/media\/1825"}],"wp:attachment":[{"href":"https:\/\/hificlub.com.br\/loja\/wp-json\/wp\/v2\/media?parent=1832"}],"wp:term":[{"taxonomy":"product_brand","embeddable":true,"href":"https:\/\/hificlub.com.br\/loja\/wp-json\/wp\/v2\/product_brand?post=1832"},{"taxonomy":"product_cat","embeddable":true,"href":"https:\/\/hificlub.com.br\/loja\/wp-json\/wp\/v2\/product_cat?post=1832"},{"taxonomy":"product_tag","embeddable":true,"href":"https:\/\/hificlub.com.br\/loja\/wp-json\/wp\/v2\/product_tag?post=1832"}],"curies":[{"name":"wp","href":"https:\/\/api.w.org\/{rel}","templated":true}]}}