{"id":18306,"date":"2024-10-13T19:03:41","date_gmt":"2024-10-13T22:03:41","guid":{"rendered":"https:\/\/hificlub.com.br\/loja\/?post_type=product&#038;p=18306"},"modified":"2024-11-14T05:16:54","modified_gmt":"2024-11-14T08:16:54","slug":"yamaha-a-720-amplificador-integrado-mm-mc-phono-class-a-105-watts","status":"publish","type":"product","link":"https:\/\/hificlub.com.br\/loja\/produto\/yamaha-a-720-amplificador-integrado-mm-mc-phono-class-a-105-watts\/","title":{"rendered":"YAMAHA A-720 Amplificador Integrado MM MC Phono Class A 105 watts"},"content":{"rendered":"<p>ESTADO 9\/10<\/p>\n<p>Amplificador integrado est\u00e9reo Yamaha Natural Sound A-720 de excelente qualidade, feito e projetado no Jap\u00e3o quando a Yamaha estava no topo de seu jogo.<br \/>\nEste amplificador \u00e9 feito para qualidade de som e \u00e9 potente. Ele usa transistores de sa\u00edda discretos, acionamento de alta corrente, fonte de alimenta\u00e7\u00e3o robusta, Classe A comut\u00e1vel com design Zero Distortion. Possui alto-falantes A, B, C, Phono MM\/MC, Aux, Tape, CD, Tape1, Tape 2, volume vari\u00e1vel, controles de tom, conector de fone de ouvido, Tone Bypass, Muting, filtro subs\u00f4nico, loop de componentes acess\u00f3rios na parte traseira. \u00c9 um 105 WPC conservador e potente.<br \/>\nPossui uma excelente se\u00e7\u00e3o phono, entradas banhadas a ouro com op\u00e7\u00f5es MM\/MC. <\/p>\n<p>Especifica\u00e7\u00f5es<br \/>\nPot\u00eancia de sa\u00edda: 105 watts por canal em 8\u03a9 (est\u00e9reo)<\/p>\n<p>Resposta de frequ\u00eancia: 20Hz a 20kHz<\/p>\n<p>Distor\u00e7\u00e3o harm\u00f4nica total: 0,005%<\/p>\n<p>Fator de amortecimento: 45<\/p>\n<p>Sensibilidade de entrada: 0,16 mV (MC), 2,5 mV (MM), 150 mV (linha)<\/p>\n<p>Rela\u00e7\u00e3o sinal-ru\u00eddo: 76dB (MC), 92dB (MM), 106dB (linha)<\/p>\n<p>Separa\u00e7\u00e3o de canais: 70dB (MM), 65dB (linha)<\/p>\n<p>Sa\u00edda: 150mV (linha)<\/p>\n<p>Dimens\u00f5es: 435 x 147 x 399 mm<\/p>\n<p>Peso: 10,2 kg<\/p>\n","protected":false},"excerpt":{"rendered":"<p>ESTADO 9\/10 Amplificador integrado est\u00e9reo Yamaha Natural Sound A-720 de excelente qualidade, feito e projetado no Jap\u00e3o quando a Yamaha estava no topo de seu jogo. Este amplificador \u00e9 feito para qualidade de som e \u00e9 potente. Ele usa transistores de sa\u00edda discretos, acionamento de alta corrente, fonte de alimenta\u00e7\u00e3o robusta, Classe A comut\u00e1vel com [&hellip;]<\/p>\n","protected":false},"featured_media":18308,"template":"","meta":{"_acf_changed":false},"product_brand":[],"product_cat":[27,51,112],"product_tag":[],"class_list":{"0":"post-18306","1":"product","2":"type-product","3":"status-publish","4":"has-post-thumbnail","6":"product_cat-amplificador","7":"product_cat-integrado","8":"product_cat-yamaha","10":"first","11":"instock","12":"sold-individually","13":"shipping-taxable","14":"purchasable","15":"product-type-simple"},"acf":[],"aioseo_notices":[],"_links":{"self":[{"href":"https:\/\/hificlub.com.br\/loja\/wp-json\/wp\/v2\/product\/18306","targetHints":{"allow":["GET"]}}],"collection":[{"href":"https:\/\/hificlub.com.br\/loja\/wp-json\/wp\/v2\/product"}],"about":[{"href":"https:\/\/hificlub.com.br\/loja\/wp-json\/wp\/v2\/types\/product"}],"wp:featuredmedia":[{"embeddable":true,"href":"https:\/\/hificlub.com.br\/loja\/wp-json\/wp\/v2\/media\/18308"}],"wp:attachment":[{"href":"https:\/\/hificlub.com.br\/loja\/wp-json\/wp\/v2\/media?parent=18306"}],"wp:term":[{"taxonomy":"product_brand","embeddable":true,"href":"https:\/\/hificlub.com.br\/loja\/wp-json\/wp\/v2\/product_brand?post=18306"},{"taxonomy":"product_cat","embeddable":true,"href":"https:\/\/hificlub.com.br\/loja\/wp-json\/wp\/v2\/product_cat?post=18306"},{"taxonomy":"product_tag","embeddable":true,"href":"https:\/\/hificlub.com.br\/loja\/wp-json\/wp\/v2\/product_tag?post=18306"}],"curies":[{"name":"wp","href":"https:\/\/api.w.org\/{rel}","templated":true}]}}