{"id":18279,"date":"2024-10-08T09:52:00","date_gmt":"2024-10-08T12:52:00","guid":{"rendered":"https:\/\/hificlub.com.br\/loja\/?post_type=product&#038;p=18279"},"modified":"2026-03-03T22:18:20","modified_gmt":"2026-03-04T01:18:20","slug":"rega-planar-p2","status":"publish","type":"product","link":"https:\/\/hificlub.com.br\/loja\/produto\/rega-planar-p2\/","title":{"rendered":"REGA PLANAR 2 Toca Disco Belt Drive com C\u00e1psula Carbon"},"content":{"rendered":"<p>O novo Planar 2 foi desenvolvido ao longo dos \u00faltimos dois anos ao lado do rec\u00e9m-lan\u00e7ado Planar 3. Apresentando o novo RB220 tonearm que \u00e9 embalado com novos recursos inovadores.<\/p>\n<p>Um novo 24v, motor de baixo ru\u00eddo, plinth laminado acr\u00edlico, rolamento central recentemente projetado e muito mais. Cada caracter\u00edstica desta nova plataforma girat\u00f3ria inovadora \u00e9 projetada para extrair a quantidade m\u00e1xima de informa\u00e7\u00f5es e detalhes de sua cole\u00e7\u00e3o de vinil.<\/p>\n<p>Detalhes do produto<br \/>\nTonearm \u2013 Apresentando o novo tonearm RB220 marca que \u00e9 embalado com fun\u00e7\u00f5es inovadoras. Incorporando novo ultra baixo atrito, Rega projetado, bespoke, rolamentos de esferas do jogo do zero (patente pendente), alojado dentro de uma carca\u00e7a brandnew, mais dura e leve do rolamento que fosse desenvolvida com um ajuste autom\u00e1tico novo do polarismo que negava a necessidade para o usu\u00e1rio de ajustar o vi\u00e9s, Tornando-o quase completamente plug and play al\u00e9m do simples balanceamento de bra\u00e7o. A nova caixa tamb\u00e9m inclui um clipe de bra\u00e7o integrado e usa o mais recente tubo de bra\u00e7o de alum\u00ednio personalizado da Rega.<\/p>\n<p>Rolamento de cubo \u2013 O Planar 2 tem um novo rolamento de lat\u00e3o de auto-fixa\u00e7\u00e3o de 11mm (Patent Pending), oferecendo melhor ajuste e menos estresse no rolamento, impedindo a transfer\u00eancia de energia potencial.<\/p>\n<p>Plinth \u2013 Plinth laminated acr\u00edlico de alto brilho, apar\u00eancia mais dura e vastamente melhorada com interruptor de poder ergonomically posicionado. Dois acabamentos de rodap\u00e9 no lan\u00e7amento: preto brilhante e branco brilhante<\/p>\n<p>Motor \u2013 novo 24v de baixo ru\u00eddo, baixa vibra\u00e7\u00e3o motor assembly e PCB novo.<\/p>\n<p>Platter \u2013 Novo vidro flutuante \u2018Optiwhite\u2019 10mm \u2013 Placa de precis\u00e3o melhorada.<\/p>\n","protected":false},"excerpt":{"rendered":"<p>O novo Planar 2 foi desenvolvido ao longo dos \u00faltimos dois anos ao lado do rec\u00e9m-lan\u00e7ado Planar 3. Apresentando o novo RB220 tonearm que \u00e9 embalado com novos recursos inovadores. Um novo 24v, motor de baixo ru\u00eddo, plinth laminado acr\u00edlico, rolamento central recentemente projetado e muito mais. Cada caracter\u00edstica desta nova plataforma girat\u00f3ria inovadora \u00e9 [&hellip;]<\/p>\n","protected":false},"featured_media":18281,"template":"","meta":{"_acf_changed":false},"product_brand":[],"product_cat":[78,55,98],"product_tag":[],"class_list":{"0":"post-18279","1":"product","2":"type-product","3":"status-publish","4":"has-post-thumbnail","6":"product_cat-analogico-audio","7":"product_cat-rega","8":"product_cat-toca-discos","10":"first","11":"instock","12":"sold-individually","13":"shipping-taxable","14":"purchasable","15":"product-type-simple"},"acf":[],"aioseo_notices":[],"_links":{"self":[{"href":"https:\/\/hificlub.com.br\/loja\/wp-json\/wp\/v2\/product\/18279","targetHints":{"allow":["GET"]}}],"collection":[{"href":"https:\/\/hificlub.com.br\/loja\/wp-json\/wp\/v2\/product"}],"about":[{"href":"https:\/\/hificlub.com.br\/loja\/wp-json\/wp\/v2\/types\/product"}],"wp:featuredmedia":[{"embeddable":true,"href":"https:\/\/hificlub.com.br\/loja\/wp-json\/wp\/v2\/media\/18281"}],"wp:attachment":[{"href":"https:\/\/hificlub.com.br\/loja\/wp-json\/wp\/v2\/media?parent=18279"}],"wp:term":[{"taxonomy":"product_brand","embeddable":true,"href":"https:\/\/hificlub.com.br\/loja\/wp-json\/wp\/v2\/product_brand?post=18279"},{"taxonomy":"product_cat","embeddable":true,"href":"https:\/\/hificlub.com.br\/loja\/wp-json\/wp\/v2\/product_cat?post=18279"},{"taxonomy":"product_tag","embeddable":true,"href":"https:\/\/hificlub.com.br\/loja\/wp-json\/wp\/v2\/product_tag?post=18279"}],"curies":[{"name":"wp","href":"https:\/\/api.w.org\/{rel}","templated":true}]}}