{"id":18264,"date":"2024-10-08T06:40:23","date_gmt":"2024-10-08T09:40:23","guid":{"rendered":"https:\/\/hificlub.com.br\/loja\/?post_type=product&#038;p=18264"},"modified":"2026-03-03T22:18:21","modified_gmt":"2026-03-04T01:18:21","slug":"exposure-5010-amplificador-mono-200-watts","status":"publish","type":"product","link":"https:\/\/hificlub.com.br\/loja\/produto\/exposure-5010-amplificador-mono-200-watts\/","title":{"rendered":"EXPOSURE 5010 Amplificador Mono 200 watts"},"content":{"rendered":"<p>EXPOSURE 5010 Par de Amplificadores Monos<\/p>\n<p>Musical, detalhado e envolvente<br \/>\nA s\u00e9rie 5010 \u00e9 a nossa de pr\u00e9-amplificadores e amplificadores de pot\u00eancia de melhor desempenho at\u00e9 agora \u2013 usando os melhores componentes de qualidade e pr\u00e1ticas de engenharia, a s\u00e9rie 5010 foi projetada e constru\u00edda para lhe proporcionar anos de prazer e divers\u00e3o auditiva.<\/p>\n<p>Dispon\u00edvel em preto ou tit\u00e2nio<\/p>\n<p>Principais caracter\u00edsticas<br \/>\nGrande transformador toroidal feito sob medida e capacitores de suaviza\u00e7\u00e3o de terminal de parafuso para fonte de alimenta\u00e7\u00e3o<br \/>\nTodos os projetos de transistores bipolares usam pe\u00e7as cuidadosamente selecionadas<br \/>\nDC acoplado em todo<br \/>\nSa\u00eddas de alto-falante bi-wire usando soquetes blindados de alta qualidade<br \/>\nCaixa de alum\u00ednio de alta qualidade<\/p>\n<p>A arquitetura totalmente balanceada do 3510 Mono o torna um tanto quanto at\u00edpico na s\u00e9rie 3510, que de outra forma seria apenas de termina\u00e7\u00e3o \u00fanica. Portanto, n\u00e3o \u00e9 exatamente uma partida f\u00e1cil para o pr\u00e9-amplificador 3510, mas voc\u00ea tem a sensa\u00e7\u00e3o de que h\u00e1 alguma tecnologia de gotejamento da s\u00e9rie 5010, carro-chefe da Exposure, em jogo.<\/p>\n<p>O 3510 Mono e Stereo compartilham o mesmo design industrial, no entanto. Vistos de frente, os dois amplificadores s\u00e3o id\u00eanticos, com o mesmo gabinete de alum\u00ednio e painel frontal extrudado espesso, oferecidos em preto discreto ou em um tit\u00e2nio mais chamativo. Apenas um logotipo da empresa, luz de status, bot\u00e3o liga\/desliga e uma ranhura cortada no painel frontal impedem sua descida \u00e0 austeridade. O painel traseiro tamb\u00e9m \u00e9 amplamente semelhante, com a Exposure novamente favorecendo soquetes de cabo de alto-falante de 4 mm inseridos (dois conjuntos, permitindo bi-fia\u00e7\u00e3o) em vez de bornes de liga\u00e7\u00e3o. Um pequeno bot\u00e3o de press\u00e3o, pr\u00f3ximo aos terminais RCA e XLR, controla a sele\u00e7\u00e3o da sa\u00edda balanceada ou desbalanceada do 3510 Mono.<\/p>\n<p>Especifica\u00e7\u00f5es<br \/>\nPot\u00eancia de sa\u00edda: 200 W em 8 Ohms, 370 W em 4 Ohms<br \/>\nImped\u00e2ncia de entrada: 75K Ohms a 1KHz, entrada desbalanceada<br \/>\nResposta de frequ\u00eancia: -3dB a 52KHz, ref. 1KHz, entrada desbalanceada<br \/>\nDistor\u00e7\u00e3o harm\u00f4nica total: 1KHz &lt;0,015% a 200W em 8 Ohms, 1KHz 120dB, ponderado A, ref. 200W, sa\u00edda de 8 Ohms, &gt;100dB ponderado A, ref. 1W, sa\u00edda de 8 Ohms<br \/>\nConsumo de energia: &lt;800VA, carga de 8 Ohms<br \/>\nAlimenta\u00e7\u00e3o el\u00e9trica: 110\/120 V ou 220\/240 V, 50\/60 Hz (configura\u00e7\u00e3o de f\u00e1brica)<br \/>\nDimens\u00f5es (AxLxP): 115 x 440 x 300 mm<br \/>\nPeso l\u00edquido (sem embalagem): 14 kg<br \/>\nPeso bruto (embalado): 16 kg<\/p>\n","protected":false},"excerpt":{"rendered":"<p>EXPOSURE 5010 Par de Amplificadores Monos Musical, detalhado e envolvente A s\u00e9rie 5010 \u00e9 a nossa de pr\u00e9-amplificadores e amplificadores de pot\u00eancia de melhor desempenho at\u00e9 agora \u2013 usando os melhores componentes de qualidade e pr\u00e1ticas de engenharia, a s\u00e9rie 5010 foi projetada e constru\u00edda para lhe proporcionar anos de prazer e divers\u00e3o auditiva. Dispon\u00edvel [&hellip;]<\/p>\n","protected":false},"featured_media":18265,"template":"","meta":{"_acf_changed":false},"product_brand":[],"product_cat":[27,240,31],"product_tag":[],"class_list":{"0":"post-18264","1":"product","2":"type-product","3":"status-publish","4":"has-post-thumbnail","6":"product_cat-amplificador","7":"product_cat-exposure","8":"product_cat-mono","10":"first","11":"instock","12":"sold-individually","13":"shipping-taxable","14":"purchasable","15":"product-type-simple"},"acf":[],"aioseo_notices":[],"_links":{"self":[{"href":"https:\/\/hificlub.com.br\/loja\/wp-json\/wp\/v2\/product\/18264","targetHints":{"allow":["GET"]}}],"collection":[{"href":"https:\/\/hificlub.com.br\/loja\/wp-json\/wp\/v2\/product"}],"about":[{"href":"https:\/\/hificlub.com.br\/loja\/wp-json\/wp\/v2\/types\/product"}],"wp:featuredmedia":[{"embeddable":true,"href":"https:\/\/hificlub.com.br\/loja\/wp-json\/wp\/v2\/media\/18265"}],"wp:attachment":[{"href":"https:\/\/hificlub.com.br\/loja\/wp-json\/wp\/v2\/media?parent=18264"}],"wp:term":[{"taxonomy":"product_brand","embeddable":true,"href":"https:\/\/hificlub.com.br\/loja\/wp-json\/wp\/v2\/product_brand?post=18264"},{"taxonomy":"product_cat","embeddable":true,"href":"https:\/\/hificlub.com.br\/loja\/wp-json\/wp\/v2\/product_cat?post=18264"},{"taxonomy":"product_tag","embeddable":true,"href":"https:\/\/hificlub.com.br\/loja\/wp-json\/wp\/v2\/product_tag?post=18264"}],"curies":[{"name":"wp","href":"https:\/\/api.w.org\/{rel}","templated":true}]}}