{"id":18252,"date":"2024-10-08T06:16:51","date_gmt":"2024-10-08T09:16:51","guid":{"rendered":"https:\/\/hificlub.com.br\/loja\/?post_type=product&#038;p=18252"},"modified":"2026-03-03T22:18:21","modified_gmt":"2026-03-04T01:18:21","slug":"exposure-5010-reference-preamplificador","status":"publish","type":"product","link":"https:\/\/hificlub.com.br\/loja\/produto\/exposure-5010-reference-preamplificador\/","title":{"rendered":"EXPOSURE 5010 Reference Preamplificador"},"content":{"rendered":"<p>A s\u00e9rie 5010 \u00e9 composta pelos pr\u00e9-amplificadores e amplificadores de pot\u00eancia de melhor desempenho da Exposure at\u00e9 o momento. Usando componentes da melhor qualidade e pr\u00e1ticas de engenharia, a s\u00e9rie 5010 foi projetada e constru\u00edda para proporcionar anos de prazer e divers\u00e3o auditiva.<\/p>\n<p>Caracter\u00edsticas<br \/>\nGrande transformador de pot\u00eancia toroidal feito sob medida e v\u00e1rios capacitores de suaviza\u00e7\u00e3o para fornecimento de energia<br \/>\nOp\u00e7\u00e3o para instalar um m\u00f3dulo phono MC ou MM OU plugar na op\u00e7\u00e3o DAC<br \/>\n6 entradas de linha ou 5 mais placa phono opcional, 2 sa\u00eddas principais (RCA), 1 sa\u00edda principal XLR e 1 sa\u00edda de fita<br \/>\nRel\u00e9s de alta qualidade usados \u200b\u200bpara sele\u00e7\u00e3o de fonte de entrada<br \/>\nControle remoto completo do seletor de entrada, volume e mudo<br \/>\nEst\u00e1gios de sa\u00edda de \u00e1udio utilizando buffer de sa\u00edda de transistor discreto classe A<br \/>\nSa\u00edda de pr\u00e9-amplificador balanceada, acoplada em DC<br \/>\nGabinete todo em alum\u00ednio de alta qualidade<br \/>\nControle remoto<br \/>\nGarantia de tr\u00eas anos<br \/>\nDispon\u00edvel em preto ou tit\u00e2nio<\/p>\n<p>Especifica\u00e7\u00f5es<br \/>\nGanho (a 1KHz) : +9dB sa\u00edda desbalanceada, +15dB sa\u00edda balanceada<br \/>\nSensibilidade : 500mV<br \/>\nSa\u00edda m\u00e1xima : &gt;9V RMS desbalanceado<br \/>\nResposta de frequ\u00eancia : -3dB a 1Hz e 57KHz, ref 1KHz, volume m\u00e1ximo<br \/>\nDistor\u00e7\u00e3o harm\u00f4nica total : 98dB, ponderado A, ref 1,6V RMS sa\u00edda, 1KHz<br \/>\nSepara\u00e7\u00e3o de canais : &gt;60dB 20Hz a 20Hz (normalmente &gt;85dB a 1KHz)<br \/>\nSa\u00eddas : 2 pares RCA, sa\u00edda de pr\u00e9-amplificador, 1 par para sa\u00edda de fita<br \/>\nAlimenta\u00e7\u00e3o el\u00e9trica : 110\/120 V ou 220\/240 V, 50\/60 Hz (configura\u00e7\u00e3o de f\u00e1brica)<br \/>\nConsumo de energia : &lt;25W<br \/>\nDimens\u00f5es &#8211; A x L x P : 90 mm x 440 mm x 300 mm (inc bot\u00e3o)<br \/>\nPeso l\u00edquido (desembalado) : 6 kg<br \/>\nPeso bruto (embalado) : 8kg<\/p>\n","protected":false},"excerpt":{"rendered":"<p>A s\u00e9rie 5010 \u00e9 composta pelos pr\u00e9-amplificadores e amplificadores de pot\u00eancia de melhor desempenho da Exposure at\u00e9 o momento. Usando componentes da melhor qualidade e pr\u00e1ticas de engenharia, a s\u00e9rie 5010 foi projetada e constru\u00edda para proporcionar anos de prazer e divers\u00e3o auditiva. Caracter\u00edsticas Grande transformador de pot\u00eancia toroidal feito sob medida e v\u00e1rios capacitores [&hellip;]<\/p>\n","protected":false},"featured_media":18253,"template":"","meta":{"_acf_changed":false},"product_brand":[],"product_cat":[240,38],"product_tag":[],"class_list":{"0":"post-18252","1":"product","2":"type-product","3":"status-publish","4":"has-post-thumbnail","6":"product_cat-exposure","7":"product_cat-pre-amplificador","9":"first","10":"instock","11":"sold-individually","12":"shipping-taxable","13":"purchasable","14":"product-type-simple"},"acf":[],"aioseo_notices":[],"_links":{"self":[{"href":"https:\/\/hificlub.com.br\/loja\/wp-json\/wp\/v2\/product\/18252","targetHints":{"allow":["GET"]}}],"collection":[{"href":"https:\/\/hificlub.com.br\/loja\/wp-json\/wp\/v2\/product"}],"about":[{"href":"https:\/\/hificlub.com.br\/loja\/wp-json\/wp\/v2\/types\/product"}],"wp:featuredmedia":[{"embeddable":true,"href":"https:\/\/hificlub.com.br\/loja\/wp-json\/wp\/v2\/media\/18253"}],"wp:attachment":[{"href":"https:\/\/hificlub.com.br\/loja\/wp-json\/wp\/v2\/media?parent=18252"}],"wp:term":[{"taxonomy":"product_brand","embeddable":true,"href":"https:\/\/hificlub.com.br\/loja\/wp-json\/wp\/v2\/product_brand?post=18252"},{"taxonomy":"product_cat","embeddable":true,"href":"https:\/\/hificlub.com.br\/loja\/wp-json\/wp\/v2\/product_cat?post=18252"},{"taxonomy":"product_tag","embeddable":true,"href":"https:\/\/hificlub.com.br\/loja\/wp-json\/wp\/v2\/product_tag?post=18252"}],"curies":[{"name":"wp","href":"https:\/\/api.w.org\/{rel}","templated":true}]}}