{"id":1824,"date":"2023-10-17T19:57:49","date_gmt":"2023-10-17T22:57:49","guid":{"rendered":"https:\/\/hificlub.com.br\/loja2\/produto\/dynaco-mark-vi-120-watts\/"},"modified":"2026-03-16T07:51:14","modified_gmt":"2026-03-16T10:51:14","slug":"dynaco-mark-vi-120-watts","status":"publish","type":"product","link":"https:\/\/hificlub.com.br\/loja\/produto\/dynaco-mark-vi-120-watts\/","title":{"rendered":"DYNACO MARK VI  Amplificador Mono Vintage 120 watts"},"content":{"rendered":"<p>Estado de conserva\u00e7\u00e3o: 9\/10<\/p>\n<p><span style=\"font-size: small\">DYNACO Mark-VI<\/span><\/p>\n<div id=\"detailarea\">\n<p class=\"detail\">Este \u00e9 um amplificador de pot\u00eancia mono do tipo bulbo que emprega um circuito b\u00e1sico e superior que foi simplificado o m\u00e1ximo poss\u00edvel.<\/p>\n<p>O Mark-VI foi lan\u00e7ado como um produto acabado e um kit.<\/p>\n<p>O circuito emprega um circuito push-pull paralelo usando um tubo altamente confi\u00e1vel 8417 com caracter\u00edsticas uniformes.<br \/>\nO sinal amplificado na se\u00e7\u00e3o do pentodo do tubo de v\u00e1cuo composto 7199 \u00e9 conectado diretamente \u00e0 se\u00e7\u00e3o do triodo e invertido em fase para fornecer uma tens\u00e3o de acionamento balanceada com precis\u00e3o ao tubo de sa\u00edda 8417. O transformador de sa\u00edda<\/p>\n<p>emprega um enrolamento de sandu\u00edche dividido balanceado multicamada em um n\u00facleo supergrande, resultando em um transformador de sa\u00edda com alto equil\u00edbrio, pequena capacidade de distribui\u00e7\u00e3o entre enrolamentos e excelentes caracter\u00edsticas.<br \/>\nO transformador e o tubo s\u00e3o conectados por uma conex\u00e3o ultralinear.\u00a0Uma deriva\u00e7\u00e3o intermedi\u00e1ria \u00e9 fornecida no enrolamento prim\u00e1rio do transformador e a grade de blindagem do tubo \u00e9 conectada \u00e0 deriva\u00e7\u00e3o.\u00a0O transformador atinge a sa\u00edda de um pentodo e as caracter\u00edsticas de baixa distor\u00e7\u00e3o de um triodo.<\/p>\n<p>Equipado com um medidor de pot\u00eancia que pode monitorar os valores de pot\u00eancia e polariza\u00e7\u00e3o.<br \/>\nA sensibilidade pode ser alterada para 0, -6, -6dB e -12dB.<\/p>\n<p>Al\u00e9m de dois conjuntos de terminais de entrada flat e low-cut (70 Hz, -6dB\/oct), ele tamb\u00e9m \u00e9 compat\u00edvel com um plugue canon.<\/p>\n<table class=\"spec\" border=\"1\">\n<tbody>\n<tr>\n<td>Tipo<\/td>\n<td>Amplificador de pot\u00eancia monoauricular tipo tubo<\/td>\n<\/tr>\n<tr>\n<td>poder efetivo<\/td>\n<td>120W<\/td>\n<\/tr>\n<tr>\n<td>Fator de distor\u00e7\u00e3o harm\u00f4nica<\/td>\n<td>1% ou menos (na sa\u00edda de 120 W)<\/td>\n<\/tr>\n<tr>\n<td>Fator de distor\u00e7\u00e3o de modula\u00e7\u00e3o cruzada<\/td>\n<td>1% ou menos (na sa\u00edda de 120 W)<\/td>\n<\/tr>\n<tr>\n<td>Largura de banda de sa\u00edda<\/td>\n<td>20 Hz ~ 15 kHz -1dB na sa\u00edda de 120W<\/td>\n<\/tr>\n<tr>\n<td>caracter\u00edstica de frequ\u00eancia<\/td>\n<td>10 Hz ~ 40 kHz + 0 -1dB na sa\u00edda de 1W<\/td>\n<\/tr>\n<tr>\n<td>Sensibilidade de entrada<\/td>\n<td>1,6 V (na sa\u00edda de 120 W)<\/td>\n<\/tr>\n<tr>\n<td>imped\u00e2ncia de entrada<\/td>\n<td>50k\u03a9<\/td>\n<\/tr>\n<tr>\n<td>A rela\u00e7\u00e3o sinal-ru\u00eddo<\/td>\n<td>95 dB ou mais<\/td>\n<\/tr>\n<tr>\n<td>Fator de amortecimento<\/td>\n<td>14(1kHz)<\/td>\n<\/tr>\n<tr>\n<td>Mecanismo de fixa\u00e7\u00e3o<\/td>\n<td>Medidor de sa\u00edda (comuta\u00e7\u00e3o de sensibilidade em 3 etapas)<br \/>\nControle de n\u00edvel de entrada<br \/>\nAjuste de polariza\u00e7\u00e3o<\/td>\n<\/tr>\n<tr>\n<td>Dimens\u00f5es externas<\/td>\n<td>Largura 483x Altura 222x Profundidade 267 mm<\/td>\n<\/tr>\n<tr>\n<td>Peso<\/td>\n<td>25kg<\/td>\n<\/tr>\n<\/tbody>\n<\/table>\n<\/div>\n","protected":false},"excerpt":{"rendered":"<p>Estado de conserva\u00e7\u00e3o: 9\/10 DYNACO Mark-VI Este \u00e9 um amplificador de pot\u00eancia mono do tipo bulbo que emprega um circuito b\u00e1sico e superior que foi simplificado o m\u00e1ximo poss\u00edvel. O Mark-VI foi lan\u00e7ado como um produto acabado e um kit. O circuito emprega um circuito push-pull paralelo usando um tubo altamente confi\u00e1vel 8417 com caracter\u00edsticas [&hellip;]<\/p>\n","protected":false},"featured_media":41511,"template":"","meta":{"_acf_changed":false},"product_brand":[],"product_cat":[27,144,31,26],"product_tag":[],"class_list":{"0":"post-1824","1":"product","2":"type-product","3":"status-publish","4":"has-post-thumbnail","6":"product_cat-amplificador","7":"product_cat-dynaco","8":"product_cat-mono","9":"product_cat-vintage","11":"first","12":"instock","13":"sold-individually","14":"shipping-taxable","15":"purchasable","16":"product-type-simple"},"acf":[],"aioseo_notices":[],"_links":{"self":[{"href":"https:\/\/hificlub.com.br\/loja\/wp-json\/wp\/v2\/product\/1824","targetHints":{"allow":["GET"]}}],"collection":[{"href":"https:\/\/hificlub.com.br\/loja\/wp-json\/wp\/v2\/product"}],"about":[{"href":"https:\/\/hificlub.com.br\/loja\/wp-json\/wp\/v2\/types\/product"}],"wp:featuredmedia":[{"embeddable":true,"href":"https:\/\/hificlub.com.br\/loja\/wp-json\/wp\/v2\/media\/41511"}],"wp:attachment":[{"href":"https:\/\/hificlub.com.br\/loja\/wp-json\/wp\/v2\/media?parent=1824"}],"wp:term":[{"taxonomy":"product_brand","embeddable":true,"href":"https:\/\/hificlub.com.br\/loja\/wp-json\/wp\/v2\/product_brand?post=1824"},{"taxonomy":"product_cat","embeddable":true,"href":"https:\/\/hificlub.com.br\/loja\/wp-json\/wp\/v2\/product_cat?post=1824"},{"taxonomy":"product_tag","embeddable":true,"href":"https:\/\/hificlub.com.br\/loja\/wp-json\/wp\/v2\/product_tag?post=1824"}],"curies":[{"name":"wp","href":"https:\/\/api.w.org\/{rel}","templated":true}]}}