{"id":18216,"date":"2024-10-06T21:35:56","date_gmt":"2024-10-07T00:35:56","guid":{"rendered":"https:\/\/hificlub.com.br\/loja\/?post_type=product&#038;p=18216"},"modified":"2025-11-19T12:55:33","modified_gmt":"2025-11-19T15:55:33","slug":"mark-levinson-27-dual-mono-full-balanced-100-watts","status":"publish","type":"product","link":"https:\/\/hificlub.com.br\/loja\/produto\/mark-levinson-27-dual-mono-full-balanced-100-watts\/","title":{"rendered":"MARK LEVINSON 27 Dual Mono Full Balanced 100 watts"},"content":{"rendered":"<p>ESTADO 9\/10<\/p>\n<p>\u00c0 primeira vista, um amplificador distinto. Demore mais um pouco e voc\u00ea ver\u00e1 uma obra de arte. As aletas dos dissipadores de calor fluem com precis\u00e3o org\u00e2nica \u2013 ao mesmo tempo ordenadas, mas ca\u00f3ticas \u2013 uma linha ocasional imprevisivelmente contornada ou distorcida como se em um esfor\u00e7o para restringir a magia interna. No entanto, a verdadeira arte \u00e9 o cora\u00e7\u00e3o pulsante deste g\u00eanio de Mark Levinson \u2013 100 watts por canal de Classe AB limpa de dois amplificadores mono completamente separados, ansiosos para massagear seus \u00edm\u00e3s.<\/p>\n<p>O design do amplificador Classe A mant\u00e9m ambos os est\u00e1gios de sa\u00edda do dispositivo em pot\u00eancia m\u00e1xima constante. \u00c9 o design mais linear com a menor quantidade de distor\u00e7\u00e3o \u2013 \u00e0s custas da efici\u00eancia. Com ambos os est\u00e1gios constantemente ligados, o calor se torna um problema. O amplificador Classe B \u00e9 projetado para que apenas um dos est\u00e1gios de sa\u00edda esteja ligado por vez, alternando cada meio ciclo do sinal (\u00e0s vezes chamado de Push\/Pull). N\u00e3o \u00e9 t\u00e3o quente, mas n\u00e3o \u00e9 t\u00e3o limpo, com distor\u00e7\u00e3o surgindo conforme o sinal cruza entre os est\u00e1gios (com um apenas ligando).<br \/>\nUm sinal Classe A\/B ainda alterna, mas em vez de desligar um est\u00e1gio completamente, ele fica ocioso. Classe A\/B aproveita os pontos fortes de ambos os designs: mais efici\u00eancia do que Classe A, sem a distor\u00e7\u00e3o de crossover da Classe B. O Mark Levinson No. 27 emprega dois amplificadores Classe A\/B.<\/p>\n<p>Especifica\u00e7\u00f5es de f\u00e1brica<br \/>\nTipo<br \/>\nAmplificador de estado s\u00f3lido<\/p>\n<p>Pot\u00eancia de sa\u00edda<br \/>\n100 WPC RMS a 8\u03a9, 200 WPC RMS a 4\u03a9, 350 WPC RMS a 2\u03a9<\/p>\n<p>Entrada de energia<br \/>\n1 recept\u00e1culo C14 (f\u00eamea)<\/p>\n<p>Resposta de frequ\u00eancia<br \/>\n20Hz a 20kHz<\/p>\n<p>Distor\u00e7\u00e3o Harm\u00f4nica Total (THD)<br \/>\n0,1%<\/p>\n<p>Entrada de sinal<br \/>\n2 x coaxiais, 2 x XLR<\/p>\n<p>Imped\u00e2ncia de entrada<br \/>\n50k\u03a9 desviado por 1,5nF<\/p>\n<p>Sensibilidade (EIA)<br \/>\n141mV<\/p>\n<p>Ganho de tens\u00e3o<br \/>\n26 dB<\/p>\n<p>Consumo de energia<br \/>\n175 W em modo inativo, 400 W durante o pico a 8 \u03a9<\/p>\n<p>Sa\u00edda do alto-falante<br \/>\nPoste de liga\u00e7\u00e3o 4 x 5 vias<\/p>\n<p>Dimens\u00f5es<br \/>\n17,5&#8243;L x 7&#8243;A x 18&#8243;P<\/p>\n<p>Peso<br \/>\n75 libras.<\/p>\n","protected":false},"excerpt":{"rendered":"<p>ESTADO 9\/10 \u00c0 primeira vista, um amplificador distinto. Demore mais um pouco e voc\u00ea ver\u00e1 uma obra de arte. As aletas dos dissipadores de calor fluem com precis\u00e3o org\u00e2nica \u2013 ao mesmo tempo ordenadas, mas ca\u00f3ticas \u2013 uma linha ocasional imprevisivelmente contornada ou distorcida como se em um esfor\u00e7o para restringir a magia interna. No [&hellip;]<\/p>\n","protected":false},"featured_media":18217,"template":"","meta":{"_acf_changed":false},"product_brand":[],"product_cat":[27,28,90,26],"product_tag":[],"class_list":{"0":"post-18216","1":"product","2":"type-product","3":"status-publish","4":"has-post-thumbnail","6":"product_cat-amplificador","7":"product_cat-estereo","8":"product_cat-mark-levinson","9":"product_cat-vintage","11":"first","12":"instock","13":"sold-individually","14":"shipping-taxable","15":"purchasable","16":"product-type-simple"},"acf":[],"aioseo_notices":[],"_links":{"self":[{"href":"https:\/\/hificlub.com.br\/loja\/wp-json\/wp\/v2\/product\/18216","targetHints":{"allow":["GET"]}}],"collection":[{"href":"https:\/\/hificlub.com.br\/loja\/wp-json\/wp\/v2\/product"}],"about":[{"href":"https:\/\/hificlub.com.br\/loja\/wp-json\/wp\/v2\/types\/product"}],"wp:featuredmedia":[{"embeddable":true,"href":"https:\/\/hificlub.com.br\/loja\/wp-json\/wp\/v2\/media\/18217"}],"wp:attachment":[{"href":"https:\/\/hificlub.com.br\/loja\/wp-json\/wp\/v2\/media?parent=18216"}],"wp:term":[{"taxonomy":"product_brand","embeddable":true,"href":"https:\/\/hificlub.com.br\/loja\/wp-json\/wp\/v2\/product_brand?post=18216"},{"taxonomy":"product_cat","embeddable":true,"href":"https:\/\/hificlub.com.br\/loja\/wp-json\/wp\/v2\/product_cat?post=18216"},{"taxonomy":"product_tag","embeddable":true,"href":"https:\/\/hificlub.com.br\/loja\/wp-json\/wp\/v2\/product_tag?post=18216"}],"curies":[{"name":"wp","href":"https:\/\/api.w.org\/{rel}","templated":true}]}}