{"id":18207,"date":"2024-10-06T19:39:20","date_gmt":"2024-10-06T22:39:20","guid":{"rendered":"https:\/\/hificlub.com.br\/loja\/?post_type=product&#038;p=18207"},"modified":"2025-10-11T06:47:08","modified_gmt":"2025-10-11T09:47:08","slug":"mark-levinson-383-amplificador-integrado-full-balanced-100-watts","status":"publish","type":"product","link":"https:\/\/hificlub.com.br\/loja\/produto\/mark-levinson-383-amplificador-integrado-full-balanced-100-watts\/","title":{"rendered":"MARK LEVINSON 383 Amplificador Integrado Full Balanced 100 watts"},"content":{"rendered":"<p>O No.383 de dois tons, que custa US$ 5.995, parece exatamente o componente de alta qualidade da Mark Levinson que \u00e9, o que quer dizer que seu estilo \u00e9 impecavelmente de bom gosto. O No.383 certamente parece parte de um equipamento de \u00e1udio de alto desempenho.<\/p>\n<p>No interior, tr\u00eas fontes de alimenta\u00e7\u00e3o independentes fornecem energia DC para os circuitos do No.383, incluindo fontes de alimenta\u00e7\u00e3o para cada canal, equipamento padr\u00e3o para Mark Levinson separa. O No.383 \u00e9 classificado em 100 Wpc em cargas de 8 ohms, o dobro disso em 4 ohms. Ele mede 17,5&#8243; de largura, 6,5&#8243; de altura e 19,5&#8243; de profundidade, e pesa 70 libras. As al\u00e7as no painel traseiro facilitam &#8212; ou devo dizer mais f\u00e1cil &#8212; carregar o No.383 por a\u00ed.<\/p>\n<p>O est\u00e1gio de sa\u00edda do No.383 usa uma d\u00fazia dos mesmos dispositivos de sa\u00edda encontrados nos amplificadores Mark Levinson s\u00e9rie 300 e No.33H. Na verdade, a designa\u00e7\u00e3o do modelo do No.383 indica um pouco sobre sua heran\u00e7a \u2014 parte pr\u00e9-amplificador No.38 e parte amplificador s\u00e9rie 300. A se\u00e7\u00e3o do pr\u00e9-amplificador tem comuta\u00e7\u00e3o para cinco entradas, incluindo duas entradas balanceadas. O volume (e o balan\u00e7o) s\u00e3o controlados por atenuadores de estado s\u00f3lido em incrementos de 0,1 dB acima de 38,5 no display do No.383, com passos de aumento lento em volumes mais baixos. Qu\u00e3o completamente inteligente !<\/p>\n<p>No painel traseiro est\u00e3o as entradas \u2014 os conectores RCA s\u00e3o projetados pela Madrigal e substanciais \u2014 e conex\u00f5es de alto-falante. Os pares de bornes de liga\u00e7\u00e3o tamb\u00e9m s\u00e3o itens personalizados, e suas tampas &#8220;aladas&#8221; facilitam o aperto manual. As \u00fanicas sa\u00eddas de n\u00edvel de linha s\u00e3o para um deck de fita \u2014 voc\u00ea n\u00e3o pode usar o No.383 como um pr\u00e9-amplificador ou em uma configura\u00e7\u00e3o biamp. E por que voc\u00ea iria querer fazer qualquer um com 100 Wpc \u00e0 sua disposi\u00e7\u00e3o \u00e9 um mist\u00e9rio. Eu direi isso para Madrigal: se voc\u00ea precisar de mais pot\u00eancia, compre uma combina\u00e7\u00e3o de pr\u00e9-amplificador\/amplificador de pot\u00eancia Mark Levinson. Tamb\u00e9m na parte de tr\u00e1s h\u00e1 uma infinidade de extras \u2014 link IR externo, conectores de sa\u00edda e entrada de gatilho, portas ES-232, porta PHASTlink. Isso torna o No.383 mais funcional ou permite atualiza\u00e7\u00e3o de software ou conex\u00e3o a sistemas de automa\u00e7\u00e3o. Claro, h\u00e1 tamb\u00e9m um recept\u00e1culo de cabo de alimenta\u00e7\u00e3o IEC, para que voc\u00ea possa experimentar com seu cabo de alimenta\u00e7\u00e3o favorito.<\/p>\n<p>O No.383 \u00e9 controlado remotamente e, como eu esperava da Madrigal (e raramente obtenho de outras empresas, infelizmente), todas as fun\u00e7\u00f5es no painel frontal do No.383 s\u00e3o duplicadas no controle remoto do tamanho de uma barra de sab\u00e3o. A opera\u00e7\u00e3o \u00e9 simples, mas como voc\u00ea esperaria de um componente com um manual do usu\u00e1rio de 49 p\u00e1ginas, o No.383 tem um conjunto de recursos muito rico. Algumas das minhas sutilezas de usu\u00e1rio favoritas s\u00e3o invers\u00e3o de fase, deslocamento de entrada ajust\u00e1vel (para equalizar o n\u00edvel de sa\u00edda das fontes &#8211; uma \u00f3tima ferramenta de revis\u00e3o e tamb\u00e9m algo que garantir\u00e1 que voc\u00ea n\u00e3o seja atingido se mudar de uma entrada para outra com ganho maior), a capacidade de nomear cada entrada no display LED do No.383 (com configura\u00e7\u00f5es padr\u00e3o para outros produtos Mark Levinson) e standby (que desconecta a sa\u00edda e desliga o display). E isso \u00e9 s\u00f3 a ponta do iceberg! Voc\u00ea pode passar horas personalizando o No.383 para seu sistema.<\/p>\n<p>Se\u00e7\u00e3o do pr\u00e9-amplificador: Entradas de n\u00edvel de linha: dois pares balanceados (XLR), tr\u00eas pares single-ended (RCA, opcional). Sa\u00eddas: um par de sa\u00eddas de grava\u00e7\u00e3o (RCA), um recept\u00e1culo de rede el\u00e9trica IEC CA, um terminal de aterramento. Conex\u00f5es do controlador: tr\u00eas mini-jacks de 3,5 mm (entrada IR, sa\u00edda\/entrada de disparo CC), um conector de comunica\u00e7\u00f5es Mark Levinson Link, uma porta RJ-11 RS-232 de 6 pinos, duas portas de controle RJ-45 de 8 pinos (compat\u00edvel com PHASTLink). Ganho de tens\u00e3o: 0, 6, 12 ou 18 dB no est\u00e1gio de linha (26,9 dB no est\u00e1gio do amplificador). Faixa de controle de volume: 72,2 dB. Resolu\u00e7\u00e3o de ganho: passos de 0,1 dB acima de 38,5 no display (-34,7 dB). Sobrecarga de entrada: 4 V em XLR, 2 V em RCA (ganho definido para +12 dB); 16 V em XLR, 8 V em RCA (ganho definido como 0 dB). Resposta de frequ\u00eancia: 10 Hz-40 kHz, \u00b1 1,0 dB. Imped\u00e2ncia de entrada: 100 k ohms. THD + ru\u00eddo: \u00b1 0,3%. Tens\u00e3o de rede: 100 V, 120 V, 220 V, 230 V ou 240 VCA a 50 ou 60 Hz (configura\u00e7\u00e3o de f\u00e1brica). Consumo de energia: normalmente 100 W em espera, 200 W em modo inativo, 1200 W a 4 ohms na sa\u00edda nominal.<\/p>\n<p>Se\u00e7\u00e3o do amplificador: Pot\u00eancia de sa\u00edda nominal: 20 Hz-20 kHz, menos de 0,3% THD (FTC): 100 Wpc em 8 ohms (20 dBW), 200 W m\u00ednimo cont\u00ednuo em 4 ohms (20 dBW). Resposta de frequ\u00eancia: 20Hz-20kHz, \u00b10,1dB. Imped\u00e2ncia de sa\u00edda: \u00b10,05 ohms, 20Hz-20kHz. Fator de amortecimento: maior que 800, 20Hz-20kHz em 8 ohms. Conex\u00f5es de alto-falante: um par de bornes de alto-falante projetados pela Madrigal.<\/p>\n<p>Dimens\u00f5es: 17,56&#8243; (446mm) L por 6,55&#8243; (166mm) A por 19,5&#8243; (495,3mm) P. Peso de envio: 80 lbs (36,6kg).<\/p>\n","protected":false},"excerpt":{"rendered":"<p>O No.383 de dois tons, que custa US$ 5.995, parece exatamente o componente de alta qualidade da Mark Levinson que \u00e9, o que quer dizer que seu estilo \u00e9 impecavelmente de bom gosto. O No.383 certamente parece parte de um equipamento de \u00e1udio de alto desempenho. No interior, tr\u00eas fontes de alimenta\u00e7\u00e3o independentes fornecem energia [&hellip;]<\/p>\n","protected":false},"featured_media":18208,"template":"","meta":{"_acf_changed":false},"product_brand":[],"product_cat":[27,51,90],"product_tag":[],"class_list":{"0":"post-18207","1":"product","2":"type-product","3":"status-publish","4":"has-post-thumbnail","6":"product_cat-amplificador","7":"product_cat-integrado","8":"product_cat-mark-levinson","10":"first","11":"instock","12":"sold-individually","13":"shipping-taxable","14":"purchasable","15":"product-type-simple"},"acf":[],"aioseo_notices":[],"_links":{"self":[{"href":"https:\/\/hificlub.com.br\/loja\/wp-json\/wp\/v2\/product\/18207","targetHints":{"allow":["GET"]}}],"collection":[{"href":"https:\/\/hificlub.com.br\/loja\/wp-json\/wp\/v2\/product"}],"about":[{"href":"https:\/\/hificlub.com.br\/loja\/wp-json\/wp\/v2\/types\/product"}],"wp:featuredmedia":[{"embeddable":true,"href":"https:\/\/hificlub.com.br\/loja\/wp-json\/wp\/v2\/media\/18208"}],"wp:attachment":[{"href":"https:\/\/hificlub.com.br\/loja\/wp-json\/wp\/v2\/media?parent=18207"}],"wp:term":[{"taxonomy":"product_brand","embeddable":true,"href":"https:\/\/hificlub.com.br\/loja\/wp-json\/wp\/v2\/product_brand?post=18207"},{"taxonomy":"product_cat","embeddable":true,"href":"https:\/\/hificlub.com.br\/loja\/wp-json\/wp\/v2\/product_cat?post=18207"},{"taxonomy":"product_tag","embeddable":true,"href":"https:\/\/hificlub.com.br\/loja\/wp-json\/wp\/v2\/product_tag?post=18207"}],"curies":[{"name":"wp","href":"https:\/\/api.w.org\/{rel}","templated":true}]}}