{"id":18201,"date":"2024-10-06T19:14:00","date_gmt":"2024-10-06T22:14:00","guid":{"rendered":"https:\/\/hificlub.com.br\/loja\/?post_type=product&#038;p=18201"},"modified":"2026-03-03T22:18:21","modified_gmt":"2026-03-04T01:18:21","slug":"arcam-st60-streamer-dac","status":"publish","type":"product","link":"https:\/\/hificlub.com.br\/loja\/produto\/arcam-st60-streamer-dac\/","title":{"rendered":"ARCAM ST60 &#8211; Streamer , DAC, Spotify, TIDAL, Qobuz, Deezer, Napster, Ethernet\/Wi-Fi"},"content":{"rendered":"<p>ARCAM ST60 Streamer DAC<br \/>\nTransmiss\u00e3o sem esfor\u00e7o, som de qualidade<\/p>\n<p>O ST60 \u00e9 uma fonte de streaming de alto desempenho que permite streaming de \u00e1udio de todos os principais servi\u00e7os (Tidal, Qobuz, Spotify, Napster, Deezer, etc.) por Cast ou Airplay2. Ele tamb\u00e9m lida com fontes UPnP.<\/p>\n<p>\u00c9 o companheiro perfeito para a linha HDA de amplificadores est\u00e9reo e tamb\u00e9m \u00e9 totalmente compat\u00edvel com o aplicativo MusicLife.<\/p>\n<p>4 entradas digitais<br \/>\nSa\u00eddas anal\u00f3gicas XLR balanceadas e RCA de termina\u00e7\u00e3o \u00fanica<br \/>\nSa\u00eddas digitais \u00f3pticas e coaxiais<br \/>\nGoogleCast, Airplay2, Streamer uPnP<br \/>\nCertificado Roon Ready<br \/>\nSuportado por MQA<br \/>\nConversor DAC Sabre ESS9038Q2M de 32 bits<br \/>\nControle I\/P e RS232 completo, incluindo Control4 e Crestron<br \/>\nDistor\u00e7\u00e3o harm\u00f4nica total + ru\u00eddo = 0,0008%<\/p>\n<p>Aqueles que buscam desempenho de streaming elevado e a oportunidade de explorar tudo o que o meio tem a oferecer podem considerar uma unidade dedicada e aut\u00f4noma que pode ser integrada a qualquer sistema como a melhor aposta de todas. A lista de candidatos em potencial parece crescer a cada m\u00eas. Estou surpreso, no entanto, que a Arcam \u2014 a marca Brit-fi que estabeleceu seu lugar \u00e0 frente da curva no alvorecer do digital no Reino Unido \u2014 tenha esperado at\u00e9 agora para fazer seu primeiro streamer de rede dedicado. Facilmente identificado por seu estilo s\u00f3brio e tom cinza escuro, \u00e9 a mais nova adi\u00e7\u00e3o \u00e0 fam\u00edlia de componentes HDA da empresa. A Arcam e o \u00e1udio digital remontam a cerca de 40 anos. Com um futuro distante sob a asa da gigante sul-coreana Samsung Electronics, nem mesmo um brilho nos olhos de um contador, a ent\u00e3o pequena empresa independente sediada em Cambridge foi respons\u00e1vel pelo primeiro CD player do zero a ser constru\u00eddo no Reino Unido que n\u00e3o era uma modifica\u00e7\u00e3o de outra pessoa, o primeiro DAC externo (o agora ic\u00f4nico Arcam Black Box) e o primeiro sintonizador DAB dom\u00e9stico.<br \/>\n\u00c9 provavelmente seguro assumir que os clientes de um streamer\/DAC de rede dedicado n\u00e3o ficar\u00e3o muito impressionados com quaisquer compromissos de ajuste e, portanto, n\u00e3o \u00e9 surpresa que o ST60 alegue ser uma produ\u00e7\u00e3o completa de nove jardas com facilidade de uso, conectividade e qualidade de som priorizadas, juntamente com a capacidade de atuar como um pr\u00e9-amplificador para equipar com um amplificador de pot\u00eancia ou alto-falantes ativos. Para aqueles que desejam come\u00e7ar imediatamente, h\u00e1 Apple AirPlay 2, Google Chromecast integrado e Spotify Connect. Baixe o aplicativo para smartphone MusicLife da Arcam e o acesso abre para UPnP, Tidal, Qobuz, Deezer e Napster. O ST60 tamb\u00e9m \u00e9 &#8220;Roon Ready&#8221;, mas ainda n\u00e3o certificado. E, como voc\u00ea sem d\u00favida deduziu, nenhuma certifica\u00e7\u00e3o Tidal Connect tamb\u00e9m.<\/p>\n<p>No painel traseiro bem configurado, a conectividade \u00e9 abrangente. Al\u00e9m de Ethernet e USB 2 (para armazenamento de m\u00eddia local), h\u00e1 soquetes de antena wi-fi amplamente espa\u00e7ados, sa\u00eddas anal\u00f3gicas XLR balanceadas e RCA de termina\u00e7\u00e3o \u00fanica, al\u00e9m de sa\u00eddas digitais coaxiais e \u00f3pticas, caso voc\u00ea queira conectar um DAC externo. Os formatos usuais s\u00e3o suportados &#8211; incluindo AIFF, ALAC, FLAC e WAV, junto com formatos legados compactados, como MP3 &#8211; e renderiza\u00e7\u00e3o e decodifica\u00e7\u00e3o MQA completas s\u00e3o fornecidas. A Arcam tamb\u00e9m n\u00e3o economizou na pot\u00eancia de decodifica\u00e7\u00e3o, empregando o A-game ESS Sabre ES9038K2M da ESS Technology, que lida com PCM de at\u00e9 32 bits\/192 kHz, bem como DSD. Por fim, o ST60 oferece controle I\/P e RS232 completo para integra\u00e7\u00e3o em sistemas de automa\u00e7\u00e3o residencial Control4 e Crestron.<\/p>\n<p>A configura\u00e7\u00e3o do Chromecast e do AirPlay 2 \u00e9 simples e o controle remoto de tamanho normal (que ilumina todos os bot\u00f5es quando voc\u00ea pressiona qualquer um deles) aciona um sistema de menu intuitivo e nitidamente apresentado que \u00e9 f\u00e1cil de ler e navegar na tela de 5,2 pol. Um pouco mais agrad\u00e1vel aos olhos, o aplicativo Arcam dedicado, MusicLife, adiciona controle de m\u00fasica armazenada em dispositivos suportados e unidades de rede.<\/p>\n<p>O design \u00e9 baseado em um DAC est\u00e9reo ESS9038 de 32 bits\/192 kHz da linha ESS Sabre e permite que arquivos MQA sejam descompactados. Al\u00e9m disso, os formatos AIFF, ALAC, FLAC e WAV tamb\u00e9m s\u00e3o suportados, arquivos DSD para 11,3 MHz e formatos legados compactados. Ele foi projetado para ser Roon Ready e funcionar como um Roon Endpoint, permitindo que os usu\u00e1rios controlem sua biblioteca de \u00e1udio TIDAL, Qobuz e NAS a partir desta interface bacana. O ST60 \u00e9 capaz de lidar com todos os principais players, incluindo Deezer, Napster, Qobuz, Spotify e Tidal, e tamb\u00e9m \u00e9 compat\u00edvel com AirPlay 2 e Google Cast, al\u00e9m de lidar com fontes UPnP.<\/p>\n<p>As entradas digitais incluem USB 2.0, duas RCA coaxiais (funcionando em at\u00e9 32\/192), duas portas \u00f3pticas TOSLINK (32\/96), al\u00e9m de op\u00e7\u00f5es com e sem fio para Ethernet. Al\u00e9m disso, o Arcam possui sa\u00eddas anal\u00f3gicas XLR balanceadas e RCA single-ended; a primeira fornece 4,5 V e a \u00faltima 2,2 V. Quando ligada pela primeira vez, a unidade leva cerca de trinta segundos para inicializar.<\/p>\n","protected":false},"excerpt":{"rendered":"<p>ARCAM ST60 Streamer DAC Transmiss\u00e3o sem esfor\u00e7o, som de qualidade O ST60 \u00e9 uma fonte de streaming de alto desempenho que permite streaming de \u00e1udio de todos os principais servi\u00e7os (Tidal, Qobuz, Spotify, Napster, Deezer, etc.) por Cast ou Airplay2. Ele tamb\u00e9m lida com fontes UPnP. \u00c9 o companheiro perfeito para a linha HDA de [&hellip;]<\/p>\n","protected":false},"featured_media":18202,"template":"","meta":{"_acf_changed":false},"product_brand":[],"product_cat":[49,43,41,142],"product_tag":[],"class_list":{"0":"post-18201","1":"product","2":"type-product","3":"status-publish","4":"has-post-thumbnail","6":"product_cat-arcam","7":"product_cat-dac","8":"product_cat-digital","9":"product_cat-streamers","11":"first","12":"instock","13":"sold-individually","14":"shipping-taxable","15":"purchasable","16":"product-type-simple"},"acf":[],"aioseo_notices":[],"_links":{"self":[{"href":"https:\/\/hificlub.com.br\/loja\/wp-json\/wp\/v2\/product\/18201","targetHints":{"allow":["GET"]}}],"collection":[{"href":"https:\/\/hificlub.com.br\/loja\/wp-json\/wp\/v2\/product"}],"about":[{"href":"https:\/\/hificlub.com.br\/loja\/wp-json\/wp\/v2\/types\/product"}],"wp:featuredmedia":[{"embeddable":true,"href":"https:\/\/hificlub.com.br\/loja\/wp-json\/wp\/v2\/media\/18202"}],"wp:attachment":[{"href":"https:\/\/hificlub.com.br\/loja\/wp-json\/wp\/v2\/media?parent=18201"}],"wp:term":[{"taxonomy":"product_brand","embeddable":true,"href":"https:\/\/hificlub.com.br\/loja\/wp-json\/wp\/v2\/product_brand?post=18201"},{"taxonomy":"product_cat","embeddable":true,"href":"https:\/\/hificlub.com.br\/loja\/wp-json\/wp\/v2\/product_cat?post=18201"},{"taxonomy":"product_tag","embeddable":true,"href":"https:\/\/hificlub.com.br\/loja\/wp-json\/wp\/v2\/product_tag?post=18201"}],"curies":[{"name":"wp","href":"https:\/\/api.w.org\/{rel}","templated":true}]}}