{"id":18159,"date":"2024-10-02T06:57:45","date_gmt":"2024-10-02T09:57:45","guid":{"rendered":"https:\/\/hificlub.com.br\/loja\/?post_type=product&#038;p=18159"},"modified":"2026-03-03T22:18:21","modified_gmt":"2026-03-04T01:18:21","slug":"mytek-brooklyn-bridge-ii-dac-streamer-preamp-com-phono-e-roon-core-integrado","status":"publish","type":"product","link":"https:\/\/hificlub.com.br\/loja\/produto\/mytek-brooklyn-bridge-ii-dac-streamer-preamp-com-phono-e-roon-core-integrado\/","title":{"rendered":"MYTEK BROOKLYN BRIDGE II   DAC, Streamer, Preamp com Phono e Roon Core 4TB Integrado"},"content":{"rendered":"<p>ALL-IN-ONE \u2022 ROON CORE STREAMER \u2022 DAC \u2022 HEADPHONE \u2022 PHONO\u2022 PREAMP<\/p>\n<p>Brooklyn Bridge II  (BB2) \u00e9 um grande redesenho do nosso mais vendido Brooklyn Bridge original (BB1) . O BB1 tem sido muito bem-sucedido , recebendo o pr\u00eamio Stereophile Product of the Year e EISA em 2019-2020 por seu design e som inovadores e bonitos. O BB2 tem os mesmos circuitos premiados de pr\u00e9-amplificador e DAC, mas agora tamb\u00e9m possui uma fonte de alimenta\u00e7\u00e3o linear de 90 W. Al\u00e9m disso, ele possui um menu de tela sens\u00edvel ao toque de \u00faltima gera\u00e7\u00e3o, acess\u00edvel por smartphone\/tablet e um sistema de computador completo, trazendo a opera\u00e7\u00e3o semelhante ao iPhone do s\u00e9culo XXI. O BB2 possui um computador Intel I5 Roon Core integrado combinado com o sistema operacional Mytek para f\u00e1cil opera\u00e7\u00e3o com tela sens\u00edvel ao toque de um iPad, smartphone ou tela do painel frontal. O BB2 \u00e9 um sistema Roon completo tudo em um e projetado para ser usado principalmente com o software de reprodu\u00e7\u00e3o Roon. Al\u00e9m disso, ele fornecer\u00e1 funcionalidade semelhante ao Brooklyn Bridge original (Upnp e Roon End Point) e mais (Bluetooth, DSP etc.). Voc\u00ea pode pensar na funcionalidade do BB1 como um subconjunto do BB2. O BB2 tem a funcionalidade do BB1 mais o computador Roon Core, tela sens\u00edvel ao toque, fonte de alimenta\u00e7\u00e3o linear toroidal. Como o computador ser\u00e1 atualizado continuamente durante a vida \u00fatil do produto, muitas novas funcionalidades ser\u00e3o adicionadas, incluindo novas op\u00e7\u00f5es de streaming e DSP, gerenciamento de arquivos etc., que n\u00e3o s\u00e3o poss\u00edveis nem pretendidas para o BB1. O DAC e a se\u00e7\u00e3o anal\u00f3gica s\u00e3o os mesmos em ambos os produtos, mas como o BB2 tem a fonte de alimenta\u00e7\u00e3o regulada linear, ele subjetivamente soa cerca de 20% melhor do que o BB1.   Usar o Roon com o BB2 requer uma assinatura do Roon. Uma assinatura gratuita de 1 ano est\u00e1 inclu\u00edda na compra. O Roon oferece experi\u00eancia superior de reprodu\u00e7\u00e3o e navega\u00e7\u00e3o, especialmente com metadados (letras, cr\u00e9ditos, assim como capas de \u00e1lbuns de vinil), n\u00e3o dispon\u00edveis com outros softwares de reprodu\u00e7\u00e3o e preferidos por milhares de amantes da m\u00fasica. O Roon tamb\u00e9m oferece mais op\u00e7\u00f5es, como gerenciamento avan\u00e7ado de listas de reprodu\u00e7\u00e3o, reprodu\u00e7\u00e3o multiroom e ARC, que transforma sua biblioteca local em seu pr\u00f3prio servi\u00e7o de streaming privado. O Roon reproduz qualquer formato, incluindo DSD256 e 384k PCM, enquanto outros softwares s\u00e3o limitados a no m\u00e1ximo PCM 192k.<\/p>\n<p>ESPECIFICA\u00c7\u00d5ES<br \/>\nO Brooklyn Bridge 2 \u00e9 um Roon Core Streamer tudo em um + excelente DSD\/MQA DAC+ Anal\u00f3gico (com Phono) e Pr\u00e9-amplificador Digital e um amplificador de fone de ouvido de ponta em um chassi compacto, moderno e bonito.  Ele conecta todas as suas fontes de m\u00fasica em um hub de alta qualidade de som antes de enviar a m\u00fasica para o amplificador e alto-falantes ou fones de ouvido.  Ele \u00e9 alimentado por software moderno operado por toque &#8211; Roon para navega\u00e7\u00e3o e streaming de m\u00fasica e Mytek OS para todas as outras funcionalidades. Os controles de software dispon\u00edveis no painel frontal s\u00e3o repetidos em um dispositivo wi-fi: tablet ou smartphone para conforto e conveni\u00eancia.<br \/>\nFontes musicais:<br \/>\nConstru\u00eddo em Roon Core: Tidal, Qobuz e biblioteca local em qualquer formato at\u00e9 PCM 384kHz, DSD256 e MQA<br \/>\nPr\u00e9-amplificador anal\u00f3gico: entrada Phono M\/M e linha RCA<br \/>\nPr\u00e9-amplificador digital:  entradas SPDIF e \u00f3pticas para leitores de disco ou TV,<br \/>\n                 Entrada DAC Roon Ready para uso com outro streamer quando necess\u00e1rio<br \/>\nBluetooth 5: incluindo \u00e1udio de alta resolu\u00e7\u00e3o (a qualidade depende do celular) &#8211; Para audi\u00e7\u00e3o r\u00e1pida e casual de qualquer fonte de som\/m\u00fasica da Internet.<br \/>\nFun\u00e7\u00f5es futuras: O Mytek OS \u00e9 uma plataforma de software que \u00e9 continuamente expandida com novas funcionalidades adicionadas. A atualiza\u00e7\u00e3o do software acontece da mesma forma que em qualquer computador: mediante notifica\u00e7\u00e3o de &#8220;novo software&#8221;, o usu\u00e1rio pode escolher baixar e atualizar o sistema. O novo software cont\u00e9m novos recursos e corre\u00e7\u00f5es. Nos pr\u00f3ximos meses e anos, a Mytek planeja adicionar players alternativos como Upnp Spotify e Tidal Connect e recursos como Apple Airplay etc. Sua disponibilidade ser\u00e1 anunciada quando o trabalho de software neles come\u00e7ar.  Fun\u00e7\u00f5es futuras: O Mytek OS \u00e9 uma plataforma de software que \u00e9 continuamente expandida com novas funcionalidades adicionadas. A atualiza\u00e7\u00e3o do software acontece da mesma forma que em qualquer computador: mediante notifica\u00e7\u00e3o de &#8220;novo software&#8221;, o usu\u00e1rio pode escolher baixar e atualizar o sistema. O novo software cont\u00e9m novos recursos e corre\u00e7\u00f5es. Nos pr\u00f3ximos meses e anos, a Mytek planeja adicionar players alternativos como Spotify e Tidal Connect e recursos como Apple Airplay etc. Sua disponibilidade ser\u00e1 anunciada quando o trabalho de software neles come\u00e7ar.<br \/>\nDentro da caixa de envio: cabo de alimenta\u00e7\u00e3o para o pa\u00eds de destino, cabo USB 2.0, c\u00f3digo para 2 meses de assinatura Roon GRATUITA. O manual atual est\u00e1 dispon\u00edvel para download em PDF nesta p\u00e1gina.<\/p>\n<p>Especifica\u00e7\u00f5es<br \/>\nDescri\u00e7\u00e3o: Conversor digital para anal\u00f3gico de streaming com n\u00facleo Roon integrado e recursos de servidor de rede, com pr\u00e9-amplificador anal\u00f3gico, amplificador de fone de ouvido e est\u00e1gio phono MM\/MC. Entradas digitais: Bluetooth 5, Wi-Fi, Ethernet, S\/PDIF (2 RCA, TosLink), USB2 Tipo B, 2 USB-A (para conectar armazenamento ou outro DAC para uma segunda zona Roon). Entradas anal\u00f3gicas\/phono: um par single-ended (RCA) n\u00edvel de linha, um par single-ended (RCA) phono. Sa\u00eddas anal\u00f3gicas: um par balanceado (XLR), um par single-ended (RCA). Sa\u00eddas de fone de ouvido: dois est\u00e9reos de \u00bc&#8221; convers\u00edveis para 1 par balanceado; pot\u00eancia m\u00e1xima de sa\u00edda de 6 W. Formatos\/taxas de amostragem suportados: PCM para 32\/384k (S\/PDIF\/TosLink limitado a 192k); DSD at\u00e9 DSD256; sem fio e Ethernet limitados a DSD64. Faixa din\u00e2mica: 130 dB. Imped\u00e2ncia de sa\u00edda anal\u00f3gica: RCA 75 ohms, XLR 150 ohms.<br \/>\nDimens\u00f5es: 8,5&#8243; (216 mm) L \u00d7 1,74&#8243; (44 mm) A \u00d7 8,8&#8243; (225 mm) P incluindo antena. Peso: 6,5 lb (2,95 kg).<br \/>\nAcabamentos: Prata, Preto.<\/p>\n","protected":false},"excerpt":{"rendered":"<p>ALL-IN-ONE \u2022 ROON CORE STREAMER \u2022 DAC \u2022 HEADPHONE \u2022 PHONO\u2022 PREAMP Brooklyn Bridge II (BB2) \u00e9 um grande redesenho do nosso mais vendido Brooklyn Bridge original (BB1) . O BB1 tem sido muito bem-sucedido , recebendo o pr\u00eamio Stereophile Product of the Year e EISA em 2019-2020 por seu design e som inovadores e [&hellip;]<\/p>\n","protected":false},"featured_media":18160,"template":"","meta":{"_acf_changed":false},"product_brand":[],"product_cat":[43,41,38,142],"product_tag":[],"class_list":{"0":"post-18159","1":"product","2":"type-product","3":"status-publish","4":"has-post-thumbnail","6":"product_cat-dac","7":"product_cat-digital","8":"product_cat-pre-amplificador","9":"product_cat-streamers","11":"first","12":"instock","13":"sold-individually","14":"shipping-taxable","15":"purchasable","16":"product-type-simple"},"acf":[],"aioseo_notices":[],"_links":{"self":[{"href":"https:\/\/hificlub.com.br\/loja\/wp-json\/wp\/v2\/product\/18159","targetHints":{"allow":["GET"]}}],"collection":[{"href":"https:\/\/hificlub.com.br\/loja\/wp-json\/wp\/v2\/product"}],"about":[{"href":"https:\/\/hificlub.com.br\/loja\/wp-json\/wp\/v2\/types\/product"}],"wp:featuredmedia":[{"embeddable":true,"href":"https:\/\/hificlub.com.br\/loja\/wp-json\/wp\/v2\/media\/18160"}],"wp:attachment":[{"href":"https:\/\/hificlub.com.br\/loja\/wp-json\/wp\/v2\/media?parent=18159"}],"wp:term":[{"taxonomy":"product_brand","embeddable":true,"href":"https:\/\/hificlub.com.br\/loja\/wp-json\/wp\/v2\/product_brand?post=18159"},{"taxonomy":"product_cat","embeddable":true,"href":"https:\/\/hificlub.com.br\/loja\/wp-json\/wp\/v2\/product_cat?post=18159"},{"taxonomy":"product_tag","embeddable":true,"href":"https:\/\/hificlub.com.br\/loja\/wp-json\/wp\/v2\/product_tag?post=18159"}],"curies":[{"name":"wp","href":"https:\/\/api.w.org\/{rel}","templated":true}]}}