{"id":18143,"date":"2024-10-02T06:13:49","date_gmt":"2024-10-02T09:13:49","guid":{"rendered":"https:\/\/hificlub.com.br\/loja\/?post_type=product&#038;p=18143"},"modified":"2026-03-03T22:18:22","modified_gmt":"2026-03-04T01:18:22","slug":"mcintosh-mb25-transceptor-premium-bluetooth-streamer","status":"publish","type":"product","link":"https:\/\/hificlub.com.br\/loja\/produto\/mcintosh-mb25-transceptor-premium-bluetooth-streamer\/","title":{"rendered":"MCINTOSH MB25 Transceptor Premium Bluetooth Streamer"},"content":{"rendered":"<p>VIS\u00c3O GERAL<br \/>\nDIMINUINDO A DIST\u00c2NCIA ENTRE A CONVENI\u00caNCIA DO STREAMING E A EXCEL\u00caNCIA EM \u00c1UDIO<br \/>\nTransmitir m\u00fasica diretamente do seu telefone para o seu sistema de \u00e1udio dom\u00e9stico via Bluetooth\u00ae oferece uma conveni\u00eancia incompar\u00e1vel. No entanto, muitos sistemas de som habilitados para Bluetooth n\u00e3o t\u00eam a qualidade de som premium necess\u00e1ria para realmente honrar sua cole\u00e7\u00e3o de m\u00fasicas premiada. Entre no MB25 Bluetooth Transceiver, uma solu\u00e7\u00e3o revolucion\u00e1ria projetada para diminuir a dist\u00e2ncia entre a conveni\u00eancia e a excel\u00eancia em \u00e1udio.<\/p>\n<p>STREAMING BLUETOOTH DE NIVEL AUDI\u00d3FILO<br \/>\nO transceptor Bluetooth MB25 \u00e9 uma solu\u00e7\u00e3o sofisticada, feita sob medida para entusiastas de \u00e1udio exigentes para integrar perfeitamente os recursos de streaming Bluetooth em um sistema de \u00e1udio dom\u00e9stico de ponta McIntosh ou n\u00e3o McIntosh de qualquer \u00e9poca. Quer voc\u00ea tenha um sistema est\u00e9reo vintage por muitas d\u00e9cadas ou tenha um sistema mais novo, o MB25 eleva sua experi\u00eancia de \u00e1udio modernizando sua configura\u00e7\u00e3o. Criado com os mais altos padr\u00f5es de desempenho, o compacto MB25 transforma seu sistema de \u00e1udio em um hub vers\u00e1til para desfrutar de m\u00fasica digital de seu smartphone, contas na nuvem e servi\u00e7os de streaming preferidos.<\/p>\n<p>Projetado como uma unidade compacta e aut\u00f4noma com uma pegada relativamente pequena, o MB25 n\u00e3o requer aplicativos de terceiros para opera\u00e7\u00e3o, garantindo uma experi\u00eancia sem complica\u00e7\u00f5es. Funcionando como um transmissor\/receptor, ele ostenta tecnologia Bluetooth Classe 1, oferecendo conectividade incompar\u00e1vel com equipamentos de \u00e1udio sem compatibilidade Bluetooth. Com um alcance de transmiss\u00e3o de at\u00e9 150 p\u00e9s (45,7 metros)1 e aprimorado por uma antena externa, o MB25 garante desempenho ideal para transmiss\u00e3o e recebimento de sinais de \u00e1udio.<\/p>\n<p>INFORMA\u00c7\u00d5ES \u00daTEIS SOBRE SINAL DE \u00c1UDIO<br \/>\nO sucessor do popular MB20, o MB25 mant\u00e9m todos os recursos do MB20 enquanto introduz melhorias para uma experi\u00eancia de usu\u00e1rio elevada. Not\u00e1vel entre suas atualiza\u00e7\u00f5es \u00e9 um painel de vidro frontal iluminado que fornece insights sobre taxas de sinal de \u00e1udio e tipos de conex\u00e3o. O MB25 tamb\u00e9m oferece a flexibilidade de selecionar a entrada desejada no modo de transmiss\u00e3o, dando a voc\u00ea maior controle sobre sua experi\u00eancia de \u00e1udio. Finalmente, o Power Control foi adicionado para que ele possa ser facilmente ligado e desligado com o resto do seu sistema.<\/p>\n<p>CONECTIVIDADE ABUNDANTE<br \/>\nNotavelmente vers\u00e1til, o MB25 apresenta uma variedade de entradas e sa\u00eddas para permitir diversas configura\u00e7\u00f5es de sistema. As op\u00e7\u00f5es de conectividade anal\u00f3gica incluem entradas e sa\u00eddas est\u00e9reo balanceadas e n\u00e3o balanceadas. Para conex\u00e3o digital ao seu sistema, como para uso com um conversor digital-anal\u00f3gico (DAC) externo, ele possui entradas e sa\u00eddas coaxiais e \u00f3pticas.<br \/>\nTECNOLOGIA BLUETOOTH 5.0<br \/>\nAproveitando a tecnologia Bluetooth 5.0, o MB25 suporta codecs de alta fidelidade, como Advanced Audio Coding (AAC) e Qualcomm\u00ae aptX\u2122 HD, garantindo reprodu\u00e7\u00e3o de \u00e1udio sem comprometimento. Equipado com um DAC de 32 bits de alto desempenho para o modo receptor e um conversor anal\u00f3gico-digital (ADC) premium para o modo transmissor, o MB25 mant\u00e9m qualidade de som e integridade de sinal intransigentes.<\/p>\n<p>CONVENI\u00caNCIA M\u00c1XIMA: RECEBA OU TRANSMITA<br \/>\nComo um transceptor, o MB25 pode funcionar como um receptor ou transmissor Bluetooth (mas n\u00e3o ambos ao mesmo tempo). Basta ajustar o interruptor no painel traseiro para a configura\u00e7\u00e3o adequada para o uso desejado. No modo Receptor, voc\u00ea pode transmitir \u00e1udio de dispositivos Bluetooth compat\u00edveis para o MB25 e, em seguida, usar a variedade de conex\u00f5es de sa\u00edda para reproduzir o \u00e1udio por meio do seu sistema de som. Como alternativa, no modo Transmissor, voc\u00ea pode transmitir a m\u00fasica de fontes de m\u00eddia f\u00edsica, como CDs ou discos de vinil, para fones de ouvido ou alto-falantes habilitados para Bluetooth.<\/p>\n<p>Para integra\u00e7\u00e3o de v\u00e1rios sistemas dentro de casa, o MB25 oferece uma solu\u00e7\u00e3o conveniente para habilitar a distribui\u00e7\u00e3o de \u00e1udio sem fio entre sistemas com facilidade, simplesmente conectando um MB25 a cada sistema.1 Se voc\u00ea j\u00e1 tem um MB20, ele pode ser usado em conjunto com um MB25 para obter essa configura\u00e7\u00e3o de v\u00e1rios ambientes e v\u00e1rios sistemas.<\/p>\n<p>Envolto em um chassi de alum\u00ednio elegante e personalizado com um painel frontal de vidro preto com logotipo iluminado, o MB25 exala sofistica\u00e7\u00e3o. Projetado para integra\u00e7\u00e3o perfeita com sistemas McIntosh e n\u00e3o McIntosh, o MB25 inclui uma fonte de alimenta\u00e7\u00e3o de montagem em parede com adaptadores para compatibilidade global.<\/p>\n<p>ESPECIFICA\u00c7\u00d5ES<br \/>\nVers\u00e3o Bluetooth: 5.0<br \/>\nProtocolos suportados: A2DP, SBC, AAC, aptX, aptX Low Latency, aptX HD<br \/>\nEntrada balanceada: 1<br \/>\nSa\u00edda balanceada: 1<br \/>\nEntrada desbalanceada: 1<br \/>\nSa\u00edda desbalanceada: 1<br \/>\nEntrada coaxial digital: 1<br \/>\nSa\u00edda coaxial digital: 1<br \/>\nEntrada \u00f3ptica digital: 1<br \/>\nSa\u00edda \u00f3ptica digital: 1<br \/>\nFormato de entrada digital: PCM<br \/>\nTaxa de amostragem de entrada digital: at\u00e9 24 bits\/192 kHz<br \/>\nFormato de sa\u00edda digital: 24 bits\/96 kHz<br \/>\nTaxa de amostragem de sa\u00edda digital: 96 kHz<br \/>\nEntrada de controle de energia: 1<br \/>\nSa\u00edda de controle de pot\u00eancia: 1<br \/>\nDimens\u00f5es (L x A x P): 9-29\/64&#8243; (24 cm) x 2-1\/2&#8243; (6,35 cm) (a antena na posi\u00e7\u00e3o vertical acrescenta 1-3\/8&#8243; (3,43 cm) x 3-15\/16&#8243; (10,01 cm)<br \/>\nPeso: 2,5 lbs (1,2 kg)<br \/>\nPeso de envio: 3,5 lbs (1,6 kg)<\/p>\n","protected":false},"excerpt":{"rendered":"<p>VIS\u00c3O GERAL DIMINUINDO A DIST\u00c2NCIA ENTRE A CONVENI\u00caNCIA DO STREAMING E A EXCEL\u00caNCIA EM \u00c1UDIO Transmitir m\u00fasica diretamente do seu telefone para o seu sistema de \u00e1udio dom\u00e9stico via Bluetooth\u00ae oferece uma conveni\u00eancia incompar\u00e1vel. No entanto, muitos sistemas de som habilitados para Bluetooth n\u00e3o t\u00eam a qualidade de som premium necess\u00e1ria para realmente honrar sua [&hellip;]<\/p>\n","protected":false},"featured_media":18144,"template":"","meta":{"_acf_changed":false},"product_brand":[],"product_cat":[41,39,142],"product_tag":[],"class_list":{"0":"post-18143","1":"product","2":"type-product","3":"status-publish","4":"has-post-thumbnail","6":"product_cat-digital","7":"product_cat-mcintosh","8":"product_cat-streamers","10":"first","11":"instock","12":"sold-individually","13":"shipping-taxable","14":"purchasable","15":"product-type-simple"},"acf":[],"aioseo_notices":[],"_links":{"self":[{"href":"https:\/\/hificlub.com.br\/loja\/wp-json\/wp\/v2\/product\/18143","targetHints":{"allow":["GET"]}}],"collection":[{"href":"https:\/\/hificlub.com.br\/loja\/wp-json\/wp\/v2\/product"}],"about":[{"href":"https:\/\/hificlub.com.br\/loja\/wp-json\/wp\/v2\/types\/product"}],"wp:featuredmedia":[{"embeddable":true,"href":"https:\/\/hificlub.com.br\/loja\/wp-json\/wp\/v2\/media\/18144"}],"wp:attachment":[{"href":"https:\/\/hificlub.com.br\/loja\/wp-json\/wp\/v2\/media?parent=18143"}],"wp:term":[{"taxonomy":"product_brand","embeddable":true,"href":"https:\/\/hificlub.com.br\/loja\/wp-json\/wp\/v2\/product_brand?post=18143"},{"taxonomy":"product_cat","embeddable":true,"href":"https:\/\/hificlub.com.br\/loja\/wp-json\/wp\/v2\/product_cat?post=18143"},{"taxonomy":"product_tag","embeddable":true,"href":"https:\/\/hificlub.com.br\/loja\/wp-json\/wp\/v2\/product_tag?post=18143"}],"curies":[{"name":"wp","href":"https:\/\/api.w.org\/{rel}","templated":true}]}}