{"id":1809,"date":"2023-10-17T19:57:48","date_gmt":"2023-10-17T22:57:48","guid":{"rendered":"https:\/\/hificlub.com.br\/loja2\/produto\/mcintosh-mb20-premium-bluetooth-transceiver\/"},"modified":"2026-04-18T21:44:23","modified_gmt":"2026-04-19T00:44:23","slug":"mcintosh-mb20-premium-bluetooth-transceiver","status":"publish","type":"product","link":"https:\/\/hificlub.com.br\/loja\/produto\/mcintosh-mb20-premium-bluetooth-transceiver\/","title":{"rendered":"MCINTOSH MB20  Transceiver Premium Streamer Bluetooth com DAC"},"content":{"rendered":"<p>&nbsp;<\/p>\n<div class=\"row\">\n<div class=\"overview-body col-12\">\n<div class=\"row our-take\">\n<div class=\"col\">\n<div id=\"ourTake\" class=\"overviewText clearfix collapse show\">\n<div class=\"row\">\n<div class=\"col-12 overviewCopy\">\n<h3>Transmita Bluetooth de alta qualidade de ou para o seu sistema de \u00e1udio dom\u00e9stico<\/h3>\n<p>O MB20 da McIntosh adiciona Bluetooth de alta qualidade \u00e0 sua pilha de equipamentos McIntosh ou a qualquer sistema de \u00e1udio dom\u00e9stico que voc\u00ea adora.\u00a0Ele envia\u00a0<em>e<\/em>\u00a0\u00a0recebe sinais Bluetooth, o que oferece muita flexibilidade.\u00a0Quer adicionar Bluetooth a um aparelho de som antigo?\u00a0Quer reproduzir seus discos de vinil em um alto-falante Bluetooth ou fones de ouvido sem fio?\u00a0O MB20 pode lidar com todos esses cen\u00e1rios sem perder o ritmo.\u00a0Ele usa Bluetooth 5.0 avan\u00e7ado para garantir \u00e1udio cristalino a at\u00e9 50 metros de dist\u00e2ncia, seja transmitindo ou recebendo<\/p>\n<h3>Entradas e sa\u00eddas anal\u00f3gicas e digitais para o seu equipamento<\/h3>\n<p>As conex\u00f5es de entrada do MB20 acomodam praticamente qualquer fonte de \u00e1udio com fio que voc\u00ea queira desfrutar via Bluetooth, incluindo toca-discos, CD player e muito mais.\u00a0Isso inclui entradas digitais \u00f3pticas e coaxiais e entradas anal\u00f3gicas XLR balanceadas e RCA n\u00e3o balanceadas.<\/p>\n<p>Existem conex\u00f5es anal\u00f3gicas e digitais semelhantes no lado de sa\u00edda, que permitem conectar o MB20 a praticamente qualquer receptor, amplificador ou sistema de \u00e1udio dom\u00e9stico e adicionar Bluetooth limpo e de alta qualidade como fonte.<\/p>\n<\/div>\n<\/div>\n<\/div>\n<\/div>\n<\/div>\n<\/div>\n<\/div>\n<div class=\"row\">\n<div class=\"col-12 col-lg-7\">\n<div id=\"hightlightWrapper\" class=\"keep-reading-wrapper open\">\n<div class=\"highlight-wrapper\">\n<h2><span style=\"font-size: small\">Destaques do produto:<\/span><\/h2>\n<ul>\n<li>recebe e envia sinais de \u00e1udio Bluetooth<\/li>\n<li>bot\u00e3o traseiro para alternar entre os modos de transmiss\u00e3o e recep\u00e7\u00e3o<\/li>\n<li>Bluetooth 5.0 com aptX HD de alta qualidade, aptX Low Latency e streaming de \u00e1udio AAC\n<ul>\n<li>A decodifica\u00e7\u00e3o aptX HD e AAC fornece streaming de m\u00fasica de alta qualidade de dispositivos compat\u00edveis<\/li>\n<li>A decodifica\u00e7\u00e3o aptX Low Latency ajuda a sincronizar \u00e1udio e v\u00eddeo em dispositivos compat\u00edveis<\/li>\n<\/ul>\n<\/li>\n<li>alcance: at\u00e9 150 p\u00e9s<\/li>\n<li>conversor digital para anal\u00f3gico integrado de 32 bits\/192kHz<\/li>\n<li>suporta sinais de entrada de \u00e1udio digital de at\u00e9 24 bits\/192kHz<\/li>\n<li>a sa\u00edda digital \u00e9 fixada em 24 bits\/96kHz<\/li>\n<li>chassi de alum\u00ednio preto com painel superior de vidro preto<\/li>\n<li>bot\u00e3o no painel frontal com luz indicadora LED\n<ul>\n<li>Branco: modo de espera, Azul: modo de receptor Bluetooth, Verde: modo de transmiss\u00e3o Bluetooth, azul piscando ou verde: modo de descoberta (procurando dispositivos Bluetooth)<\/li>\n<\/ul>\n<\/li>\n<\/ul>\n<p>Conex\u00f5es:<\/p>\n<ul>\n<li>entradas e sa\u00eddas RCA est\u00e9reo anal\u00f3gicas<\/li>\n<li>entradas e sa\u00eddas XLR est\u00e9reo anal\u00f3gicas balanceadas<\/li>\n<li>entrada e sa\u00edda digital coaxial<\/li>\n<li>entrada e sa\u00edda digital \u00f3ptica<\/li>\n<li>resposta de frequ\u00eancia: 20 a 20.000 Hz (\u00b10,5dB)<\/li>\n<\/ul>\n<p>Outras informa\u00e7\u00f5es:<\/p>\n<ul>\n<li>Antena Bluetooth inclu\u00edda<\/li>\n<li>peso: 2,5 libras<\/li>\n<li>9-1\/2&#8243; L x 2-1\/2&#8243;A x 4-13\/16&#8243;P (4-7\/8&#8243;A com antena levantada)<\/li>\n<li>garantia de 1 ano<\/li>\n<\/ul>\n<\/div>\n<\/div>\n<\/div>\n<\/div>\n","protected":false},"excerpt":{"rendered":"<p>&nbsp; Transmita Bluetooth de alta qualidade de ou para o seu sistema de \u00e1udio dom\u00e9stico O MB20 da McIntosh adiciona Bluetooth de alta qualidade \u00e0 sua pilha de equipamentos McIntosh ou a qualquer sistema de \u00e1udio dom\u00e9stico que voc\u00ea adora.\u00a0Ele envia\u00a0e\u00a0\u00a0recebe sinais Bluetooth, o que oferece muita flexibilidade.\u00a0Quer adicionar Bluetooth a um aparelho de som [&hellip;]<\/p>\n","protected":false},"featured_media":18151,"template":"","meta":{"_acf_changed":false},"product_brand":[],"product_cat":[41,39,142],"product_tag":[],"class_list":{"0":"post-1809","1":"product","2":"type-product","3":"status-publish","4":"has-post-thumbnail","6":"product_cat-digital","7":"product_cat-mcintosh","8":"product_cat-streamers","10":"first","11":"instock","12":"sold-individually","13":"shipping-taxable","14":"purchasable","15":"product-type-simple"},"acf":[],"aioseo_notices":[],"_links":{"self":[{"href":"https:\/\/hificlub.com.br\/loja\/wp-json\/wp\/v2\/product\/1809","targetHints":{"allow":["GET"]}}],"collection":[{"href":"https:\/\/hificlub.com.br\/loja\/wp-json\/wp\/v2\/product"}],"about":[{"href":"https:\/\/hificlub.com.br\/loja\/wp-json\/wp\/v2\/types\/product"}],"wp:featuredmedia":[{"embeddable":true,"href":"https:\/\/hificlub.com.br\/loja\/wp-json\/wp\/v2\/media\/18151"}],"wp:attachment":[{"href":"https:\/\/hificlub.com.br\/loja\/wp-json\/wp\/v2\/media?parent=1809"}],"wp:term":[{"taxonomy":"product_brand","embeddable":true,"href":"https:\/\/hificlub.com.br\/loja\/wp-json\/wp\/v2\/product_brand?post=1809"},{"taxonomy":"product_cat","embeddable":true,"href":"https:\/\/hificlub.com.br\/loja\/wp-json\/wp\/v2\/product_cat?post=1809"},{"taxonomy":"product_tag","embeddable":true,"href":"https:\/\/hificlub.com.br\/loja\/wp-json\/wp\/v2\/product_tag?post=1809"}],"curies":[{"name":"wp","href":"https:\/\/api.w.org\/{rel}","templated":true}]}}