{"id":18042,"date":"2024-09-26T07:01:11","date_gmt":"2024-09-26T10:01:11","guid":{"rendered":"https:\/\/hificlub.com.br\/loja\/?post_type=product&#038;p=18042"},"modified":"2026-03-03T22:18:22","modified_gmt":"2026-03-04T01:18:22","slug":"rotel-rmb-1555-5x-120-watts","status":"publish","type":"product","link":"https:\/\/hificlub.com.br\/loja\/produto\/rotel-rmb-1555-5x-120-watts\/","title":{"rendered":"ROTEL RMB-1555  5x 120 watts"},"content":{"rendered":"<p>Descri\u00e7\u00e3o Geral<br \/>\nCom apenas um pouco menos energia do que seu irm\u00e3o mais velho, o RMB-1555 mant\u00e9m uma fonte de alimenta\u00e7\u00e3o muito robusta para fornecer 5 x 120 Watts por canal para home theaters de m\u00e9dio e grande porte.<\/p>\n<p>5 x 120 Watts de pot\u00eancia robusta<br \/>\nDesign de amplificador classe AB<br \/>\nCapacitores de folha cortada de alta qualidade feitos na Gr\u00e3-Bretanha<br \/>\nOrelhas de rack inclu\u00eddas<br \/>\nEntrada de gatilho de 12 volts<\/p>\n<p>Amplificador de pot\u00eancia multicanal Rotel Black, modelo RMB1555BK<br \/>\nO RMB-1555 \u00e9 um not\u00e1vel amplificador multicanal com sa\u00edda de energia avaliada de forma conservadora em 120 watts por canal em 8 ohms (todos os canais acionados!). Com todos os alto-falantes, exceto os mais exigentes, localizados em salas extraordinariamente grandes, o RMB-1555 exerce o tipo de controle preciso que apresenta tanto nuances quanto bomb\u00e1stica corretamente, desde os mais t\u00eanues tons de flauta at\u00e9 o estrondo subterr\u00e2neo de um apocalipse que se aproxima.<\/p>\n<p>O RMB-1555 emprega alta corrente, transformador toroidal combinado com transistores de sa\u00edda discreta com sua maior estabilidade t\u00e9rmica e liberdade dos compromissos projetados que caracterizam seus primos de circuito integrado. A configura\u00e7\u00e3o do amplificador Classe AB garante o melhor equil\u00edbrio entre a pot\u00eancia de sa\u00edda e a efici\u00eancia t\u00e9rmica.<\/p>\n<p>Especifica\u00e7\u00f5es:<br \/>\nSa\u00edda de energia cont\u00ednua (20-20 kHz, &lt;0,03%, 8 ohms): 120 watts \/ canal, 5 canais acionados<br \/>\nDistor\u00e7\u00e3o harm\u00f4nica total (20Hz-20kHz, 8 ohms): &lt;0,03%<br \/>\nDistor\u00e7\u00e3o de intermodula\u00e7\u00e3o (60Hz: 7kHz, 4: 1): &lt;0,03%<br \/>\nResposta de frequ\u00eancia (+0,5, -3dB): 10Hz &#8211; 100kHz<br \/>\nFator de amortecimento (20-20.000 Hz, 8 ohms): 180<br \/>\nImped\u00e2ncia do alto-falante: 4 ohms m\u00ednimo<br \/>\nRela\u00e7\u00e3o sinal-ru\u00eddo (rela\u00e7\u00e3o IHF A): 116 dB<br \/>\nImped\u00e2ncia \/ sensibilidade de entrada: 12k ohms \/ 1,5 volt<br \/>\nGanho: 26,5 dB<br \/>\nRequerimentos poderosos<br \/>\nEUA: 120 volts, 60 Hz<br \/>\nConsumo de energia: 650 watts<br \/>\nDimens\u00f5es aproximadas: 431 x 188 x 454 mm<br \/>\nPeso 21.8kg<\/p>\n","protected":false},"excerpt":{"rendered":"<p>Descri\u00e7\u00e3o Geral Com apenas um pouco menos energia do que seu irm\u00e3o mais velho, o RMB-1555 mant\u00e9m uma fonte de alimenta\u00e7\u00e3o muito robusta para fornecer 5 x 120 Watts por canal para home theaters de m\u00e9dio e grande porte. 5 x 120 Watts de pot\u00eancia robusta Design de amplificador classe AB Capacitores de folha cortada [&hellip;]<\/p>\n","protected":false},"featured_media":18044,"template":"","meta":{"_acf_changed":false},"product_brand":[],"product_cat":[27,48,24],"product_tag":[],"class_list":{"0":"post-18042","1":"product","2":"type-product","3":"status-publish","4":"has-post-thumbnail","6":"product_cat-amplificador","7":"product_cat-multicanal","8":"product_cat-rotel","10":"first","11":"instock","12":"sold-individually","13":"shipping-taxable","14":"purchasable","15":"product-type-simple"},"acf":[],"aioseo_notices":[],"_links":{"self":[{"href":"https:\/\/hificlub.com.br\/loja\/wp-json\/wp\/v2\/product\/18042","targetHints":{"allow":["GET"]}}],"collection":[{"href":"https:\/\/hificlub.com.br\/loja\/wp-json\/wp\/v2\/product"}],"about":[{"href":"https:\/\/hificlub.com.br\/loja\/wp-json\/wp\/v2\/types\/product"}],"wp:featuredmedia":[{"embeddable":true,"href":"https:\/\/hificlub.com.br\/loja\/wp-json\/wp\/v2\/media\/18044"}],"wp:attachment":[{"href":"https:\/\/hificlub.com.br\/loja\/wp-json\/wp\/v2\/media?parent=18042"}],"wp:term":[{"taxonomy":"product_brand","embeddable":true,"href":"https:\/\/hificlub.com.br\/loja\/wp-json\/wp\/v2\/product_brand?post=18042"},{"taxonomy":"product_cat","embeddable":true,"href":"https:\/\/hificlub.com.br\/loja\/wp-json\/wp\/v2\/product_cat?post=18042"},{"taxonomy":"product_tag","embeddable":true,"href":"https:\/\/hificlub.com.br\/loja\/wp-json\/wp\/v2\/product_tag?post=18042"}],"curies":[{"name":"wp","href":"https:\/\/api.w.org\/{rel}","templated":true}]}}