{"id":1801,"date":"2023-10-17T19:57:47","date_gmt":"2023-10-17T22:57:47","guid":{"rendered":"https:\/\/hificlub.com.br\/loja2\/produto\/combak-harmonix-hs101-gp-sus-075m\/"},"modified":"2025-07-22T12:38:55","modified_gmt":"2025-07-22T15:38:55","slug":"combak-harmonix-hs101-gp-sus-075m","status":"publish","type":"product","link":"https:\/\/hificlub.com.br\/loja\/produto\/combak-harmonix-hs101-gp-sus-075m\/","title":{"rendered":"COMBAK HARMONIX HS101 GP-SUS  XLR- 1 metro"},"content":{"rendered":"<p>COR: PRETO<br \/>\nCONDI\u00c7\u00c3O: USADO<br \/>\nEstado de conserva\u00e7\u00e3o: 9\/10<br \/>\nTAMANHO 1 Metro<br \/>\nConectores Furutech<\/p>\n<p>\u2022Directional PCOCC<br \/>\n\u2022Special double shield, full independent ground<br \/>\n\u2022Absolute directional design<br \/>\n\u2022Full independent ground<br \/>\n\u2022Carbon-finished collet chuck plugs<br \/>\n\u2022Harmonix original terminals<\/p>\n","protected":false},"excerpt":{"rendered":"<p>COR: PRETO CONDI\u00c7\u00c3O: USADO Estado de conserva\u00e7\u00e3o: 9\/10 TAMANHO 1 Metro Conectores Furutech \u2022Directional PCOCC \u2022Special double shield, full independent ground \u2022Absolute directional design \u2022Full independent ground \u2022Carbon-finished collet chuck plugs \u2022Harmonix original terminals<\/p>\n","protected":false},"featured_media":1800,"template":"","meta":{"_acf_changed":false},"product_brand":[],"product_cat":[61,141,73],"product_tag":[],"class_list":{"0":"post-1801","1":"product","2":"type-product","3":"status-publish","4":"has-post-thumbnail","6":"product_cat-cabos","7":"product_cat-combak","8":"product_cat-interconnect-xlr","10":"first","11":"instock","12":"sold-individually","13":"shipping-taxable","14":"purchasable","15":"product-type-simple"},"acf":[],"aioseo_notices":[],"_links":{"self":[{"href":"https:\/\/hificlub.com.br\/loja\/wp-json\/wp\/v2\/product\/1801","targetHints":{"allow":["GET"]}}],"collection":[{"href":"https:\/\/hificlub.com.br\/loja\/wp-json\/wp\/v2\/product"}],"about":[{"href":"https:\/\/hificlub.com.br\/loja\/wp-json\/wp\/v2\/types\/product"}],"wp:featuredmedia":[{"embeddable":true,"href":"https:\/\/hificlub.com.br\/loja\/wp-json\/wp\/v2\/media\/1800"}],"wp:attachment":[{"href":"https:\/\/hificlub.com.br\/loja\/wp-json\/wp\/v2\/media?parent=1801"}],"wp:term":[{"taxonomy":"product_brand","embeddable":true,"href":"https:\/\/hificlub.com.br\/loja\/wp-json\/wp\/v2\/product_brand?post=1801"},{"taxonomy":"product_cat","embeddable":true,"href":"https:\/\/hificlub.com.br\/loja\/wp-json\/wp\/v2\/product_cat?post=1801"},{"taxonomy":"product_tag","embeddable":true,"href":"https:\/\/hificlub.com.br\/loja\/wp-json\/wp\/v2\/product_tag?post=1801"}],"curies":[{"name":"wp","href":"https:\/\/api.w.org\/{rel}","templated":true}]}}