{"id":17908,"date":"2024-09-18T16:15:31","date_gmt":"2024-09-18T19:15:31","guid":{"rendered":"https:\/\/hificlub.com.br\/loja\/?post_type=product&#038;p=17908"},"modified":"2024-10-07T16:51:20","modified_gmt":"2024-10-07T19:51:20","slug":"linn-majik","status":"publish","type":"product","link":"https:\/\/hificlub.com.br\/loja\/produto\/linn-majik\/","title":{"rendered":"LINN MAJIK Amplificador Integrado 33 watts"},"content":{"rendered":"<p>O amplificador de controle Linn Majik-I usa controle por microprocessador, tecnologia de controle de volume e comuta\u00e7\u00e3o de entrada de estado s\u00f3lido da Linn e as mais recentes t\u00e9cnicas de fabrica\u00e7\u00e3o de montagem em superf\u00edcie para oferecer desempenho de \u00e1udio sem precedentes e facilidade de uso.<\/p>\n<p>As entradas s\u00e3o via conectores RCA banhados a ouro.<\/p>\n<p>Duas conex\u00f5es especiais na parte traseira s\u00e3o marcadas como Pre Out, para usar o Majik como um pr\u00e9-amplificador ou para biamping com um amplificador de pot\u00eancia Linn, e Power In, para usar o Majik estritamente como um amplificador de pot\u00eancia sem fun\u00e7\u00f5es de comuta\u00e7\u00e3o.<\/p>\n<ul>\n<li>Pot\u00eancia de sa\u00edda: 33 watts por canal em 8\u03a9 (est\u00e9reo)<\/li>\n<li>Resposta de frequ\u00eancia: 20Hz a 20kHz<\/li>\n<li>Sensibilidade de entrada: 0,25 mV (MC), 3,1 mV (MM), 300 mV (linha)<\/li>\n<li>Sa\u00edda: 300mV (linha)<\/li>\n<li>Imped\u00e2ncia de carga do alto-falante: 4\u03a9 (m\u00ednimo)<\/li>\n<li>Dimens\u00f5es: 320 x 80 x 320 mm<\/li>\n<li>Peso: 4,9 kg<\/li>\n<\/ul>\n","protected":false},"excerpt":{"rendered":"<p>O amplificador de controle Linn Majik-I usa controle por microprocessador, tecnologia de controle de volume e comuta\u00e7\u00e3o de entrada de estado s\u00f3lido da Linn e as mais recentes t\u00e9cnicas de fabrica\u00e7\u00e3o de montagem em superf\u00edcie para oferecer desempenho de \u00e1udio sem precedentes e facilidade de uso. As entradas s\u00e3o via conectores RCA banhados a ouro. [&hellip;]<\/p>\n","protected":false},"featured_media":17909,"template":"","meta":{"_acf_changed":false},"product_brand":[],"product_cat":[27,51],"product_tag":[],"class_list":{"0":"post-17908","1":"product","2":"type-product","3":"status-publish","4":"has-post-thumbnail","6":"product_cat-amplificador","7":"product_cat-integrado","9":"first","10":"instock","11":"sold-individually","12":"shipping-taxable","13":"purchasable","14":"product-type-simple"},"acf":[],"aioseo_notices":[],"_links":{"self":[{"href":"https:\/\/hificlub.com.br\/loja\/wp-json\/wp\/v2\/product\/17908","targetHints":{"allow":["GET"]}}],"collection":[{"href":"https:\/\/hificlub.com.br\/loja\/wp-json\/wp\/v2\/product"}],"about":[{"href":"https:\/\/hificlub.com.br\/loja\/wp-json\/wp\/v2\/types\/product"}],"wp:featuredmedia":[{"embeddable":true,"href":"https:\/\/hificlub.com.br\/loja\/wp-json\/wp\/v2\/media\/17909"}],"wp:attachment":[{"href":"https:\/\/hificlub.com.br\/loja\/wp-json\/wp\/v2\/media?parent=17908"}],"wp:term":[{"taxonomy":"product_brand","embeddable":true,"href":"https:\/\/hificlub.com.br\/loja\/wp-json\/wp\/v2\/product_brand?post=17908"},{"taxonomy":"product_cat","embeddable":true,"href":"https:\/\/hificlub.com.br\/loja\/wp-json\/wp\/v2\/product_cat?post=17908"},{"taxonomy":"product_tag","embeddable":true,"href":"https:\/\/hificlub.com.br\/loja\/wp-json\/wp\/v2\/product_tag?post=17908"}],"curies":[{"name":"wp","href":"https:\/\/api.w.org\/{rel}","templated":true}]}}