{"id":17872,"date":"2024-09-15T12:57:51","date_gmt":"2024-09-15T15:57:51","guid":{"rendered":"https:\/\/hificlub.com.br\/loja\/?post_type=product&#038;p=17872"},"modified":"2024-10-07T16:51:20","modified_gmt":"2024-10-07T19:51:20","slug":"mit-shotgun-magnum-ma-rca-1-5-metro","status":"publish","type":"product","link":"https:\/\/hificlub.com.br\/loja\/produto\/mit-shotgun-magnum-ma-rca-1-5-metro\/","title":{"rendered":"MIT SHOTGUN MAGNUM MA RCA 1.5 metro"},"content":{"rendered":"<p>ESTADO 9\/10<\/p>\n<p>Magnum Interconnects, o complemento perfeito<br \/>\nUm passo \u00e0 frente do incr\u00edvel Oracle V1.1, o Magnum MA oferece<br \/>\n36 polos de articula\u00e7\u00e3o em compara\u00e7\u00e3o com os 32 do Oracle! A apresenta\u00e7\u00e3o linear suave<br \/>\nem um fundo preto define esta interface de grau de instrumento<br \/>\n. Acabamento preto com detalhes em prata, este excelente<br \/>\ndesempenho agradar\u00e1 ao audi\u00f3filo mais exigente com seus agudos claros e articulados<br \/>\ne amplo palco sonoro. Tamb\u00e9m dispon\u00edvel em Prline balanceado (conectores do tipo<br \/>\nXLR, com 39<br \/>\npolos de articula\u00e7\u00e3o.) O<br \/>\ntopo absoluto em interconex\u00f5es de alta qualidade!<\/p>\n<p>Especifica\u00e7\u00f5es para o MIT Magnum MA:<br \/>\nFaixa de frequ\u00eancia: 20 Hz a 20 KHz<br \/>\nPoste de articula\u00e7\u00e3o: Sim<br \/>\nA s\u00e9rie MIT Magnum de cabos de alto-falante e interconex\u00f5es foi projetada para melhorar a qualidade do som dos sistemas de \u00e1udio. Alguns dizem que a s\u00e9rie Magnum pode oferecer:<br \/>\nMelhores graves: graves potentes e precisos s\u00e3o uma marca registrada do som de alta fidelidade<br \/>\nFaixa m\u00e9dia mais clara: os m\u00e9dios s\u00e3o considerados o cora\u00e7\u00e3o da qualidade de som superior<br \/>\nAgudos mais suaves: a reprodu\u00e7\u00e3o de alta fidelidade pode ser prejudicada por \u00eanfase excessiva nos agudos \u00e1speros<br \/>\nPresen\u00e7a, detalhes e clareza: a interface de \u00e1udio do MIT fornece resolu\u00e7\u00e3o superior e uma imagem realista<\/p>\n","protected":false},"excerpt":{"rendered":"<p>ESTADO 9\/10 Magnum Interconnects, o complemento perfeito Um passo \u00e0 frente do incr\u00edvel Oracle V1.1, o Magnum MA oferece 36 polos de articula\u00e7\u00e3o em compara\u00e7\u00e3o com os 32 do Oracle! A apresenta\u00e7\u00e3o linear suave em um fundo preto define esta interface de grau de instrumento . Acabamento preto com detalhes em prata, este excelente desempenho [&hellip;]<\/p>\n","protected":false},"featured_media":17873,"template":"","meta":{"_acf_changed":false},"product_brand":[],"product_cat":[61,71,153],"product_tag":[],"class_list":{"0":"post-17872","1":"product","2":"type-product","3":"status-publish","4":"has-post-thumbnail","6":"product_cat-cabos","7":"product_cat-interconnect-rca","8":"product_cat-mit","10":"first","11":"instock","12":"sold-individually","13":"shipping-taxable","14":"purchasable","15":"product-type-simple"},"acf":[],"aioseo_notices":[],"_links":{"self":[{"href":"https:\/\/hificlub.com.br\/loja\/wp-json\/wp\/v2\/product\/17872","targetHints":{"allow":["GET"]}}],"collection":[{"href":"https:\/\/hificlub.com.br\/loja\/wp-json\/wp\/v2\/product"}],"about":[{"href":"https:\/\/hificlub.com.br\/loja\/wp-json\/wp\/v2\/types\/product"}],"wp:featuredmedia":[{"embeddable":true,"href":"https:\/\/hificlub.com.br\/loja\/wp-json\/wp\/v2\/media\/17873"}],"wp:attachment":[{"href":"https:\/\/hificlub.com.br\/loja\/wp-json\/wp\/v2\/media?parent=17872"}],"wp:term":[{"taxonomy":"product_brand","embeddable":true,"href":"https:\/\/hificlub.com.br\/loja\/wp-json\/wp\/v2\/product_brand?post=17872"},{"taxonomy":"product_cat","embeddable":true,"href":"https:\/\/hificlub.com.br\/loja\/wp-json\/wp\/v2\/product_cat?post=17872"},{"taxonomy":"product_tag","embeddable":true,"href":"https:\/\/hificlub.com.br\/loja\/wp-json\/wp\/v2\/product_tag?post=17872"}],"curies":[{"name":"wp","href":"https:\/\/api.w.org\/{rel}","templated":true}]}}