{"id":17829,"date":"2024-09-10T05:44:46","date_gmt":"2024-09-10T08:44:46","guid":{"rendered":"https:\/\/hificlub.com.br\/loja\/?post_type=product&#038;p=17829"},"modified":"2026-03-03T22:18:23","modified_gmt":"2026-03-04T01:18:23","slug":"jl-audio-fathom-f112-v2-12-1800-watts","status":"publish","type":"product","link":"https:\/\/hificlub.com.br\/loja\/produto\/jl-audio-fathom-f112-v2-12-1800-watts\/","title":{"rendered":"JL AUDIO FATHOM F112 V2  12&#8243;  1800 watts"},"content":{"rendered":"<p>Subwoofer amplificado com driver de subwoofer de 12 polegadas, 1.800 watts<br \/>\n&#8220;O JL Audio Fathom \u00e9 de qualidade de refer\u00eancia e um padr\u00e3o pelo qual todos os outros subwoofers podem ser julgados.&#8221;<br \/>\nRobert Harley, The Absolute Sound<\/p>\n<p>O Fathom f112v2 \u00e9 uma solu\u00e7\u00e3o de subwoofer excelente em salas de tamanho m\u00e9dio e \u00e9 igualmente adequado para suportar um sistema somente de m\u00fasica ou um sistema de home theater. A combina\u00e7\u00e3o de um driver W7 de 12 polegadas de alcance ultralongo e um amplificador de comuta\u00e7\u00e3o muito potente fornece o tipo de sa\u00edda normalmente associado a sistemas de subwoofer muito maiores.<\/p>\n<p>Por ser constru\u00eddo com a mesma tecnologia de driver e amplificador do nosso carro-chefe Gotham\u00ae, o f112v2 oferece um n\u00edvel tremendo de qualidade sonora. Baixa distor\u00e7\u00e3o, excelentes capacidades din\u00e2micas e extens\u00e3o de graves chocantemente profunda permitir\u00e3o que voc\u00ea experimente toda a emo\u00e7\u00e3o do material cinematogr\u00e1fico mais exigente, ao mesmo tempo em que \u00e9 capaz de reproduzir todas as nuances e texturas do seu material musical mais delicado.<\/p>\n<p>Um conjunto completo de recursos de processamento de sinal \u00e9 facilmente acess\u00edvel na superf\u00edcie frontal de cada Fathom. Isso inclui um filtro passa-baixo altamente flex\u00edvel, fase vari\u00e1vel, polaridade comut\u00e1vel, ajuste elf e nosso poderoso sistema Digital Automatic Room Optimization (DARO). Um microfone calibrado \u00e9 inclu\u00eddo para o sistema DARO. As conex\u00f5es de entrada s\u00e3o feitas por meio de conex\u00f5es RCA desbalanceadas ou conectores Neutrik\u00ae combo XLR\/TRS balanceados. Tamb\u00e9m est\u00e1 inclu\u00edda uma sa\u00edda XLR para conectar um segundo Fathom\u00ae como uma unidade escrava.<\/p>\n<p>Especifica\u00e7\u00f5es<br \/>\nResposta de frequ\u00eancia (+\/- 1,5 dB, -3 dB): 21 Hz a 119 Hz, 19 Hz a 150 Hz<\/p>\n<p>Pot\u00eancia do amplificador: 1.800 W RMS curto prazo<\/p>\n<p>Entradas: 2 x RCA para est\u00e9reo ou mono, 2 x XLR balanceado para est\u00e9reo ou mono<\/p>\n<p>Filtro: Passa-baixo, 12\/24 dB\/oitava, derrot\u00e1vel, 30 Hz a 130 Hz<\/p>\n<p>Polaridade: 0 ou 180 graus<\/p>\n<p>Fase: Vari\u00e1vel, 0-280 graus<\/p>\n<p>Ajuste de frequ\u00eancia extremamente baixa: -12 dB a +3 dB a 25 Hz<\/p>\n<p>Sa\u00edda para escravo: 1 x XLR macho, balanceado<\/p>\n<p>Modo de calibra\u00e7\u00e3o: Otimiza\u00e7\u00e3o autom\u00e1tica digital de sala, inclui microfone de n\u00edvel laboratorial<\/p>\n<p>Dimens\u00f5es (WHD): 15,06&#8243; x 18,5&#8243; x 17,75&#8243; 470mm x 384mm x 451mm<\/p>\n<p>Peso: 117 lb, 53 Kg<\/p>\n","protected":false},"excerpt":{"rendered":"<p>Subwoofer amplificado com driver de subwoofer de 12 polegadas, 1.800 watts &#8220;O JL Audio Fathom \u00e9 de qualidade de refer\u00eancia e um padr\u00e3o pelo qual todos os outros subwoofers podem ser julgados.&#8221; Robert Harley, The Absolute Sound O Fathom f112v2 \u00e9 uma solu\u00e7\u00e3o de subwoofer excelente em salas de tamanho m\u00e9dio e \u00e9 igualmente adequado [&hellip;]<\/p>\n","protected":false},"featured_media":17830,"template":"","meta":{"_acf_changed":false},"product_brand":[],"product_cat":[17,190,36],"product_tag":[],"class_list":{"0":"post-17829","1":"product","2":"type-product","3":"status-publish","4":"has-post-thumbnail","6":"product_cat-caixas","7":"product_cat-jl-audio","8":"product_cat-subwoofer","10":"first","11":"instock","12":"sold-individually","13":"shipping-taxable","14":"product-type-simple"},"acf":[],"aioseo_notices":[],"_links":{"self":[{"href":"https:\/\/hificlub.com.br\/loja\/wp-json\/wp\/v2\/product\/17829","targetHints":{"allow":["GET"]}}],"collection":[{"href":"https:\/\/hificlub.com.br\/loja\/wp-json\/wp\/v2\/product"}],"about":[{"href":"https:\/\/hificlub.com.br\/loja\/wp-json\/wp\/v2\/types\/product"}],"wp:featuredmedia":[{"embeddable":true,"href":"https:\/\/hificlub.com.br\/loja\/wp-json\/wp\/v2\/media\/17830"}],"wp:attachment":[{"href":"https:\/\/hificlub.com.br\/loja\/wp-json\/wp\/v2\/media?parent=17829"}],"wp:term":[{"taxonomy":"product_brand","embeddable":true,"href":"https:\/\/hificlub.com.br\/loja\/wp-json\/wp\/v2\/product_brand?post=17829"},{"taxonomy":"product_cat","embeddable":true,"href":"https:\/\/hificlub.com.br\/loja\/wp-json\/wp\/v2\/product_cat?post=17829"},{"taxonomy":"product_tag","embeddable":true,"href":"https:\/\/hificlub.com.br\/loja\/wp-json\/wp\/v2\/product_tag?post=17829"}],"curies":[{"name":"wp","href":"https:\/\/api.w.org\/{rel}","templated":true}]}}