{"id":17817,"date":"2024-09-10T05:12:52","date_gmt":"2024-09-10T08:12:52","guid":{"rendered":"https:\/\/hificlub.com.br\/loja\/?post_type=product&#038;p=17817"},"modified":"2026-03-03T22:18:23","modified_gmt":"2026-03-04T01:18:23","slug":"marantz-m1-mini-amplificador-wireless-streaming-100-watts","status":"publish","type":"product","link":"https:\/\/hificlub.com.br\/loja\/produto\/marantz-m1-mini-amplificador-wireless-streaming-100-watts\/","title":{"rendered":"MARANTZ M1  Mini Amplificador  Wireless Streaming 100 watts"},"content":{"rendered":"<p>Aproveite a simplicidade do streaming sem fio e do som est\u00e9reo amplificado em toda a sua casa com o Amplificador de Streaming Sem Fio MODELO M1 da Marantz . Com o M1, a Marantz oferece \u00e1udio de alta resolu\u00e7\u00e3o de at\u00e9 24 bits\/192 kHz e 100 W por canal de amplifica\u00e7\u00e3o de baixa distor\u00e7\u00e3o. Obtenha seu som de quase qualquer lugar. Transmita m\u00fasica sem fio por uma rede dom\u00e9stica ou dispositivo m\u00f3vel, ou\u00e7a o \u00e1udio da TV usando a conex\u00e3o HDMI eARC ou conecte componentes a entradas digitais e anal\u00f3gicas. Reproduza por meio de alto-falantes opcionais ou use a compatibilidade HEOS do MODELO M1 para \u00e1udio multizona em toda a casa quando conectado a componentes compat\u00edveis, como um sistema Marantz Hi-Fi ou home theater.<\/p>\n<p>V\u00e1rias fontes<br \/>\nAnal\u00f3gico ou digital, com ou sem fio, o MODELO M1 suporta uma ampla gama de tecnologias de \u00e1udio. Sem fio, voc\u00ea pode acessar sua biblioteca de m\u00eddia dom\u00e9stica por Wi-Fi ou pode transmitir de dispositivos m\u00f3veis usando Bluetooth. O M1 tamb\u00e9m suporta Apple AirPlay2 e Spotify Connect. A reprodu\u00e7\u00e3o com fio pode acontecer a partir de componentes por meio de uma entrada TOSLINK digital ou RCA anal\u00f3gica. O \u00e1udio da TV tamb\u00e9m \u00e9 suportado conectando o M1 \u00e0 sua TV usando a porta HDMI compat\u00edvel com eARC.<br \/>\nSom Marantz<br \/>\nAproveitando a renomada engenharia da Marantz e a tecnologia de filtragem digital musical da Marantz, o MODELO M1 \u00e9 capaz de produzir \u00e1udio de alta resolu\u00e7\u00e3o a 24 bits\/192 kHz, com um calor natural e uma paisagem sonora envolvente.<br \/>\nInstala\u00e7\u00f5es personalizadas<br \/>\nO design compacto do MODELO M1 permite que ele fique confortavelmente sobre ou dentro de m\u00f3veis A\/V, mas tamb\u00e9m funciona bem em instala\u00e7\u00f5es personalizadas. O M1 \u00e9 mont\u00e1vel em rack e foi projetado com gerenciamento t\u00e9rmico, permitindo que v\u00e1rias unidades sejam montadas pr\u00f3ximas sem interfer\u00eancia. Al\u00e9m disso, o MODELO M1 oferece um ponto de montagem rosqueado inferior, se necess\u00e1rio.<br \/>\nCaracter\u00edsticas adicionais<br \/>\nSa\u00edda de subwoofer para criar um sistema 2.1<br \/>\nFunciona com Amazon Alexa<br \/>\nFunciona com o Google Assistente<br \/>\nSuporta controle de voz Siri<br \/>\nO controle remoto da TV pode controlar o volume do M1<br \/>\nControles de toque capacitivos<br \/>\nPainel frontal de LED regul\u00e1vel<\/p>\n<p>Destaques<br \/>\n100 W por canal a 8 Ohms<br \/>\nCompat\u00edvel com HEOS para reprodu\u00e7\u00e3o em v\u00e1rias salas<br \/>\nTransmiss\u00e3o Wi-Fi integrada<br \/>\nSuporte AirPlay2 e Bluetooth<br \/>\n\u00c1udio de TV via entrada HDMI eARC<br \/>\nEntradas \u00f3pticas TOSLINK e RCA anal\u00f3gicas<br \/>\n\u00c1udio de alta resolu\u00e7\u00e3o de 24 bits\/192 kHz<br \/>\nFiltragem digital musical Marantz<br \/>\nSubwoofer para criar um sistema 2.1<br \/>\nGerenciado termicamente e mont\u00e1vel em rack<\/p>\n<p>Amplificador integrado (combina\u00e7\u00e3o de pr\u00e9-amplificador\/amplificador de pot\u00eancia)<br \/>\nCanais<br \/>\n2.1<br \/>\nPot\u00eancia de sa\u00edda por canal<br \/>\n100 W a 8 Ohms \/ 20 Hz a 20 kHz \/ 0,05% THD<br \/>\nResposta de frequ\u00eancia<br \/>\n20 Hz a 20 kHz<br \/>\nProcessamento de \u00e1udio<br \/>\nCompatibilidade Dolby<br \/>\nDolby Digital Plus<br \/>\nConectividade<br \/>\nEntradas A\/V traseiras<br \/>\n1x HDMI<br \/>\n1x TOSLINK \u00f3ptico<br \/>\n1x RCA<br \/>\nSa\u00eddas A\/V traseiras<br \/>\n1x Subwoofer RCA<br \/>\nCanal de retorno de \u00e1udio (ARC)<br \/>\nARC, eARC<br \/>\nConectividade sem fio<br \/>\nProtocolos de \u00e1udio sem fio<br \/>\nAirPlay 2, HEOS, Spotify Connect<br \/>\nControlar<br \/>\nAssistente virtual<br \/>\nFunciona com Alexa, funciona com Google Assistant, Siri<\/p>\n","protected":false},"excerpt":{"rendered":"<p>Aproveite a simplicidade do streaming sem fio e do som est\u00e9reo amplificado em toda a sua casa com o Amplificador de Streaming Sem Fio MODELO M1 da Marantz . Com o M1, a Marantz oferece \u00e1udio de alta resolu\u00e7\u00e3o de at\u00e9 24 bits\/192 kHz e 100 W por canal de amplifica\u00e7\u00e3o de baixa distor\u00e7\u00e3o. Obtenha [&hellip;]<\/p>\n","protected":false},"featured_media":17819,"template":"","meta":{"_acf_changed":false},"product_brand":[],"product_cat":[27,51,92],"product_tag":[],"class_list":{"0":"post-17817","1":"product","2":"type-product","3":"status-publish","4":"has-post-thumbnail","6":"product_cat-amplificador","7":"product_cat-integrado","8":"product_cat-marantz","10":"first","11":"instock","12":"sold-individually","13":"shipping-taxable","14":"purchasable","15":"product-type-simple"},"acf":[],"aioseo_notices":[],"_links":{"self":[{"href":"https:\/\/hificlub.com.br\/loja\/wp-json\/wp\/v2\/product\/17817","targetHints":{"allow":["GET"]}}],"collection":[{"href":"https:\/\/hificlub.com.br\/loja\/wp-json\/wp\/v2\/product"}],"about":[{"href":"https:\/\/hificlub.com.br\/loja\/wp-json\/wp\/v2\/types\/product"}],"wp:featuredmedia":[{"embeddable":true,"href":"https:\/\/hificlub.com.br\/loja\/wp-json\/wp\/v2\/media\/17819"}],"wp:attachment":[{"href":"https:\/\/hificlub.com.br\/loja\/wp-json\/wp\/v2\/media?parent=17817"}],"wp:term":[{"taxonomy":"product_brand","embeddable":true,"href":"https:\/\/hificlub.com.br\/loja\/wp-json\/wp\/v2\/product_brand?post=17817"},{"taxonomy":"product_cat","embeddable":true,"href":"https:\/\/hificlub.com.br\/loja\/wp-json\/wp\/v2\/product_cat?post=17817"},{"taxonomy":"product_tag","embeddable":true,"href":"https:\/\/hificlub.com.br\/loja\/wp-json\/wp\/v2\/product_tag?post=17817"}],"curies":[{"name":"wp","href":"https:\/\/api.w.org\/{rel}","templated":true}]}}