{"id":17794,"date":"2024-09-07T03:31:38","date_gmt":"2024-09-07T06:31:38","guid":{"rendered":"https:\/\/hificlub.com.br\/loja\/?post_type=product&#038;p=17794"},"modified":"2026-02-11T21:32:16","modified_gmt":"2026-02-12T00:32:16","slug":"bw-802-diamond-black-gloss-2","status":"publish","type":"product","link":"https:\/\/hificlub.com.br\/loja\/produto\/bw-802-diamond-black-gloss-2\/","title":{"rendered":"B&#038;W 802 Diamond Black Gloss"},"content":{"rendered":"<p>Se voc\u00ea n\u00e3o conhece a empresa brit\u00e2nica de alto-falantes Bowers &amp; Wilkins, talvez seja porque ela \u00e9 mais comumente conhecida simplesmente como B&amp;W. Fundada em meados da d\u00e9cada de 1960 por John Bowers e Roy Wilkins, ela \u00e9 agora uma das fabricantes de alto-falantes mais respeitadas do mundo, com produtos que variam de pre\u00e7os acess\u00edveis a ol\u00edmpicos.<\/p>\n<p>A s\u00e9rie 800 Diamond \u00e9 a terceira gera\u00e7\u00e3o da linha mais sofisticada da Bowers &amp; Wilkins, com visuais ic\u00f4nicos que datam do final dos anos 1990. O 802 Diamond est\u00e1 um passo abaixo no pre\u00e7o do carro-chefe atual da empresa, o 800 Diamond de US$ 24.000\/par. E enquanto os alto-falantes de menor pre\u00e7o da B&amp;W, como a maioria, s\u00e3o fabricados na China, o 800 \u00e9 constru\u00eddo nas instala\u00e7\u00f5es da empresa na Inglaterra.<\/p>\n<p>Ao contr\u00e1rio dos fabricantes que usam materiais n\u00e3o convencionais, caros e dif\u00edceis de usinar, como alum\u00ednio ou compostos, o gabinete de graves do 802 Diamond e seus irm\u00e3os \u00e9 constru\u00eddo de madeira moldada em formas curvas usando t\u00e9cnicas sofisticadas de dobra. Dentro do gabinete h\u00e1 uma estrutura complexa de suportes horizontais e verticais interligados, projetados para essencialmente matar as vibra\u00e7\u00f5es do painel do gabinete \u2014 a t\u00e9cnica de suporte de matriz que a B&amp;W vem empregando em seus principais modelos h\u00e1 mais de 20 anos.<\/p>\n<p>Os cones do woofer em todos os alto-falantes 800 Diamond t\u00eam um n\u00facleo de Rohacell (um material de espuma expandida usado na constru\u00e7\u00e3o de aeronaves) com revestimentos externos de fibra de carbono em ambos os lados. Todos os modelos da s\u00e9rie 800 de alcance total, al\u00e9m dos 805 Diamonds bidirecionais e HTM4 Diamond (Home Theater, outubro de 2010) tamb\u00e9m empregam o driver de m\u00e9dio alcance FST (Fixed Suspension Transducer) de 6 polegadas da B&amp;W, usado h\u00e1 muito tempo, para cobrir o intervalo de 350 hertz a 4 quilohertz. Como as frequ\u00eancias de m\u00e9dio alcance exigem pouca excurs\u00e3o do cone, o cone de Kevlar tran\u00e7ado do FST foi projetado sem um surround t\u00edpico. Um anel de espuma termina a borda externa do cone, mant\u00e9m-no centralizado e reduz a distor\u00e7\u00e3o.<\/p>\n<p>Al\u00e9m disso, os modelos da s\u00e9rie 800 Diamond usam tubos c\u00f4nicos para controlar as ondas traseiras dos tweeters e (se inclu\u00eddos) m\u00e9dios. Nos 802 (e 800) Diamonds, o m\u00e9dio fica em um gabinete arredondado e c\u00f4nico feito de um material de resina sint\u00e9tica chamado Marlan. Diz-se que essa combina\u00e7\u00e3o de formato e material tem vantagens na redu\u00e7\u00e3o de resson\u00e2ncias, aumento da dispers\u00e3o e minimiza\u00e7\u00e3o da difra\u00e7\u00e3o da borda do gabinete. \u00c9 essa cabe\u00e7a que d\u00e1 a esses dois designs sua apar\u00eancia distinta.<\/p>\n<p>Por mais avan\u00e7ado que tudo isso seja, no entanto, \u00e9 o tweeter de domo de diamante da B&amp;W que coloca o Diamond no nome da linha 800. Alguns designers podem discordar, e discordam, argumentando por outros materiais ex\u00f3ticos, como ber\u00edlio ou cer\u00e2mica, para seus domos de tweeter de primeira linha \u2014 ou mesmo que domos macios mais convencionais s\u00e3o suficientes ou at\u00e9 prefer\u00edveis. Mas para a B&amp;W, os diamantes s\u00e3o os melhores amigos de um tweeter. O domo de diamante \u00e9 produzido por deposi\u00e7\u00e3o de vapor em um substrato que \u00e9 posteriormente removido para deixar a camada de diamante autossustent\u00e1vel. As grades de tela cobrem os fr\u00e1geis diafragmas do tweeter. Voc\u00ea pode remov\u00ea-las, mas eu n\u00e3o recomendo \u2014 um tweeter de substitui\u00e7\u00e3o custar\u00e1 mais de US$ 1.000. As grades s\u00e3o fornecidas para o midrange e os woofers tamb\u00e9m.<\/p>\n<p>Especifica\u00e7\u00f5es<br \/>\nAlto- falante: 802 Diamond<br \/>\nTipo: Tr\u00eas vias, torre<br \/>\nTweeter (tamanho em polegadas, tipo): 1, c\u00fapula de diamante<br \/>\nM\u00e9dio (tamanho em polegadas, tipo): 6, FST Kevlar<br \/>\nWoofer (tamanho em polegadas, tipo): 8, Rohacell\/fibra de carbono (2)<br \/>\nImped\u00e2ncia nominal (ohms): 8<br \/>\nSensibilidade: 90 dB\/2,83 V\/m.<br \/>\nFrequ\u00eancias de crossover: 350 Hz, 4 kHz.<br \/>\nResposta de frequ\u00eancia: 34 Hz\u201328 kHz, \u00b1 3 dB, no eixo (\u20136 dB a 27 Hz e 33 kHz).<br \/>\nDispers\u00e3o dentro de 2 dB da resposta de refer\u00eancia: \u00b1 60\u00b0 horizontal, \u00b1 10\u00b0 vertical.<br \/>\nPot\u00eancia de amplifica\u00e7\u00e3o recomendada (watts): 50\u2013500<br \/>\nAcabamento: Piano Black Gloss<br \/>\nDimens\u00f5es: 44,7&#8243; (1138 mm) A por 14,5&#8243; (363 mm) L por 22,2&#8243; (565 mm) P.<br \/>\nPeso, cada: 176 lbs (80 kg) l\u00edquido, 196 lbs (89 kg) de envio.<\/p>\n","protected":false},"excerpt":{"rendered":"<p>Se voc\u00ea n\u00e3o conhece a empresa brit\u00e2nica de alto-falantes Bowers &amp; Wilkins, talvez seja porque ela \u00e9 mais comumente conhecida simplesmente como B&amp;W. Fundada em meados da d\u00e9cada de 1960 por John Bowers e Roy Wilkins, ela \u00e9 agora uma das fabricantes de alto-falantes mais respeitadas do mundo, com produtos que variam de pre\u00e7os acess\u00edveis [&hellip;]<\/p>\n","protected":false},"featured_media":17795,"template":"","meta":{"_acf_changed":false},"product_brand":[],"product_cat":[19,17,18],"product_tag":[],"class_list":{"0":"post-17794","1":"product","2":"type-product","3":"status-publish","4":"has-post-thumbnail","6":"product_cat-bw","7":"product_cat-caixas","8":"product_cat-torres","10":"first","11":"instock","12":"sold-individually","13":"shipping-taxable","14":"purchasable","15":"product-type-simple"},"acf":[],"aioseo_notices":[],"_links":{"self":[{"href":"https:\/\/hificlub.com.br\/loja\/wp-json\/wp\/v2\/product\/17794","targetHints":{"allow":["GET"]}}],"collection":[{"href":"https:\/\/hificlub.com.br\/loja\/wp-json\/wp\/v2\/product"}],"about":[{"href":"https:\/\/hificlub.com.br\/loja\/wp-json\/wp\/v2\/types\/product"}],"wp:featuredmedia":[{"embeddable":true,"href":"https:\/\/hificlub.com.br\/loja\/wp-json\/wp\/v2\/media\/17795"}],"wp:attachment":[{"href":"https:\/\/hificlub.com.br\/loja\/wp-json\/wp\/v2\/media?parent=17794"}],"wp:term":[{"taxonomy":"product_brand","embeddable":true,"href":"https:\/\/hificlub.com.br\/loja\/wp-json\/wp\/v2\/product_brand?post=17794"},{"taxonomy":"product_cat","embeddable":true,"href":"https:\/\/hificlub.com.br\/loja\/wp-json\/wp\/v2\/product_cat?post=17794"},{"taxonomy":"product_tag","embeddable":true,"href":"https:\/\/hificlub.com.br\/loja\/wp-json\/wp\/v2\/product_tag?post=17794"}],"curies":[{"name":"wp","href":"https:\/\/api.w.org\/{rel}","templated":true}]}}