{"id":1778,"date":"2023-10-17T19:57:43","date_gmt":"2023-10-17T22:57:43","guid":{"rendered":"https:\/\/hificlub.com.br\/loja2\/produto\/harmonic-tech-magic-reference-1-metro\/"},"modified":"2025-06-02T02:57:16","modified_gmt":"2025-06-02T05:57:16","slug":"harmonic-tech-magic-reference-1-metro","status":"publish","type":"product","link":"https:\/\/hificlub.com.br\/loja\/produto\/harmonic-tech-magic-reference-1-metro\/","title":{"rendered":"HARMONIC TECH MAGIC REFERENCE Cabo de For\u00e7a  1 metro"},"content":{"rendered":"<p>. Os cabos de alimenta\u00e7\u00e3o agora s\u00e3o t\u00e3o importantes quanto as interconex\u00f5es em praticamente todos os sistemas, especialmente em configura\u00e7\u00f5es de refer\u00eancia, sem custo adicional. Quer uma prova? Experimente este tour de force de prata pura no seu sistema e saia do caminho!<\/p>\n<p>Feitos de prata de seis noves, com a estrutura molecular baixa patenteada da Harmonic Technology (como suas interconex\u00f5es superiores) e dupla blindagem para baixa RFI\/EMI, estes s\u00e3o alguns dos cabos mais robustos do mercado. Apenas o cabo de alimenta\u00e7\u00e3o Virtual Dynamics Master \u00e9 mais r\u00edgido. Eu recomendaria comprimentos m\u00ednimos de 1,83 m para maior flexibilidade. O Magic Reference tem um acabamento magn\u00edfico e realmente parece valer seu pre\u00e7o de US$ 1.800. Este produto foi, na verdade, o primeiro da s\u00e9rie Magic Reference e faz parte de uma grande heran\u00e7a que culminou nas novas e quase inigual\u00e1veis \u200b\u200binterconex\u00f5es CyberLight (veja as avalia\u00e7\u00f5es aqui , aqui e aqui ). Eu os usei pelas 72 horas recomendadas antes de ouvir e os testei em tr\u00eas sistemas, com amplifica\u00e7\u00e3o de estado s\u00f3lido e valvulada.<\/p>\n<p>Recomendo fortemente este cabo de alimenta\u00e7\u00e3o como o cabo ideal para o seu condicionador de energia, independentemente da marca, por sua uniformidade de timbre, defini\u00e7\u00e3o extraordin\u00e1ria e autoridade din\u00e2mica. A distor\u00e7\u00e3o parece menor e os fundos s\u00e3o t\u00e3o pretos quanto qualquer cabo de alimenta\u00e7\u00e3o pode torn\u00e1-los. O fabricante me deu a entender que o Magic Reference beneficiaria os condicionadores de energia tanto ou mais do que qualquer outra parte da cadeia, e eu concordo.<\/p>\n","protected":false},"excerpt":{"rendered":"<p>. Os cabos de alimenta\u00e7\u00e3o agora s\u00e3o t\u00e3o importantes quanto as interconex\u00f5es em praticamente todos os sistemas, especialmente em configura\u00e7\u00f5es de refer\u00eancia, sem custo adicional. Quer uma prova? Experimente este tour de force de prata pura no seu sistema e saia do caminho! Feitos de prata de seis noves, com a estrutura molecular baixa patenteada [&hellip;]<\/p>\n","protected":false},"featured_media":1777,"template":"","meta":{"_acf_changed":false},"product_brand":[],"product_cat":[61,67,138],"product_tag":[],"class_list":{"0":"post-1778","1":"product","2":"type-product","3":"status-publish","4":"has-post-thumbnail","6":"product_cat-cabos","7":"product_cat-forca","8":"product_cat-harmonic-tech","10":"first","11":"instock","12":"sold-individually","13":"shipping-taxable","14":"purchasable","15":"product-type-simple"},"acf":[],"aioseo_notices":[],"_links":{"self":[{"href":"https:\/\/hificlub.com.br\/loja\/wp-json\/wp\/v2\/product\/1778","targetHints":{"allow":["GET"]}}],"collection":[{"href":"https:\/\/hificlub.com.br\/loja\/wp-json\/wp\/v2\/product"}],"about":[{"href":"https:\/\/hificlub.com.br\/loja\/wp-json\/wp\/v2\/types\/product"}],"wp:featuredmedia":[{"embeddable":true,"href":"https:\/\/hificlub.com.br\/loja\/wp-json\/wp\/v2\/media\/1777"}],"wp:attachment":[{"href":"https:\/\/hificlub.com.br\/loja\/wp-json\/wp\/v2\/media?parent=1778"}],"wp:term":[{"taxonomy":"product_brand","embeddable":true,"href":"https:\/\/hificlub.com.br\/loja\/wp-json\/wp\/v2\/product_brand?post=1778"},{"taxonomy":"product_cat","embeddable":true,"href":"https:\/\/hificlub.com.br\/loja\/wp-json\/wp\/v2\/product_cat?post=1778"},{"taxonomy":"product_tag","embeddable":true,"href":"https:\/\/hificlub.com.br\/loja\/wp-json\/wp\/v2\/product_tag?post=1778"}],"curies":[{"name":"wp","href":"https:\/\/api.w.org\/{rel}","templated":true}]}}