{"id":17762,"date":"2024-09-03T10:28:16","date_gmt":"2024-09-03T13:28:16","guid":{"rendered":"https:\/\/hificlub.com.br\/loja\/?post_type=product&#038;p=17762"},"modified":"2025-01-08T07:08:26","modified_gmt":"2025-01-08T10:08:26","slug":"wyred-4-sound-mint-integrated-dac-amp","status":"publish","type":"product","link":"https:\/\/hificlub.com.br\/loja\/produto\/wyred-4-sound-mint-integrated-dac-amp\/","title":{"rendered":"WYRED 4 SOUND mINT Integrated DAC Amp 100 watts"},"content":{"rendered":"<p>ESTADO 9\/10<\/p>\n<p>Com um DAC integrado, amplificador de fone de ouvido potente, tamanho compacto e muitas honrarias da imprensa da ind\u00fastria de \u00e1udio, o que h\u00e1 para n\u00e3o gostar em nosso mini amplificador integrado? Ostentando um DAC ESS de primeira linha, o mINT suporta streaming de 24 bits a 192 kHz por meio de entradas S\/PDIF e 24 bits a 96 kHz via USB. Entradas e sa\u00eddas anal\u00f3gicas configur\u00e1veis \u200b\u200bcompletam esta unidade como uma solu\u00e7\u00e3o \u00fanica. No lado da amplifica\u00e7\u00e3o, o mINT usa tecnologia de amplificador compacta e eficiente para fornecer 100 watts por canal a 8 ohms, controlando alto-falantes grandes com facilidade. Uma pequena unidade doce que ganhou pr\u00eamios da revista Tone Audio, 6 Moons e Home Theater Review, entre outros, um mINT certamente deixar\u00e1 seu sistema em perfeitas condi\u00e7\u00f5es!<\/p>\n<p>Caracter\u00edsticas<br \/>\nDAC ESS Sabre integrado<br \/>\nEntrada USB 24\/96kHz<br \/>\n24\/192 Entrada Toslink e Coaxial<br \/>\nN\u00e3o s\u00e3o necess\u00e1rios drivers<br \/>\n2 conjuntos de entradas n\u00e3o balanceadas (RCA) banhadas a ouro<br \/>\n2 conjuntos de sa\u00eddas n\u00e3o balanceadas (RCA) banhadas a ouro (para uso com um subwoofer amplificado, etc.)<br \/>\nAmplificador de pot\u00eancia de 100 watts por canal (8 ohms)<br \/>\nDesign diferencial<br \/>\nAmplificador de fone de ouvido<br \/>\nControle remoto totalmente funcional<br \/>\nEntrada de gatilho de 12 V DC (para ativar automaticamente o modo HT Bypass)<br \/>\nSa\u00edda de gatilho 12 V DC<br \/>\nBypass de Home Theater<br \/>\nPiso de ru\u00eddo extremamente baixo<br \/>\nControle de volume True Resistive-Ladder<br \/>\nConsumo de energia ocioso extremamente baixo<br \/>\nConstru\u00e7\u00e3o robusta<br \/>\nPainel frontal usinado e anodizado de \u00bd\u201d<br \/>\nImped\u00e2ncia de entrada de 66k\u03a9<br \/>\nRede el\u00e9trica externa selecion\u00e1vel 115\/230 VCA<br \/>\nTamanho compacto (8\u201dL x 3,5\u201dA x 8\u201dP)<br \/>\n9 libras.<br \/>\nCoberto por uma GARANTIA de 5 ANOS<br \/>\nEspecifica\u00e7\u00f5es<br \/>\nTHD+N t\u00edpico 8\u03a9 (sa\u00edda de 10 W): 0,004%<br \/>\nPot\u00eancia de sa\u00edda 8\u03a9 @ 0,2% THD+N: 102W<br \/>\nPot\u00eancia de sa\u00edda 8\u03a9 @ 1,0% THD+N: 111W<br \/>\nPot\u00eancia de sa\u00edda 4\u03a9 @ 0,2% THD+N: 170W<br \/>\nPot\u00eancia de sa\u00edda 4\u03a9 @ 1,0% THD+N: 187W<br \/>\nIMD (CCIF): 0,0002%<br \/>\nModula\u00e7\u00e3o Inter Transiente (TIM): 0,003%<br \/>\nRu\u00eddo de sa\u00edda ocioso: 500\u200b<br \/>\nCorrente m\u00e1xima de sa\u00edda: 20A<br \/>\nRastreamento de canal: 83db<br \/>\nConsumo de energia ocioso: 20w<br \/>\nEst\u00e1gio de pr\u00e9-amplificador<\/p>\n<p>THD fixo (entrada\/sa\u00edda de 2 V): 0,002%<br \/>\nN\u00edvel m\u00e1ximo de pr\u00e9-sa\u00edda (0,1% THD): 4,5 V<br \/>\nResposta de frequ\u00eancia: 20Hz-20kHz: \u00b1 0,020db<br \/>\nRu\u00eddo de sa\u00edda: &lt;30\u00b5V<br \/>\nImped\u00e2ncia de entrada desbalanceada: 66k\u03a9<br \/>\nImped\u00e2ncia de sa\u00edda (pr\u00e9-sa\u00edda): 100\u03a9<br \/>\nEntrada digital\/sa\u00edda fixa<br \/>\nGanho: 24 dB<br \/>\nRu\u00eddo: &lt;30\u00b5V<br \/>\nTHD+N: &lt;0,005%<br \/>\nRastreamento de canal: \u00b1 0,015 dB<br \/>\nResposta de frequ\u00eancia: 20Hz-20kHz: \u00b1 0,045db<br \/>\nSa\u00edda de fone de ouvido<br \/>\nCarga de 32\u03a9: 720mW a 0,1% THD+N<br \/>\nCarga de 300\u03a9: 132mW a 0,1%TDH+N<br \/>\nCarga de 600\u03a9: 60mW a 0,1% THD+N<\/p>\n","protected":false},"excerpt":{"rendered":"<p>ESTADO 9\/10 Com um DAC integrado, amplificador de fone de ouvido potente, tamanho compacto e muitas honrarias da imprensa da ind\u00fastria de \u00e1udio, o que h\u00e1 para n\u00e3o gostar em nosso mini amplificador integrado? Ostentando um DAC ESS de primeira linha, o mINT suporta streaming de 24 bits a 192 kHz por meio de entradas [&hellip;]<\/p>\n","protected":false},"featured_media":17763,"template":"","meta":{"_acf_changed":false},"product_brand":[],"product_cat":[43,41,97],"product_tag":[],"class_list":{"0":"post-17762","1":"product","2":"type-product","3":"status-publish","4":"has-post-thumbnail","6":"product_cat-dac","7":"product_cat-digital","8":"product_cat-wyred-4-sound","10":"first","11":"instock","12":"sold-individually","13":"shipping-taxable","14":"purchasable","15":"product-type-simple"},"acf":[],"aioseo_notices":[],"_links":{"self":[{"href":"https:\/\/hificlub.com.br\/loja\/wp-json\/wp\/v2\/product\/17762","targetHints":{"allow":["GET"]}}],"collection":[{"href":"https:\/\/hificlub.com.br\/loja\/wp-json\/wp\/v2\/product"}],"about":[{"href":"https:\/\/hificlub.com.br\/loja\/wp-json\/wp\/v2\/types\/product"}],"wp:featuredmedia":[{"embeddable":true,"href":"https:\/\/hificlub.com.br\/loja\/wp-json\/wp\/v2\/media\/17763"}],"wp:attachment":[{"href":"https:\/\/hificlub.com.br\/loja\/wp-json\/wp\/v2\/media?parent=17762"}],"wp:term":[{"taxonomy":"product_brand","embeddable":true,"href":"https:\/\/hificlub.com.br\/loja\/wp-json\/wp\/v2\/product_brand?post=17762"},{"taxonomy":"product_cat","embeddable":true,"href":"https:\/\/hificlub.com.br\/loja\/wp-json\/wp\/v2\/product_cat?post=17762"},{"taxonomy":"product_tag","embeddable":true,"href":"https:\/\/hificlub.com.br\/loja\/wp-json\/wp\/v2\/product_tag?post=17762"}],"curies":[{"name":"wp","href":"https:\/\/api.w.org\/{rel}","templated":true}]}}