{"id":17756,"date":"2024-09-03T06:55:41","date_gmt":"2024-09-03T09:55:41","guid":{"rendered":"https:\/\/hificlub.com.br\/loja\/?post_type=product&#038;p=17756"},"modified":"2026-03-09T16:36:57","modified_gmt":"2026-03-09T19:36:57","slug":"polk-audio-signature-elite-es60","status":"publish","type":"product","link":"https:\/\/hificlub.com.br\/loja\/produto\/polk-audio-signature-elite-es60\/","title":{"rendered":"POLK AUDIO SIGNATURE ELITE ES60"},"content":{"rendered":"<p>Desfrute de filmes, m\u00fa,sica e jogos com som cinematogr\u00e1,fico de alta resolu\u00e7,\u00e3,o que enche a sala. O alto-falante Signature Elite da Polk de alto desempenho possui \u00e1,udio de alta resolu\u00e7,\u00e3,o, compat\u00ed,vel com Dolby Atmos e DTS: X e apresenta uma matriz ac\u00fa,stica balanceada dinamicamente de quatro drivers, crossovers de precis\u00e3,o e aprimoramento de graves Power Port.OU\u00c7,A MAIS DETALHES EM M\u00da,SICAS E FILMES QUE VOC\u00ca, ADORACertificado de \u00e1,udio de alta resolu\u00e7,\u00e3,o do ES60, tweeter de c\u00fa,pula em Terylene oferece agudos cristalinos (40kHz +), ideais para desfrutar de m\u00fa,sica em alta resolu\u00e7,\u00e3,o de servi\u00e7,os como Apple Music, Tidal, Amazon Music HD, Qobuz e Spotify HiFi, junto com as trilhas sonoras dos filmes ultra-HD mais recentes.FA\u00c7,A DO SEU HOME THEATER INTEIRO O PONTO IDEALVoc\u00ea, experimentar\u00e1, um ambiente sonoro natural e cont\u00ed,nuo, n\u00e3,o importa onde esteja sentado, gra\u00e7,as aos woofers de polipropileno fortificados com mica e de tr\u00ea,s vias de crossover c\u00f4,nico de tr\u00ea,s vias do Signature Elite ES60 Dynamic Balance.BAIXO SEM ESFOR\u00c7,OPower Port \u00e9, um design patenteado pela Polk que faz a transi\u00e7,\u00e3,o suave do fluxo de ar da porta do alto-falante para a \u00e1,rea de audi\u00e7,\u00e3,o, para eliminar turbul\u00ea,ncia e distor\u00e7,\u00e3,o para graves mais altos, profundos e musicais e m\u00e9,dios mais abertos e transparentes. Quando emparelhado com os tr\u00ea,s woofers de 6,5 &amp;rdquo,do ES60, isso significa graves sem esfor\u00e7,o que voc\u00ea, pode sentir.DE VINTAGE HI-FI A DOLBY ATMOS &amp;, DTS: XA torre ES60 oferece uma reprodu\u00e7,\u00e3,o de som espa\u00e7,osa, n\u00ed,tida, envolvente e realista de quase qualquer amplificador ou receptor &#8211; seja de 4 ou 8 ohm, audi\u00f3,filo antigo ou os AVRs de som surround Dolby Atmos ou DTS: X mais recentes.CONSTRU\u00cd,DO PARA UM SOM PUROES60 foi projetado para voc\u00ea, ouvir som puro da maneira que o diretor, produtor ou artista pretendeu.GABINETE SILENCIOSOUma caixa forte, r\u00ed,gida e acusticamente inerte constru\u00ed,da com MDF com amortecimento cr\u00ed,tico e suporte otimizado para laser reduz as ondas estacion\u00e1,rias internas e resson\u00e2,ncias para menos colora\u00e7,\u00e3,o e distor\u00e7,\u00e3,o do som.GRADE DE BAIXA INTERFER\u00ca,NCIAA grade magn\u00e9,tica anti-difra\u00e7,\u00e3,o do ES60 minimiza a interfer\u00ea,ncia s\u00f4,nica e pode ser facilmente removida para fornecer uma apar\u00ea,ncia impressionante.CONEX\u00c3,O DIRETAOs postes de liga\u00e7,\u00e3,o duplos folheados a ouro garantem a conex\u00e3,o mais direta, eficiente e sem perdas poss\u00ed,vel.<\/p>\n<p>Sensibilidade (1 watt @ 1 metro) 90 dB<br \/>\nFrequencia cruzada 2.500Hz<br \/>\nResposta de Frequ\u00eancia Total 36 Hz \u2192 40.000 Hz<br \/>\nQuantidade inclu\u00edda 1<br \/>\nLargura 8,5\u2033 (21,59 cm)<br \/>\nAltura 44,5\u2033 (113,03 cm)<br \/>\nProfundidade 15,7\u2033 (39,88 cm)<br \/>\nPeso 52 libras (23,59 kg)<br \/>\nLargura com Base 11,7\u2033 (29,7 cm)<br \/>\nComplemento de Driver de Matriz Frontal \u2022 (1) Tweeter de c\u00fapula de alta resolu\u00e7\u00e3o de 1\u2033 (2,54 cm) d (redondo) de terileno<br \/>\n\u2022 (3) Drivers de polipropileno refor\u00e7ado com mica de equil\u00edbrio din\u00e2mico de 6,5\u2033 (16,51 cm) d (redondo)<br \/>\nImped\u00e2ncia Compat\u00edvel com sa\u00eddas de 4 e 8 ohms<br \/>\nPot\u00eancia de amplificador recomendada por canal 20 watts \u2192 300 watts<br \/>\nEntradas Postes de liga\u00e7\u00e3o de 5 vias banhados a ouro duplos<\/p>\n","protected":false},"excerpt":{"rendered":"<p>Desfrute de filmes, m\u00fa,sica e jogos com som cinematogr\u00e1,fico de alta resolu\u00e7,\u00e3,o que enche a sala. O alto-falante Signature Elite da Polk de alto desempenho possui \u00e1,udio de alta resolu\u00e7,\u00e3,o, compat\u00ed,vel com Dolby Atmos e DTS: X e apresenta uma matriz ac\u00fa,stica balanceada dinamicamente de quatro drivers, crossovers de precis\u00e3,o e aprimoramento de graves Power [&hellip;]<\/p>\n","protected":false},"featured_media":17757,"template":"","meta":{"_acf_changed":false},"product_brand":[],"product_cat":[17,197,18],"product_tag":[],"class_list":{"0":"post-17756","1":"product","2":"type-product","3":"status-publish","4":"has-post-thumbnail","6":"product_cat-caixas","7":"product_cat-polk-audio","8":"product_cat-torres","10":"first","11":"instock","12":"sold-individually","13":"shipping-taxable","14":"purchasable","15":"product-type-simple"},"acf":[],"aioseo_notices":[],"_links":{"self":[{"href":"https:\/\/hificlub.com.br\/loja\/wp-json\/wp\/v2\/product\/17756","targetHints":{"allow":["GET"]}}],"collection":[{"href":"https:\/\/hificlub.com.br\/loja\/wp-json\/wp\/v2\/product"}],"about":[{"href":"https:\/\/hificlub.com.br\/loja\/wp-json\/wp\/v2\/types\/product"}],"wp:featuredmedia":[{"embeddable":true,"href":"https:\/\/hificlub.com.br\/loja\/wp-json\/wp\/v2\/media\/17757"}],"wp:attachment":[{"href":"https:\/\/hificlub.com.br\/loja\/wp-json\/wp\/v2\/media?parent=17756"}],"wp:term":[{"taxonomy":"product_brand","embeddable":true,"href":"https:\/\/hificlub.com.br\/loja\/wp-json\/wp\/v2\/product_brand?post=17756"},{"taxonomy":"product_cat","embeddable":true,"href":"https:\/\/hificlub.com.br\/loja\/wp-json\/wp\/v2\/product_cat?post=17756"},{"taxonomy":"product_tag","embeddable":true,"href":"https:\/\/hificlub.com.br\/loja\/wp-json\/wp\/v2\/product_tag?post=17756"}],"curies":[{"name":"wp","href":"https:\/\/api.w.org\/{rel}","templated":true}]}}