{"id":17620,"date":"2024-08-24T10:25:24","date_gmt":"2024-08-24T13:25:24","guid":{"rendered":"https:\/\/hificlub.com.br\/loja\/?post_type=product&#038;p=17620"},"modified":"2024-10-07T16:51:21","modified_gmt":"2024-10-07T19:51:21","slug":"classe-cav-75-6x-75-watts","status":"publish","type":"product","link":"https:\/\/hificlub.com.br\/loja\/produto\/classe-cav-75-6x-75-watts\/","title":{"rendered":"CLASSE CAV-75  6x 75 watts"},"content":{"rendered":"<p>ESTADO 9\/10<\/p>\n<p>O CAV-75 oferece flexibilidade completa para uso em uma ampla gama de aplica\u00e7\u00f5es de home theater. Os seis canais do CAV-75 podem ser facilmente personalizados para atender \u00e0s necessidades de amplifica\u00e7\u00e3o dos sistemas de home theater mais exigentes. Voc\u00ea pode fazer uma ponte entre eles para alterar a configura\u00e7\u00e3o para 5, 4 ou 3 canais, aumentando a pot\u00eancia fornecida a 1, 2 ou 3 alto-falantes para satisfazer suas demandas de teatro. A<\/p>\n<p>devo\u00e7\u00e3o da Class\u00e9 \u00e0 cria\u00e7\u00e3o de produtos de \u00e1udio e home theater de qualidade impec\u00e1vel \u00e9 uma abordagem que uma revista audi\u00f3fila chamou recentemente de &#8220;uma combina\u00e7\u00e3o de arte e ci\u00eancia (que) exemplifica o melhor que o \u00e1udio de ponta tem a oferecer&#8221;. Essa conquista not\u00e1vel se reflete em nossa reputa\u00e7\u00e3o mundial por desempenho musical insuper\u00e1vel, confiabilidade, consist\u00eancia e valor geral. A filosofia da Class\u00e9 \u00e9 de evolu\u00e7\u00e3o tecnol\u00f3gica, n\u00e3o de revolu\u00e7\u00e3o. Construindo sobre o que sabemos que funciona.<\/p>\n<p>Todos os amplificadores Class\u00e9 compartilham um design comum e exclusivo. Cada modelo emprega um transformador toroidal blindado e maci\u00e7o para alimentar nosso circuito sofisticado e de alta velocidade. Na maioria dos amplificadores de ponta, essa pot\u00eancia \u00e9 enviada para um pequeno n\u00famero de grandes capacitores de reservat\u00f3rio para distribui\u00e7\u00e3o. No entanto, capacitores grandes geralmente s\u00e3o lentos em responder \u00e0s demandas de energia flutuantes r\u00e1pidas de efeitos musicais e de filmes. A engenhosa solu\u00e7\u00e3o Class\u00e9 usa um grande n\u00famero de pequenos capacitores distribu\u00eddos por cada amplificador, que est\u00e3o localizados pr\u00f3ximos aos circuitos que eles fornecem. O resultado \u00e9 uma resposta extremamente r\u00e1pida, criando uma din\u00e2mica fabulosa juntamente com um som mais natural!<\/p>\n<p>Microfonia, causada pela vibra\u00e7\u00e3o dos componentes e interfer\u00eancia magn\u00e9tica da passagem de corrente el\u00e9trica por eles, tem atormentado os designers de \u00e1udio desde o in\u00edcio do som gravado. O isolamento \u00e9 a chave. Na Class\u00e9, come\u00e7amos com uma topologia de circuito front-end exclusiva que desacopla mecanicamente os componentes sens\u00edveis \u00e0 vibra\u00e7\u00e3o de todas as fontes de vibra\u00e7\u00e3o. Al\u00e9m disso, nossos transformadores repousam sobre uma placa especialmente projetada para afastar os campos magn\u00e9ticos do circuito.<\/p>\n<p>A maioria dos amplificadores de ponta usa apenas um tipo de transistor. Na Class\u00e9, usamos todos os tr\u00eas em uma sequ\u00eancia \u00fanica que aproveita ao m\u00e1ximo suas caracter\u00edsticas particulares de voltagem e imped\u00e2ncia de entrada. Al\u00e9m disso, projetamos dissipadores de calor de alum\u00ednio extrudado pequenos, mas altamente eficientes, que dispersam o calor gerado pelo transistor, garantindo sa\u00edda m\u00e1xima sem distor\u00e7\u00e3o.<\/p>\n<p>Especifica\u00e7\u00f5es<br \/>\nPot\u00eancia de sa\u00edda: 75 watts por canal em 8\u03a9 (6 canais), 150 watts em 8\u03a9 (mono)<\/p>\n<p>Resposta de frequ\u00eancia: 20Hz a 20kHz<\/p>\n<p>Distor\u00e7\u00e3o harm\u00f4nica total: 0,004%<\/p>\n<p>Ganho: 29dB<\/p>\n<p>Sensibilidade de entrada: 0,85V<\/p>\n<p>Rela\u00e7\u00e3o sinal\/ru\u00eddo: 135dB<\/p>\n<p>Dimens\u00f5es: 5,5 x 19 x 15 polegadas<\/p>\n<p>Peso: 43 libras<\/p>\n","protected":false},"excerpt":{"rendered":"<p>ESTADO 9\/10 O CAV-75 oferece flexibilidade completa para uso em uma ampla gama de aplica\u00e7\u00f5es de home theater. Os seis canais do CAV-75 podem ser facilmente personalizados para atender \u00e0s necessidades de amplifica\u00e7\u00e3o dos sistemas de home theater mais exigentes. Voc\u00ea pode fazer uma ponte entre eles para alterar a configura\u00e7\u00e3o para 5, 4 ou [&hellip;]<\/p>\n","protected":false},"featured_media":17621,"template":"","meta":{"_acf_changed":false},"product_brand":[],"product_cat":[27,123,48],"product_tag":[],"class_list":{"0":"post-17620","1":"product","2":"type-product","3":"status-publish","4":"has-post-thumbnail","6":"product_cat-amplificador","7":"product_cat-classe","8":"product_cat-multicanal","10":"first","11":"instock","12":"sold-individually","13":"shipping-taxable","14":"purchasable","15":"product-type-simple"},"acf":[],"aioseo_notices":[],"_links":{"self":[{"href":"https:\/\/hificlub.com.br\/loja\/wp-json\/wp\/v2\/product\/17620","targetHints":{"allow":["GET"]}}],"collection":[{"href":"https:\/\/hificlub.com.br\/loja\/wp-json\/wp\/v2\/product"}],"about":[{"href":"https:\/\/hificlub.com.br\/loja\/wp-json\/wp\/v2\/types\/product"}],"wp:featuredmedia":[{"embeddable":true,"href":"https:\/\/hificlub.com.br\/loja\/wp-json\/wp\/v2\/media\/17621"}],"wp:attachment":[{"href":"https:\/\/hificlub.com.br\/loja\/wp-json\/wp\/v2\/media?parent=17620"}],"wp:term":[{"taxonomy":"product_brand","embeddable":true,"href":"https:\/\/hificlub.com.br\/loja\/wp-json\/wp\/v2\/product_brand?post=17620"},{"taxonomy":"product_cat","embeddable":true,"href":"https:\/\/hificlub.com.br\/loja\/wp-json\/wp\/v2\/product_cat?post=17620"},{"taxonomy":"product_tag","embeddable":true,"href":"https:\/\/hificlub.com.br\/loja\/wp-json\/wp\/v2\/product_tag?post=17620"}],"curies":[{"name":"wp","href":"https:\/\/api.w.org\/{rel}","templated":true}]}}