{"id":1750,"date":"2023-10-17T19:57:37","date_gmt":"2023-10-17T22:57:37","guid":{"rendered":"https:\/\/hificlub.com.br\/loja2\/produto\/supra-usb-2-0-type-a-b-4m\/"},"modified":"2026-03-03T22:20:59","modified_gmt":"2026-03-04T01:20:59","slug":"supra-usb-2-0-type-a-b-4m","status":"publish","type":"product","link":"https:\/\/hificlub.com.br\/loja\/produto\/supra-usb-2-0-type-a-b-4m\/","title":{"rendered":"SUPRA USB 2.0 TYPE A-B  4 metros"},"content":{"rendered":"<p>Descri\u00e7\u00e3o<br \/>\nSUPRA USB 2.0 &#8211; Hi-Speed, Tipo AB<br \/>\nAs vendas de dispositivos USB aumentaram exponencialmente, bem como a necessidade de ter um cabo alinhado com imped\u00e2ncia para conversores de \u00e1udio digital, streaming de m\u00fasica de computadores, players multim\u00eddia, entre muitos outros dispositivos que oferecem interface USB. H\u00e1 uma grande necessidade de um cabo padr\u00e3o espec\u00edfico, alinhado \u00e0 imped\u00e2ncia, uma vez que as transmiss\u00f5es de bits com falha ser\u00e3o, sem d\u00favida, detectadas ao ouvir sua m\u00fasica. A corre\u00e7\u00e3o de erros consequente e o n\u00famero de tentativas de transmiss\u00e3o deixar\u00e3o rastros aud\u00edveis.<br \/>\nMuitos usu\u00e1rios da interface USB est\u00e3o acostumados com o fato de ser limitada a dist\u00e2ncia entre os dispositivos, mas n\u00e3o mais. Supra USB 2.0 permite dist\u00e2ncias de at\u00e9 15 metros entre os seus dispositivos devido a sua blindagem, separada para cada par de deriva\u00e7\u00f5es, cabos corretamente torcidos e o alinhamento exato da imped\u00e2ncia de 90ohm, que \u00e9 absolutamente vital para aplica\u00e7\u00f5es USB para transmiss\u00f5es sem jitter. Supra USB 2.0 ir\u00e1 recompens\u00e1-lo com uma experi\u00eancia musical din\u00e2mica, rica e detalhada.<\/p>\n<p>Recursos e benef\u00edcios<\/p>\n<p>&#8211; Possibilidade de longas dist\u00e2ncias entre dispositivos sem degrada\u00e7\u00e3o de sinal<br \/>\n&#8211; Transfer\u00eancia de dados correta, excelentes perif\u00e9ricos de dados de som e funcionamento r\u00e1pido sem drop-outs<br \/>\n&#8211; Prote\u00e7\u00e3o perfeita e jun\u00e7\u00e3o, degrada\u00e7\u00e3o m\u00ednima do sinal<br \/>\n&#8211; Conectores robustos tipo A e tipo B com vida \u00fatil longa e confi\u00e1vel, tamb\u00e9m com conex\u00f5es frequentes<br \/>\n&#8211; Fabricado na Su\u00e9cia! &#8211; Pesquisa, produ\u00e7\u00e3o e qualidade modernas<\/p>\n<p>Informa\u00e7\u00f5es t\u00e9cnicas<\/p>\n<p>Especifica\u00e7\u00f5es Mec\u00e2nicas:<br \/>\n&#8211; Padr\u00e3o: USB 2.0 Hi-Speed<br \/>\n&#8211; Conectores: USB A macho &#8211; USB B macho<br \/>\n&#8211; Dire\u00e7\u00e3o do sinal: Bidirecional<br \/>\n&#8211; Exemplos de aplica\u00e7\u00e3o: Perif\u00e9ricos de computador, DAC&#8217;s<br \/>\n&#8211; Taxa de transfer\u00eancia de dados: 480 Mbit \/ s<br \/>\n&#8211; Solda de Estanho: Almit SR-34 Super<br \/>\n&#8211; Al\u00edvio de tens\u00e3o do cabo: Carca\u00e7a do conector moldado<\/p>\n<p>Propriedades el\u00e9tricas:<br \/>\n&#8211; N\u00famero de pares: 2 pe\u00e7as<br \/>\n&#8211; \u00c1rea de chumbo: 0,24 mm 2 \/ 23 AWG<br \/>\n&#8211; N\u00famero de fios: 19 pe\u00e7as<br \/>\n&#8211; Dimens\u00e3o Strand: 0,127 mil\u00edmetros (di\u00e2metro)<br \/>\n&#8211; Material: Estanho banhado a cobre 5N livre de oxig\u00eanio<br \/>\n&#8211; Isolamento: Capacit\u00e2ncia baixa PE<br \/>\n&#8211; Blindagem: Folha de alum\u00ednio<br \/>\n&#8211; Jaqueta: PVC resistente ao calor e ao tempo<br \/>\n&#8211; Dimens\u00e3o externa: 7,5 mil\u00edmetros (di\u00e2metro)<\/p>\n<p>Desempenho el\u00e9trico:<br \/>\n&#8211; Taxa de transfer\u00eancia de dados: 480 Mbit \/ s<br \/>\n&#8211; Resist\u00eancia: 72 Ohm \/ km<br \/>\n&#8211; Capacit\u00e2ncia: 52 pF \/ m<br \/>\n&#8211; Imped\u00e2ncia: 90 Ohm<br \/>\n-Fator de velocidade: 0,66x C (velocidade da luz)<\/p>\n","protected":false},"excerpt":{"rendered":"<p>Descri\u00e7\u00e3o SUPRA USB 2.0 &#8211; Hi-Speed, Tipo AB As vendas de dispositivos USB aumentaram exponencialmente, bem como a necessidade de ter um cabo alinhado com imped\u00e2ncia para conversores de \u00e1udio digital, streaming de m\u00fasica de computadores, players multim\u00eddia, entre muitos outros dispositivos que oferecem interface USB. H\u00e1 uma grande necessidade de um cabo padr\u00e3o espec\u00edfico, [&hellip;]<\/p>\n","protected":false},"featured_media":1749,"template":"","meta":{"_acf_changed":false},"product_brand":[],"product_cat":[61,76,74],"product_tag":[],"class_list":{"0":"post-1750","1":"product","2":"type-product","3":"status-publish","4":"has-post-thumbnail","6":"product_cat-cabos","7":"product_cat-supra","8":"product_cat-usb","10":"first","11":"instock","12":"sold-individually","13":"shipping-taxable","14":"purchasable","15":"product-type-simple"},"acf":[],"aioseo_notices":[],"_links":{"self":[{"href":"https:\/\/hificlub.com.br\/loja\/wp-json\/wp\/v2\/product\/1750","targetHints":{"allow":["GET"]}}],"collection":[{"href":"https:\/\/hificlub.com.br\/loja\/wp-json\/wp\/v2\/product"}],"about":[{"href":"https:\/\/hificlub.com.br\/loja\/wp-json\/wp\/v2\/types\/product"}],"wp:featuredmedia":[{"embeddable":true,"href":"https:\/\/hificlub.com.br\/loja\/wp-json\/wp\/v2\/media\/1749"}],"wp:attachment":[{"href":"https:\/\/hificlub.com.br\/loja\/wp-json\/wp\/v2\/media?parent=1750"}],"wp:term":[{"taxonomy":"product_brand","embeddable":true,"href":"https:\/\/hificlub.com.br\/loja\/wp-json\/wp\/v2\/product_brand?post=1750"},{"taxonomy":"product_cat","embeddable":true,"href":"https:\/\/hificlub.com.br\/loja\/wp-json\/wp\/v2\/product_cat?post=1750"},{"taxonomy":"product_tag","embeddable":true,"href":"https:\/\/hificlub.com.br\/loja\/wp-json\/wp\/v2\/product_tag?post=1750"}],"curies":[{"name":"wp","href":"https:\/\/api.w.org\/{rel}","templated":true}]}}