{"id":17424,"date":"2024-08-20T10:10:56","date_gmt":"2024-08-20T13:10:56","guid":{"rendered":"https:\/\/hificlub.com.br\/loja\/?post_type=product&#038;p=17424"},"modified":"2024-10-07T16:51:21","modified_gmt":"2024-10-07T19:51:21","slug":"savage-gr-5000ex","status":"publish","type":"product","link":"https:\/\/hificlub.com.br\/loja\/produto\/savage-gr-5000ex\/","title":{"rendered":"SAVAGE GR-5000ex"},"content":{"rendered":"<p>INFORMA\u00c7\u00d5ES:<br \/>\n&#8211; Dispon\u00edvel nas Pot\u00eancias de 1500W e 3500W (12A e 30A em 127V), permitindo energiza\u00e7\u00e3o de grandes configura\u00e7\u00f5es.<\/p>\n<p>Universalidade de uso:<br \/>\n&#8211; Tens\u00e3o de entrada: 115 ou 220v, com sinaliza\u00e7\u00e3o no painel frontal atrav\u00e9s de led.<\/p>\n<p>&#8211; Tomadas de sa\u00edda:<br \/>\nQuatro tomadas de sa\u00edda (10A m\u00e1xima) + 01 tomada p\/ 20A configuradas pelo usu\u00e1rio, independentemente da tens\u00e3o de entrada, em 115 ou 220v tamb\u00e9m com seu status sinalizado no painel frontal e 02 Tomadas (10A m\u00e1xima) fixas em 115V (600W).<\/p>\n<p>&#8211; Painel em alum\u00ednio extrudado e anodizado.<br \/>\n&#8211; Circuito de Prote\u00e7\u00e3o contra Sub\/sobre tens\u00e3o, atua sobre as tomadas desligando-as caso a tens\u00e3o da rede ultrapasse a n\u00edveis pr\u00e9-estipulados<br \/>\n&#8211; Amplo espectro de varia\u00e7\u00e3o da tens\u00e3o de entrada, + &#8211; 15%, com estreita faixa de regula\u00e7\u00e3o na tens\u00e3o de sa\u00edda, + &#8211; 4,5%.<br \/>\n&#8211; Atende a norma 14373 ABNT.<\/p>\n<p>Tomadas padr\u00e3o americano. 3500watts.<\/p>\n","protected":false},"excerpt":{"rendered":"<p>INFORMA\u00c7\u00d5ES: &#8211; Dispon\u00edvel nas Pot\u00eancias de 1500W e 3500W (12A e 30A em 127V), permitindo energiza\u00e7\u00e3o de grandes configura\u00e7\u00f5es. Universalidade de uso: &#8211; Tens\u00e3o de entrada: 115 ou 220v, com sinaliza\u00e7\u00e3o no painel frontal atrav\u00e9s de led. &#8211; Tomadas de sa\u00edda: Quatro tomadas de sa\u00edda (10A m\u00e1xima) + 01 tomada p\/ 20A configuradas pelo usu\u00e1rio, [&hellip;]<\/p>\n","protected":false},"featured_media":17428,"template":"","meta":{"_acf_changed":false},"product_brand":[],"product_cat":[89,106],"product_tag":[],"class_list":{"0":"post-17424","1":"product","2":"type-product","3":"status-publish","4":"has-post-thumbnail","6":"product_cat-acessorios","7":"product_cat-energia","9":"first","10":"instock","11":"sold-individually","12":"shipping-taxable","13":"purchasable","14":"product-type-simple"},"acf":[],"aioseo_notices":[],"_links":{"self":[{"href":"https:\/\/hificlub.com.br\/loja\/wp-json\/wp\/v2\/product\/17424","targetHints":{"allow":["GET"]}}],"collection":[{"href":"https:\/\/hificlub.com.br\/loja\/wp-json\/wp\/v2\/product"}],"about":[{"href":"https:\/\/hificlub.com.br\/loja\/wp-json\/wp\/v2\/types\/product"}],"wp:featuredmedia":[{"embeddable":true,"href":"https:\/\/hificlub.com.br\/loja\/wp-json\/wp\/v2\/media\/17428"}],"wp:attachment":[{"href":"https:\/\/hificlub.com.br\/loja\/wp-json\/wp\/v2\/media?parent=17424"}],"wp:term":[{"taxonomy":"product_brand","embeddable":true,"href":"https:\/\/hificlub.com.br\/loja\/wp-json\/wp\/v2\/product_brand?post=17424"},{"taxonomy":"product_cat","embeddable":true,"href":"https:\/\/hificlub.com.br\/loja\/wp-json\/wp\/v2\/product_cat?post=17424"},{"taxonomy":"product_tag","embeddable":true,"href":"https:\/\/hificlub.com.br\/loja\/wp-json\/wp\/v2\/product_tag?post=17424"}],"curies":[{"name":"wp","href":"https:\/\/api.w.org\/{rel}","templated":true}]}}