{"id":17418,"date":"2024-08-20T09:55:17","date_gmt":"2024-08-20T12:55:17","guid":{"rendered":"https:\/\/hificlub.com.br\/loja\/?post_type=product&#038;p=17418"},"modified":"2024-10-07T16:51:21","modified_gmt":"2024-10-07T19:51:21","slug":"harman-kardon-avr-7300-av-receiver","status":"publish","type":"product","link":"https:\/\/hificlub.com.br\/loja\/produto\/harman-kardon-avr-7300-av-receiver\/","title":{"rendered":"HARMAN KARDON AVR 7300 AV Receiver"},"content":{"rendered":"<ul>\n<li><b>Sound modes:<\/b>\u00a0Surround Off (stereo), Surround Off+DSP (stereo+bass management), 5-Channel Stereo, 7-Channel Stereo; Dolby Digital 5.1, Surround EX, Pro Logic II, Pro Logic IIx (Music, Movies), Virtual Speaker, Dolby Headphone; DTS 5.1, ES 6.1 (Matrix, Discrete), Neo:6; Logic 7 Cinema, Music, Enhanced; VMAx Near, Far; Theater, Hall 1, Hall 2<br \/>\n<b><\/b><\/li>\n<li><b>Output power, 2-channel:<\/b>\u00a0125Wpc @ 8ohm, 20Hz\u201320kHz @ &lt;0.07% THD, both channels driven<br \/>\n<b><\/b><\/li>\n<li><b>Output power, surround:<\/b>\u00a0110Wpc @ 8ohm, 20Hz\u201320kHz @ &lt;0.07% THD, all channels driven<br \/>\n<b><\/b><\/li>\n<li><b>Signal\/noise:<\/b>\u00a0line, 100dB (IHF A-weighted)<br \/>\n<b><\/b><\/li>\n<li><b>Video inputs:<\/b>\u00a03 component, 6 S-video, 6 composite video<br \/>\n<b><\/b><\/li>\n<li><b>Video outputs (monitor):<\/b>\u00a01 component, 1 S-video, 1 composite<br \/>\n<b><\/b><\/li>\n<li><b>Video outputs (record\/multiroom):<\/b>\u00a03 S-video, 3 composite<br \/>\n<b><\/b><\/li>\n<li><b>Analog audio inputs:<\/b>\u00a07.1-channel, 8 stereo (L\/R)<br \/>\n<b><\/b><\/li>\n<li><b>Analog audio outputs:<\/b>\u00a07.1-channel preamp, 3 stereo (L\/R)<br \/>\n<b><\/b><\/li>\n<li><b>Digital audio inputs:<\/b>\u00a04 coax, 4 optical<br \/>\n<b><\/b><\/li>\n<li><b>Digital audio outputs:<\/b>\u00a02 coax, 2 optical<br \/>\n<b><\/b><\/li>\n<li><b>Other connectors:<\/b>\u00a01 RS-232C (DB9), 2 IR ins, 1 IR out, 1 Amp Trigger, 2 switched &amp; 1 unswitched AC outlets, detachable power cord<br \/>\n<b><\/b><\/li>\n<li><b>Dimensions:<\/b>\u00a017.3&#8243; {x} 7.6&#8243; {x} 20.5&#8243; (W{x}H{x}D including knobs &amp; terminals)<br \/>\n<b><\/b><\/li>\n<li><b>Weight:<\/b>\u00a055 lbs<\/li>\n<\/ul>\n<p>HDMI antiga n\u00e3o suporta full HD, mas \u00e9 bruto na amplifica\u00e7\u00e3o toroidal e est\u00e1 novo!<\/p>\n","protected":false},"excerpt":{"rendered":"<p>Sound modes:\u00a0Surround Off (stereo), Surround Off+DSP (stereo+bass management), 5-Channel Stereo, 7-Channel Stereo; Dolby Digital 5.1, Surround EX, Pro Logic II, Pro Logic IIx (Music, Movies), Virtual Speaker, Dolby Headphone; DTS 5.1, ES 6.1 (Matrix, Discrete), Neo:6; Logic 7 Cinema, Music, Enhanced; VMAx Near, Far; Theater, Hall 1, Hall 2 Output power, 2-channel:\u00a0125Wpc @ 8ohm, 20Hz\u201320kHz [&hellip;]<\/p>\n","protected":false},"featured_media":17419,"template":"","meta":{"_acf_changed":false},"product_brand":[],"product_cat":[21,22],"product_tag":[],"class_list":{"0":"post-17418","1":"product","2":"type-product","3":"status-publish","4":"has-post-thumbnail","6":"product_cat-home-theater","7":"product_cat-receivers","9":"first","10":"instock","11":"sold-individually","12":"shipping-taxable","13":"purchasable","14":"product-type-simple"},"acf":[],"aioseo_notices":[],"_links":{"self":[{"href":"https:\/\/hificlub.com.br\/loja\/wp-json\/wp\/v2\/product\/17418","targetHints":{"allow":["GET"]}}],"collection":[{"href":"https:\/\/hificlub.com.br\/loja\/wp-json\/wp\/v2\/product"}],"about":[{"href":"https:\/\/hificlub.com.br\/loja\/wp-json\/wp\/v2\/types\/product"}],"wp:featuredmedia":[{"embeddable":true,"href":"https:\/\/hificlub.com.br\/loja\/wp-json\/wp\/v2\/media\/17419"}],"wp:attachment":[{"href":"https:\/\/hificlub.com.br\/loja\/wp-json\/wp\/v2\/media?parent=17418"}],"wp:term":[{"taxonomy":"product_brand","embeddable":true,"href":"https:\/\/hificlub.com.br\/loja\/wp-json\/wp\/v2\/product_brand?post=17418"},{"taxonomy":"product_cat","embeddable":true,"href":"https:\/\/hificlub.com.br\/loja\/wp-json\/wp\/v2\/product_cat?post=17418"},{"taxonomy":"product_tag","embeddable":true,"href":"https:\/\/hificlub.com.br\/loja\/wp-json\/wp\/v2\/product_tag?post=17418"}],"curies":[{"name":"wp","href":"https:\/\/api.w.org\/{rel}","templated":true}]}}