{"id":17346,"date":"2024-08-19T05:25:40","date_gmt":"2024-08-19T08:25:40","guid":{"rendered":"https:\/\/hificlub.com.br\/loja\/?post_type=product&#038;p=17346"},"modified":"2026-02-18T15:40:51","modified_gmt":"2026-02-18T18:40:51","slug":"bw-asw600","status":"publish","type":"product","link":"https:\/\/hificlub.com.br\/loja\/produto\/bw-asw600\/","title":{"rendered":"B&#038;W ASW600 10&#8243; 150 watts"},"content":{"rendered":"<p>ESTADO 9\/10<\/p>\n<p>O subwoofer Bowers &amp; Wilkins ASW600 \u00e9 o parceiro ideal para os alto-falantes da s\u00e9rie 600 em salas menores.<br \/>\nO driver de 250 mm (10 polegadas) usa um cone extremamente r\u00edgido para suportar as for\u00e7as consider\u00e1veis \u200b\u200bgeradas por sinais de graves din\u00e2micos, e o amplificador integrado de 150 W apresenta nosso circuito de sistema de supress\u00e3o de sobrecarga de graves para evitar efeitos de distor\u00e7\u00e3o irritantes que normalmente poderiam ocorrer se um som inesperadamente forte sinal amea\u00e7ava sobrecarregar o subwoofer.<br \/>\nO ASW600 pode aceitar entradas de n\u00edvel de linha e de alto-falante e possui uma op\u00e7\u00e3o de equaliza\u00e7\u00e3o que permite adaptar a resposta \u00e0 sala.<\/p>\n<p>Especifica\u00e7\u00e3o<br \/>\nTipo de gabinete Caixa Selada<br \/>\nResposta de frequ\u00eancia 26 &#8211; 150 Hz<br \/>\nMotorista 250 mm (10 pol.)<br \/>\nEntradas L&amp;R, LFE, n\u00edvel do alto-falante<br \/>\nAmplificador 150 W<br \/>\nFase 0\/180<br \/>\nFrequ\u00eancia de cruzamento 40 &#8211; 180Hz<br \/>\nPeso 19,5 kg<br \/>\nDimens\u00f5es (LxAxP) 365 x 365 x 450 mm<\/p>\n","protected":false},"excerpt":{"rendered":"<p>ESTADO 9\/10 O subwoofer Bowers &amp; Wilkins ASW600 \u00e9 o parceiro ideal para os alto-falantes da s\u00e9rie 600 em salas menores. O driver de 250 mm (10 polegadas) usa um cone extremamente r\u00edgido para suportar as for\u00e7as consider\u00e1veis \u200b\u200bgeradas por sinais de graves din\u00e2micos, e o amplificador integrado de 150 W apresenta nosso circuito de [&hellip;]<\/p>\n","protected":false},"featured_media":17349,"template":"","meta":{"_acf_changed":false},"product_brand":[],"product_cat":[19,17,36],"product_tag":[],"class_list":{"0":"post-17346","1":"product","2":"type-product","3":"status-publish","4":"has-post-thumbnail","6":"product_cat-bw","7":"product_cat-caixas","8":"product_cat-subwoofer","10":"first","11":"instock","12":"sold-individually","13":"shipping-taxable","14":"purchasable","15":"product-type-simple"},"acf":[],"aioseo_notices":[],"_links":{"self":[{"href":"https:\/\/hificlub.com.br\/loja\/wp-json\/wp\/v2\/product\/17346","targetHints":{"allow":["GET"]}}],"collection":[{"href":"https:\/\/hificlub.com.br\/loja\/wp-json\/wp\/v2\/product"}],"about":[{"href":"https:\/\/hificlub.com.br\/loja\/wp-json\/wp\/v2\/types\/product"}],"wp:featuredmedia":[{"embeddable":true,"href":"https:\/\/hificlub.com.br\/loja\/wp-json\/wp\/v2\/media\/17349"}],"wp:attachment":[{"href":"https:\/\/hificlub.com.br\/loja\/wp-json\/wp\/v2\/media?parent=17346"}],"wp:term":[{"taxonomy":"product_brand","embeddable":true,"href":"https:\/\/hificlub.com.br\/loja\/wp-json\/wp\/v2\/product_brand?post=17346"},{"taxonomy":"product_cat","embeddable":true,"href":"https:\/\/hificlub.com.br\/loja\/wp-json\/wp\/v2\/product_cat?post=17346"},{"taxonomy":"product_tag","embeddable":true,"href":"https:\/\/hificlub.com.br\/loja\/wp-json\/wp\/v2\/product_tag?post=17346"}],"curies":[{"name":"wp","href":"https:\/\/api.w.org\/{rel}","templated":true}]}}