{"id":17318,"date":"2024-08-19T06:48:27","date_gmt":"2024-08-19T09:48:27","guid":{"rendered":"https:\/\/hificlub.com.br\/loja\/?post_type=product&#038;p=17318"},"modified":"2024-10-07T16:51:22","modified_gmt":"2024-10-07T19:51:22","slug":"vtl-tl-6-5-preamplificador-valvulado-full-balanced","status":"publish","type":"product","link":"https:\/\/hificlub.com.br\/loja\/produto\/vtl-tl-6-5-preamplificador-valvulado-full-balanced\/","title":{"rendered":"VTL TL- 6.5 Preamplificador Valvulado Full Balanced"},"content":{"rendered":"<p>ESTADO 9\/10<\/p>\n<p>O painel frontal do TL-6.5 \u00e9 dominado por um grande bot\u00e3o na extrema direita que controla o n\u00edvel de volume, equil\u00edbrio e deslocamento do n\u00edvel de entrada. O n\u00edvel de volume e a sele\u00e7\u00e3o da fonte s\u00e3o gerenciados por meio de rel\u00e9s reed de n\u00edvel de linha com qualidade de instrumenta\u00e7\u00e3o. O controle varia o n\u00edvel do sinal de \u00e1udio em 95 passos de 0,7dB cada que, em qualquer configura\u00e7\u00e3o, passam por apenas um rel\u00e9.<\/p>\n<p>Os elementos do circuito valvulado do TL-6.5 s\u00e3o cuidadosamente controlados por um microprocessador para preservar a vida \u00fatil da v\u00e1lvula. Isso programa a ativa\u00e7\u00e3o das v\u00e1lvulas durante um per\u00edodo de 90 segundos para atrasar a aplica\u00e7\u00e3o de alta tens\u00e3o na placa at\u00e9 que os filamentos das v\u00e1lvulas tenham aquecido. Eles tamb\u00e9m permitem que qualquer uma das entradas do pr\u00e9-amplificador seja configurada para ganho unit\u00e1rio ou passagem, ou ajuste seu n\u00edvel de ganho para produzir volumes id\u00eanticos de cada fonte que alimenta o sistema. O propriet\u00e1rio pode controlar todas essas fun\u00e7\u00f5es, bem como mudo, fade e fase absoluta, tanto no painel frontal quanto no controle remoto.<br \/>\nA qualidade dos componentes do circuito, montagem e placa de circuito do TL-6.5 \u00e9 excelente. Os capacitores da fonte de alimenta\u00e7\u00e3o s\u00e3o contornados com pequenas tampas de polipropileno. Os circuitos de \u00e1udio e suas fontes de alimenta\u00e7\u00e3o relacionadas usam resistores de filme met\u00e1lico de precis\u00e3o e baixa indut\u00e2ncia, cortados a laser. Os mesmos resistores s\u00e3o usados \u200b\u200bno controle de n\u00edvel; o n\u00edvel \u00e9 definido selecionando combina\u00e7\u00f5es entre uma matriz desses resistores.<\/p>\n<p>Movendo-se da frente para tr\u00e1s, os componentes internos incluem uma placa de registro de deslocamento, uma enorme PCB de rel\u00e9, duas v\u00e1lvulas 12AU7, quatro m\u00f3dulos MOSFET, quatro capacitores de polipropileno metalizados e as placas de entrada do painel traseiro. Os dois canais s\u00e3o mantidos separados por um escudo vertical proeminente que desce do centro, da frente para tr\u00e1s. Dois cabos planos de 24 condutores v\u00e3o da placa de registro de deslocamento at\u00e9 a placa de rel\u00e9 de cada canal.<\/p>\n<p>O TL-6.5 funciona como um circuito totalmente diferencial que possui \u201ctaxa de rejei\u00e7\u00e3o de modo comum suficiente ao usar tubos\u201d, de acordo com a VTL. O TL-6.5 oferece ganhos de 14dB (single-ended) ou 20dB (balanceado). Sua imped\u00e2ncia de entrada nominal \u00e9 de 45k ohms, sua imped\u00e2ncia de sa\u00edda \u00e9 de 25 ohms, exceto em frequ\u00eancias muito baixas.<\/p>\n<p>O ganho no TL-6.5 de chassi \u00fanico \u00e9 fornecido por uma v\u00e1lvula por canal, executada em um circuito diferencial com apenas 2dB de feedback negativo. Embora a vers\u00e3o original tivesse triodos duplos 12AX7, a unidade de produ\u00e7\u00e3o tinha v\u00e1lvulas 12AU7 porque o ganho ligeiramente menor desta \u00faltima &#8211; 20dB em vez de 26dB &#8211; resulta em um n\u00edvel de ru\u00eddo mais baixo. A placa do 12AU7 aciona a porta de dois MOSFETs de alta tens\u00e3o por canal. Esses dispositivos de baixa imped\u00e2ncia e alta corrente permitem que o TL-6.5 acione qualquer carga, mesmo t\u00e3o baixa quanto 600 ohms, at\u00e9 sua sa\u00edda nominal total de 30V.<\/p>\n<p>O TL-6.5 inclui regula\u00e7\u00e3o completa da fonte de alimenta\u00e7\u00e3o para cada est\u00e1gio de amplifica\u00e7\u00e3o. Uma filtragem extensiva foi aplicada \u00e0 entrada da rede el\u00e9trica CA para bloquear interfer\u00eancia de radiofrequ\u00eancia e outros tipos de sinais esp\u00farios.<\/p>\n<p>Especifica\u00e7\u00f5es<br \/>\nDescri\u00e7\u00e3o: Pr\u00e9-amplificador de linha tubular controlado remotamente com est\u00e1gio de sa\u00edda MOSFET. Complemento de tubo: dois 12AU7. Entradas: 3 pares balanceados (XLR), 3 pares de termina\u00e7\u00e3o \u00fanica (RCA), 2 pares de fita de termina\u00e7\u00e3o \u00fanica. Sa\u00eddas: 1 par balanceado\/XLR, 2 pares RCA de termina\u00e7\u00e3o \u00fanica, 2 pares de fita RCA com buffer de termina\u00e7\u00e3o \u00fanica. Ganho de tens\u00e3o: 14dB para sa\u00eddas RCA de termina\u00e7\u00e3o \u00fanica, 20dB para sa\u00eddas XLR. Imped\u00e2ncia de entrada: 50k ohms (m\u00ednimo de 20k ohms). Imped\u00e2ncia de sa\u00edda: 25 ohms (m\u00e1ximo 195 ohms a 10Hz). Polaridade: n\u00e3o inversora em todas as sa\u00eddas. Resposta de frequ\u00eancia: 1Hz\u2013200kHz, +0\/\u20131dB (20Hz\u2013100kHz em 600 ohms com 20&#8242; de interconex\u00e3o de 900pF). Sa\u00edda m\u00e1xima: 30 V, 10 Hz\u2013200 kHz, em 600 ohms a 1% THD. Separa\u00e7\u00e3o de canais: &gt;100dB a 1kHz, &gt;80dB a 20kHz. Sinal\/ru\u00eddo: n\u00e3o fornecido. Consumo de energia: 150W.<br \/>\nDimens\u00f5es: 17,5&#8243; (445 mm) L por 6&#8243; (153 mm) A por 17,5&#8243; (445 mm) D. Peso de envio: 55 lbs (25 kg).<\/p>\n","protected":false},"excerpt":{"rendered":"<p>ESTADO 9\/10 O painel frontal do TL-6.5 \u00e9 dominado por um grande bot\u00e3o na extrema direita que controla o n\u00edvel de volume, equil\u00edbrio e deslocamento do n\u00edvel de entrada. O n\u00edvel de volume e a sele\u00e7\u00e3o da fonte s\u00e3o gerenciados por meio de rel\u00e9s reed de n\u00edvel de linha com qualidade de instrumenta\u00e7\u00e3o. O controle [&hellip;]<\/p>\n","protected":false},"featured_media":17571,"template":"","meta":{"_acf_changed":false},"product_brand":[],"product_cat":[38],"product_tag":[],"class_list":{"0":"post-17318","1":"product","2":"type-product","3":"status-publish","4":"has-post-thumbnail","6":"product_cat-pre-amplificador","8":"first","9":"instock","10":"sold-individually","11":"shipping-taxable","12":"purchasable","13":"product-type-simple"},"acf":[],"aioseo_notices":[],"_links":{"self":[{"href":"https:\/\/hificlub.com.br\/loja\/wp-json\/wp\/v2\/product\/17318","targetHints":{"allow":["GET"]}}],"collection":[{"href":"https:\/\/hificlub.com.br\/loja\/wp-json\/wp\/v2\/product"}],"about":[{"href":"https:\/\/hificlub.com.br\/loja\/wp-json\/wp\/v2\/types\/product"}],"wp:featuredmedia":[{"embeddable":true,"href":"https:\/\/hificlub.com.br\/loja\/wp-json\/wp\/v2\/media\/17571"}],"wp:attachment":[{"href":"https:\/\/hificlub.com.br\/loja\/wp-json\/wp\/v2\/media?parent=17318"}],"wp:term":[{"taxonomy":"product_brand","embeddable":true,"href":"https:\/\/hificlub.com.br\/loja\/wp-json\/wp\/v2\/product_brand?post=17318"},{"taxonomy":"product_cat","embeddable":true,"href":"https:\/\/hificlub.com.br\/loja\/wp-json\/wp\/v2\/product_cat?post=17318"},{"taxonomy":"product_tag","embeddable":true,"href":"https:\/\/hificlub.com.br\/loja\/wp-json\/wp\/v2\/product_tag?post=17318"}],"curies":[{"name":"wp","href":"https:\/\/api.w.org\/{rel}","templated":true}]}}