{"id":17312,"date":"2024-08-15T12:06:31","date_gmt":"2024-08-15T15:06:31","guid":{"rendered":"https:\/\/hificlub.com.br\/loja\/?post_type=product&#038;p=17312"},"modified":"2026-03-03T22:18:24","modified_gmt":"2026-03-04T01:18:24","slug":"anthem-pva-7-7x-125-watts","status":"publish","type":"product","link":"https:\/\/hificlub.com.br\/loja\/produto\/anthem-pva-7-7x-125-watts\/","title":{"rendered":"ANTHEM PVA 7  7x 125 watts"},"content":{"rendered":"<p>Todos os amplificadores Anthem\u00ae s\u00e3o projetados para funcionar perfeitamente, oferecendo musicalidade impressionante, neutralidade tonal e din\u00e2mica incr\u00edvel enquanto conduzem qualquer carga de alto-falante de maneira confi\u00e1vel em condi\u00e7\u00f5es do mundo real! A fonte de alimenta\u00e7\u00e3o tem classifica\u00e7\u00e3o conservadora e os amplificadores funcionam bem para maior confiabilidade, mas n\u00e3o paramos por a\u00ed.<\/p>\n<p>Os amplificadores da s\u00e9rie PVA apresentam nosso circuito ALM que protege dispositivos de sa\u00edda sens\u00edveis monitorando constantemente a temperatura, a corrente e a tens\u00e3o para garantir um desempenho ideal a longo prazo. O ALM \u00e9 totalmente n\u00e3o invasivo \u2013 ele n\u00e3o est\u00e1 no caminho do sinal e s\u00f3 atua nas circunst\u00e2ncias mais extremas para proteger o amplificador contra danos, mantendo a \u00e1rea operacional segura dos dispositivos de sa\u00edda. Comprador, por\u00e9m, tome cuidado! Nem todos os fabricantes de amplificadores possuem dispositivos sofisticados de monitoramento de carga. Muitos economizaram custos adicionais, deixando seus dispositivos de sa\u00edda desprotegidos, optando por usar os dispositivos de sa\u00edda do amplificador como \u201cfus\u00edveis\u201d. Na Anthem, o ALM \u00e9 apenas uma das maneiras pelas quais nossos produtos proporcionam aos propriet\u00e1rios anos de servi\u00e7o confi\u00e1vel.<\/p>\n<p>Projeto de circuito exemplar<br \/>\nA pureza sonora do design do amplificador PVA \u00e9 o resultado de nossa intensa pesquisa e desenvolvimento em design de alta qualidade. O som de alta qualidade come\u00e7a com uma fonte de alimenta\u00e7\u00e3o superior. Esses amplificadores usam transformadores toroidais de alta pot\u00eancia, baixo ru\u00eddo e personalizados e reguladores de fonte de alimenta\u00e7\u00e3o avan\u00e7ados com capacitores de filtro de alta qualidade, baixo ESL\/baixo ESR e enorme capacidade de armazenamento.<\/p>\n<p>Nossos projetos de circuitos propriet\u00e1rios e patenteados seguem o princ\u00edpio &#8216;Keep-It-Simple&#8217; da Anthem, usando o menor n\u00famero de pe\u00e7as no caminho do sinal para manter a integridade do som. Esses amplificadores fornecem eleg\u00e2ncia e pot\u00eancia de sa\u00edda instant\u00e2nea para reproduzir sem esfor\u00e7o a variedade desafiadora de efeitos especiais em filmes e passagens musicais exigentes. Eles s\u00e3o est\u00e1veis \u200b\u200bcomo uma rocha, mesmo sob cargas dif\u00edceis. Os amplificadores PVA podem ser ligados\/desligados de tr\u00eas maneiras: manualmente, com o bot\u00e3o liga\/desliga no painel frontal; remotamente, atrav\u00e9s da entrada de disparo de 12 volts; ou automaticamente, com nosso circuito patenteado Auto-On\/Off \u2013 um sinal de \u00e1udio recebido o liga imediatamente e, aproximadamente 20 minutos ap\u00f3s o t\u00e9rmino do sinal de \u00e1udio, ele simplesmente desliga.<\/p>\n<p>Uma paix\u00e3o por um som melhor!<br \/>\nAntes do design pragm\u00e1tico, antes dos testes de desempenho e muito antes da produ\u00e7\u00e3o, vem a paix\u00e3o! Paix\u00e3o por produzir algo excepcional. Os produtos Anthem s\u00e3o extraordin\u00e1rios, atendendo e superando as necessidades e expectativas dos audi\u00f3filos em todos os lugares. Seja para uso pessoal ou profissional, os produtos Anthem s\u00e3o l\u00edderes mundiais em desempenho e valor de ponta.<\/p>\n<p>Artesanato especializado e controle de qualidade superior<br \/>\nNossos produtos s\u00e3o premiados e reconhecidos internacionalmente n\u00e3o apenas por seu excepcional desempenho sonoro, mas tamb\u00e9m por seu excelente acabamento e confiabilidade. Cada produto deve atender aos nossos rigorosos padr\u00f5es de desempenho antes de ser lan\u00e7ado no mercado. O resultado \u00e9 uma sele\u00e7\u00e3o verdadeiramente excelente de produtos que garantem a satisfa\u00e7\u00e3o completa e duradoura de seus propriet\u00e1rios. N\u00e3o \u00e9 surpresa que os produtos Anthem sejam muito procurados em todo o mundo!<\/p>\n<p>Pe\u00e7as e materiais de componentes superiores<br \/>\nO desempenho superior exige componentes e materiais superiores. Os amplificadores PVA s\u00e3o projetados e constru\u00eddos na Am\u00e9rica do Norte usando pe\u00e7as e materiais da melhor qualidade. Desde placas de circuito ep\u00f3xi de especifica\u00e7\u00e3o militar (classifica\u00e7\u00e3o FR-4) at\u00e9 v\u00e1rios transistores de sa\u00edda bipolar de alta corrente; desde dissipadores de calor superdimensionados projetados por computador at\u00e9 nossos pr\u00f3prios postes de encaderna\u00e7\u00e3o robustos e personalizados, a qualidade de constru\u00e7\u00e3o desses amplificadores est\u00e1 entre as melhores do mundo!<\/p>\n<p>Rela\u00e7\u00e3o sinal-ru\u00eddo de 122 Db<br \/>\n\u201c\u2026 uma incr\u00edvel rela\u00e7\u00e3o sinal\/ru\u00eddo de 122 dB. Boa dor! Isso \u00e9 t\u00e3o bom quanto nenhum ru\u00eddo\u201d, disse Brian Florian, Secrets of Home Theater and High Fidelity, comentando sobre o PVA 7. Sejam os efeitos especiais sutis (ou n\u00e3o t\u00e3o sutis) em um filme, ou as sutilezas tonais produzidos pelas cordas de um \u00fanico violino, os amplificadores PVA capturam tudo! Distor\u00e7\u00e3o ultrabaixa e uma rela\u00e7\u00e3o sinal-ru\u00eddo verdadeiramente incr\u00edvel colocam esses amplificadores entre os mais limpos e silenciosos do mercado. A partir de um fundo preto silencioso, o som aparece na sua forma mais pura para envolv\u00ea-lo em emo\u00e7\u00f5es poderosas.<\/p>\n<p>Em geral<br \/>\nEntradas\t7 termina\u00e7\u00f5es simples, 1 gatilho de rel\u00e9 (conector mono de 3,5 mm)<br \/>\nResultados\t7 pares de postes de liga\u00e7\u00e3o de alto-falante, 1 gatilho de rel\u00e9 (conector mono de 3,5 mm)<br \/>\nINTERRUPTORES<br \/>\nPainel frontal\tEnergia (ligar\/desligar)<br \/>\nPainel Traseiro\t3 modos liga\/desliga (gatilho, manual, autom\u00e1tico)<\/p>\n<p>OUTRAS ESPECIFICA\u00c7\u00d5ES<br \/>\nALTURA\t1,25db (8\u03a9); 2,13 dB (4\u03a9)<br \/>\nLARGURA DE BANDA DE ENERGIA\t10 Hz &#8211; 80 kHz (125 W a 8 \u03a9)<br \/>\nRESPOSTA DE FREQU\u00caNCIA\t20 Hz &#8211; 20 kHz (-0,20 dB); 5 Hz &#8211; 100 kHz (-2,5 dB)<br \/>\nTHD+N\t&lt;0,002% a 1 kHz; 65 dB (100 Hz &#8211; 10 kHz)<br \/>\nGANHO DE TENS\u00c3O\t29 dB<br \/>\nTAXA DE GIRO\t28 v\/\u00b5s<br \/>\nREQUISITOS DE ENERGIA\t1500 W @ pot\u00eancia m\u00e1xima de sa\u00edda (carga de 8 \u03a9)<br \/>\nDIMENS\u00d5ES (A x L x P; as alturas incluem p\u00e9s)\t5-7\/8&#8243; (14,9 cm) de altura x 17-1\/4&#8243; (43,8 cm) de largura x 16-3\/8&#8243; (42 cm) de profundidade<br \/>\nPESO (desempacotado)\t47,3 libras (21,5 kg)<\/p>\n","protected":false},"excerpt":{"rendered":"<p>Todos os amplificadores Anthem\u00ae s\u00e3o projetados para funcionar perfeitamente, oferecendo musicalidade impressionante, neutralidade tonal e din\u00e2mica incr\u00edvel enquanto conduzem qualquer carga de alto-falante de maneira confi\u00e1vel em condi\u00e7\u00f5es do mundo real! A fonte de alimenta\u00e7\u00e3o tem classifica\u00e7\u00e3o conservadora e os amplificadores funcionam bem para maior confiabilidade, mas n\u00e3o paramos por a\u00ed. Os amplificadores da s\u00e9rie [&hellip;]<\/p>\n","protected":false},"featured_media":17313,"template":"","meta":{"_acf_changed":false},"product_brand":[],"product_cat":[27,146,48],"product_tag":[],"class_list":{"0":"post-17312","1":"product","2":"type-product","3":"status-publish","4":"has-post-thumbnail","6":"product_cat-amplificador","7":"product_cat-anthem","8":"product_cat-multicanal","10":"first","11":"instock","12":"sold-individually","13":"shipping-taxable","14":"purchasable","15":"product-type-simple"},"acf":[],"aioseo_notices":[],"_links":{"self":[{"href":"https:\/\/hificlub.com.br\/loja\/wp-json\/wp\/v2\/product\/17312","targetHints":{"allow":["GET"]}}],"collection":[{"href":"https:\/\/hificlub.com.br\/loja\/wp-json\/wp\/v2\/product"}],"about":[{"href":"https:\/\/hificlub.com.br\/loja\/wp-json\/wp\/v2\/types\/product"}],"wp:featuredmedia":[{"embeddable":true,"href":"https:\/\/hificlub.com.br\/loja\/wp-json\/wp\/v2\/media\/17313"}],"wp:attachment":[{"href":"https:\/\/hificlub.com.br\/loja\/wp-json\/wp\/v2\/media?parent=17312"}],"wp:term":[{"taxonomy":"product_brand","embeddable":true,"href":"https:\/\/hificlub.com.br\/loja\/wp-json\/wp\/v2\/product_brand?post=17312"},{"taxonomy":"product_cat","embeddable":true,"href":"https:\/\/hificlub.com.br\/loja\/wp-json\/wp\/v2\/product_cat?post=17312"},{"taxonomy":"product_tag","embeddable":true,"href":"https:\/\/hificlub.com.br\/loja\/wp-json\/wp\/v2\/product_tag?post=17312"}],"curies":[{"name":"wp","href":"https:\/\/api.w.org\/{rel}","templated":true}]}}