{"id":17243,"date":"2024-08-14T06:54:33","date_gmt":"2024-08-14T09:54:33","guid":{"rendered":"https:\/\/hificlub.com.br\/loja\/?post_type=product&#038;p=17243"},"modified":"2026-03-02T14:17:29","modified_gmt":"2026-03-02T17:17:29","slug":"klipsch-reference-rc-64-iii","status":"publish","type":"product","link":"https:\/\/hificlub.com.br\/loja\/produto\/klipsch-reference-rc-64-iii\/","title":{"rendered":"KLIPSCH REFERENCE RC-64 III"},"content":{"rendered":"<p>ESTADO 9\/10<\/p>\n<p>O novo Klipsch RC-64 III tem quase um metro de largura e pesa 55 libras. \u00c9 um alto-falante projetado e constru\u00eddo \u00e0 m\u00e3o, capaz de produzir um som acima da m\u00e9dia. Ele oferece detalhes v\u00edvidos no centro do palco com cada toque de seus quatro woofers de 6-1\/2&#8243; e tweeter din\u00e2mico com buzina de 1-3\/4&#8243;.<\/p>\n<p>O Klipsch RC-64 III apresenta uma s\u00e9rie de melhorias de design, incluindo um novo tweeter com buzina Tractrix\u00ae, novo design de woofer de cesta fundida, constru\u00e7\u00e3o de gabinete aprimorada e uma rede de crossover atualizada.<\/p>\n<p>Combina perfeitamente com o alto-falante RF7 II correspondente ou com os modelos Heritage onde o espa\u00e7o n\u00e3o permite um terceiro Heritage como centro.<\/p>\n<p>O Klipsch RC-64 III foi projetado e constru\u00eddo \u00e0 m\u00e3o em Hope, Arkansas. A parte de tr\u00e1s de cada um apresenta uma placa assinada \u00e0 m\u00e3o pelo artes\u00e3o do palestrante e tem acabamento em folheado de madeira para m\u00f3veis.<\/p>\n<p>Novo driver de compress\u00e3o de tit\u00e2nio de 1 3\/4&#8243;<br \/>\nCorneta Tractrix de borracha moldada comprimida 90&#215;90<br \/>\nDesign cruzado de rede de 2 1\/2 vias<br \/>\nWoofers cer\u00e2micos de cesta fundida Quad 6,5&#8243;<br \/>\nFolheados de madeira premium para m\u00f3veis<br \/>\nMontado em Hope, AR<\/p>\n<p>Especifica\u00e7\u00f5es:<br \/>\nConfigura\u00e7\u00e3o do alto-falante Centro:<br \/>\n2,5 vias<br \/>\nManipula\u00e7\u00e3o de potencia 150 W RMS<br \/>\n600 W de pico<br \/>\nAlto Falantes 4 x Woofer de cone de alum\u00ednio\/cer\u00e2mica de 5,25\u2033 (disparo frontal)<br \/>\n1 x tweeter de corneta de tit\u00e2nio de 1\u2033 (disparo frontal)<br \/>\nTipo de Gabinete Bass Reflex<br \/>\nResposta de frequ\u00eancia 50 Hz a 25 kHz (\u00b13 dB)<br \/>\nImped\u00e2ncia 8 ohms<br \/>\nConectividade com fio 1 x entrada de par de p\u00f3s-liga\u00e7\u00e3o<br \/>\nCruzamento 650Hz<br \/>\n1950Hz<br \/>\nSensibilidade 96 dB<br \/>\nF\u00edsico<br \/>\nOp\u00e7\u00f5es de posicionamento e montagem Mesa\/Estante<br \/>\nMaterial do Gabinete MDF, Vinil<br \/>\nGrade Metal (remov\u00edvel)<br \/>\nDimens\u00f5es 32 x 6,9 x 15,1\u2033 \/ 81,4 x 17,4 x 38,3 cm<br \/>\nPeso 36,4 lb \/ 16,5 kg<\/p>\n","protected":false},"excerpt":{"rendered":"<p>ESTADO 9\/10 O novo Klipsch RC-64 III tem quase um metro de largura e pesa 55 libras. \u00c9 um alto-falante projetado e constru\u00eddo \u00e0 m\u00e3o, capaz de produzir um som acima da m\u00e9dia. Ele oferece detalhes v\u00edvidos no centro do palco com cada toque de seus quatro woofers de 6-1\/2&#8243; e tweeter din\u00e2mico com buzina [&hellip;]<\/p>\n","protected":false},"featured_media":17244,"template":"","meta":{"_acf_changed":false},"product_brand":[],"product_cat":[35,17,114],"product_tag":[],"class_list":{"0":"post-17243","1":"product","2":"type-product","3":"status-publish","4":"has-post-thumbnail","6":"product_cat-caixas-centrais","7":"product_cat-caixas","8":"product_cat-klipsch","10":"first","11":"instock","12":"sold-individually","13":"shipping-taxable","14":"purchasable","15":"product-type-simple"},"acf":[],"aioseo_notices":[],"_links":{"self":[{"href":"https:\/\/hificlub.com.br\/loja\/wp-json\/wp\/v2\/product\/17243","targetHints":{"allow":["GET"]}}],"collection":[{"href":"https:\/\/hificlub.com.br\/loja\/wp-json\/wp\/v2\/product"}],"about":[{"href":"https:\/\/hificlub.com.br\/loja\/wp-json\/wp\/v2\/types\/product"}],"wp:featuredmedia":[{"embeddable":true,"href":"https:\/\/hificlub.com.br\/loja\/wp-json\/wp\/v2\/media\/17244"}],"wp:attachment":[{"href":"https:\/\/hificlub.com.br\/loja\/wp-json\/wp\/v2\/media?parent=17243"}],"wp:term":[{"taxonomy":"product_brand","embeddable":true,"href":"https:\/\/hificlub.com.br\/loja\/wp-json\/wp\/v2\/product_brand?post=17243"},{"taxonomy":"product_cat","embeddable":true,"href":"https:\/\/hificlub.com.br\/loja\/wp-json\/wp\/v2\/product_cat?post=17243"},{"taxonomy":"product_tag","embeddable":true,"href":"https:\/\/hificlub.com.br\/loja\/wp-json\/wp\/v2\/product_tag?post=17243"}],"curies":[{"name":"wp","href":"https:\/\/api.w.org\/{rel}","templated":true}]}}