{"id":17188,"date":"2024-08-09T07:23:33","date_gmt":"2024-08-09T10:23:33","guid":{"rendered":"https:\/\/hificlub.com.br\/loja\/?post_type=product&#038;p=17188"},"modified":"2026-04-08T04:27:29","modified_gmt":"2026-04-08T07:27:29","slug":"accuphase-e-700-class-a-35-watts","status":"publish","type":"product","link":"https:\/\/hificlub.com.br\/loja\/produto\/accuphase-e-700-class-a-35-watts\/","title":{"rendered":"ACCUPHASE E-700  Amplificador Integrado Class A  35 watts"},"content":{"rendered":"<p>O E-700 \u00e9 um amplificador integrado evolutivo que incorpora in\u00fameras tecnologias do nosso modelo principal do 50\u00ba anivers\u00e1rio, o E-800. A se\u00e7\u00e3o do pr\u00e9-amplificador usa um controle de volume do tipo AAVA balanceado com ANCC para criar uma configura\u00e7\u00e3o balanceada da entrada \u00e0 sa\u00edda e alcan\u00e7ar a perfei\u00e7\u00e3o de condu\u00e7\u00e3o. O est\u00e1gio do amplificador de pot\u00eancia que aciona os alto-falantes foi refor\u00e7ado de tr\u00eas para quatro elementos, aumentando ainda mais a confiabilidade. Experimente toda a emo\u00e7\u00e3o em apresenta\u00e7\u00f5es ao vivo com a express\u00e3o superior do E-700.<\/p>\n<p>Amplificador integrado com configura\u00e7\u00e3o totalmente balanceada da entrada \u00e0 sa\u00edda<br \/>\nControle de volume tipo AAVA balanceado<br \/>\nConstru\u00e7\u00e3o de sensor de volume de alta precis\u00e3o e alta rigidez<br \/>\nEst\u00e1gio de amplifica\u00e7\u00e3o de pot\u00eancia configurado como amplificador de instrumenta\u00e7\u00e3o<br \/>\nConfigura\u00e7\u00e3o push-pull paralela qu\u00e1drupla usando MOS-FETs de pot\u00eancia acionados em Classe A<br \/>\nSa\u00edda de pot\u00eancia linear de 35 watts em 8 ohms, 70 watts em 4 ohms ou 140 watts em 2 ohms<br \/>\nSa\u00edda de 160 W em carga de 1 ohm (sinais de m\u00fasica)<br \/>\nAlto fator de amortecimento de 1.000<br \/>\nForte fonte de alimenta\u00e7\u00e3o com transformador toroidal de alta efici\u00eancia e grandes capacitores de filtragem<br \/>\nCircuito de prote\u00e7\u00e3o usando interruptores MOS-FET<\/p>\n<p>Especifica\u00e7\u00f5es T\u00e9cnicas:<\/p>\n<p>Sistema: Amplificador integrado est\u00e9reo de estado s\u00f3lido Classe A puro totalmente balanceado.<br \/>\nPot\u00eancia por canal:<br \/>\n35 Watts em 8 Ohms<br \/>\n70 Watts em 4 Ohms<br \/>\n140 Watts em 2 Ohms<br \/>\nResposta de frequ\u00eancia: 3Hz-150kHz.<br \/>\nDistor\u00e7\u00e3o Harm\u00f4nica Total (THD):<br \/>\n0,03% de 8 a 16 Ohms<br \/>\n0,05% de 2 a 4 Ohms<br \/>\nRela\u00e7\u00e3o sinal-ru\u00eddo (rela\u00e7\u00e3o S\/N): at\u00e9 117 dB.<br \/>\nControle de volume: AAVA balanceado (amplificador de ganho vari\u00e1vel anal\u00f3gico Accuphase) \u200b\u200bcom circuito AAVA duplo em configura\u00e7\u00e3o balanceada e tecnologia ANCC (Circuito de cancelamento de ru\u00eddo e distor\u00e7\u00e3o Accuphase).<br \/>\nEstrutura: Monobloco duplo com se\u00e7\u00f5es de pr\u00e9 e pot\u00eancia separadas, que podem ser usadas individualmente atrav\u00e9s de um seletor no painel frontal. Compat\u00edvel com conex\u00f5es AV Bypass\/Home Theater Pass Through.<br \/>\nEntradas:<br \/>\nPower Ins XLR balanceados<br \/>\nPot\u00eancia em RCA desequilibrado<br \/>\nSa\u00eddas:<br \/>\nPr\u00e9-sa\u00eddas XLR balanceadas<br \/>\nPr\u00e9-sa\u00eddas RCA desequilibradas<br \/>\nEst\u00e1gio de Amplifica\u00e7\u00e3o: Configura\u00e7\u00e3o Mono Block sim\u00e9trica com circuitos modulares separados para os canais esquerdo e direito, equipados com transistores Power Mosfet em configura\u00e7\u00e3o Push-Pull paralelo qu\u00e1druplo.<br \/>\nEst\u00e1gio de Sa\u00edda: Realimenta\u00e7\u00e3o de Corrente de imped\u00e2ncia muito baixa com Fator de Amortecimento igual a 1000.<br \/>\nPower Stage: Transformador toroidal superdimensionado e capacitores de filtro propriet\u00e1rios de alta capacidade (2x 56.000uF).<br \/>\nSele\u00e7\u00e3o de Sinal de Entrada: Atrav\u00e9s de rel\u00e9s controlados por l\u00f3gica.<br \/>\nCircuito de prote\u00e7\u00e3o de alto-falante: Semicondutores MOS-FET de resist\u00eancia ultrabaixa.<br \/>\nCircuito de Prote\u00e7\u00e3o na Etapa de Pot\u00eancia: Equipado com optoacoplador e sensor de temperatura para detec\u00e7\u00e3o em tempo real de sobrecorrentes e superaquecimentos.<br \/>\nFun\u00e7\u00f5es de controle:<br \/>\nControle de tom balanceado exclu\u00edvel.<br \/>\nSeletor de fase individual para cada entrada.<br \/>\nControle de equil\u00edbrio de canal extremamente preciso.<br \/>\nModo de reprodu\u00e7\u00e3o mono.<br \/>\nAtenuador de volume instant\u00e2neo (-20 dB).<br \/>\nCompensador de intensidade.<br \/>\nAmplificador de fone de ouvido: Componentes discretos dedicados.<br \/>\nMedidor de pot\u00eancia de pico com gr\u00e1fico de barras: anal\u00f3gico de alta sensibilidade com ilumina\u00e7\u00e3o LED desativada.<br \/>\nEntradas e Sa\u00eddas:<br \/>\n2x entradas L\/R balanceadas XLR.<br \/>\n5x entradas RCA n\u00e3o balanceadas L\/R.<br \/>\nSa\u00eddas RCA L\/R n\u00e3o balanceadas e entradas L\/R Recorder Play\/Rec.<br \/>\nSa\u00eddas Pre-Out L\/R e entradas Amp In L\/R (direcionadas aos amplificadores de pot\u00eancia) XLR balanceado e RCA n\u00e3o balanceado.<br \/>\nTerminais de alto-falante: Conjunto duplo (A \/ B \/ A+B).<br \/>\nSlot de cart\u00e3o opcional: 2 slots para cart\u00f5es Accuphase opcionais (Phono MC\/MM, DAC, linha) com configura\u00e7\u00f5es gerenciadas por meio de controles integrados na parte frontal.<br \/>\nControle remoto: Fornecido.<br \/>\nDimens\u00f5es (L x A x P): 465 mm x 191 mm x 428 mm.<br \/>\nPeso: 24,9kg.<\/p>\n","protected":false},"excerpt":{"rendered":"<p>O E-700 \u00e9 um amplificador integrado evolutivo que incorpora in\u00fameras tecnologias do nosso modelo principal do 50\u00ba anivers\u00e1rio, o E-800. A se\u00e7\u00e3o do pr\u00e9-amplificador usa um controle de volume do tipo AAVA balanceado com ANCC para criar uma configura\u00e7\u00e3o balanceada da entrada \u00e0 sa\u00edda e alcan\u00e7ar a perfei\u00e7\u00e3o de condu\u00e7\u00e3o. O est\u00e1gio do amplificador de [&hellip;]<\/p>\n","protected":false},"featured_media":17196,"template":"","meta":{"_acf_changed":false},"product_brand":[],"product_cat":[229,27,51],"product_tag":[],"class_list":{"0":"post-17188","1":"product","2":"type-product","3":"status-publish","4":"has-post-thumbnail","6":"product_cat-accuphase","7":"product_cat-amplificador","8":"product_cat-integrado","10":"first","11":"instock","12":"sold-individually","13":"shipping-taxable","14":"purchasable","15":"product-type-simple"},"acf":[],"aioseo_notices":[],"_links":{"self":[{"href":"https:\/\/hificlub.com.br\/loja\/wp-json\/wp\/v2\/product\/17188","targetHints":{"allow":["GET"]}}],"collection":[{"href":"https:\/\/hificlub.com.br\/loja\/wp-json\/wp\/v2\/product"}],"about":[{"href":"https:\/\/hificlub.com.br\/loja\/wp-json\/wp\/v2\/types\/product"}],"wp:featuredmedia":[{"embeddable":true,"href":"https:\/\/hificlub.com.br\/loja\/wp-json\/wp\/v2\/media\/17196"}],"wp:attachment":[{"href":"https:\/\/hificlub.com.br\/loja\/wp-json\/wp\/v2\/media?parent=17188"}],"wp:term":[{"taxonomy":"product_brand","embeddable":true,"href":"https:\/\/hificlub.com.br\/loja\/wp-json\/wp\/v2\/product_brand?post=17188"},{"taxonomy":"product_cat","embeddable":true,"href":"https:\/\/hificlub.com.br\/loja\/wp-json\/wp\/v2\/product_cat?post=17188"},{"taxonomy":"product_tag","embeddable":true,"href":"https:\/\/hificlub.com.br\/loja\/wp-json\/wp\/v2\/product_tag?post=17188"}],"curies":[{"name":"wp","href":"https:\/\/api.w.org\/{rel}","templated":true}]}}