{"id":17176,"date":"2024-08-09T05:05:32","date_gmt":"2024-08-09T08:05:32","guid":{"rendered":"https:\/\/hificlub.com.br\/loja\/?post_type=product&#038;p=17176"},"modified":"2024-10-07T16:51:23","modified_gmt":"2024-10-07T19:51:23","slug":"audioquest-k2-cabo-de-caixa-24-metros","status":"publish","type":"product","link":"https:\/\/hificlub.com.br\/loja\/produto\/audioquest-k2-cabo-de-caixa-24-metros\/","title":{"rendered":"AUDIOQUEST K2 Cabo de Caixa 2,4 metros"},"content":{"rendered":"<p>ESTADO 9\/10<\/p>\n<p>No topo da s\u00e9rie Flat Rock da AudioQuest est\u00e1 o K2. Assim como o topo da montanha, deste ponto de vista h\u00e1 poucas op\u00e7\u00f5es para olhar para cima. K2 combina drivers de prata s\u00f3lida &#8220;Perfect-Surface&#8221; com DBS e a geometria Double Star-Quad de maior sucesso da AudioQuest. O K2 elevar\u00e1 o som do seu sistema a alturas pr\u00f3ximas da troposfera.<\/p>\n<p>FIOS CONDUTORES S\u00d3LIDOS DE SUPERF\u00cdCIE PERFEITA PLATAFORMA DE SUPERF\u00cdCIE PERFEITA (PSS)<br \/>\nOs condutores s\u00f3lidos evitam a intera\u00e7\u00e3o dos fios, uma importante fonte de distor\u00e7\u00e3o do cabo. A Prata Perfect-Surface de pureza extremamente alta minimiza a distor\u00e7\u00e3o causada pelos limites dos gr\u00e3os que existem dentro de qualquer condutor met\u00e1lico, eliminando a aspereza e aumentando a clareza em compara\u00e7\u00e3o com todos os outros materiais condutores.<\/p>\n<p>DISSIPA\u00c7\u00c3O DE RU\u00cdDO \u00c0 BASE DE CARBONO (ISOLAMENTO)<br \/>\nOs condutores negativos em K2 s\u00e3o isolados com polietileno preenchido com carbono parcialmente condutor. Este material not\u00e1vel amortece os detritos de radiofrequ\u00eancia que retornam ao amplificador. O benef\u00edcio sonoro \u00e9 exatamente a mesma redu\u00e7\u00e3o no &#8220;hash&#8221; e melhor dimensionalidade que ocorre quando o lixo de RF \u00e9 reduzido em um circuito de \u00e1udio. K2 usa isolamento de espuma de polietileno em seus condutores positivos porque o ar quase n\u00e3o absorve energia, e o polietileno tem baixa perda e tem um perfil de distor\u00e7\u00e3o benigno. Gra\u00e7as a todo o ar do PE Espumado, ele causa muito menos efeito desfocado comum em outros materiais.<\/p>\n<p>SISTEMA DE DIAGN\u00d3STICO DIEL\u00c9TRICO (DBS, Patente US 7.126.055 e 7.872.195 B1)<br \/>\nQualquer isolamento retarda o sinal dentro do condutor. Quando o isolamento \u00e9 imparcial, ele desacelera partes do sinal de maneira diferente, um grande problema para \u00e1udio multioitava muito sens\u00edvel ao tempo. AudioQuest DBS cria um campo eletrost\u00e1tico forte e est\u00e1vel que satura e polariza (organiza) as mol\u00e9culas de isolamento. Isto minimiza tanto o armazenamento de energia no isolamento como os m\u00faltiplos atrasos n\u00e3o lineares que ocorrem. O som aparece em um fundo preto impressionante com detalhes inesperados e contraste din\u00e2mico. As baterias DBS durar\u00e3o anos. Um bot\u00e3o de teste e um LED permitem a verifica\u00e7\u00e3o ocasional da bateria.<\/p>\n<p>GEOMETRIA DUPLA ESTRELA-QUAD<br \/>\nA rela\u00e7\u00e3o entre os condutores define os valores el\u00e9tricos mais b\u00e1sicos de um cabo (capacit\u00e2ncia e indut\u00e2ncia). Entretanto, mesmo quando essas vari\u00e1veis \u200b\u200bs\u00e3o mantidas em um equil\u00edbrio razo\u00e1vel, a rela\u00e7\u00e3o entre os drivers pode variar de forma que afete bastante o som. A constru\u00e7\u00e3o Double Star-Quad do K2 permite contraste din\u00e2mico e inteligibilidade de informa\u00e7\u00f5es significativamente melhores do que se os mesmos drivers fossem executados em paralelo.<\/p>\n<p>TECNOLOGIA SPREAD-SPECTRUM (SST)<br \/>\nQualquer tamanho ou formato de condutor possui um perfil de distor\u00e7\u00e3o espec\u00edfico. Embora os condutores radialmente sim\u00e9tricos (s\u00f3lidos ou tubulares) tenham o menor n\u00famero de descontinuidades, qualquer condutor de um determinado tamanho possui uma assinatura sonora. SST \u00e9 um m\u00e9todo para reduzir significativamente a consci\u00eancia desses defeitos de car\u00e1ter, usando uma combina\u00e7\u00e3o precisa de diferentes tamanhos de condutores. Os diferentes tamanhos de driver determinados pelo SST usados \u200b\u200bno K2 permitem um som excepcionalmente claro, limpo e din\u00e2mico.<\/p>\n<p>BIC WIRED<br \/>\nK2 \u00e9 um cabo Single-BiWire excepcional. Quando as metades s\u00e3o separadas na extremidade do alto-falante, a geometria Double Star-Quad transforma o K2 em um verdadeiro conjunto de bicicleta dupla gra\u00e7as \u00e0 autonomia magn\u00e9tica de cada se\u00e7\u00e3o de quatro drivers. Por si s\u00f3, um grupo de drivers Star-Quad teria um desempenho um pouco leve, pois \u00e9 voltado para a sutileza dos agudos. O outro grupo de drivers Star-Quad \u00e9 voltado para os graves; \u00c9 mais contundente e carece de resolu\u00e7\u00e3o final. Juntos, eles formam um design de gama completa totalmente otimizado. Quando separados, o design Double Star-Quad permite que o K2 seja um Double BiWire de m\u00e1ximo desempenho em um \u00fanico cabo.<\/p>\n<p>TERMINA\u00c7\u00d5ES E ACABAMENTOS<br \/>\nAudioQuest oferece uma ampla gama de conectores de alta qualidade que permitem que o K2 se conecte com seguran\u00e7a a qualquer tipo de equipamento. A qualidade est\u00e1 no som com baixa distor\u00e7\u00e3o, n\u00e3o necessariamente no efeito doce. As extremidades AQ t\u00eam uma apar\u00eancia fosca de ouro ou prata porque esses metais s\u00e3o banhados diretamente no conector. N\u00e3o h\u00e1 nenhuma camada de n\u00edquel brilhante e de som duro por baixo. Os terminais AQ PK-spade s\u00e3o macios porque o melhor metal \u00e9 macio e facilita uma conex\u00e3o de maior qualidade. Para pe\u00e7as que requerem conector banana ou BFA, o AQ PK-BFA\/Banana oferece desempenho sem precedentes em compara\u00e7\u00e3o com vers\u00f5es convencionais de lat\u00e3o.<\/p>\n<p>APLICA\u00c7\u00c3O: As libera\u00e7\u00f5es ABS em cada extremidade do K2 est\u00e3o marcadas como &#8220;Speaker End&#8221; ou &#8220;Amplifier End&#8221;. Use os cabos na dire\u00e7\u00e3o necess\u00e1ria.<\/p>\n","protected":false},"excerpt":{"rendered":"<p>ESTADO 9\/10 No topo da s\u00e9rie Flat Rock da AudioQuest est\u00e1 o K2. Assim como o topo da montanha, deste ponto de vista h\u00e1 poucas op\u00e7\u00f5es para olhar para cima. K2 combina drivers de prata s\u00f3lida &#8220;Perfect-Surface&#8221; com DBS e a geometria Double Star-Quad de maior sucesso da AudioQuest. O K2 elevar\u00e1 o som do [&hellip;]<\/p>\n","protected":false},"featured_media":17177,"template":"","meta":{"_acf_changed":false},"product_brand":[],"product_cat":[68,61,62],"product_tag":[],"class_list":{"0":"post-17176","1":"product","2":"type-product","3":"status-publish","4":"has-post-thumbnail","6":"product_cat-audioquest","7":"product_cat-cabos","8":"product_cat-caixa","10":"first","11":"instock","12":"sold-individually","13":"shipping-taxable","14":"purchasable","15":"product-type-simple"},"acf":[],"aioseo_notices":[],"_links":{"self":[{"href":"https:\/\/hificlub.com.br\/loja\/wp-json\/wp\/v2\/product\/17176","targetHints":{"allow":["GET"]}}],"collection":[{"href":"https:\/\/hificlub.com.br\/loja\/wp-json\/wp\/v2\/product"}],"about":[{"href":"https:\/\/hificlub.com.br\/loja\/wp-json\/wp\/v2\/types\/product"}],"wp:featuredmedia":[{"embeddable":true,"href":"https:\/\/hificlub.com.br\/loja\/wp-json\/wp\/v2\/media\/17177"}],"wp:attachment":[{"href":"https:\/\/hificlub.com.br\/loja\/wp-json\/wp\/v2\/media?parent=17176"}],"wp:term":[{"taxonomy":"product_brand","embeddable":true,"href":"https:\/\/hificlub.com.br\/loja\/wp-json\/wp\/v2\/product_brand?post=17176"},{"taxonomy":"product_cat","embeddable":true,"href":"https:\/\/hificlub.com.br\/loja\/wp-json\/wp\/v2\/product_cat?post=17176"},{"taxonomy":"product_tag","embeddable":true,"href":"https:\/\/hificlub.com.br\/loja\/wp-json\/wp\/v2\/product_tag?post=17176"}],"curies":[{"name":"wp","href":"https:\/\/api.w.org\/{rel}","templated":true}]}}