{"id":17112,"date":"2024-08-08T07:12:05","date_gmt":"2024-08-08T10:12:05","guid":{"rendered":"https:\/\/hificlub.com.br\/loja\/?post_type=product&#038;p=17112"},"modified":"2026-03-03T22:18:24","modified_gmt":"2026-03-04T01:18:24","slug":"kef-reference-5","status":"publish","type":"product","link":"https:\/\/hificlub.com.br\/loja\/produto\/kef-reference-5\/","title":{"rendered":"KEF REFERENCE 5"},"content":{"rendered":"<p>Design<br \/>\nEnquanto os woofers do Blade Two s\u00e3o montados em pares em seus pain\u00e9is laterais, os woofers de 6,5&#8243; do Reference 5 s\u00e3o todos montados no defletor frontal. Cada um deles tem um diafragma raso de alum\u00ednio e, como no Blade, a bobina de voz aciona o diafragma atrav\u00e9s de nervuras radiais para permitir o fluxo livre de ar e tamb\u00e9m para controlar os modos de separa\u00e7\u00e3o do diafragma. Cada par de woofers \u00e9 carregado por uma porta na parte traseira, deslocada da linha central do gabinete e alargada em ambas as extremidades para minimizar a turbul\u00eancia. oferece uma escolha entre portas longas e curtas intercambi\u00e1veis \u200b\u200bpara otimizar o desempenho de baixa frequ\u00eancia do alto-falante em salas espec\u00edficas. Embora as estruturas do woofer sejam fixadas internamente, elas s\u00e3o conectadas ao defletor de alum\u00ednio por meio de amortecimento com perdas.<\/p>\n<p>Jack Oclee-Brown, Chefe de Ac\u00fastica da KEF, visitou minha sala para ajudar a configurar os Reference 5s. Entre outros t\u00f3picos que discutimos em uma entrevista em v\u00eddeo , perguntei a ele o que, especificamente, a KEF havia feito para obter tanta qualidade de som do Blade de um gabinete de estilo convencional com woofers no defletor frontal, como eles afirmam ter feito.<\/p>\n<p>&#8220;O foco do Uni-Q \u00e9 fornecer som como se&#8230; o som tivesse que se originar de um ponto no espa\u00e7o, mas tamb\u00e9m precisa ser compat\u00edvel [em termos de] diretividade, ent\u00e3o no crossover voc\u00ea precisa do tweeter diretividade para combinar com os m\u00e9dios. Com o Blade, a ideia era dizer: &#8216;Por que estamos nos restringindo apenas aos m\u00e9dios e agudos? isso pareceria ? Meu colega Mark [Dodd] foi realmente o cara que originou a ideia de dizer: &#8216;Vamos colocar apenas o Uni-Q na frente, e voc\u00ea poderia colocar os drivers de baixo muito mais pr\u00f3ximos do Uni-Q do que seria poss\u00edvel de outra forma. . Voc\u00ea s\u00f3 tem o Uni-Q \u00fanico na frente, ent\u00e3o a frente do gabinete pode ter o formato que voc\u00ea quiser e podemos torn\u00e1-lo uma superf\u00edcie muito lisa para minimizar a difra\u00e7\u00e3o.'&#8221;<\/p>\n<p>O som da unidade de m\u00e9dio porte, portanto, n\u00e3o encontra nenhum limite \u00e0 medida que se propaga?<\/p>\n<p>&#8220;Exatamente. Portanto, todo o objetivo [do Blade] \u00e9 realmente aproveitar essa ideia de tentar criar uma fonte sonora \u00fanica e pura, tanto quanto pudermos. [Mas] com a Refer\u00eancia, estamos muito cientes de que esses alto-falantes s\u00e3o coisas que as pessoas t\u00eam que colocar em suas casas, e com as quais t\u00eam que conviver e ver todos os dias &#8211; e o Blade parece, na minha opini\u00e3o, espetacular , mas na mente das outras pessoas, &#8216; terr\u00edvel &#8216; .<\/p>\n<p>Idiossincr\u00e1tico \u00e9 uma palavra melhor, sugeri.<\/p>\n<p>&#8220;Sim, isso divide opini\u00f5es. Ent\u00e3o, quando decidimos fazer a s\u00e9rie Reference, decidimos que seria sensato fazer o oposto, em termos de estilo, e isso representou um grande desafio para a equipe de engenharia. Como podemos obter tanto quanto poss\u00edvel do desempenho do Blade, mas agora fazer isso em um alto-falante convencional e colocar os drivers na frente?&#8221;<\/p>\n<p>O conceito Uni-Q da KEF, introduzido em 1989, est\u00e1 agora na sua d\u00e9cima primeira gera\u00e7\u00e3o. Perguntei a Oclee-Brown se o formato da c\u00fapula do tweeter Uni-Q \u00e9 diferente daquele de um tweeter convencional.<\/p>\n<p>&#8220;\u00c9 uma c\u00fapula esf\u00e9rica&#8221;, explicou ele, &#8220;[mas] voc\u00ea precisa obter o formato esf\u00e9rico da c\u00fapula exatamente correto em compara\u00e7\u00e3o com as paredes do Uni-Q&#8230; e isso \u00e9 apenas para fazer o som do tweeter come\u00e7ar. viajando pelo guia de ondas. Ent\u00e3o voc\u00ea chega \u00e0 pr\u00f3xima quest\u00e3o, que \u00e9 chegar \u00e0 borda do cone, onde normalmente teria um grande contorno de meio rolo, e ele se espalhar\u00e1. para resolver esse problema, usamos contornos muito discretos.<\/p>\n<p>Nos drivers Uni-Q atuais, a c\u00fapula do tweeter \u00e9 montada atr\u00e1s de uma grade complexa chamada Tangerine. Mas isso \u00e9 mais do que uma grade, j\u00e1 que as costelas s\u00e3o mais largas pr\u00f3ximas \u00e0 c\u00fapula do que na frente. Eu perguntei o que isso faz.<\/p>\n<p>O enorme gabinete do Reference 5 \u00e9 fortemente refor\u00e7ado e o defletor de alum\u00ednio \u00e9 conectado a ele com um material de amortecimento com perdas. Os estabilizadores equipados com p\u00e9s pontiagudos proporcionam estabilidade para o gabinete alto e estreito, e os terminais cromados para servi\u00e7os pesados \u200b\u200bproporcionam fia\u00e7\u00e3o simples e dupla. Minhas amostras de an\u00e1lise vieram com o acabamento branco &#8220;Kent Engineering and Foundry Edition&#8221;, visualmente deslumbrante.<\/p>\n<p>Especifica\u00e7\u00f5es<br \/>\nDescri\u00e7\u00e3o: Alto-falante de ch\u00e3o de tr\u00eas vias, com carga reflexa. Unidades de acionamento: conjunto de drivers Uni-Q com tweeter de c\u00fapula de alum\u00ednio ventilado de 1&#8243; (25 mm), unidade midrange de cone de alum\u00ednio de 5&#8243; (125 mm), quatro woofers de cone de alum\u00ednio de 6,5&#8243; (165 mm). Frequ\u00eancias de crossover: 350 Hz, 2,8 kHz Resposta de frequ\u00eancia: 40Hz\u201335kHz, \u00b13dB Faixa de frequ\u00eancia: resposta de graves t\u00edpica na sala, 25Hz, \u20136dB; 6dB. Sensibilidade: 90dB\/2,83V\/m. Imped\u00e2ncia nominal: 8 ohms. Imped\u00e2ncia m\u00ednima: 3,2 ohms. Distor\u00e7\u00e3o harm\u00f4nica (2\u00ba e 3\u00ba harm\u00f4nicos a 90dB, 1m). 10kHz Sa\u00edda m\u00e1xima: 116dB (n\u00edvel de press\u00e3o sonora de pico a 1m com ru\u00eddo rosa). Pot\u00eancia de amplificador recomendada: 50\u2013400W<br \/>\nDimens\u00f5es: 53,1&#8243; (1350mm) H por 8&#8243; (205mm) W por 18,5&#8243; (470mm) D. Peso: 132,7 libras (60 kg).<br \/>\nAcabamentos: Piano Black, Satin American Walnut &amp; Gloss Rosewood, Blue Ice White e Copper Black Alum\u00ednio &#8220;Kent Engineering and Foundry Edition&#8221;.<\/p>\n","protected":false},"excerpt":{"rendered":"<p>Design Enquanto os woofers do Blade Two s\u00e3o montados em pares em seus pain\u00e9is laterais, os woofers de 6,5&#8243; do Reference 5 s\u00e3o todos montados no defletor frontal. Cada um deles tem um diafragma raso de alum\u00ednio e, como no Blade, a bobina de voz aciona o diafragma atrav\u00e9s de nervuras radiais para permitir o [&hellip;]<\/p>\n","protected":false},"featured_media":17114,"template":"","meta":{"_acf_changed":false},"product_brand":[],"product_cat":[17,56,18],"product_tag":[],"class_list":{"0":"post-17112","1":"product","2":"type-product","3":"status-publish","4":"has-post-thumbnail","6":"product_cat-caixas","7":"product_cat-kef","8":"product_cat-torres","10":"first","11":"instock","12":"sold-individually","13":"shipping-taxable","14":"purchasable","15":"product-type-simple"},"acf":[],"aioseo_notices":[],"_links":{"self":[{"href":"https:\/\/hificlub.com.br\/loja\/wp-json\/wp\/v2\/product\/17112","targetHints":{"allow":["GET"]}}],"collection":[{"href":"https:\/\/hificlub.com.br\/loja\/wp-json\/wp\/v2\/product"}],"about":[{"href":"https:\/\/hificlub.com.br\/loja\/wp-json\/wp\/v2\/types\/product"}],"wp:featuredmedia":[{"embeddable":true,"href":"https:\/\/hificlub.com.br\/loja\/wp-json\/wp\/v2\/media\/17114"}],"wp:attachment":[{"href":"https:\/\/hificlub.com.br\/loja\/wp-json\/wp\/v2\/media?parent=17112"}],"wp:term":[{"taxonomy":"product_brand","embeddable":true,"href":"https:\/\/hificlub.com.br\/loja\/wp-json\/wp\/v2\/product_brand?post=17112"},{"taxonomy":"product_cat","embeddable":true,"href":"https:\/\/hificlub.com.br\/loja\/wp-json\/wp\/v2\/product_cat?post=17112"},{"taxonomy":"product_tag","embeddable":true,"href":"https:\/\/hificlub.com.br\/loja\/wp-json\/wp\/v2\/product_tag?post=17112"}],"curies":[{"name":"wp","href":"https:\/\/api.w.org\/{rel}","templated":true}]}}